{"id":80993,"date":"2022-04-11T12:15:18","date_gmt":"2022-04-11T10:15:18","guid":{"rendered":"https:\/\/www.gioielleriagrande.it\/prodotto\/98585\/"},"modified":"2025-11-22T12:40:47","modified_gmt":"2025-11-22T11:40:47","slug":"98585","status":"publish","type":"product","link":"https:\/\/www.gioielleriagrande.it\/en\/prodotto\/98585\/","title":{"rendered":"T-TOUCH CONNECT SOLAR\nREF:T1214204705100"},"content":{"rendered":"<p>Discendente del primo orologio tattile multifunzione della storia, il T-Touch Connect Solar incarna la filosofia Tissot: Innovators by Tradition. Il T-Touch Connect Solar ha tutte le funzioni di un T-Touch Solar Expert: calendario perpetuo, conto alla rovescia, temporizzazione, allarmi, meteo e altimetro e aggiunge nuove funzioni come tracker di attivit\u00e0, messaggi o notifiche di chiamata. Le informazioni vengono visualizzate su uno schermo MIP con alta leggibilit\u00e0 all&#8217;aperto. L&#8217;autonomia del T-Touch Connect Solar \u00e8 pressoch\u00e9 infinita in modalit\u00e0 disconnessa grazie alle celle fotovoltaiche di ultima generazione, In modalit\u00e0 connessa, pu\u00f2 arrivare fino a 6 mesi. Il modello \u00e8 disponibile in titanio satinato, titanio PVD nero o titanio PVD oro rosa.<\/p>\n","protected":false},"excerpt":{"rendered":"<p>Discendente del primo orologio tattile multifunzione della storia, il T-Touch Connect Solar incarna la filosofia Tissot: Innovators by Tradition. Il T-Touch Connect Solar ha tutte le funzioni di un T-Touch Solar Expert: calendario perpetuo, conto alla rovescia, temporizzazione, allarmi, meteo e altimetro e aggiunge nuove funzioni come tracker di attivit\u00e0, messaggi o notifiche di chiamata. Le informazioni vengono visualizzate su uno schermo MIP con alta leggibilit\u00e0 all&#8217;aperto. L&#8217;autonomia del T-Touch Connect Solar \u00e8 pressoch\u00e9 infinita in modalit\u00e0 disconnessa grazie alle celle fotovoltaiche di ultima generazione, In modalit\u00e0 connessa, pu\u00f2 arrivare fino a 6 mesi. Il modello \u00e8 disponibile in titanio satinato, titanio PVD nero o titanio PVD oro rosa.<\/p>\n","protected":false},"featured_media":96039,"comment_status":"open","ping_status":"closed","template":"","meta":[],"product_brand":[],"product_cat":[3309],"product_tag":[],"class_list":{"0":"post-80993","1":"product","2":"type-product","3":"status-publish","4":"has-post-thumbnail","6":"brand-5112","7":"shops-3355","8":"shop_area-3357","10":"first","11":"instock","12":"taxable","13":"shipping-taxable","14":"purchasable","15":"product-type-simple"},"yoast_head":"<!-- This site is optimized with the Yoast SEO plugin v25.3 - https:\/\/yoast.com\/wordpress\/plugins\/seo\/ -->\n<title>T-TOUCH CONNECT SOLAR REF:T1214204705100 - Gioielleria Grande<\/title>\n<meta name=\"robots\" content=\"index, follow, max-snippet:-1, max-image-preview:large, max-video-preview:-1\" \/>\n<link rel=\"canonical\" href=\"https:\/\/www.gioielleriagrande.it\/prodotto\/98585\/\" \/>\n<meta property=\"og:locale\" content=\"en_US\" \/>\n<meta property=\"og:type\" content=\"article\" \/>\n<meta property=\"og:title\" content=\"T-TOUCH CONNECT SOLAR REF:T1214204705100 - Gioielleria Grande\" \/>\n<meta property=\"og:description\" content=\"Discendente del primo orologio tattile multifunzione della storia, il T-Touch Connect Solar incarna la filosofia Tissot: Innovators by Tradition. Il T-Touch Connect Solar ha tutte le funzioni di un T-Touch Solar Expert: calendario perpetuo, conto alla rovescia, temporizzazione, allarmi, meteo e altimetro e aggiunge nuove funzioni come tracker di attivit\u00e0, messaggi o notifiche di chiamata. Le informazioni vengono visualizzate su uno schermo MIP con alta leggibilit\u00e0 all&#039;aperto. L&#039;autonomia del T-Touch Connect Solar \u00e8 pressoch\u00e9 infinita in modalit\u00e0 disconnessa grazie alle celle fotovoltaiche di ultima generazione, In modalit\u00e0 connessa, pu\u00f2 arrivare fino a 6 mesi. Il modello \u00e8 disponibile in titanio satinato, titanio PVD nero o titanio PVD oro rosa.\" \/>\n<meta property=\"og:url\" content=\"https:\/\/www.gioielleriagrande.it\/prodotto\/98585\/\" \/>\n<meta property=\"og:site_name\" content=\"Gioielleria Grande\" \/>\n<meta property=\"article:modified_time\" content=\"2025-11-22T11:40:47+00:00\" \/>\n<meta property=\"og:image\" content=\"https:\/\/www.gioielleriagrande.it\/wp-content\/uploads\/2023\/02\/T1214204705100.png\" \/>\n\t<meta property=\"og:image:width\" content=\"600\" \/>\n\t<meta property=\"og:image:height\" content=\"600\" \/>\n\t<meta property=\"og:image:type\" content=\"image\/png\" \/>\n<meta name=\"twitter:card\" content=\"summary_large_image\" \/>\n<meta name=\"twitter:label1\" content=\"Est. reading time\" \/>\n\t<meta name=\"twitter:data1\" content=\"1 minute\" \/>\n<script type=\"application\/ld+json\" class=\"yoast-schema-graph\">{\"@context\":\"https:\/\/schema.org\",\"@graph\":[{\"@type\":\"WebPage\",\"@id\":\"https:\/\/www.gioielleriagrande.it\/prodotto\/98585\/\",\"url\":\"https:\/\/www.gioielleriagrande.it\/prodotto\/98585\/\",\"name\":\"T-TOUCH CONNECT SOLAR REF:T1214204705100 - Gioielleria Grande\",\"isPartOf\":{\"@id\":\"https:\/\/www.gioielleriagrande.it\/#website\"},\"primaryImageOfPage\":{\"@id\":\"https:\/\/www.gioielleriagrande.it\/prodotto\/98585\/#primaryimage\"},\"image\":{\"@id\":\"https:\/\/www.gioielleriagrande.it\/prodotto\/98585\/#primaryimage\"},\"thumbnailUrl\":\"https:\/\/www.gioielleriagrande.it\/wp-content\/uploads\/2023\/02\/T1214204705100.png\",\"datePublished\":\"2022-04-11T10:15:18+00:00\",\"dateModified\":\"2025-11-22T11:40:47+00:00\",\"breadcrumb\":{\"@id\":\"https:\/\/www.gioielleriagrande.it\/prodotto\/98585\/#breadcrumb\"},\"inLanguage\":\"en-US\",\"potentialAction\":[{\"@type\":\"ReadAction\",\"target\":[\"https:\/\/www.gioielleriagrande.it\/prodotto\/98585\/\"]}]},{\"@type\":\"ImageObject\",\"inLanguage\":\"en-US\",\"@id\":\"https:\/\/www.gioielleriagrande.it\/prodotto\/98585\/#primaryimage\",\"url\":\"https:\/\/www.gioielleriagrande.it\/wp-content\/uploads\/2023\/02\/T1214204705100.png\",\"contentUrl\":\"https:\/\/www.gioielleriagrande.it\/wp-content\/uploads\/2023\/02\/T1214204705100.png\",\"width\":600,\"height\":600,\"caption\":\"T1214204705100.png\"},{\"@type\":\"BreadcrumbList\",\"@id\":\"https:\/\/www.gioielleriagrande.it\/prodotto\/98585\/#breadcrumb\",\"itemListElement\":[{\"@type\":\"ListItem\",\"position\":1,\"name\":\"Home\",\"item\":\"https:\/\/www.gioielleriagrande.it\/\"},{\"@type\":\"ListItem\",\"position\":2,\"name\":\"Shop\",\"item\":\"https:\/\/www.gioielleriagrande.it\/negozio\/\"},{\"@type\":\"ListItem\",\"position\":3,\"name\":\"T-TOUCH CONNECT SOLAR REF:T1214204705100\"}]},{\"@type\":\"WebSite\",\"@id\":\"https:\/\/www.gioielleriagrande.it\/#website\",\"url\":\"https:\/\/www.gioielleriagrande.it\/\",\"name\":\"Gioielleria Grande\",\"description\":\"\",\"potentialAction\":[{\"@type\":\"SearchAction\",\"target\":{\"@type\":\"EntryPoint\",\"urlTemplate\":\"https:\/\/www.gioielleriagrande.it\/?s={search_term_string}\"},\"query-input\":{\"@type\":\"PropertyValueSpecification\",\"valueRequired\":true,\"valueName\":\"search_term_string\"}}],\"inLanguage\":\"en-US\"}]}<\/script>\n<!-- \/ Yoast SEO plugin. -->","yoast_head_json":{"title":"T-TOUCH CONNECT SOLAR REF:T1214204705100 - Gioielleria Grande","robots":{"index":"index","follow":"follow","max-snippet":"max-snippet:-1","max-image-preview":"max-image-preview:large","max-video-preview":"max-video-preview:-1"},"canonical":"https:\/\/www.gioielleriagrande.it\/prodotto\/98585\/","og_locale":"en_US","og_type":"article","og_title":"T-TOUCH CONNECT SOLAR REF:T1214204705100 - Gioielleria Grande","og_description":"Discendente del primo orologio tattile multifunzione della storia, il T-Touch Connect Solar incarna la filosofia Tissot: Innovators by Tradition. Il T-Touch Connect Solar ha tutte le funzioni di un T-Touch Solar Expert: calendario perpetuo, conto alla rovescia, temporizzazione, allarmi, meteo e altimetro e aggiunge nuove funzioni come tracker di attivit\u00e0, messaggi o notifiche di chiamata. Le informazioni vengono visualizzate su uno schermo MIP con alta leggibilit\u00e0 all'aperto. L'autonomia del T-Touch Connect Solar \u00e8 pressoch\u00e9 infinita in modalit\u00e0 disconnessa grazie alle celle fotovoltaiche di ultima generazione, In modalit\u00e0 connessa, pu\u00f2 arrivare fino a 6 mesi. Il modello \u00e8 disponibile in titanio satinato, titanio PVD nero o titanio PVD oro rosa.","og_url":"https:\/\/www.gioielleriagrande.it\/prodotto\/98585\/","og_site_name":"Gioielleria Grande","article_modified_time":"2025-11-22T11:40:47+00:00","og_image":[{"width":600,"height":600,"url":"https:\/\/www.gioielleriagrande.it\/wp-content\/uploads\/2023\/02\/T1214204705100.png","type":"image\/png"}],"twitter_card":"summary_large_image","twitter_misc":{"Est. reading time":"1 minute"},"schema":{"@context":"https:\/\/schema.org","@graph":[{"@type":"WebPage","@id":"https:\/\/www.gioielleriagrande.it\/prodotto\/98585\/","url":"https:\/\/www.gioielleriagrande.it\/prodotto\/98585\/","name":"T-TOUCH CONNECT SOLAR REF:T1214204705100 - Gioielleria Grande","isPartOf":{"@id":"https:\/\/www.gioielleriagrande.it\/#website"},"primaryImageOfPage":{"@id":"https:\/\/www.gioielleriagrande.it\/prodotto\/98585\/#primaryimage"},"image":{"@id":"https:\/\/www.gioielleriagrande.it\/prodotto\/98585\/#primaryimage"},"thumbnailUrl":"https:\/\/www.gioielleriagrande.it\/wp-content\/uploads\/2023\/02\/T1214204705100.png","datePublished":"2022-04-11T10:15:18+00:00","dateModified":"2025-11-22T11:40:47+00:00","breadcrumb":{"@id":"https:\/\/www.gioielleriagrande.it\/prodotto\/98585\/#breadcrumb"},"inLanguage":"en-US","potentialAction":[{"@type":"ReadAction","target":["https:\/\/www.gioielleriagrande.it\/prodotto\/98585\/"]}]},{"@type":"ImageObject","inLanguage":"en-US","@id":"https:\/\/www.gioielleriagrande.it\/prodotto\/98585\/#primaryimage","url":"https:\/\/www.gioielleriagrande.it\/wp-content\/uploads\/2023\/02\/T1214204705100.png","contentUrl":"https:\/\/www.gioielleriagrande.it\/wp-content\/uploads\/2023\/02\/T1214204705100.png","width":600,"height":600,"caption":"T1214204705100.png"},{"@type":"BreadcrumbList","@id":"https:\/\/www.gioielleriagrande.it\/prodotto\/98585\/#breadcrumb","itemListElement":[{"@type":"ListItem","position":1,"name":"Home","item":"https:\/\/www.gioielleriagrande.it\/"},{"@type":"ListItem","position":2,"name":"Shop","item":"https:\/\/www.gioielleriagrande.it\/negozio\/"},{"@type":"ListItem","position":3,"name":"T-TOUCH CONNECT SOLAR REF:T1214204705100"}]},{"@type":"WebSite","@id":"https:\/\/www.gioielleriagrande.it\/#website","url":"https:\/\/www.gioielleriagrande.it\/","name":"Gioielleria Grande","description":"","potentialAction":[{"@type":"SearchAction","target":{"@type":"EntryPoint","urlTemplate":"https:\/\/www.gioielleriagrande.it\/?s={search_term_string}"},"query-input":{"@type":"PropertyValueSpecification","valueRequired":true,"valueName":"search_term_string"}}],"inLanguage":"en-US"}]}},"_links":{"self":[{"href":"https:\/\/www.gioielleriagrande.it\/en\/wp-json\/wp\/v2\/product\/80993","targetHints":{"allow":["GET"]}}],"collection":[{"href":"https:\/\/www.gioielleriagrande.it\/en\/wp-json\/wp\/v2\/product"}],"about":[{"href":"https:\/\/www.gioielleriagrande.it\/en\/wp-json\/wp\/v2\/types\/product"}],"replies":[{"embeddable":true,"href":"https:\/\/www.gioielleriagrande.it\/en\/wp-json\/wp\/v2\/comments?post=80993"}],"wp:featuredmedia":[{"embeddable":true,"href":"https:\/\/www.gioielleriagrande.it\/en\/wp-json\/wp\/v2\/media\/96039"}],"wp:attachment":[{"href":"https:\/\/www.gioielleriagrande.it\/en\/wp-json\/wp\/v2\/media?parent=80993"}],"wp:term":[{"taxonomy":"product_brand","embeddable":true,"href":"https:\/\/www.gioielleriagrande.it\/en\/wp-json\/wp\/v2\/product_brand?post=80993"},{"taxonomy":"product_cat","embeddable":true,"href":"https:\/\/www.gioielleriagrande.it\/en\/wp-json\/wp\/v2\/product_cat?post=80993"},{"taxonomy":"product_tag","embeddable":true,"href":"https:\/\/www.gioielleriagrande.it\/en\/wp-json\/wp\/v2\/product_tag?post=80993"}],"curies":[{"name":"wp","href":"https:\/\/api.w.org\/{rel}","templated":true}]}}