{"id":83037,"date":"2022-07-15T15:40:14","date_gmt":"2022-07-15T13:40:14","guid":{"rendered":"https:\/\/www.gioielleriagrande.it\/prodotto\/103370\/"},"modified":"2025-11-22T12:59:05","modified_gmt":"2025-11-22T11:59:05","slug":"103370","status":"publish","type":"product","link":"https:\/\/www.gioielleriagrande.it\/en\/prodotto\/103370\/","title":{"rendered":"Evolution 9 Collection\nREF:SBGE283G"},"content":{"rendered":"<p>Questo orologio GMT Spring Drive \u00e8 un passepartout per ogni occasione, da quelle pi\u00f9 formali al tempo libero.<br \/>\nRealizzato in titanio ad alta intensit\u00e0, che \u00e8 il 30% pi\u00f9 leggero rispetto all&#8217;acciaio inossidabile, questo modello risulta leggero e piacevole da indossare al polso offrendo allo stesso tempo una potente combinazione di funzioni pratiche. La lancetta GMT consente di leggere un secondo fuso orario a colpo d&#8217;occhio. Il Calibro 9R66 offre una riserva di carica di tre giorni e, come in tutti gli orologi Spring Drive, la lancetta dei secondi si muove con un scorrimento fluido e silenzioso. Con una resistenza all&#8217;acqua di 10 bar, un fondello a vista e un trattamento anti-riflesso sulla superficie interna del vetro zaffiro, questo \u00e8 l&#8217;orologio GMT \u00e8 garantisce ottime performance in ogni occasione.<\/p>\n","protected":false},"excerpt":{"rendered":"<p>Questo orologio GMT Spring Drive \u00e8 un passepartout per ogni occasione, da quelle pi\u00f9 formali al tempo libero.<br \/>\nRealizzato in titanio ad alta intensit\u00e0, che \u00e8 il 30% pi\u00f9 leggero rispetto all&#8217;acciaio inossidabile, questo modello risulta leggero e piacevole da indossare al polso offrendo allo stesso tempo una potente combinazione di funzioni pratiche. La lancetta GMT consente di leggere un secondo fuso orario a colpo d&#8217;occhio. Il Calibro 9R66 offre una riserva di carica di tre giorni e, come in tutti gli orologi Spring Drive, la lancetta dei secondi si muove con un scorrimento fluido e silenzioso. Con una resistenza all&#8217;acqua di 10 bar, un fondello a vista e un trattamento anti-riflesso sulla superficie interna del vetro zaffiro, questo \u00e8 l&#8217;orologio GMT \u00e8 garantisce ottime performance in ogni occasione.<\/p>\n","protected":false},"featured_media":83032,"comment_status":"open","ping_status":"closed","template":"","meta":[],"product_brand":[],"product_cat":[3309],"product_tag":[],"class_list":{"0":"post-83037","1":"product","2":"type-product","3":"status-publish","4":"has-post-thumbnail","6":"brand-6680","7":"shops-3355","8":"shop_area-3357","10":"first","11":"instock","12":"taxable","13":"shipping-taxable","14":"purchasable","15":"product-type-simple"},"yoast_head":"<!-- This site is optimized with the Yoast SEO plugin v25.3 - https:\/\/yoast.com\/wordpress\/plugins\/seo\/ -->\n<title>Evolution 9 Collection REF:SBGE283G - Gioielleria Grande<\/title>\n<meta name=\"robots\" content=\"index, follow, max-snippet:-1, max-image-preview:large, max-video-preview:-1\" \/>\n<link rel=\"canonical\" href=\"https:\/\/www.gioielleriagrande.it\/prodotto\/103370\/\" \/>\n<meta property=\"og:locale\" content=\"en_US\" \/>\n<meta property=\"og:type\" content=\"article\" \/>\n<meta property=\"og:title\" content=\"Evolution 9 Collection REF:SBGE283G - Gioielleria Grande\" \/>\n<meta property=\"og:description\" content=\"Questo orologio GMT Spring Drive \u00e8 un passepartout per ogni occasione, da quelle pi\u00f9 formali al tempo libero. Realizzato in titanio ad alta intensit\u00e0, che \u00e8 il 30% pi\u00f9 leggero rispetto all&#039;acciaio inossidabile, questo modello risulta leggero e piacevole da indossare al polso offrendo allo stesso tempo una potente combinazione di funzioni pratiche. La lancetta GMT consente di leggere un secondo fuso orario a colpo d&#039;occhio. Il Calibro 9R66 offre una riserva di carica di tre giorni e, come in tutti gli orologi Spring Drive, la lancetta dei secondi si muove con un scorrimento fluido e silenzioso. Con una resistenza all&#039;acqua di 10 bar, un fondello a vista e un trattamento anti-riflesso sulla superficie interna del vetro zaffiro, questo \u00e8 l&#039;orologio GMT \u00e8 garantisce ottime performance in ogni occasione.\" \/>\n<meta property=\"og:url\" content=\"https:\/\/www.gioielleriagrande.it\/prodotto\/103370\/\" \/>\n<meta property=\"og:site_name\" content=\"Gioielleria Grande\" \/>\n<meta property=\"article:modified_time\" content=\"2025-11-22T11:59:05+00:00\" \/>\n<meta property=\"og:image\" content=\"https:\/\/www.gioielleriagrande.it\/wp-content\/uploads\/2022\/07\/SBGE283G.png\" \/>\n\t<meta property=\"og:image:width\" content=\"1102\" \/>\n\t<meta property=\"og:image:height\" content=\"1102\" \/>\n\t<meta property=\"og:image:type\" content=\"image\/png\" \/>\n<meta name=\"twitter:card\" content=\"summary_large_image\" \/>\n<meta name=\"twitter:label1\" content=\"Est. reading time\" \/>\n\t<meta name=\"twitter:data1\" content=\"1 minute\" \/>\n<script type=\"application\/ld+json\" class=\"yoast-schema-graph\">{\"@context\":\"https:\/\/schema.org\",\"@graph\":[{\"@type\":\"WebPage\",\"@id\":\"https:\/\/www.gioielleriagrande.it\/prodotto\/103370\/\",\"url\":\"https:\/\/www.gioielleriagrande.it\/prodotto\/103370\/\",\"name\":\"Evolution 9 Collection REF:SBGE283G - Gioielleria Grande\",\"isPartOf\":{\"@id\":\"https:\/\/www.gioielleriagrande.it\/#website\"},\"primaryImageOfPage\":{\"@id\":\"https:\/\/www.gioielleriagrande.it\/prodotto\/103370\/#primaryimage\"},\"image\":{\"@id\":\"https:\/\/www.gioielleriagrande.it\/prodotto\/103370\/#primaryimage\"},\"thumbnailUrl\":\"https:\/\/www.gioielleriagrande.it\/wp-content\/uploads\/2022\/07\/SBGE283G.png\",\"datePublished\":\"2022-07-15T13:40:14+00:00\",\"dateModified\":\"2025-11-22T11:59:05+00:00\",\"breadcrumb\":{\"@id\":\"https:\/\/www.gioielleriagrande.it\/prodotto\/103370\/#breadcrumb\"},\"inLanguage\":\"en-US\",\"potentialAction\":[{\"@type\":\"ReadAction\",\"target\":[\"https:\/\/www.gioielleriagrande.it\/prodotto\/103370\/\"]}]},{\"@type\":\"ImageObject\",\"inLanguage\":\"en-US\",\"@id\":\"https:\/\/www.gioielleriagrande.it\/prodotto\/103370\/#primaryimage\",\"url\":\"https:\/\/www.gioielleriagrande.it\/wp-content\/uploads\/2022\/07\/SBGE283G.png\",\"contentUrl\":\"https:\/\/www.gioielleriagrande.it\/wp-content\/uploads\/2022\/07\/SBGE283G.png\",\"width\":1102,\"height\":1102,\"caption\":\"SBGE283G.png\"},{\"@type\":\"BreadcrumbList\",\"@id\":\"https:\/\/www.gioielleriagrande.it\/prodotto\/103370\/#breadcrumb\",\"itemListElement\":[{\"@type\":\"ListItem\",\"position\":1,\"name\":\"Home\",\"item\":\"https:\/\/www.gioielleriagrande.it\/\"},{\"@type\":\"ListItem\",\"position\":2,\"name\":\"Shop\",\"item\":\"https:\/\/www.gioielleriagrande.it\/negozio\/\"},{\"@type\":\"ListItem\",\"position\":3,\"name\":\"Evolution 9 Collection REF:SBGE283G\"}]},{\"@type\":\"WebSite\",\"@id\":\"https:\/\/www.gioielleriagrande.it\/#website\",\"url\":\"https:\/\/www.gioielleriagrande.it\/\",\"name\":\"Gioielleria Grande\",\"description\":\"\",\"potentialAction\":[{\"@type\":\"SearchAction\",\"target\":{\"@type\":\"EntryPoint\",\"urlTemplate\":\"https:\/\/www.gioielleriagrande.it\/?s={search_term_string}\"},\"query-input\":{\"@type\":\"PropertyValueSpecification\",\"valueRequired\":true,\"valueName\":\"search_term_string\"}}],\"inLanguage\":\"en-US\"}]}<\/script>\n<!-- \/ Yoast SEO plugin. -->","yoast_head_json":{"title":"Evolution 9 Collection REF:SBGE283G - Gioielleria Grande","robots":{"index":"index","follow":"follow","max-snippet":"max-snippet:-1","max-image-preview":"max-image-preview:large","max-video-preview":"max-video-preview:-1"},"canonical":"https:\/\/www.gioielleriagrande.it\/prodotto\/103370\/","og_locale":"en_US","og_type":"article","og_title":"Evolution 9 Collection REF:SBGE283G - Gioielleria Grande","og_description":"Questo orologio GMT Spring Drive \u00e8 un passepartout per ogni occasione, da quelle pi\u00f9 formali al tempo libero. Realizzato in titanio ad alta intensit\u00e0, che \u00e8 il 30% pi\u00f9 leggero rispetto all'acciaio inossidabile, questo modello risulta leggero e piacevole da indossare al polso offrendo allo stesso tempo una potente combinazione di funzioni pratiche. La lancetta GMT consente di leggere un secondo fuso orario a colpo d'occhio. Il Calibro 9R66 offre una riserva di carica di tre giorni e, come in tutti gli orologi Spring Drive, la lancetta dei secondi si muove con un scorrimento fluido e silenzioso. Con una resistenza all'acqua di 10 bar, un fondello a vista e un trattamento anti-riflesso sulla superficie interna del vetro zaffiro, questo \u00e8 l'orologio GMT \u00e8 garantisce ottime performance in ogni occasione.","og_url":"https:\/\/www.gioielleriagrande.it\/prodotto\/103370\/","og_site_name":"Gioielleria Grande","article_modified_time":"2025-11-22T11:59:05+00:00","og_image":[{"width":1102,"height":1102,"url":"https:\/\/www.gioielleriagrande.it\/wp-content\/uploads\/2022\/07\/SBGE283G.png","type":"image\/png"}],"twitter_card":"summary_large_image","twitter_misc":{"Est. reading time":"1 minute"},"schema":{"@context":"https:\/\/schema.org","@graph":[{"@type":"WebPage","@id":"https:\/\/www.gioielleriagrande.it\/prodotto\/103370\/","url":"https:\/\/www.gioielleriagrande.it\/prodotto\/103370\/","name":"Evolution 9 Collection REF:SBGE283G - Gioielleria Grande","isPartOf":{"@id":"https:\/\/www.gioielleriagrande.it\/#website"},"primaryImageOfPage":{"@id":"https:\/\/www.gioielleriagrande.it\/prodotto\/103370\/#primaryimage"},"image":{"@id":"https:\/\/www.gioielleriagrande.it\/prodotto\/103370\/#primaryimage"},"thumbnailUrl":"https:\/\/www.gioielleriagrande.it\/wp-content\/uploads\/2022\/07\/SBGE283G.png","datePublished":"2022-07-15T13:40:14+00:00","dateModified":"2025-11-22T11:59:05+00:00","breadcrumb":{"@id":"https:\/\/www.gioielleriagrande.it\/prodotto\/103370\/#breadcrumb"},"inLanguage":"en-US","potentialAction":[{"@type":"ReadAction","target":["https:\/\/www.gioielleriagrande.it\/prodotto\/103370\/"]}]},{"@type":"ImageObject","inLanguage":"en-US","@id":"https:\/\/www.gioielleriagrande.it\/prodotto\/103370\/#primaryimage","url":"https:\/\/www.gioielleriagrande.it\/wp-content\/uploads\/2022\/07\/SBGE283G.png","contentUrl":"https:\/\/www.gioielleriagrande.it\/wp-content\/uploads\/2022\/07\/SBGE283G.png","width":1102,"height":1102,"caption":"SBGE283G.png"},{"@type":"BreadcrumbList","@id":"https:\/\/www.gioielleriagrande.it\/prodotto\/103370\/#breadcrumb","itemListElement":[{"@type":"ListItem","position":1,"name":"Home","item":"https:\/\/www.gioielleriagrande.it\/"},{"@type":"ListItem","position":2,"name":"Shop","item":"https:\/\/www.gioielleriagrande.it\/negozio\/"},{"@type":"ListItem","position":3,"name":"Evolution 9 Collection REF:SBGE283G"}]},{"@type":"WebSite","@id":"https:\/\/www.gioielleriagrande.it\/#website","url":"https:\/\/www.gioielleriagrande.it\/","name":"Gioielleria Grande","description":"","potentialAction":[{"@type":"SearchAction","target":{"@type":"EntryPoint","urlTemplate":"https:\/\/www.gioielleriagrande.it\/?s={search_term_string}"},"query-input":{"@type":"PropertyValueSpecification","valueRequired":true,"valueName":"search_term_string"}}],"inLanguage":"en-US"}]}},"_links":{"self":[{"href":"https:\/\/www.gioielleriagrande.it\/en\/wp-json\/wp\/v2\/product\/83037","targetHints":{"allow":["GET"]}}],"collection":[{"href":"https:\/\/www.gioielleriagrande.it\/en\/wp-json\/wp\/v2\/product"}],"about":[{"href":"https:\/\/www.gioielleriagrande.it\/en\/wp-json\/wp\/v2\/types\/product"}],"replies":[{"embeddable":true,"href":"https:\/\/www.gioielleriagrande.it\/en\/wp-json\/wp\/v2\/comments?post=83037"}],"wp:featuredmedia":[{"embeddable":true,"href":"https:\/\/www.gioielleriagrande.it\/en\/wp-json\/wp\/v2\/media\/83032"}],"wp:attachment":[{"href":"https:\/\/www.gioielleriagrande.it\/en\/wp-json\/wp\/v2\/media?parent=83037"}],"wp:term":[{"taxonomy":"product_brand","embeddable":true,"href":"https:\/\/www.gioielleriagrande.it\/en\/wp-json\/wp\/v2\/product_brand?post=83037"},{"taxonomy":"product_cat","embeddable":true,"href":"https:\/\/www.gioielleriagrande.it\/en\/wp-json\/wp\/v2\/product_cat?post=83037"},{"taxonomy":"product_tag","embeddable":true,"href":"https:\/\/www.gioielleriagrande.it\/en\/wp-json\/wp\/v2\/product_tag?post=83037"}],"curies":[{"name":"wp","href":"https:\/\/api.w.org\/{rel}","templated":true}]}}