{"id":83955,"date":"2022-09-26T14:04:36","date_gmt":"2022-09-26T12:04:36","guid":{"rendered":"https:\/\/www.gioielleriagrande.it\/prodotto\/106821\/"},"modified":"2025-11-22T13:00:53","modified_gmt":"2025-11-22T12:00:53","slug":"106821","status":"publish","type":"product","link":"https:\/\/www.gioielleriagrande.it\/en\/prodotto\/106821\/","title":{"rendered":"Sport Collection\nREF:SBGA463G"},"content":{"rendered":"<p>L&#8217;orologio Spring Drive 200m Diver&#8217;s \u00e8 stato a lungo apprezzato per la sua precisione e robustezza. Questa versione presenta una cassa in titanio ad alta intensit\u00e0, pi\u00f9 leggera dell&#8217;acciaio inossidabile e pi\u00f9 resistente ai graffi. La sua leggibilit\u00e0 in profondit\u00e0 \u00e8 migliorata dall&#8217;inclusione di indici Lumibrite in tutte le dodici ore, compreso quello alle tre a destra della cornice del calendario. Per garantire che l&#8217;ora possa essere letta facilmente e senza errori a colpo d&#8217;occhio, sulla lunetta sono presenti 60 segni distinti e cinque numeri. Ogni lancetta ha un design diverso e si distingue chiaramente dal quadrante e l&#8217;indicatore triangolare a ore dodici assicura che, anche in profondit\u00e0, non vengano commessi errori. Ogni componente \u00e8 costruito per durare, ma ogni subacqueo sa che il proprio orologio ha bisogno di una manutenzione regolare, proprio come ogni altro dispositivo da cui pu\u00f2 dipendere la sua vita. Questo \u00e8 il motivo per cui la cassa e la lunetta in titanio sono progettate per lo smontaggio e il rimontaggio sicuro durante i controlli di routine presso i centri di assistenza Grand Seiko.<br \/>\nCon la sua corona a vite, lunetta girevole unidirezionale, resistenza all&#8217;acqua fino a 200 metri e rivestimento antiriflesso sulla superficie interna del vetro, questo orologio offre tutta la sicurezza e la leggibilit\u00e0 che un subacqueo serio richiede.<\/p>\n","protected":false},"excerpt":{"rendered":"<p>L&#8217;orologio Spring Drive 200m Diver&#8217;s \u00e8 stato a lungo apprezzato per la sua precisione e robustezza. Questa versione presenta una cassa in titanio ad alta intensit\u00e0, pi\u00f9 leggera dell&#8217;acciaio inossidabile e pi\u00f9 resistente ai graffi. La sua leggibilit\u00e0 in profondit\u00e0 \u00e8 migliorata dall&#8217;inclusione di indici Lumibrite in tutte le dodici ore, compreso quello alle tre a destra della cornice del calendario. Per garantire che l&#8217;ora possa essere letta facilmente e senza errori a colpo d&#8217;occhio, sulla lunetta sono presenti 60 segni distinti e cinque numeri. Ogni lancetta ha un design diverso e si distingue chiaramente dal quadrante e l&#8217;indicatore triangolare a ore dodici assicura che, anche in profondit\u00e0, non vengano commessi errori. Ogni componente \u00e8 costruito per durare, ma ogni subacqueo sa che il proprio orologio ha bisogno di una manutenzione regolare, proprio come ogni altro dispositivo da cui pu\u00f2 dipendere la sua vita. Questo \u00e8 il motivo per cui la cassa e la lunetta in titanio sono progettate per lo smontaggio e il rimontaggio sicuro durante i controlli di routine presso i centri di assistenza Grand Seiko.<br \/>\nCon la sua corona a vite, lunetta girevole unidirezionale, resistenza all&#8217;acqua fino a 200 metri e rivestimento antiriflesso sulla superficie interna del vetro, questo orologio offre tutta la sicurezza e la leggibilit\u00e0 che un subacqueo serio richiede.<\/p>\n","protected":false},"featured_media":83954,"comment_status":"open","ping_status":"closed","template":"","meta":[],"product_brand":[],"product_cat":[3309],"product_tag":[],"class_list":{"0":"post-83955","1":"product","2":"type-product","3":"status-publish","4":"has-post-thumbnail","6":"brand-6680","7":"shops-3355","8":"shop_area-3357","10":"first","11":"instock","12":"taxable","13":"shipping-taxable","14":"purchasable","15":"product-type-simple"},"yoast_head":"<!-- This site is optimized with the Yoast SEO plugin v25.3 - https:\/\/yoast.com\/wordpress\/plugins\/seo\/ -->\n<title>Sport Collection REF:SBGA463G - Gioielleria Grande<\/title>\n<meta name=\"robots\" content=\"index, follow, max-snippet:-1, max-image-preview:large, max-video-preview:-1\" \/>\n<link rel=\"canonical\" href=\"https:\/\/www.gioielleriagrande.it\/prodotto\/106821\/\" \/>\n<meta property=\"og:locale\" content=\"en_US\" \/>\n<meta property=\"og:type\" content=\"article\" \/>\n<meta property=\"og:title\" content=\"Sport Collection REF:SBGA463G - Gioielleria Grande\" \/>\n<meta property=\"og:description\" content=\"L&#039;orologio Spring Drive 200m Diver&#039;s \u00e8 stato a lungo apprezzato per la sua precisione e robustezza. Questa versione presenta una cassa in titanio ad alta intensit\u00e0, pi\u00f9 leggera dell&#039;acciaio inossidabile e pi\u00f9 resistente ai graffi. La sua leggibilit\u00e0 in profondit\u00e0 \u00e8 migliorata dall&#039;inclusione di indici Lumibrite in tutte le dodici ore, compreso quello alle tre a destra della cornice del calendario. Per garantire che l&#039;ora possa essere letta facilmente e senza errori a colpo d&#039;occhio, sulla lunetta sono presenti 60 segni distinti e cinque numeri. Ogni lancetta ha un design diverso e si distingue chiaramente dal quadrante e l&#039;indicatore triangolare a ore dodici assicura che, anche in profondit\u00e0, non vengano commessi errori. Ogni componente \u00e8 costruito per durare, ma ogni subacqueo sa che il proprio orologio ha bisogno di una manutenzione regolare, proprio come ogni altro dispositivo da cui pu\u00f2 dipendere la sua vita. Questo \u00e8 il motivo per cui la cassa e la lunetta in titanio sono progettate per lo smontaggio e il rimontaggio sicuro durante i controlli di routine presso i centri di assistenza Grand Seiko. Con la sua corona a vite, lunetta girevole unidirezionale, resistenza all&#039;acqua fino a 200 metri e rivestimento antiriflesso sulla superficie interna del vetro, questo orologio offre tutta la sicurezza e la leggibilit\u00e0 che un subacqueo serio richiede.\" \/>\n<meta property=\"og:url\" content=\"https:\/\/www.gioielleriagrande.it\/prodotto\/106821\/\" \/>\n<meta property=\"og:site_name\" content=\"Gioielleria Grande\" \/>\n<meta property=\"article:modified_time\" content=\"2025-11-22T12:00:53+00:00\" \/>\n<meta property=\"og:image\" content=\"https:\/\/www.gioielleriagrande.it\/wp-content\/uploads\/2022\/09\/SBGA463G.png\" \/>\n\t<meta property=\"og:image:width\" content=\"1102\" \/>\n\t<meta property=\"og:image:height\" content=\"1102\" \/>\n\t<meta property=\"og:image:type\" content=\"image\/png\" \/>\n<meta name=\"twitter:card\" content=\"summary_large_image\" \/>\n<meta name=\"twitter:label1\" content=\"Est. reading time\" \/>\n\t<meta name=\"twitter:data1\" content=\"1 minute\" \/>\n<script type=\"application\/ld+json\" class=\"yoast-schema-graph\">{\"@context\":\"https:\/\/schema.org\",\"@graph\":[{\"@type\":\"WebPage\",\"@id\":\"https:\/\/www.gioielleriagrande.it\/prodotto\/106821\/\",\"url\":\"https:\/\/www.gioielleriagrande.it\/prodotto\/106821\/\",\"name\":\"Sport Collection REF:SBGA463G - Gioielleria Grande\",\"isPartOf\":{\"@id\":\"https:\/\/www.gioielleriagrande.it\/#website\"},\"primaryImageOfPage\":{\"@id\":\"https:\/\/www.gioielleriagrande.it\/prodotto\/106821\/#primaryimage\"},\"image\":{\"@id\":\"https:\/\/www.gioielleriagrande.it\/prodotto\/106821\/#primaryimage\"},\"thumbnailUrl\":\"https:\/\/www.gioielleriagrande.it\/wp-content\/uploads\/2022\/09\/SBGA463G.png\",\"datePublished\":\"2022-09-26T12:04:36+00:00\",\"dateModified\":\"2025-11-22T12:00:53+00:00\",\"breadcrumb\":{\"@id\":\"https:\/\/www.gioielleriagrande.it\/prodotto\/106821\/#breadcrumb\"},\"inLanguage\":\"en-US\",\"potentialAction\":[{\"@type\":\"ReadAction\",\"target\":[\"https:\/\/www.gioielleriagrande.it\/prodotto\/106821\/\"]}]},{\"@type\":\"ImageObject\",\"inLanguage\":\"en-US\",\"@id\":\"https:\/\/www.gioielleriagrande.it\/prodotto\/106821\/#primaryimage\",\"url\":\"https:\/\/www.gioielleriagrande.it\/wp-content\/uploads\/2022\/09\/SBGA463G.png\",\"contentUrl\":\"https:\/\/www.gioielleriagrande.it\/wp-content\/uploads\/2022\/09\/SBGA463G.png\",\"width\":1102,\"height\":1102,\"caption\":\"SBGA463G.png\"},{\"@type\":\"BreadcrumbList\",\"@id\":\"https:\/\/www.gioielleriagrande.it\/prodotto\/106821\/#breadcrumb\",\"itemListElement\":[{\"@type\":\"ListItem\",\"position\":1,\"name\":\"Home\",\"item\":\"https:\/\/www.gioielleriagrande.it\/\"},{\"@type\":\"ListItem\",\"position\":2,\"name\":\"Shop\",\"item\":\"https:\/\/www.gioielleriagrande.it\/negozio\/\"},{\"@type\":\"ListItem\",\"position\":3,\"name\":\"Sport Collection REF:SBGA463G\"}]},{\"@type\":\"WebSite\",\"@id\":\"https:\/\/www.gioielleriagrande.it\/#website\",\"url\":\"https:\/\/www.gioielleriagrande.it\/\",\"name\":\"Gioielleria Grande\",\"description\":\"\",\"potentialAction\":[{\"@type\":\"SearchAction\",\"target\":{\"@type\":\"EntryPoint\",\"urlTemplate\":\"https:\/\/www.gioielleriagrande.it\/?s={search_term_string}\"},\"query-input\":{\"@type\":\"PropertyValueSpecification\",\"valueRequired\":true,\"valueName\":\"search_term_string\"}}],\"inLanguage\":\"en-US\"}]}<\/script>\n<!-- \/ Yoast SEO plugin. -->","yoast_head_json":{"title":"Sport Collection REF:SBGA463G - Gioielleria Grande","robots":{"index":"index","follow":"follow","max-snippet":"max-snippet:-1","max-image-preview":"max-image-preview:large","max-video-preview":"max-video-preview:-1"},"canonical":"https:\/\/www.gioielleriagrande.it\/prodotto\/106821\/","og_locale":"en_US","og_type":"article","og_title":"Sport Collection REF:SBGA463G - Gioielleria Grande","og_description":"L'orologio Spring Drive 200m Diver's \u00e8 stato a lungo apprezzato per la sua precisione e robustezza. Questa versione presenta una cassa in titanio ad alta intensit\u00e0, pi\u00f9 leggera dell'acciaio inossidabile e pi\u00f9 resistente ai graffi. La sua leggibilit\u00e0 in profondit\u00e0 \u00e8 migliorata dall'inclusione di indici Lumibrite in tutte le dodici ore, compreso quello alle tre a destra della cornice del calendario. Per garantire che l'ora possa essere letta facilmente e senza errori a colpo d'occhio, sulla lunetta sono presenti 60 segni distinti e cinque numeri. Ogni lancetta ha un design diverso e si distingue chiaramente dal quadrante e l'indicatore triangolare a ore dodici assicura che, anche in profondit\u00e0, non vengano commessi errori. Ogni componente \u00e8 costruito per durare, ma ogni subacqueo sa che il proprio orologio ha bisogno di una manutenzione regolare, proprio come ogni altro dispositivo da cui pu\u00f2 dipendere la sua vita. Questo \u00e8 il motivo per cui la cassa e la lunetta in titanio sono progettate per lo smontaggio e il rimontaggio sicuro durante i controlli di routine presso i centri di assistenza Grand Seiko. Con la sua corona a vite, lunetta girevole unidirezionale, resistenza all'acqua fino a 200 metri e rivestimento antiriflesso sulla superficie interna del vetro, questo orologio offre tutta la sicurezza e la leggibilit\u00e0 che un subacqueo serio richiede.","og_url":"https:\/\/www.gioielleriagrande.it\/prodotto\/106821\/","og_site_name":"Gioielleria Grande","article_modified_time":"2025-11-22T12:00:53+00:00","og_image":[{"width":1102,"height":1102,"url":"https:\/\/www.gioielleriagrande.it\/wp-content\/uploads\/2022\/09\/SBGA463G.png","type":"image\/png"}],"twitter_card":"summary_large_image","twitter_misc":{"Est. reading time":"1 minute"},"schema":{"@context":"https:\/\/schema.org","@graph":[{"@type":"WebPage","@id":"https:\/\/www.gioielleriagrande.it\/prodotto\/106821\/","url":"https:\/\/www.gioielleriagrande.it\/prodotto\/106821\/","name":"Sport Collection REF:SBGA463G - Gioielleria Grande","isPartOf":{"@id":"https:\/\/www.gioielleriagrande.it\/#website"},"primaryImageOfPage":{"@id":"https:\/\/www.gioielleriagrande.it\/prodotto\/106821\/#primaryimage"},"image":{"@id":"https:\/\/www.gioielleriagrande.it\/prodotto\/106821\/#primaryimage"},"thumbnailUrl":"https:\/\/www.gioielleriagrande.it\/wp-content\/uploads\/2022\/09\/SBGA463G.png","datePublished":"2022-09-26T12:04:36+00:00","dateModified":"2025-11-22T12:00:53+00:00","breadcrumb":{"@id":"https:\/\/www.gioielleriagrande.it\/prodotto\/106821\/#breadcrumb"},"inLanguage":"en-US","potentialAction":[{"@type":"ReadAction","target":["https:\/\/www.gioielleriagrande.it\/prodotto\/106821\/"]}]},{"@type":"ImageObject","inLanguage":"en-US","@id":"https:\/\/www.gioielleriagrande.it\/prodotto\/106821\/#primaryimage","url":"https:\/\/www.gioielleriagrande.it\/wp-content\/uploads\/2022\/09\/SBGA463G.png","contentUrl":"https:\/\/www.gioielleriagrande.it\/wp-content\/uploads\/2022\/09\/SBGA463G.png","width":1102,"height":1102,"caption":"SBGA463G.png"},{"@type":"BreadcrumbList","@id":"https:\/\/www.gioielleriagrande.it\/prodotto\/106821\/#breadcrumb","itemListElement":[{"@type":"ListItem","position":1,"name":"Home","item":"https:\/\/www.gioielleriagrande.it\/"},{"@type":"ListItem","position":2,"name":"Shop","item":"https:\/\/www.gioielleriagrande.it\/negozio\/"},{"@type":"ListItem","position":3,"name":"Sport Collection REF:SBGA463G"}]},{"@type":"WebSite","@id":"https:\/\/www.gioielleriagrande.it\/#website","url":"https:\/\/www.gioielleriagrande.it\/","name":"Gioielleria Grande","description":"","potentialAction":[{"@type":"SearchAction","target":{"@type":"EntryPoint","urlTemplate":"https:\/\/www.gioielleriagrande.it\/?s={search_term_string}"},"query-input":{"@type":"PropertyValueSpecification","valueRequired":true,"valueName":"search_term_string"}}],"inLanguage":"en-US"}]}},"_links":{"self":[{"href":"https:\/\/www.gioielleriagrande.it\/en\/wp-json\/wp\/v2\/product\/83955","targetHints":{"allow":["GET"]}}],"collection":[{"href":"https:\/\/www.gioielleriagrande.it\/en\/wp-json\/wp\/v2\/product"}],"about":[{"href":"https:\/\/www.gioielleriagrande.it\/en\/wp-json\/wp\/v2\/types\/product"}],"replies":[{"embeddable":true,"href":"https:\/\/www.gioielleriagrande.it\/en\/wp-json\/wp\/v2\/comments?post=83955"}],"wp:featuredmedia":[{"embeddable":true,"href":"https:\/\/www.gioielleriagrande.it\/en\/wp-json\/wp\/v2\/media\/83954"}],"wp:attachment":[{"href":"https:\/\/www.gioielleriagrande.it\/en\/wp-json\/wp\/v2\/media?parent=83955"}],"wp:term":[{"taxonomy":"product_brand","embeddable":true,"href":"https:\/\/www.gioielleriagrande.it\/en\/wp-json\/wp\/v2\/product_brand?post=83955"},{"taxonomy":"product_cat","embeddable":true,"href":"https:\/\/www.gioielleriagrande.it\/en\/wp-json\/wp\/v2\/product_cat?post=83955"},{"taxonomy":"product_tag","embeddable":true,"href":"https:\/\/www.gioielleriagrande.it\/en\/wp-json\/wp\/v2\/product_tag?post=83955"}],"curies":[{"name":"wp","href":"https:\/\/api.w.org\/{rel}","templated":true}]}}