{"id":84024,"date":"2022-09-27T16:09:33","date_gmt":"2022-09-27T14:09:33","guid":{"rendered":"https:\/\/www.gioielleriagrande.it\/prodotto\/106872\/"},"modified":"2025-11-22T13:02:21","modified_gmt":"2025-11-22T12:02:21","slug":"106872","status":"publish","type":"product","link":"https:\/\/www.gioielleriagrande.it\/en\/prodotto\/106872\/","title":{"rendered":"Cintura Montblanc Reversibile Regolabile Nera\/Marrone"},"content":{"rendered":"<p>Questa cintura \u00e8 stata presentata da Montblanc ed \u00e8 caratterizzata da una reversibilit\u00e0 che permette di indossarla sia nera che marrone. \u00c8 inoltre regolabile, per adattarsi perfettamente alle tue esigenze.<\/p>\n<p>Realizzata in pelle di vitello di alta qualit\u00e0, questa cintura \u00e8 resistente e durevole. Le sue dimensioni sono di 120,000 cm di lunghezza, mentre il cinturino misura 120 x 3 cm.<\/p>\n<p>La chiusura \u00e8 dotata di un meccanismo per la regolazione della lunghezza, che ti permette di adattarla facilmente alla tua taglia.<\/p>\n<p>La cinghia \u00e8 realizzata in pelle di vitello reversibile nera\/marrone, offrendoti la possibilit\u00e0 di cambiare il suo aspetto a seconda dell&#8217;occasione.<\/p>\n<p>La fibbia \u00e8 ad ardiglione ed \u00e8 realizzata in acciaio pregiato con una tintura in oro rosa, conferendo alla cintura un tocco di eleganza e raffinatezza.<\/p>\n","protected":false},"excerpt":{"rendered":"<p>Questa cintura \u00e8 stata presentata da Montblanc ed \u00e8 caratterizzata da una reversibilit\u00e0 che permette di indossarla sia nera che marrone. \u00c8 inoltre regolabile, per adattarsi perfettamente alle tue esigenze.<\/p>\n<p>Realizzata in pelle di vitello di alta qualit\u00e0, questa cintura \u00e8 resistente e durevole. Le sue dimensioni sono di 120,000 cm di lunghezza, mentre il cinturino misura 120 x 3 cm.<\/p>\n<p>La chiusura \u00e8 dotata di un meccanismo per la regolazione della lunghezza, che ti permette di adattarla facilmente alla tua taglia.<\/p>\n<p>La cinghia \u00e8 realizzata in pelle di vitello reversibile nera\/marrone, offrendoti la possibilit\u00e0 di cambiare il suo aspetto a seconda dell&#8217;occasione.<\/p>\n<p>La fibbia \u00e8 ad ardiglione ed \u00e8 realizzata in acciaio pregiato con una tintura in oro rosa, conferendo alla cintura un tocco di eleganza e raffinatezza.<\/p>\n","protected":false},"featured_media":651655,"comment_status":"open","ping_status":"closed","template":"","meta":[],"product_brand":[],"product_cat":[3500],"product_tag":[],"class_list":{"0":"post-84024","1":"product","2":"type-product","3":"status-publish","4":"has-post-thumbnail","6":"brand-5154","7":"shops-3355","8":"shop_area-3358","10":"first","11":"instock","12":"taxable","13":"shipping-taxable","14":"purchasable","15":"product-type-simple"},"yoast_head":"<!-- This site is optimized with the Yoast SEO plugin v25.3 - https:\/\/yoast.com\/wordpress\/plugins\/seo\/ -->\n<title>Cintura Montblanc Reversibile Regolabile Nera\/Marrone - Gioielleria Grande<\/title>\n<meta name=\"robots\" content=\"index, follow, max-snippet:-1, max-image-preview:large, max-video-preview:-1\" \/>\n<link rel=\"canonical\" href=\"https:\/\/www.gioielleriagrande.it\/prodotto\/106872\/\" \/>\n<meta property=\"og:locale\" content=\"en_US\" \/>\n<meta property=\"og:type\" content=\"article\" \/>\n<meta property=\"og:title\" content=\"Cintura Montblanc Reversibile Regolabile Nera\/Marrone - Gioielleria Grande\" \/>\n<meta property=\"og:description\" content=\"Questa cintura \u00e8 stata presentata da Montblanc ed \u00e8 caratterizzata da una reversibilit\u00e0 che permette di indossarla sia nera che marrone. \u00c8 inoltre regolabile, per adattarsi perfettamente alle tue esigenze. Realizzata in pelle di vitello di alta qualit\u00e0, questa cintura \u00e8 resistente e durevole. Le sue dimensioni sono di 120,000 cm di lunghezza, mentre il cinturino misura 120 x 3 cm. La chiusura \u00e8 dotata di un meccanismo per la regolazione della lunghezza, che ti permette di adattarla facilmente alla tua taglia. La cinghia \u00e8 realizzata in pelle di vitello reversibile nera\/marrone, offrendoti la possibilit\u00e0 di cambiare il suo aspetto a seconda dell&#039;occasione. La fibbia \u00e8 ad ardiglione ed \u00e8 realizzata in acciaio pregiato con una tintura in oro rosa, conferendo alla cintura un tocco di eleganza e raffinatezza.\" \/>\n<meta property=\"og:url\" content=\"https:\/\/www.gioielleriagrande.it\/prodotto\/106872\/\" \/>\n<meta property=\"og:site_name\" content=\"Gioielleria Grande\" \/>\n<meta property=\"article:modified_time\" content=\"2025-11-22T12:02:21+00:00\" \/>\n<meta property=\"og:image\" content=\"https:\/\/www.gioielleriagrande.it\/wp-content\/uploads\/2025\/10\/CINTURA-MONTBLANC-REVERSIBILE-118426.png\" \/>\n\t<meta property=\"og:image:width\" content=\"1500\" \/>\n\t<meta property=\"og:image:height\" content=\"1500\" \/>\n\t<meta property=\"og:image:type\" content=\"image\/png\" \/>\n<meta name=\"twitter:card\" content=\"summary_large_image\" \/>\n<meta name=\"twitter:label1\" content=\"Est. reading time\" \/>\n\t<meta name=\"twitter:data1\" content=\"1 minute\" \/>\n<script type=\"application\/ld+json\" class=\"yoast-schema-graph\">{\"@context\":\"https:\/\/schema.org\",\"@graph\":[{\"@type\":\"WebPage\",\"@id\":\"https:\/\/www.gioielleriagrande.it\/prodotto\/106872\/\",\"url\":\"https:\/\/www.gioielleriagrande.it\/prodotto\/106872\/\",\"name\":\"Cintura Montblanc Reversibile Regolabile Nera\/Marrone - Gioielleria Grande\",\"isPartOf\":{\"@id\":\"https:\/\/www.gioielleriagrande.it\/#website\"},\"primaryImageOfPage\":{\"@id\":\"https:\/\/www.gioielleriagrande.it\/prodotto\/106872\/#primaryimage\"},\"image\":{\"@id\":\"https:\/\/www.gioielleriagrande.it\/prodotto\/106872\/#primaryimage\"},\"thumbnailUrl\":\"https:\/\/www.gioielleriagrande.it\/wp-content\/uploads\/2025\/10\/CINTURA-MONTBLANC-REVERSIBILE-118426.png\",\"datePublished\":\"2022-09-27T14:09:33+00:00\",\"dateModified\":\"2025-11-22T12:02:21+00:00\",\"breadcrumb\":{\"@id\":\"https:\/\/www.gioielleriagrande.it\/prodotto\/106872\/#breadcrumb\"},\"inLanguage\":\"en-US\",\"potentialAction\":[{\"@type\":\"ReadAction\",\"target\":[\"https:\/\/www.gioielleriagrande.it\/prodotto\/106872\/\"]}]},{\"@type\":\"ImageObject\",\"inLanguage\":\"en-US\",\"@id\":\"https:\/\/www.gioielleriagrande.it\/prodotto\/106872\/#primaryimage\",\"url\":\"https:\/\/www.gioielleriagrande.it\/wp-content\/uploads\/2025\/10\/CINTURA-MONTBLANC-REVERSIBILE-118426.png\",\"contentUrl\":\"https:\/\/www.gioielleriagrande.it\/wp-content\/uploads\/2025\/10\/CINTURA-MONTBLANC-REVERSIBILE-118426.png\",\"width\":1500,\"height\":1500,\"caption\":\"CINTURA-MONTBLANC-REVERSIBILE-118426.png\"},{\"@type\":\"BreadcrumbList\",\"@id\":\"https:\/\/www.gioielleriagrande.it\/prodotto\/106872\/#breadcrumb\",\"itemListElement\":[{\"@type\":\"ListItem\",\"position\":1,\"name\":\"Home\",\"item\":\"https:\/\/www.gioielleriagrande.it\/\"},{\"@type\":\"ListItem\",\"position\":2,\"name\":\"Shop\",\"item\":\"https:\/\/www.gioielleriagrande.it\/negozio\/\"},{\"@type\":\"ListItem\",\"position\":3,\"name\":\"Cintura Montblanc Reversibile Regolabile Nera\/Marrone\"}]},{\"@type\":\"WebSite\",\"@id\":\"https:\/\/www.gioielleriagrande.it\/#website\",\"url\":\"https:\/\/www.gioielleriagrande.it\/\",\"name\":\"Gioielleria Grande\",\"description\":\"\",\"potentialAction\":[{\"@type\":\"SearchAction\",\"target\":{\"@type\":\"EntryPoint\",\"urlTemplate\":\"https:\/\/www.gioielleriagrande.it\/?s={search_term_string}\"},\"query-input\":{\"@type\":\"PropertyValueSpecification\",\"valueRequired\":true,\"valueName\":\"search_term_string\"}}],\"inLanguage\":\"en-US\"}]}<\/script>\n<!-- \/ Yoast SEO plugin. -->","yoast_head_json":{"title":"Cintura Montblanc Reversibile Regolabile Nera\/Marrone - Gioielleria Grande","robots":{"index":"index","follow":"follow","max-snippet":"max-snippet:-1","max-image-preview":"max-image-preview:large","max-video-preview":"max-video-preview:-1"},"canonical":"https:\/\/www.gioielleriagrande.it\/prodotto\/106872\/","og_locale":"en_US","og_type":"article","og_title":"Cintura Montblanc Reversibile Regolabile Nera\/Marrone - Gioielleria Grande","og_description":"Questa cintura \u00e8 stata presentata da Montblanc ed \u00e8 caratterizzata da una reversibilit\u00e0 che permette di indossarla sia nera che marrone. \u00c8 inoltre regolabile, per adattarsi perfettamente alle tue esigenze. Realizzata in pelle di vitello di alta qualit\u00e0, questa cintura \u00e8 resistente e durevole. Le sue dimensioni sono di 120,000 cm di lunghezza, mentre il cinturino misura 120 x 3 cm. La chiusura \u00e8 dotata di un meccanismo per la regolazione della lunghezza, che ti permette di adattarla facilmente alla tua taglia. La cinghia \u00e8 realizzata in pelle di vitello reversibile nera\/marrone, offrendoti la possibilit\u00e0 di cambiare il suo aspetto a seconda dell'occasione. La fibbia \u00e8 ad ardiglione ed \u00e8 realizzata in acciaio pregiato con una tintura in oro rosa, conferendo alla cintura un tocco di eleganza e raffinatezza.","og_url":"https:\/\/www.gioielleriagrande.it\/prodotto\/106872\/","og_site_name":"Gioielleria Grande","article_modified_time":"2025-11-22T12:02:21+00:00","og_image":[{"width":1500,"height":1500,"url":"https:\/\/www.gioielleriagrande.it\/wp-content\/uploads\/2025\/10\/CINTURA-MONTBLANC-REVERSIBILE-118426.png","type":"image\/png"}],"twitter_card":"summary_large_image","twitter_misc":{"Est. reading time":"1 minute"},"schema":{"@context":"https:\/\/schema.org","@graph":[{"@type":"WebPage","@id":"https:\/\/www.gioielleriagrande.it\/prodotto\/106872\/","url":"https:\/\/www.gioielleriagrande.it\/prodotto\/106872\/","name":"Cintura Montblanc Reversibile Regolabile Nera\/Marrone - Gioielleria Grande","isPartOf":{"@id":"https:\/\/www.gioielleriagrande.it\/#website"},"primaryImageOfPage":{"@id":"https:\/\/www.gioielleriagrande.it\/prodotto\/106872\/#primaryimage"},"image":{"@id":"https:\/\/www.gioielleriagrande.it\/prodotto\/106872\/#primaryimage"},"thumbnailUrl":"https:\/\/www.gioielleriagrande.it\/wp-content\/uploads\/2025\/10\/CINTURA-MONTBLANC-REVERSIBILE-118426.png","datePublished":"2022-09-27T14:09:33+00:00","dateModified":"2025-11-22T12:02:21+00:00","breadcrumb":{"@id":"https:\/\/www.gioielleriagrande.it\/prodotto\/106872\/#breadcrumb"},"inLanguage":"en-US","potentialAction":[{"@type":"ReadAction","target":["https:\/\/www.gioielleriagrande.it\/prodotto\/106872\/"]}]},{"@type":"ImageObject","inLanguage":"en-US","@id":"https:\/\/www.gioielleriagrande.it\/prodotto\/106872\/#primaryimage","url":"https:\/\/www.gioielleriagrande.it\/wp-content\/uploads\/2025\/10\/CINTURA-MONTBLANC-REVERSIBILE-118426.png","contentUrl":"https:\/\/www.gioielleriagrande.it\/wp-content\/uploads\/2025\/10\/CINTURA-MONTBLANC-REVERSIBILE-118426.png","width":1500,"height":1500,"caption":"CINTURA-MONTBLANC-REVERSIBILE-118426.png"},{"@type":"BreadcrumbList","@id":"https:\/\/www.gioielleriagrande.it\/prodotto\/106872\/#breadcrumb","itemListElement":[{"@type":"ListItem","position":1,"name":"Home","item":"https:\/\/www.gioielleriagrande.it\/"},{"@type":"ListItem","position":2,"name":"Shop","item":"https:\/\/www.gioielleriagrande.it\/negozio\/"},{"@type":"ListItem","position":3,"name":"Cintura Montblanc Reversibile Regolabile Nera\/Marrone"}]},{"@type":"WebSite","@id":"https:\/\/www.gioielleriagrande.it\/#website","url":"https:\/\/www.gioielleriagrande.it\/","name":"Gioielleria Grande","description":"","potentialAction":[{"@type":"SearchAction","target":{"@type":"EntryPoint","urlTemplate":"https:\/\/www.gioielleriagrande.it\/?s={search_term_string}"},"query-input":{"@type":"PropertyValueSpecification","valueRequired":true,"valueName":"search_term_string"}}],"inLanguage":"en-US"}]}},"_links":{"self":[{"href":"https:\/\/www.gioielleriagrande.it\/en\/wp-json\/wp\/v2\/product\/84024","targetHints":{"allow":["GET"]}}],"collection":[{"href":"https:\/\/www.gioielleriagrande.it\/en\/wp-json\/wp\/v2\/product"}],"about":[{"href":"https:\/\/www.gioielleriagrande.it\/en\/wp-json\/wp\/v2\/types\/product"}],"replies":[{"embeddable":true,"href":"https:\/\/www.gioielleriagrande.it\/en\/wp-json\/wp\/v2\/comments?post=84024"}],"wp:featuredmedia":[{"embeddable":true,"href":"https:\/\/www.gioielleriagrande.it\/en\/wp-json\/wp\/v2\/media\/651655"}],"wp:attachment":[{"href":"https:\/\/www.gioielleriagrande.it\/en\/wp-json\/wp\/v2\/media?parent=84024"}],"wp:term":[{"taxonomy":"product_brand","embeddable":true,"href":"https:\/\/www.gioielleriagrande.it\/en\/wp-json\/wp\/v2\/product_brand?post=84024"},{"taxonomy":"product_cat","embeddable":true,"href":"https:\/\/www.gioielleriagrande.it\/en\/wp-json\/wp\/v2\/product_cat?post=84024"},{"taxonomy":"product_tag","embeddable":true,"href":"https:\/\/www.gioielleriagrande.it\/en\/wp-json\/wp\/v2\/product_tag?post=84024"}],"curies":[{"name":"wp","href":"https:\/\/api.w.org\/{rel}","templated":true}]}}