{"id":84033,"date":"2022-09-27T16:10:04","date_gmt":"2022-09-27T14:10:04","guid":{"rendered":"https:\/\/www.gioielleriagrande.it\/prodotto\/106902\/"},"modified":"2025-11-22T13:03:35","modified_gmt":"2025-11-22T12:03:35","slug":"106902","status":"publish","type":"product","link":"https:\/\/www.gioielleriagrande.it\/en\/prodotto\/106902\/","title":{"rendered":"Borsa Montablanc Meisterst\u00fcck"},"content":{"rendered":"<p>Realizzata in pelle nera stampata, questa cartella Montblanc Meisterst\u00fcck 4810 Medium presenta dettagli in pelle liscia. Dotata di proporzioni moderne, \u00e8 abbastanza spaziosa per un laptop e cartelle e pu\u00f2 essere portata a mano o indossata a spalla grazie alla tracolla in amovibile. Il sistema satellite offre un&#8217;ulteriore opzione di portabilit\u00e0.<\/p>\n<p>REF:129188<\/p>\n","protected":false},"excerpt":{"rendered":"<p>Realizzata in pelle nera stampata, questa cartella Montblanc Meisterst\u00fcck 4810 Medium presenta dettagli in pelle liscia. Dotata di proporzioni moderne, \u00e8 abbastanza spaziosa per un laptop e cartelle e pu\u00f2 essere portata a mano o indossata a spalla grazie alla tracolla in amovibile. Il sistema satellite offre un&#8217;ulteriore opzione di portabilit\u00e0.<\/p>\n<p>REF:129188<\/p>\n","protected":false},"featured_media":642649,"comment_status":"open","ping_status":"closed","template":"","meta":[],"product_brand":[],"product_cat":[3493],"product_tag":[],"class_list":{"0":"post-84033","1":"product","2":"type-product","3":"status-publish","4":"has-post-thumbnail","6":"brand-5154","7":"shops-3355","8":"shop_area-3358","10":"first","11":"instock","12":"taxable","13":"shipping-taxable","14":"purchasable","15":"product-type-simple"},"yoast_head":"<!-- This site is optimized with the Yoast SEO plugin v25.3 - https:\/\/yoast.com\/wordpress\/plugins\/seo\/ -->\n<title>Borsa Montablanc Meisterst\u00fcck - Gioielleria Grande<\/title>\n<meta name=\"robots\" content=\"index, follow, max-snippet:-1, max-image-preview:large, max-video-preview:-1\" \/>\n<link rel=\"canonical\" href=\"https:\/\/www.gioielleriagrande.it\/prodotto\/106902\/\" \/>\n<meta property=\"og:locale\" content=\"en_US\" \/>\n<meta property=\"og:type\" content=\"article\" \/>\n<meta property=\"og:title\" content=\"Borsa Montablanc Meisterst\u00fcck - Gioielleria Grande\" \/>\n<meta property=\"og:description\" content=\"Realizzata in pelle nera stampata, questa cartella Montblanc Meisterst\u00fcck 4810 Medium presenta dettagli in pelle liscia. Dotata di proporzioni moderne, \u00e8 abbastanza spaziosa per un laptop e cartelle e pu\u00f2 essere portata a mano o indossata a spalla grazie alla tracolla in amovibile. Il sistema satellite offre un&#039;ulteriore opzione di portabilit\u00e0. REF:129188\" \/>\n<meta property=\"og:url\" content=\"https:\/\/www.gioielleriagrande.it\/prodotto\/106902\/\" \/>\n<meta property=\"og:site_name\" content=\"Gioielleria Grande\" \/>\n<meta property=\"article:modified_time\" content=\"2025-11-22T12:03:35+00:00\" \/>\n<meta property=\"og:image\" content=\"https:\/\/www.gioielleriagrande.it\/wp-content\/uploads\/2025\/10\/cartella-montblanc-meisterstueck-4810-medium-in-pelle-nera.png\" \/>\n\t<meta property=\"og:image:width\" content=\"1100\" \/>\n\t<meta property=\"og:image:height\" content=\"1422\" \/>\n\t<meta property=\"og:image:type\" content=\"image\/png\" \/>\n<meta name=\"twitter:card\" content=\"summary_large_image\" \/>\n<script type=\"application\/ld+json\" class=\"yoast-schema-graph\">{\"@context\":\"https:\/\/schema.org\",\"@graph\":[{\"@type\":\"WebPage\",\"@id\":\"https:\/\/www.gioielleriagrande.it\/prodotto\/106902\/\",\"url\":\"https:\/\/www.gioielleriagrande.it\/prodotto\/106902\/\",\"name\":\"Borsa Montablanc Meisterst\u00fcck - Gioielleria Grande\",\"isPartOf\":{\"@id\":\"https:\/\/www.gioielleriagrande.it\/#website\"},\"primaryImageOfPage\":{\"@id\":\"https:\/\/www.gioielleriagrande.it\/prodotto\/106902\/#primaryimage\"},\"image\":{\"@id\":\"https:\/\/www.gioielleriagrande.it\/prodotto\/106902\/#primaryimage\"},\"thumbnailUrl\":\"https:\/\/www.gioielleriagrande.it\/wp-content\/uploads\/2025\/10\/cartella-montblanc-meisterstueck-4810-medium-in-pelle-nera.png\",\"datePublished\":\"2022-09-27T14:10:04+00:00\",\"dateModified\":\"2025-11-22T12:03:35+00:00\",\"breadcrumb\":{\"@id\":\"https:\/\/www.gioielleriagrande.it\/prodotto\/106902\/#breadcrumb\"},\"inLanguage\":\"en-US\",\"potentialAction\":[{\"@type\":\"ReadAction\",\"target\":[\"https:\/\/www.gioielleriagrande.it\/prodotto\/106902\/\"]}]},{\"@type\":\"ImageObject\",\"inLanguage\":\"en-US\",\"@id\":\"https:\/\/www.gioielleriagrande.it\/prodotto\/106902\/#primaryimage\",\"url\":\"https:\/\/www.gioielleriagrande.it\/wp-content\/uploads\/2025\/10\/cartella-montblanc-meisterstueck-4810-medium-in-pelle-nera.png\",\"contentUrl\":\"https:\/\/www.gioielleriagrande.it\/wp-content\/uploads\/2025\/10\/cartella-montblanc-meisterstueck-4810-medium-in-pelle-nera.png\",\"width\":1100,\"height\":1422,\"caption\":\"cartella-montblanc-meisterstueck-4810-medium-in-pelle-nera.png\"},{\"@type\":\"BreadcrumbList\",\"@id\":\"https:\/\/www.gioielleriagrande.it\/prodotto\/106902\/#breadcrumb\",\"itemListElement\":[{\"@type\":\"ListItem\",\"position\":1,\"name\":\"Home\",\"item\":\"https:\/\/www.gioielleriagrande.it\/\"},{\"@type\":\"ListItem\",\"position\":2,\"name\":\"Shop\",\"item\":\"https:\/\/www.gioielleriagrande.it\/negozio\/\"},{\"@type\":\"ListItem\",\"position\":3,\"name\":\"Borsa Montablanc Meisterst\u00fcck\"}]},{\"@type\":\"WebSite\",\"@id\":\"https:\/\/www.gioielleriagrande.it\/#website\",\"url\":\"https:\/\/www.gioielleriagrande.it\/\",\"name\":\"Gioielleria Grande\",\"description\":\"\",\"potentialAction\":[{\"@type\":\"SearchAction\",\"target\":{\"@type\":\"EntryPoint\",\"urlTemplate\":\"https:\/\/www.gioielleriagrande.it\/?s={search_term_string}\"},\"query-input\":{\"@type\":\"PropertyValueSpecification\",\"valueRequired\":true,\"valueName\":\"search_term_string\"}}],\"inLanguage\":\"en-US\"}]}<\/script>\n<!-- \/ Yoast SEO plugin. -->","yoast_head_json":{"title":"Borsa Montablanc Meisterst\u00fcck - Gioielleria Grande","robots":{"index":"index","follow":"follow","max-snippet":"max-snippet:-1","max-image-preview":"max-image-preview:large","max-video-preview":"max-video-preview:-1"},"canonical":"https:\/\/www.gioielleriagrande.it\/prodotto\/106902\/","og_locale":"en_US","og_type":"article","og_title":"Borsa Montablanc Meisterst\u00fcck - Gioielleria Grande","og_description":"Realizzata in pelle nera stampata, questa cartella Montblanc Meisterst\u00fcck 4810 Medium presenta dettagli in pelle liscia. Dotata di proporzioni moderne, \u00e8 abbastanza spaziosa per un laptop e cartelle e pu\u00f2 essere portata a mano o indossata a spalla grazie alla tracolla in amovibile. Il sistema satellite offre un'ulteriore opzione di portabilit\u00e0. REF:129188","og_url":"https:\/\/www.gioielleriagrande.it\/prodotto\/106902\/","og_site_name":"Gioielleria Grande","article_modified_time":"2025-11-22T12:03:35+00:00","og_image":[{"width":1100,"height":1422,"url":"https:\/\/www.gioielleriagrande.it\/wp-content\/uploads\/2025\/10\/cartella-montblanc-meisterstueck-4810-medium-in-pelle-nera.png","type":"image\/png"}],"twitter_card":"summary_large_image","schema":{"@context":"https:\/\/schema.org","@graph":[{"@type":"WebPage","@id":"https:\/\/www.gioielleriagrande.it\/prodotto\/106902\/","url":"https:\/\/www.gioielleriagrande.it\/prodotto\/106902\/","name":"Borsa Montablanc Meisterst\u00fcck - Gioielleria Grande","isPartOf":{"@id":"https:\/\/www.gioielleriagrande.it\/#website"},"primaryImageOfPage":{"@id":"https:\/\/www.gioielleriagrande.it\/prodotto\/106902\/#primaryimage"},"image":{"@id":"https:\/\/www.gioielleriagrande.it\/prodotto\/106902\/#primaryimage"},"thumbnailUrl":"https:\/\/www.gioielleriagrande.it\/wp-content\/uploads\/2025\/10\/cartella-montblanc-meisterstueck-4810-medium-in-pelle-nera.png","datePublished":"2022-09-27T14:10:04+00:00","dateModified":"2025-11-22T12:03:35+00:00","breadcrumb":{"@id":"https:\/\/www.gioielleriagrande.it\/prodotto\/106902\/#breadcrumb"},"inLanguage":"en-US","potentialAction":[{"@type":"ReadAction","target":["https:\/\/www.gioielleriagrande.it\/prodotto\/106902\/"]}]},{"@type":"ImageObject","inLanguage":"en-US","@id":"https:\/\/www.gioielleriagrande.it\/prodotto\/106902\/#primaryimage","url":"https:\/\/www.gioielleriagrande.it\/wp-content\/uploads\/2025\/10\/cartella-montblanc-meisterstueck-4810-medium-in-pelle-nera.png","contentUrl":"https:\/\/www.gioielleriagrande.it\/wp-content\/uploads\/2025\/10\/cartella-montblanc-meisterstueck-4810-medium-in-pelle-nera.png","width":1100,"height":1422,"caption":"cartella-montblanc-meisterstueck-4810-medium-in-pelle-nera.png"},{"@type":"BreadcrumbList","@id":"https:\/\/www.gioielleriagrande.it\/prodotto\/106902\/#breadcrumb","itemListElement":[{"@type":"ListItem","position":1,"name":"Home","item":"https:\/\/www.gioielleriagrande.it\/"},{"@type":"ListItem","position":2,"name":"Shop","item":"https:\/\/www.gioielleriagrande.it\/negozio\/"},{"@type":"ListItem","position":3,"name":"Borsa Montablanc Meisterst\u00fcck"}]},{"@type":"WebSite","@id":"https:\/\/www.gioielleriagrande.it\/#website","url":"https:\/\/www.gioielleriagrande.it\/","name":"Gioielleria Grande","description":"","potentialAction":[{"@type":"SearchAction","target":{"@type":"EntryPoint","urlTemplate":"https:\/\/www.gioielleriagrande.it\/?s={search_term_string}"},"query-input":{"@type":"PropertyValueSpecification","valueRequired":true,"valueName":"search_term_string"}}],"inLanguage":"en-US"}]}},"_links":{"self":[{"href":"https:\/\/www.gioielleriagrande.it\/en\/wp-json\/wp\/v2\/product\/84033","targetHints":{"allow":["GET"]}}],"collection":[{"href":"https:\/\/www.gioielleriagrande.it\/en\/wp-json\/wp\/v2\/product"}],"about":[{"href":"https:\/\/www.gioielleriagrande.it\/en\/wp-json\/wp\/v2\/types\/product"}],"replies":[{"embeddable":true,"href":"https:\/\/www.gioielleriagrande.it\/en\/wp-json\/wp\/v2\/comments?post=84033"}],"wp:featuredmedia":[{"embeddable":true,"href":"https:\/\/www.gioielleriagrande.it\/en\/wp-json\/wp\/v2\/media\/642649"}],"wp:attachment":[{"href":"https:\/\/www.gioielleriagrande.it\/en\/wp-json\/wp\/v2\/media?parent=84033"}],"wp:term":[{"taxonomy":"product_brand","embeddable":true,"href":"https:\/\/www.gioielleriagrande.it\/en\/wp-json\/wp\/v2\/product_brand?post=84033"},{"taxonomy":"product_cat","embeddable":true,"href":"https:\/\/www.gioielleriagrande.it\/en\/wp-json\/wp\/v2\/product_cat?post=84033"},{"taxonomy":"product_tag","embeddable":true,"href":"https:\/\/www.gioielleriagrande.it\/en\/wp-json\/wp\/v2\/product_tag?post=84033"}],"curies":[{"name":"wp","href":"https:\/\/api.w.org\/{rel}","templated":true}]}}