{"id":85506,"date":"2022-11-21T17:59:16","date_gmt":"2022-11-21T16:59:16","guid":{"rendered":"https:\/\/www.gioielleriagrande.it\/prodotto\/115807\/"},"modified":"2025-11-22T13:20:35","modified_gmt":"2025-11-22T12:20:35","slug":"115807","status":"publish","type":"product","link":"https:\/\/www.gioielleriagrande.it\/en\/prodotto\/115807\/","title":{"rendered":"MOVE UNO PAV\u00c9 FLEX BANGLE ORO ROSA\nREF:1134-PG-M"},"content":{"rendered":"<p>Se potesse esserci un solo bracciale, sarebbe il bracciale Move Uno Flex in oro rosa e diamanti. \u00c8 tutto ci\u00f2 che si pu\u00f2 desiderare in un braccialetto di diamanti e altro ancora. Elegante e discreto, mette in risalto il polso con un flessibile filo d&#8217;oro. Il suo iconico motivo Move Uno fornisce un tocco essenziale di raffinatezza. Amiamo la flessibilit\u00e0 di questo braccialetto di lusso che lo rende il compagno ideale per la vita di tutti i giorni. Adoriamo anche la sua chiusura che \u00e8 abilmente nascosta sotto il suo motivo centrale e consente a chi lo indossa di indossarlo e toglierlo facilmente.<\/p>\n","protected":false},"excerpt":{"rendered":"<p>Se potesse esserci un solo bracciale, sarebbe il bracciale Move Uno Flex in oro rosa e diamanti. \u00c8 tutto ci\u00f2 che si pu\u00f2 desiderare in un braccialetto di diamanti e altro ancora. Elegante e discreto, mette in risalto il polso con un flessibile filo d&#8217;oro. Il suo iconico motivo Move Uno fornisce un tocco essenziale di raffinatezza. Amiamo la flessibilit\u00e0 di questo braccialetto di lusso che lo rende il compagno ideale per la vita di tutti i giorni. Adoriamo anche la sua chiusura che \u00e8 abilmente nascosta sotto il suo motivo centrale e consente a chi lo indossa di indossarlo e toglierlo facilmente.<\/p>\n","protected":false},"featured_media":85403,"comment_status":"open","ping_status":"closed","template":"","meta":[],"product_brand":[],"product_cat":[3377],"product_tag":[],"class_list":{"0":"post-85506","1":"product","2":"type-product","3":"status-publish","4":"has-post-thumbnail","6":"brand-7106","7":"shops-3355","8":"shop_area-3356","10":"first","11":"instock","12":"taxable","13":"shipping-taxable","14":"purchasable","15":"product-type-simple"},"yoast_head":"<!-- This site is optimized with the Yoast SEO plugin v25.3 - https:\/\/yoast.com\/wordpress\/plugins\/seo\/ -->\n<title>MOVE UNO PAV\u00c9 FLEX BANGLE ORO ROSA REF:1134-PG-M - Gioielleria Grande<\/title>\n<meta name=\"robots\" content=\"index, follow, max-snippet:-1, max-image-preview:large, max-video-preview:-1\" \/>\n<link rel=\"canonical\" href=\"https:\/\/www.gioielleriagrande.it\/prodotto\/115807\/\" \/>\n<meta property=\"og:locale\" content=\"en_US\" \/>\n<meta property=\"og:type\" content=\"article\" \/>\n<meta property=\"og:title\" content=\"MOVE UNO PAV\u00c9 FLEX BANGLE ORO ROSA REF:1134-PG-M - Gioielleria Grande\" \/>\n<meta property=\"og:description\" content=\"Se potesse esserci un solo bracciale, sarebbe il bracciale Move Uno Flex in oro rosa e diamanti. \u00c8 tutto ci\u00f2 che si pu\u00f2 desiderare in un braccialetto di diamanti e altro ancora. Elegante e discreto, mette in risalto il polso con un flessibile filo d&#039;oro. Il suo iconico motivo Move Uno fornisce un tocco essenziale di raffinatezza. Amiamo la flessibilit\u00e0 di questo braccialetto di lusso che lo rende il compagno ideale per la vita di tutti i giorni. Adoriamo anche la sua chiusura che \u00e8 abilmente nascosta sotto il suo motivo centrale e consente a chi lo indossa di indossarlo e toglierlo facilmente.\" \/>\n<meta property=\"og:url\" content=\"https:\/\/www.gioielleriagrande.it\/prodotto\/115807\/\" \/>\n<meta property=\"og:site_name\" content=\"Gioielleria Grande\" \/>\n<meta property=\"article:modified_time\" content=\"2025-11-22T12:20:35+00:00\" \/>\n<meta property=\"og:image\" content=\"https:\/\/www.gioielleriagrande.it\/wp-content\/uploads\/2022\/11\/1134-PG-M.jpg\" \/>\n\t<meta property=\"og:image:width\" content=\"1900\" \/>\n\t<meta property=\"og:image:height\" content=\"1900\" \/>\n\t<meta property=\"og:image:type\" content=\"image\/jpeg\" \/>\n<meta name=\"twitter:card\" content=\"summary_large_image\" \/>\n<meta name=\"twitter:label1\" content=\"Est. reading time\" \/>\n\t<meta name=\"twitter:data1\" content=\"1 minute\" \/>\n<script type=\"application\/ld+json\" class=\"yoast-schema-graph\">{\"@context\":\"https:\/\/schema.org\",\"@graph\":[{\"@type\":\"WebPage\",\"@id\":\"https:\/\/www.gioielleriagrande.it\/prodotto\/115807\/\",\"url\":\"https:\/\/www.gioielleriagrande.it\/prodotto\/115807\/\",\"name\":\"MOVE UNO PAV\u00c9 FLEX BANGLE ORO ROSA REF:1134-PG-M - Gioielleria Grande\",\"isPartOf\":{\"@id\":\"https:\/\/www.gioielleriagrande.it\/#website\"},\"primaryImageOfPage\":{\"@id\":\"https:\/\/www.gioielleriagrande.it\/prodotto\/115807\/#primaryimage\"},\"image\":{\"@id\":\"https:\/\/www.gioielleriagrande.it\/prodotto\/115807\/#primaryimage\"},\"thumbnailUrl\":\"https:\/\/www.gioielleriagrande.it\/wp-content\/uploads\/2022\/11\/1134-PG-M.jpg\",\"datePublished\":\"2022-11-21T16:59:16+00:00\",\"dateModified\":\"2025-11-22T12:20:35+00:00\",\"breadcrumb\":{\"@id\":\"https:\/\/www.gioielleriagrande.it\/prodotto\/115807\/#breadcrumb\"},\"inLanguage\":\"en-US\",\"potentialAction\":[{\"@type\":\"ReadAction\",\"target\":[\"https:\/\/www.gioielleriagrande.it\/prodotto\/115807\/\"]}]},{\"@type\":\"ImageObject\",\"inLanguage\":\"en-US\",\"@id\":\"https:\/\/www.gioielleriagrande.it\/prodotto\/115807\/#primaryimage\",\"url\":\"https:\/\/www.gioielleriagrande.it\/wp-content\/uploads\/2022\/11\/1134-PG-M.jpg\",\"contentUrl\":\"https:\/\/www.gioielleriagrande.it\/wp-content\/uploads\/2022\/11\/1134-PG-M.jpg\",\"width\":1900,\"height\":1900,\"caption\":\"1134-PG-M.jpg\"},{\"@type\":\"BreadcrumbList\",\"@id\":\"https:\/\/www.gioielleriagrande.it\/prodotto\/115807\/#breadcrumb\",\"itemListElement\":[{\"@type\":\"ListItem\",\"position\":1,\"name\":\"Home\",\"item\":\"https:\/\/www.gioielleriagrande.it\/\"},{\"@type\":\"ListItem\",\"position\":2,\"name\":\"Shop\",\"item\":\"https:\/\/www.gioielleriagrande.it\/negozio\/\"},{\"@type\":\"ListItem\",\"position\":3,\"name\":\"MOVE UNO PAV\u00c9 FLEX BANGLE ORO ROSA REF:1134-PG-M\"}]},{\"@type\":\"WebSite\",\"@id\":\"https:\/\/www.gioielleriagrande.it\/#website\",\"url\":\"https:\/\/www.gioielleriagrande.it\/\",\"name\":\"Gioielleria Grande\",\"description\":\"\",\"potentialAction\":[{\"@type\":\"SearchAction\",\"target\":{\"@type\":\"EntryPoint\",\"urlTemplate\":\"https:\/\/www.gioielleriagrande.it\/?s={search_term_string}\"},\"query-input\":{\"@type\":\"PropertyValueSpecification\",\"valueRequired\":true,\"valueName\":\"search_term_string\"}}],\"inLanguage\":\"en-US\"}]}<\/script>\n<!-- \/ Yoast SEO plugin. -->","yoast_head_json":{"title":"MOVE UNO PAV\u00c9 FLEX BANGLE ORO ROSA REF:1134-PG-M - Gioielleria Grande","robots":{"index":"index","follow":"follow","max-snippet":"max-snippet:-1","max-image-preview":"max-image-preview:large","max-video-preview":"max-video-preview:-1"},"canonical":"https:\/\/www.gioielleriagrande.it\/prodotto\/115807\/","og_locale":"en_US","og_type":"article","og_title":"MOVE UNO PAV\u00c9 FLEX BANGLE ORO ROSA REF:1134-PG-M - Gioielleria Grande","og_description":"Se potesse esserci un solo bracciale, sarebbe il bracciale Move Uno Flex in oro rosa e diamanti. \u00c8 tutto ci\u00f2 che si pu\u00f2 desiderare in un braccialetto di diamanti e altro ancora. Elegante e discreto, mette in risalto il polso con un flessibile filo d'oro. Il suo iconico motivo Move Uno fornisce un tocco essenziale di raffinatezza. Amiamo la flessibilit\u00e0 di questo braccialetto di lusso che lo rende il compagno ideale per la vita di tutti i giorni. Adoriamo anche la sua chiusura che \u00e8 abilmente nascosta sotto il suo motivo centrale e consente a chi lo indossa di indossarlo e toglierlo facilmente.","og_url":"https:\/\/www.gioielleriagrande.it\/prodotto\/115807\/","og_site_name":"Gioielleria Grande","article_modified_time":"2025-11-22T12:20:35+00:00","og_image":[{"width":1900,"height":1900,"url":"https:\/\/www.gioielleriagrande.it\/wp-content\/uploads\/2022\/11\/1134-PG-M.jpg","type":"image\/jpeg"}],"twitter_card":"summary_large_image","twitter_misc":{"Est. reading time":"1 minute"},"schema":{"@context":"https:\/\/schema.org","@graph":[{"@type":"WebPage","@id":"https:\/\/www.gioielleriagrande.it\/prodotto\/115807\/","url":"https:\/\/www.gioielleriagrande.it\/prodotto\/115807\/","name":"MOVE UNO PAV\u00c9 FLEX BANGLE ORO ROSA REF:1134-PG-M - Gioielleria Grande","isPartOf":{"@id":"https:\/\/www.gioielleriagrande.it\/#website"},"primaryImageOfPage":{"@id":"https:\/\/www.gioielleriagrande.it\/prodotto\/115807\/#primaryimage"},"image":{"@id":"https:\/\/www.gioielleriagrande.it\/prodotto\/115807\/#primaryimage"},"thumbnailUrl":"https:\/\/www.gioielleriagrande.it\/wp-content\/uploads\/2022\/11\/1134-PG-M.jpg","datePublished":"2022-11-21T16:59:16+00:00","dateModified":"2025-11-22T12:20:35+00:00","breadcrumb":{"@id":"https:\/\/www.gioielleriagrande.it\/prodotto\/115807\/#breadcrumb"},"inLanguage":"en-US","potentialAction":[{"@type":"ReadAction","target":["https:\/\/www.gioielleriagrande.it\/prodotto\/115807\/"]}]},{"@type":"ImageObject","inLanguage":"en-US","@id":"https:\/\/www.gioielleriagrande.it\/prodotto\/115807\/#primaryimage","url":"https:\/\/www.gioielleriagrande.it\/wp-content\/uploads\/2022\/11\/1134-PG-M.jpg","contentUrl":"https:\/\/www.gioielleriagrande.it\/wp-content\/uploads\/2022\/11\/1134-PG-M.jpg","width":1900,"height":1900,"caption":"1134-PG-M.jpg"},{"@type":"BreadcrumbList","@id":"https:\/\/www.gioielleriagrande.it\/prodotto\/115807\/#breadcrumb","itemListElement":[{"@type":"ListItem","position":1,"name":"Home","item":"https:\/\/www.gioielleriagrande.it\/"},{"@type":"ListItem","position":2,"name":"Shop","item":"https:\/\/www.gioielleriagrande.it\/negozio\/"},{"@type":"ListItem","position":3,"name":"MOVE UNO PAV\u00c9 FLEX BANGLE ORO ROSA REF:1134-PG-M"}]},{"@type":"WebSite","@id":"https:\/\/www.gioielleriagrande.it\/#website","url":"https:\/\/www.gioielleriagrande.it\/","name":"Gioielleria Grande","description":"","potentialAction":[{"@type":"SearchAction","target":{"@type":"EntryPoint","urlTemplate":"https:\/\/www.gioielleriagrande.it\/?s={search_term_string}"},"query-input":{"@type":"PropertyValueSpecification","valueRequired":true,"valueName":"search_term_string"}}],"inLanguage":"en-US"}]}},"_links":{"self":[{"href":"https:\/\/www.gioielleriagrande.it\/en\/wp-json\/wp\/v2\/product\/85506","targetHints":{"allow":["GET"]}}],"collection":[{"href":"https:\/\/www.gioielleriagrande.it\/en\/wp-json\/wp\/v2\/product"}],"about":[{"href":"https:\/\/www.gioielleriagrande.it\/en\/wp-json\/wp\/v2\/types\/product"}],"replies":[{"embeddable":true,"href":"https:\/\/www.gioielleriagrande.it\/en\/wp-json\/wp\/v2\/comments?post=85506"}],"wp:featuredmedia":[{"embeddable":true,"href":"https:\/\/www.gioielleriagrande.it\/en\/wp-json\/wp\/v2\/media\/85403"}],"wp:attachment":[{"href":"https:\/\/www.gioielleriagrande.it\/en\/wp-json\/wp\/v2\/media?parent=85506"}],"wp:term":[{"taxonomy":"product_brand","embeddable":true,"href":"https:\/\/www.gioielleriagrande.it\/en\/wp-json\/wp\/v2\/product_brand?post=85506"},{"taxonomy":"product_cat","embeddable":true,"href":"https:\/\/www.gioielleriagrande.it\/en\/wp-json\/wp\/v2\/product_cat?post=85506"},{"taxonomy":"product_tag","embeddable":true,"href":"https:\/\/www.gioielleriagrande.it\/en\/wp-json\/wp\/v2\/product_tag?post=85506"}],"curies":[{"name":"wp","href":"https:\/\/api.w.org\/{rel}","templated":true}]}}