{"id":85528,"date":"2022-11-21T18:00:15","date_gmt":"2022-11-21T17:00:15","guid":{"rendered":"https:\/\/www.gioielleriagrande.it\/prodotto\/115833\/"},"modified":"2025-11-22T13:20:45","modified_gmt":"2025-11-22T12:20:45","slug":"115833","status":"publish","type":"product","link":"https:\/\/www.gioielleriagrande.it\/en\/prodotto\/115833\/","title":{"rendered":"MOVE UNO PAV\u00c9 FLEX BANGLE MM\nREF:12057-WG-M"},"content":{"rendered":"<p>Disponibile in una versione pi\u00f9 grande rispetto al classico modello 11134, il bracciale rigido Move Uno Flex modello medio in oro bianco e diamanti \u00e8 IL bracciale iconico per eccellenza. Caratterizzato da un motivo Move al centro con un diamante che danza al ritmo dei tuoi movimenti, questo braccialetto di lusso \u00e8 immediatamente riconoscibile grazie al design inconfondibile della Maison. Questo braccialetto di diamanti sottile e leggero dalle linee minimaliste pu\u00f2 essere indossato da solo per esaltarne la preziosit\u00e0 o in combinazione con altri gioielli con diamanti Messika per un effetto di tendenza. Amiamo la sua fluidit\u00e0 e la sua chiusura intelligente che \u00e8 discretamente nascosta sotto il motivo centrale.<\/p>\n","protected":false},"excerpt":{"rendered":"<p>Disponibile in una versione pi\u00f9 grande rispetto al classico modello 11134, il bracciale rigido Move Uno Flex modello medio in oro bianco e diamanti \u00e8 IL bracciale iconico per eccellenza. Caratterizzato da un motivo Move al centro con un diamante che danza al ritmo dei tuoi movimenti, questo braccialetto di lusso \u00e8 immediatamente riconoscibile grazie al design inconfondibile della Maison. Questo braccialetto di diamanti sottile e leggero dalle linee minimaliste pu\u00f2 essere indossato da solo per esaltarne la preziosit\u00e0 o in combinazione con altri gioielli con diamanti Messika per un effetto di tendenza. Amiamo la sua fluidit\u00e0 e la sua chiusura intelligente che \u00e8 discretamente nascosta sotto il motivo centrale.<\/p>\n","protected":false},"featured_media":85425,"comment_status":"open","ping_status":"closed","template":"","meta":[],"product_brand":[],"product_cat":[3377],"product_tag":[],"class_list":{"0":"post-85528","1":"product","2":"type-product","3":"status-publish","4":"has-post-thumbnail","6":"brand-7106","7":"shops-3355","8":"shop_area-3356","10":"first","11":"instock","12":"taxable","13":"shipping-taxable","14":"purchasable","15":"product-type-simple"},"yoast_head":"<!-- This site is optimized with the Yoast SEO plugin v25.3 - https:\/\/yoast.com\/wordpress\/plugins\/seo\/ -->\n<title>MOVE UNO PAV\u00c9 FLEX BANGLE MM REF:12057-WG-M - Gioielleria Grande<\/title>\n<meta name=\"robots\" content=\"index, follow, max-snippet:-1, max-image-preview:large, max-video-preview:-1\" \/>\n<link rel=\"canonical\" href=\"https:\/\/www.gioielleriagrande.it\/prodotto\/115833\/\" \/>\n<meta property=\"og:locale\" content=\"en_US\" \/>\n<meta property=\"og:type\" content=\"article\" \/>\n<meta property=\"og:title\" content=\"MOVE UNO PAV\u00c9 FLEX BANGLE MM REF:12057-WG-M - Gioielleria Grande\" \/>\n<meta property=\"og:description\" content=\"Disponibile in una versione pi\u00f9 grande rispetto al classico modello 11134, il bracciale rigido Move Uno Flex modello medio in oro bianco e diamanti \u00e8 IL bracciale iconico per eccellenza. Caratterizzato da un motivo Move al centro con un diamante che danza al ritmo dei tuoi movimenti, questo braccialetto di lusso \u00e8 immediatamente riconoscibile grazie al design inconfondibile della Maison. Questo braccialetto di diamanti sottile e leggero dalle linee minimaliste pu\u00f2 essere indossato da solo per esaltarne la preziosit\u00e0 o in combinazione con altri gioielli con diamanti Messika per un effetto di tendenza. Amiamo la sua fluidit\u00e0 e la sua chiusura intelligente che \u00e8 discretamente nascosta sotto il motivo centrale.\" \/>\n<meta property=\"og:url\" content=\"https:\/\/www.gioielleriagrande.it\/prodotto\/115833\/\" \/>\n<meta property=\"og:site_name\" content=\"Gioielleria Grande\" \/>\n<meta property=\"article:modified_time\" content=\"2025-11-22T12:20:45+00:00\" \/>\n<meta property=\"og:image\" content=\"https:\/\/www.gioielleriagrande.it\/wp-content\/uploads\/2022\/11\/12057-WG-M.jpg\" \/>\n\t<meta property=\"og:image:width\" content=\"1900\" \/>\n\t<meta property=\"og:image:height\" content=\"1900\" \/>\n\t<meta property=\"og:image:type\" content=\"image\/jpeg\" \/>\n<meta name=\"twitter:card\" content=\"summary_large_image\" \/>\n<meta name=\"twitter:label1\" content=\"Est. reading time\" \/>\n\t<meta name=\"twitter:data1\" content=\"1 minute\" \/>\n<script type=\"application\/ld+json\" class=\"yoast-schema-graph\">{\"@context\":\"https:\/\/schema.org\",\"@graph\":[{\"@type\":\"WebPage\",\"@id\":\"https:\/\/www.gioielleriagrande.it\/prodotto\/115833\/\",\"url\":\"https:\/\/www.gioielleriagrande.it\/prodotto\/115833\/\",\"name\":\"MOVE UNO PAV\u00c9 FLEX BANGLE MM REF:12057-WG-M - Gioielleria Grande\",\"isPartOf\":{\"@id\":\"https:\/\/www.gioielleriagrande.it\/#website\"},\"primaryImageOfPage\":{\"@id\":\"https:\/\/www.gioielleriagrande.it\/prodotto\/115833\/#primaryimage\"},\"image\":{\"@id\":\"https:\/\/www.gioielleriagrande.it\/prodotto\/115833\/#primaryimage\"},\"thumbnailUrl\":\"https:\/\/www.gioielleriagrande.it\/wp-content\/uploads\/2022\/11\/12057-WG-M.jpg\",\"datePublished\":\"2022-11-21T17:00:15+00:00\",\"dateModified\":\"2025-11-22T12:20:45+00:00\",\"breadcrumb\":{\"@id\":\"https:\/\/www.gioielleriagrande.it\/prodotto\/115833\/#breadcrumb\"},\"inLanguage\":\"en-US\",\"potentialAction\":[{\"@type\":\"ReadAction\",\"target\":[\"https:\/\/www.gioielleriagrande.it\/prodotto\/115833\/\"]}]},{\"@type\":\"ImageObject\",\"inLanguage\":\"en-US\",\"@id\":\"https:\/\/www.gioielleriagrande.it\/prodotto\/115833\/#primaryimage\",\"url\":\"https:\/\/www.gioielleriagrande.it\/wp-content\/uploads\/2022\/11\/12057-WG-M.jpg\",\"contentUrl\":\"https:\/\/www.gioielleriagrande.it\/wp-content\/uploads\/2022\/11\/12057-WG-M.jpg\",\"width\":1900,\"height\":1900,\"caption\":\"12057-WG-M.jpg\"},{\"@type\":\"BreadcrumbList\",\"@id\":\"https:\/\/www.gioielleriagrande.it\/prodotto\/115833\/#breadcrumb\",\"itemListElement\":[{\"@type\":\"ListItem\",\"position\":1,\"name\":\"Home\",\"item\":\"https:\/\/www.gioielleriagrande.it\/\"},{\"@type\":\"ListItem\",\"position\":2,\"name\":\"Shop\",\"item\":\"https:\/\/www.gioielleriagrande.it\/negozio\/\"},{\"@type\":\"ListItem\",\"position\":3,\"name\":\"MOVE UNO PAV\u00c9 FLEX BANGLE MM REF:12057-WG-M\"}]},{\"@type\":\"WebSite\",\"@id\":\"https:\/\/www.gioielleriagrande.it\/#website\",\"url\":\"https:\/\/www.gioielleriagrande.it\/\",\"name\":\"Gioielleria Grande\",\"description\":\"\",\"potentialAction\":[{\"@type\":\"SearchAction\",\"target\":{\"@type\":\"EntryPoint\",\"urlTemplate\":\"https:\/\/www.gioielleriagrande.it\/?s={search_term_string}\"},\"query-input\":{\"@type\":\"PropertyValueSpecification\",\"valueRequired\":true,\"valueName\":\"search_term_string\"}}],\"inLanguage\":\"en-US\"}]}<\/script>\n<!-- \/ Yoast SEO plugin. -->","yoast_head_json":{"title":"MOVE UNO PAV\u00c9 FLEX BANGLE MM REF:12057-WG-M - Gioielleria Grande","robots":{"index":"index","follow":"follow","max-snippet":"max-snippet:-1","max-image-preview":"max-image-preview:large","max-video-preview":"max-video-preview:-1"},"canonical":"https:\/\/www.gioielleriagrande.it\/prodotto\/115833\/","og_locale":"en_US","og_type":"article","og_title":"MOVE UNO PAV\u00c9 FLEX BANGLE MM REF:12057-WG-M - Gioielleria Grande","og_description":"Disponibile in una versione pi\u00f9 grande rispetto al classico modello 11134, il bracciale rigido Move Uno Flex modello medio in oro bianco e diamanti \u00e8 IL bracciale iconico per eccellenza. Caratterizzato da un motivo Move al centro con un diamante che danza al ritmo dei tuoi movimenti, questo braccialetto di lusso \u00e8 immediatamente riconoscibile grazie al design inconfondibile della Maison. Questo braccialetto di diamanti sottile e leggero dalle linee minimaliste pu\u00f2 essere indossato da solo per esaltarne la preziosit\u00e0 o in combinazione con altri gioielli con diamanti Messika per un effetto di tendenza. Amiamo la sua fluidit\u00e0 e la sua chiusura intelligente che \u00e8 discretamente nascosta sotto il motivo centrale.","og_url":"https:\/\/www.gioielleriagrande.it\/prodotto\/115833\/","og_site_name":"Gioielleria Grande","article_modified_time":"2025-11-22T12:20:45+00:00","og_image":[{"width":1900,"height":1900,"url":"https:\/\/www.gioielleriagrande.it\/wp-content\/uploads\/2022\/11\/12057-WG-M.jpg","type":"image\/jpeg"}],"twitter_card":"summary_large_image","twitter_misc":{"Est. reading time":"1 minute"},"schema":{"@context":"https:\/\/schema.org","@graph":[{"@type":"WebPage","@id":"https:\/\/www.gioielleriagrande.it\/prodotto\/115833\/","url":"https:\/\/www.gioielleriagrande.it\/prodotto\/115833\/","name":"MOVE UNO PAV\u00c9 FLEX BANGLE MM REF:12057-WG-M - Gioielleria Grande","isPartOf":{"@id":"https:\/\/www.gioielleriagrande.it\/#website"},"primaryImageOfPage":{"@id":"https:\/\/www.gioielleriagrande.it\/prodotto\/115833\/#primaryimage"},"image":{"@id":"https:\/\/www.gioielleriagrande.it\/prodotto\/115833\/#primaryimage"},"thumbnailUrl":"https:\/\/www.gioielleriagrande.it\/wp-content\/uploads\/2022\/11\/12057-WG-M.jpg","datePublished":"2022-11-21T17:00:15+00:00","dateModified":"2025-11-22T12:20:45+00:00","breadcrumb":{"@id":"https:\/\/www.gioielleriagrande.it\/prodotto\/115833\/#breadcrumb"},"inLanguage":"en-US","potentialAction":[{"@type":"ReadAction","target":["https:\/\/www.gioielleriagrande.it\/prodotto\/115833\/"]}]},{"@type":"ImageObject","inLanguage":"en-US","@id":"https:\/\/www.gioielleriagrande.it\/prodotto\/115833\/#primaryimage","url":"https:\/\/www.gioielleriagrande.it\/wp-content\/uploads\/2022\/11\/12057-WG-M.jpg","contentUrl":"https:\/\/www.gioielleriagrande.it\/wp-content\/uploads\/2022\/11\/12057-WG-M.jpg","width":1900,"height":1900,"caption":"12057-WG-M.jpg"},{"@type":"BreadcrumbList","@id":"https:\/\/www.gioielleriagrande.it\/prodotto\/115833\/#breadcrumb","itemListElement":[{"@type":"ListItem","position":1,"name":"Home","item":"https:\/\/www.gioielleriagrande.it\/"},{"@type":"ListItem","position":2,"name":"Shop","item":"https:\/\/www.gioielleriagrande.it\/negozio\/"},{"@type":"ListItem","position":3,"name":"MOVE UNO PAV\u00c9 FLEX BANGLE MM REF:12057-WG-M"}]},{"@type":"WebSite","@id":"https:\/\/www.gioielleriagrande.it\/#website","url":"https:\/\/www.gioielleriagrande.it\/","name":"Gioielleria Grande","description":"","potentialAction":[{"@type":"SearchAction","target":{"@type":"EntryPoint","urlTemplate":"https:\/\/www.gioielleriagrande.it\/?s={search_term_string}"},"query-input":{"@type":"PropertyValueSpecification","valueRequired":true,"valueName":"search_term_string"}}],"inLanguage":"en-US"}]}},"_links":{"self":[{"href":"https:\/\/www.gioielleriagrande.it\/en\/wp-json\/wp\/v2\/product\/85528","targetHints":{"allow":["GET"]}}],"collection":[{"href":"https:\/\/www.gioielleriagrande.it\/en\/wp-json\/wp\/v2\/product"}],"about":[{"href":"https:\/\/www.gioielleriagrande.it\/en\/wp-json\/wp\/v2\/types\/product"}],"replies":[{"embeddable":true,"href":"https:\/\/www.gioielleriagrande.it\/en\/wp-json\/wp\/v2\/comments?post=85528"}],"wp:featuredmedia":[{"embeddable":true,"href":"https:\/\/www.gioielleriagrande.it\/en\/wp-json\/wp\/v2\/media\/85425"}],"wp:attachment":[{"href":"https:\/\/www.gioielleriagrande.it\/en\/wp-json\/wp\/v2\/media?parent=85528"}],"wp:term":[{"taxonomy":"product_brand","embeddable":true,"href":"https:\/\/www.gioielleriagrande.it\/en\/wp-json\/wp\/v2\/product_brand?post=85528"},{"taxonomy":"product_cat","embeddable":true,"href":"https:\/\/www.gioielleriagrande.it\/en\/wp-json\/wp\/v2\/product_cat?post=85528"},{"taxonomy":"product_tag","embeddable":true,"href":"https:\/\/www.gioielleriagrande.it\/en\/wp-json\/wp\/v2\/product_tag?post=85528"}],"curies":[{"name":"wp","href":"https:\/\/api.w.org\/{rel}","templated":true}]}}