{"id":86246,"date":"2022-11-22T18:44:58","date_gmt":"2022-11-22T17:44:58","guid":{"rendered":"https:\/\/www.gioielleriagrande.it\/prodotto\/105215\/"},"modified":"2025-11-22T13:21:54","modified_gmt":"2025-11-22T12:21:54","slug":"105215","status":"publish","type":"product","link":"https:\/\/www.gioielleriagrande.it\/en\/prodotto\/105215\/","title":{"rendered":"ACCENDINO DEFI XXTREME VERDE MILITARE OPACO\nREF:021613"},"content":{"rendered":"<p>DEFI XXTREME, l\u2019accendino dei moderni avventurieri. Con la sua potente doppia fiamma blu, resiste anche nelle condizioni pi\u00f9 estreme! L&#8217;accendino D\u00e9fi Xxtr\u00eame verde militare opaco sar\u00e0 al tuo fianco in tutte le tue pi\u00f9 sensazionali avventure.<\/p>\n","protected":false},"excerpt":{"rendered":"<p>DEFI XXTREME, l\u2019accendino dei moderni avventurieri. Con la sua potente doppia fiamma blu, resiste anche nelle condizioni pi\u00f9 estreme! L&#8217;accendino D\u00e9fi Xxtr\u00eame verde militare opaco sar\u00e0 al tuo fianco in tutte le tue pi\u00f9 sensazionali avventure.<\/p>\n","protected":false},"featured_media":86179,"comment_status":"open","ping_status":"closed","template":"","meta":[],"product_brand":[],"product_cat":[6897],"product_tag":[],"class_list":{"0":"post-86246","1":"product","2":"type-product","3":"status-publish","4":"has-post-thumbnail","6":"brand-7117","7":"shops-3355","8":"shop_area-3358","10":"first","11":"instock","12":"taxable","13":"shipping-taxable","14":"purchasable","15":"product-type-simple"},"yoast_head":"<!-- This site is optimized with the Yoast SEO plugin v25.3 - https:\/\/yoast.com\/wordpress\/plugins\/seo\/ -->\n<title>ACCENDINO DEFI XXTREME VERDE MILITARE OPACO REF:021613 - Gioielleria Grande<\/title>\n<meta name=\"robots\" content=\"index, follow, max-snippet:-1, max-image-preview:large, max-video-preview:-1\" \/>\n<link rel=\"canonical\" href=\"https:\/\/www.gioielleriagrande.it\/prodotto\/105215\/\" \/>\n<meta property=\"og:locale\" content=\"en_US\" \/>\n<meta property=\"og:type\" content=\"article\" \/>\n<meta property=\"og:title\" content=\"ACCENDINO DEFI XXTREME VERDE MILITARE OPACO REF:021613 - Gioielleria Grande\" \/>\n<meta property=\"og:description\" content=\"DEFI XXTREME, l\u2019accendino dei moderni avventurieri. Con la sua potente doppia fiamma blu, resiste anche nelle condizioni pi\u00f9 estreme! L&#039;accendino D\u00e9fi Xxtr\u00eame verde militare opaco sar\u00e0 al tuo fianco in tutte le tue pi\u00f9 sensazionali avventure.\" \/>\n<meta property=\"og:url\" content=\"https:\/\/www.gioielleriagrande.it\/prodotto\/105215\/\" \/>\n<meta property=\"og:site_name\" content=\"Gioielleria Grande\" \/>\n<meta property=\"article:modified_time\" content=\"2025-11-22T12:21:54+00:00\" \/>\n<meta property=\"og:image\" content=\"https:\/\/www.gioielleriagrande.it\/wp-content\/uploads\/2022\/11\/021613.png\" \/>\n\t<meta property=\"og:image:width\" content=\"1268\" \/>\n\t<meta property=\"og:image:height\" content=\"1020\" \/>\n\t<meta property=\"og:image:type\" content=\"image\/png\" \/>\n<meta name=\"twitter:card\" content=\"summary_large_image\" \/>\n<script type=\"application\/ld+json\" class=\"yoast-schema-graph\">{\"@context\":\"https:\/\/schema.org\",\"@graph\":[{\"@type\":\"WebPage\",\"@id\":\"https:\/\/www.gioielleriagrande.it\/prodotto\/105215\/\",\"url\":\"https:\/\/www.gioielleriagrande.it\/prodotto\/105215\/\",\"name\":\"ACCENDINO DEFI XXTREME VERDE MILITARE OPACO REF:021613 - Gioielleria Grande\",\"isPartOf\":{\"@id\":\"https:\/\/www.gioielleriagrande.it\/#website\"},\"primaryImageOfPage\":{\"@id\":\"https:\/\/www.gioielleriagrande.it\/prodotto\/105215\/#primaryimage\"},\"image\":{\"@id\":\"https:\/\/www.gioielleriagrande.it\/prodotto\/105215\/#primaryimage\"},\"thumbnailUrl\":\"https:\/\/www.gioielleriagrande.it\/wp-content\/uploads\/2022\/11\/021613.png\",\"datePublished\":\"2022-11-22T17:44:58+00:00\",\"dateModified\":\"2025-11-22T12:21:54+00:00\",\"breadcrumb\":{\"@id\":\"https:\/\/www.gioielleriagrande.it\/prodotto\/105215\/#breadcrumb\"},\"inLanguage\":\"en-US\",\"potentialAction\":[{\"@type\":\"ReadAction\",\"target\":[\"https:\/\/www.gioielleriagrande.it\/prodotto\/105215\/\"]}]},{\"@type\":\"ImageObject\",\"inLanguage\":\"en-US\",\"@id\":\"https:\/\/www.gioielleriagrande.it\/prodotto\/105215\/#primaryimage\",\"url\":\"https:\/\/www.gioielleriagrande.it\/wp-content\/uploads\/2022\/11\/021613.png\",\"contentUrl\":\"https:\/\/www.gioielleriagrande.it\/wp-content\/uploads\/2022\/11\/021613.png\",\"width\":1268,\"height\":1020,\"caption\":\"021613.png\"},{\"@type\":\"BreadcrumbList\",\"@id\":\"https:\/\/www.gioielleriagrande.it\/prodotto\/105215\/#breadcrumb\",\"itemListElement\":[{\"@type\":\"ListItem\",\"position\":1,\"name\":\"Home\",\"item\":\"https:\/\/www.gioielleriagrande.it\/\"},{\"@type\":\"ListItem\",\"position\":2,\"name\":\"Shop\",\"item\":\"https:\/\/www.gioielleriagrande.it\/negozio\/\"},{\"@type\":\"ListItem\",\"position\":3,\"name\":\"ACCENDINO DEFI XXTREME VERDE MILITARE OPACO REF:021613\"}]},{\"@type\":\"WebSite\",\"@id\":\"https:\/\/www.gioielleriagrande.it\/#website\",\"url\":\"https:\/\/www.gioielleriagrande.it\/\",\"name\":\"Gioielleria Grande\",\"description\":\"\",\"potentialAction\":[{\"@type\":\"SearchAction\",\"target\":{\"@type\":\"EntryPoint\",\"urlTemplate\":\"https:\/\/www.gioielleriagrande.it\/?s={search_term_string}\"},\"query-input\":{\"@type\":\"PropertyValueSpecification\",\"valueRequired\":true,\"valueName\":\"search_term_string\"}}],\"inLanguage\":\"en-US\"}]}<\/script>\n<!-- \/ Yoast SEO plugin. -->","yoast_head_json":{"title":"ACCENDINO DEFI XXTREME VERDE MILITARE OPACO REF:021613 - Gioielleria Grande","robots":{"index":"index","follow":"follow","max-snippet":"max-snippet:-1","max-image-preview":"max-image-preview:large","max-video-preview":"max-video-preview:-1"},"canonical":"https:\/\/www.gioielleriagrande.it\/prodotto\/105215\/","og_locale":"en_US","og_type":"article","og_title":"ACCENDINO DEFI XXTREME VERDE MILITARE OPACO REF:021613 - Gioielleria Grande","og_description":"DEFI XXTREME, l\u2019accendino dei moderni avventurieri. Con la sua potente doppia fiamma blu, resiste anche nelle condizioni pi\u00f9 estreme! L'accendino D\u00e9fi Xxtr\u00eame verde militare opaco sar\u00e0 al tuo fianco in tutte le tue pi\u00f9 sensazionali avventure.","og_url":"https:\/\/www.gioielleriagrande.it\/prodotto\/105215\/","og_site_name":"Gioielleria Grande","article_modified_time":"2025-11-22T12:21:54+00:00","og_image":[{"width":1268,"height":1020,"url":"https:\/\/www.gioielleriagrande.it\/wp-content\/uploads\/2022\/11\/021613.png","type":"image\/png"}],"twitter_card":"summary_large_image","schema":{"@context":"https:\/\/schema.org","@graph":[{"@type":"WebPage","@id":"https:\/\/www.gioielleriagrande.it\/prodotto\/105215\/","url":"https:\/\/www.gioielleriagrande.it\/prodotto\/105215\/","name":"ACCENDINO DEFI XXTREME VERDE MILITARE OPACO REF:021613 - Gioielleria Grande","isPartOf":{"@id":"https:\/\/www.gioielleriagrande.it\/#website"},"primaryImageOfPage":{"@id":"https:\/\/www.gioielleriagrande.it\/prodotto\/105215\/#primaryimage"},"image":{"@id":"https:\/\/www.gioielleriagrande.it\/prodotto\/105215\/#primaryimage"},"thumbnailUrl":"https:\/\/www.gioielleriagrande.it\/wp-content\/uploads\/2022\/11\/021613.png","datePublished":"2022-11-22T17:44:58+00:00","dateModified":"2025-11-22T12:21:54+00:00","breadcrumb":{"@id":"https:\/\/www.gioielleriagrande.it\/prodotto\/105215\/#breadcrumb"},"inLanguage":"en-US","potentialAction":[{"@type":"ReadAction","target":["https:\/\/www.gioielleriagrande.it\/prodotto\/105215\/"]}]},{"@type":"ImageObject","inLanguage":"en-US","@id":"https:\/\/www.gioielleriagrande.it\/prodotto\/105215\/#primaryimage","url":"https:\/\/www.gioielleriagrande.it\/wp-content\/uploads\/2022\/11\/021613.png","contentUrl":"https:\/\/www.gioielleriagrande.it\/wp-content\/uploads\/2022\/11\/021613.png","width":1268,"height":1020,"caption":"021613.png"},{"@type":"BreadcrumbList","@id":"https:\/\/www.gioielleriagrande.it\/prodotto\/105215\/#breadcrumb","itemListElement":[{"@type":"ListItem","position":1,"name":"Home","item":"https:\/\/www.gioielleriagrande.it\/"},{"@type":"ListItem","position":2,"name":"Shop","item":"https:\/\/www.gioielleriagrande.it\/negozio\/"},{"@type":"ListItem","position":3,"name":"ACCENDINO DEFI XXTREME VERDE MILITARE OPACO REF:021613"}]},{"@type":"WebSite","@id":"https:\/\/www.gioielleriagrande.it\/#website","url":"https:\/\/www.gioielleriagrande.it\/","name":"Gioielleria Grande","description":"","potentialAction":[{"@type":"SearchAction","target":{"@type":"EntryPoint","urlTemplate":"https:\/\/www.gioielleriagrande.it\/?s={search_term_string}"},"query-input":{"@type":"PropertyValueSpecification","valueRequired":true,"valueName":"search_term_string"}}],"inLanguage":"en-US"}]}},"_links":{"self":[{"href":"https:\/\/www.gioielleriagrande.it\/en\/wp-json\/wp\/v2\/product\/86246","targetHints":{"allow":["GET"]}}],"collection":[{"href":"https:\/\/www.gioielleriagrande.it\/en\/wp-json\/wp\/v2\/product"}],"about":[{"href":"https:\/\/www.gioielleriagrande.it\/en\/wp-json\/wp\/v2\/types\/product"}],"replies":[{"embeddable":true,"href":"https:\/\/www.gioielleriagrande.it\/en\/wp-json\/wp\/v2\/comments?post=86246"}],"wp:featuredmedia":[{"embeddable":true,"href":"https:\/\/www.gioielleriagrande.it\/en\/wp-json\/wp\/v2\/media\/86179"}],"wp:attachment":[{"href":"https:\/\/www.gioielleriagrande.it\/en\/wp-json\/wp\/v2\/media?parent=86246"}],"wp:term":[{"taxonomy":"product_brand","embeddable":true,"href":"https:\/\/www.gioielleriagrande.it\/en\/wp-json\/wp\/v2\/product_brand?post=86246"},{"taxonomy":"product_cat","embeddable":true,"href":"https:\/\/www.gioielleriagrande.it\/en\/wp-json\/wp\/v2\/product_cat?post=86246"},{"taxonomy":"product_tag","embeddable":true,"href":"https:\/\/www.gioielleriagrande.it\/en\/wp-json\/wp\/v2\/product_tag?post=86246"}],"curies":[{"name":"wp","href":"https:\/\/api.w.org\/{rel}","templated":true}]}}