{"id":862993,"date":"2025-12-24T10:17:24","date_gmt":"2025-12-24T09:17:24","guid":{"rendered":"https:\/\/www.gioielleriagrande.it\/prodotto\/167415\/"},"modified":"2025-12-24T10:17:24","modified_gmt":"2025-12-24T09:17:24","slug":"167415","status":"publish","type":"product","link":"https:\/\/www.gioielleriagrande.it\/en\/prodotto\/167415\/","title":{"rendered":"PORTUGIESER CHRONOGRAPH\nREF:IW371606"},"content":{"rendered":"<p>Il Portugieser Chronograph \u00e8 uno dei modelli pi\u00f9 iconici di IWC Schaffhausen. Con il suo diametro di 41 millimetri si adatta a ogni polso, tuttavia la lunetta sottile d\u00e0 l\u2019impressione di indossare un orologio decisamente pi\u00f9 grande. Il quadrante chiaro e funzionale sfoggia numeri arabi applicati ed eleganti lancette a foglia. Caratterizzato da una scala dei quarti di secondo stampata, il r\u00e9haut consente non solo una lettura precisa dei tempi cronografici, ma ricorda anche le origini del Portugieser, nato come strumento di precisione nautico. Questo modello presenta cassa in acciaio, quadrante blu e lancette rodiate applicate ed \u00e8 completato da un cinturino in pelle di alligatore nero. All\u2019interno dell\u2019elegante cronografo sportivo batte il calibro 69355 di manifattura IWC. Preciso e resistente, il movimento cronografico dal design classico con ruota a colonne \u00e8 visibile attraverso il fondello in vetro zaffiro.<br \/>\nREF:IW371606<\/p>\n","protected":false},"excerpt":{"rendered":"<p>Il Portugieser Chronograph \u00e8 uno dei modelli pi\u00f9 iconici di IWC Schaffhausen. Con il suo diametro di 41 millimetri si adatta a ogni polso, tuttavia la lunetta sottile d\u00e0 l\u2019impressione di indossare un orologio decisamente pi\u00f9 grande. Il quadrante chiaro e funzionale sfoggia numeri arabi applicati ed eleganti lancette a foglia. Caratterizzato da una scala dei quarti di secondo stampata, il r\u00e9haut consente non solo una lettura precisa dei tempi cronografici, ma ricorda anche le origini del Portugieser, nato come strumento di precisione nautico. Questo modello presenta cassa in acciaio, quadrante blu e lancette rodiate applicate ed \u00e8 completato da un cinturino in pelle di alligatore nero. All\u2019interno dell\u2019elegante cronografo sportivo batte il calibro 69355 di manifattura IWC. Preciso e resistente, il movimento cronografico dal design classico con ruota a colonne \u00e8 visibile attraverso il fondello in vetro zaffiro.<br \/>\nREF:IW371606<\/p>\n","protected":false},"featured_media":463455,"comment_status":"open","ping_status":"closed","template":"","meta":[],"product_brand":[],"product_cat":[3309],"product_tag":[],"class_list":{"0":"post-862993","1":"product","2":"type-product","3":"status-publish","4":"has-post-thumbnail","6":"brand-5436","7":"line-5724","8":"shops-3355","9":"shop_area-3357","11":"first","12":"instock","13":"taxable","14":"shipping-taxable","15":"purchasable","16":"product-type-simple"},"yoast_head":"<!-- This site is optimized with the Yoast SEO plugin v25.3 - https:\/\/yoast.com\/wordpress\/plugins\/seo\/ -->\n<title>PORTUGIESER CHRONOGRAPH REF:IW371606 - Gioielleria Grande<\/title>\n<meta name=\"robots\" content=\"index, follow, max-snippet:-1, max-image-preview:large, max-video-preview:-1\" \/>\n<link rel=\"canonical\" href=\"https:\/\/www.gioielleriagrande.it\/prodotto\/167415\/\" \/>\n<meta property=\"og:locale\" content=\"en_US\" \/>\n<meta property=\"og:type\" content=\"article\" \/>\n<meta property=\"og:title\" content=\"PORTUGIESER CHRONOGRAPH REF:IW371606 - Gioielleria Grande\" \/>\n<meta property=\"og:description\" content=\"Il Portugieser Chronograph \u00e8 uno dei modelli pi\u00f9 iconici di IWC Schaffhausen. Con il suo diametro di 41 millimetri si adatta a ogni polso, tuttavia la lunetta sottile d\u00e0 l\u2019impressione di indossare un orologio decisamente pi\u00f9 grande. Il quadrante chiaro e funzionale sfoggia numeri arabi applicati ed eleganti lancette a foglia. Caratterizzato da una scala dei quarti di secondo stampata, il r\u00e9haut consente non solo una lettura precisa dei tempi cronografici, ma ricorda anche le origini del Portugieser, nato come strumento di precisione nautico. Questo modello presenta cassa in acciaio, quadrante blu e lancette rodiate applicate ed \u00e8 completato da un cinturino in pelle di alligatore nero. All\u2019interno dell\u2019elegante cronografo sportivo batte il calibro 69355 di manifattura IWC. Preciso e resistente, il movimento cronografico dal design classico con ruota a colonne \u00e8 visibile attraverso il fondello in vetro zaffiro. REF:IW371606\" \/>\n<meta property=\"og:url\" content=\"https:\/\/www.gioielleriagrande.it\/prodotto\/167415\/\" \/>\n<meta property=\"og:site_name\" content=\"Gioielleria Grande\" \/>\n<meta name=\"twitter:card\" content=\"summary_large_image\" \/>\n<meta name=\"twitter:label1\" content=\"Est. reading time\" \/>\n\t<meta name=\"twitter:data1\" content=\"1 minute\" \/>\n<script type=\"application\/ld+json\" class=\"yoast-schema-graph\">{\"@context\":\"https:\/\/schema.org\",\"@graph\":[{\"@type\":\"WebPage\",\"@id\":\"https:\/\/www.gioielleriagrande.it\/prodotto\/167415\/\",\"url\":\"https:\/\/www.gioielleriagrande.it\/prodotto\/167415\/\",\"name\":\"PORTUGIESER CHRONOGRAPH REF:IW371606 - Gioielleria Grande\",\"isPartOf\":{\"@id\":\"https:\/\/www.gioielleriagrande.it\/#website\"},\"primaryImageOfPage\":{\"@id\":\"https:\/\/www.gioielleriagrande.it\/prodotto\/167415\/#primaryimage\"},\"image\":{\"@id\":\"https:\/\/www.gioielleriagrande.it\/prodotto\/167415\/#primaryimage\"},\"thumbnailUrl\":\"https:\/\/www.gioielleriagrande.it\/wp-content\/uploads\/2025\/06\/IW371606-2500-Pixel-min-scaled.png\",\"datePublished\":\"2025-12-24T09:17:24+00:00\",\"breadcrumb\":{\"@id\":\"https:\/\/www.gioielleriagrande.it\/prodotto\/167415\/#breadcrumb\"},\"inLanguage\":\"en-US\",\"potentialAction\":[{\"@type\":\"ReadAction\",\"target\":[\"https:\/\/www.gioielleriagrande.it\/prodotto\/167415\/\"]}]},{\"@type\":\"ImageObject\",\"inLanguage\":\"en-US\",\"@id\":\"https:\/\/www.gioielleriagrande.it\/prodotto\/167415\/#primaryimage\",\"url\":\"https:\/\/www.gioielleriagrande.it\/wp-content\/uploads\/2025\/06\/IW371606-2500-Pixel-min-scaled.png\",\"contentUrl\":\"https:\/\/www.gioielleriagrande.it\/wp-content\/uploads\/2025\/06\/IW371606-2500-Pixel-min-scaled.png\",\"width\":1898,\"height\":2560,\"caption\":\"IW371606 2500 Pixel-min.png\"},{\"@type\":\"BreadcrumbList\",\"@id\":\"https:\/\/www.gioielleriagrande.it\/prodotto\/167415\/#breadcrumb\",\"itemListElement\":[{\"@type\":\"ListItem\",\"position\":1,\"name\":\"Home\",\"item\":\"https:\/\/www.gioielleriagrande.it\/\"},{\"@type\":\"ListItem\",\"position\":2,\"name\":\"Shop\",\"item\":\"https:\/\/www.gioielleriagrande.it\/negozio\/\"},{\"@type\":\"ListItem\",\"position\":3,\"name\":\"PORTUGIESER CHRONOGRAPH REF:IW371606\"}]},{\"@type\":\"WebSite\",\"@id\":\"https:\/\/www.gioielleriagrande.it\/#website\",\"url\":\"https:\/\/www.gioielleriagrande.it\/\",\"name\":\"Gioielleria Grande\",\"description\":\"\",\"potentialAction\":[{\"@type\":\"SearchAction\",\"target\":{\"@type\":\"EntryPoint\",\"urlTemplate\":\"https:\/\/www.gioielleriagrande.it\/?s={search_term_string}\"},\"query-input\":{\"@type\":\"PropertyValueSpecification\",\"valueRequired\":true,\"valueName\":\"search_term_string\"}}],\"inLanguage\":\"en-US\"}]}<\/script>\n<!-- \/ Yoast SEO plugin. -->","yoast_head_json":{"title":"PORTUGIESER CHRONOGRAPH REF:IW371606 - Gioielleria Grande","robots":{"index":"index","follow":"follow","max-snippet":"max-snippet:-1","max-image-preview":"max-image-preview:large","max-video-preview":"max-video-preview:-1"},"canonical":"https:\/\/www.gioielleriagrande.it\/prodotto\/167415\/","og_locale":"en_US","og_type":"article","og_title":"PORTUGIESER CHRONOGRAPH REF:IW371606 - Gioielleria Grande","og_description":"Il Portugieser Chronograph \u00e8 uno dei modelli pi\u00f9 iconici di IWC Schaffhausen. Con il suo diametro di 41 millimetri si adatta a ogni polso, tuttavia la lunetta sottile d\u00e0 l\u2019impressione di indossare un orologio decisamente pi\u00f9 grande. Il quadrante chiaro e funzionale sfoggia numeri arabi applicati ed eleganti lancette a foglia. Caratterizzato da una scala dei quarti di secondo stampata, il r\u00e9haut consente non solo una lettura precisa dei tempi cronografici, ma ricorda anche le origini del Portugieser, nato come strumento di precisione nautico. Questo modello presenta cassa in acciaio, quadrante blu e lancette rodiate applicate ed \u00e8 completato da un cinturino in pelle di alligatore nero. All\u2019interno dell\u2019elegante cronografo sportivo batte il calibro 69355 di manifattura IWC. Preciso e resistente, il movimento cronografico dal design classico con ruota a colonne \u00e8 visibile attraverso il fondello in vetro zaffiro. REF:IW371606","og_url":"https:\/\/www.gioielleriagrande.it\/prodotto\/167415\/","og_site_name":"Gioielleria Grande","twitter_card":"summary_large_image","twitter_misc":{"Est. reading time":"1 minute"},"schema":{"@context":"https:\/\/schema.org","@graph":[{"@type":"WebPage","@id":"https:\/\/www.gioielleriagrande.it\/prodotto\/167415\/","url":"https:\/\/www.gioielleriagrande.it\/prodotto\/167415\/","name":"PORTUGIESER CHRONOGRAPH REF:IW371606 - Gioielleria Grande","isPartOf":{"@id":"https:\/\/www.gioielleriagrande.it\/#website"},"primaryImageOfPage":{"@id":"https:\/\/www.gioielleriagrande.it\/prodotto\/167415\/#primaryimage"},"image":{"@id":"https:\/\/www.gioielleriagrande.it\/prodotto\/167415\/#primaryimage"},"thumbnailUrl":"https:\/\/www.gioielleriagrande.it\/wp-content\/uploads\/2025\/06\/IW371606-2500-Pixel-min-scaled.png","datePublished":"2025-12-24T09:17:24+00:00","breadcrumb":{"@id":"https:\/\/www.gioielleriagrande.it\/prodotto\/167415\/#breadcrumb"},"inLanguage":"en-US","potentialAction":[{"@type":"ReadAction","target":["https:\/\/www.gioielleriagrande.it\/prodotto\/167415\/"]}]},{"@type":"ImageObject","inLanguage":"en-US","@id":"https:\/\/www.gioielleriagrande.it\/prodotto\/167415\/#primaryimage","url":"https:\/\/www.gioielleriagrande.it\/wp-content\/uploads\/2025\/06\/IW371606-2500-Pixel-min-scaled.png","contentUrl":"https:\/\/www.gioielleriagrande.it\/wp-content\/uploads\/2025\/06\/IW371606-2500-Pixel-min-scaled.png","width":1898,"height":2560,"caption":"IW371606 2500 Pixel-min.png"},{"@type":"BreadcrumbList","@id":"https:\/\/www.gioielleriagrande.it\/prodotto\/167415\/#breadcrumb","itemListElement":[{"@type":"ListItem","position":1,"name":"Home","item":"https:\/\/www.gioielleriagrande.it\/"},{"@type":"ListItem","position":2,"name":"Shop","item":"https:\/\/www.gioielleriagrande.it\/negozio\/"},{"@type":"ListItem","position":3,"name":"PORTUGIESER CHRONOGRAPH REF:IW371606"}]},{"@type":"WebSite","@id":"https:\/\/www.gioielleriagrande.it\/#website","url":"https:\/\/www.gioielleriagrande.it\/","name":"Gioielleria Grande","description":"","potentialAction":[{"@type":"SearchAction","target":{"@type":"EntryPoint","urlTemplate":"https:\/\/www.gioielleriagrande.it\/?s={search_term_string}"},"query-input":{"@type":"PropertyValueSpecification","valueRequired":true,"valueName":"search_term_string"}}],"inLanguage":"en-US"}]}},"_links":{"self":[{"href":"https:\/\/www.gioielleriagrande.it\/en\/wp-json\/wp\/v2\/product\/862993","targetHints":{"allow":["GET"]}}],"collection":[{"href":"https:\/\/www.gioielleriagrande.it\/en\/wp-json\/wp\/v2\/product"}],"about":[{"href":"https:\/\/www.gioielleriagrande.it\/en\/wp-json\/wp\/v2\/types\/product"}],"replies":[{"embeddable":true,"href":"https:\/\/www.gioielleriagrande.it\/en\/wp-json\/wp\/v2\/comments?post=862993"}],"wp:featuredmedia":[{"embeddable":true,"href":"https:\/\/www.gioielleriagrande.it\/en\/wp-json\/wp\/v2\/media\/463455"}],"wp:attachment":[{"href":"https:\/\/www.gioielleriagrande.it\/en\/wp-json\/wp\/v2\/media?parent=862993"}],"wp:term":[{"taxonomy":"product_brand","embeddable":true,"href":"https:\/\/www.gioielleriagrande.it\/en\/wp-json\/wp\/v2\/product_brand?post=862993"},{"taxonomy":"product_cat","embeddable":true,"href":"https:\/\/www.gioielleriagrande.it\/en\/wp-json\/wp\/v2\/product_cat?post=862993"},{"taxonomy":"product_tag","embeddable":true,"href":"https:\/\/www.gioielleriagrande.it\/en\/wp-json\/wp\/v2\/product_tag?post=862993"}],"curies":[{"name":"wp","href":"https:\/\/api.w.org\/{rel}","templated":true}]}}