{"id":870058,"date":"2025-12-30T15:56:07","date_gmt":"2025-12-30T14:56:07","guid":{"rendered":"https:\/\/www.gioielleriagrande.it\/prodotto\/152143\/"},"modified":"2025-12-30T15:56:12","modified_gmt":"2025-12-30T14:56:12","slug":"152143","status":"publish","type":"product","link":"https:\/\/www.gioielleriagrande.it\/en\/prodotto\/152143\/","title":{"rendered":"Bracciale Masai con triplo pav\u00e9 di diamanti"},"content":{"rendered":"<p>Elegantemente sobrio, questo bracciale rigido a spirale piatta a filo singolo sfoggia il segno distintivo di un vero classico senza tempo. Realizzato in oro giallo 18 carati, \u00e8 impreziosito da un pav\u00e9 di diamanti taglio brillante. Elegante da solo, \u00e8 perfetto se abbinato agli altri gioielli Marco Bicego.<\/p>\n<p>Taglia unica.<\/p>\n","protected":false},"excerpt":{"rendered":"<p>Elegantemente sobrio, questo bracciale rigido a spirale piatta a filo singolo sfoggia il segno distintivo di un vero classico senza tempo. Realizzato in oro giallo 18 carati, \u00e8 impreziosito da un pav\u00e9 di diamanti taglio brillante. Elegante da solo, \u00e8 perfetto se abbinato agli altri gioielli Marco Bicego.<\/p>\n<p>Taglia unica.<\/p>\n","protected":false},"featured_media":869687,"comment_status":"open","ping_status":"closed","template":"","meta":[],"product_brand":[],"product_cat":[3377],"product_tag":[],"class_list":{"0":"post-870058","1":"product","2":"type-product","3":"status-publish","4":"has-post-thumbnail","6":"brand-5173","7":"shops-3355","8":"shop_area-3356","10":"first","11":"instock","12":"taxable","13":"shipping-taxable","14":"purchasable","15":"product-type-simple"},"yoast_head":"<!-- This site is optimized with the Yoast SEO plugin v25.3 - https:\/\/yoast.com\/wordpress\/plugins\/seo\/ -->\n<title>Bracciale Masai con triplo pav\u00e9 di diamanti - Gioielleria Grande<\/title>\n<meta name=\"robots\" content=\"index, follow, max-snippet:-1, max-image-preview:large, max-video-preview:-1\" \/>\n<link rel=\"canonical\" href=\"https:\/\/www.gioielleriagrande.it\/prodotto\/152143\/\" \/>\n<meta property=\"og:locale\" content=\"en_US\" \/>\n<meta property=\"og:type\" content=\"article\" \/>\n<meta property=\"og:title\" content=\"Bracciale Masai con triplo pav\u00e9 di diamanti - Gioielleria Grande\" \/>\n<meta property=\"og:description\" content=\"Elegantemente sobrio, questo bracciale rigido a spirale piatta a filo singolo sfoggia il segno distintivo di un vero classico senza tempo. Realizzato in oro giallo 18 carati, \u00e8 impreziosito da un pav\u00e9 di diamanti taglio brillante. Elegante da solo, \u00e8 perfetto se abbinato agli altri gioielli Marco Bicego. Taglia unica.\" \/>\n<meta property=\"og:url\" content=\"https:\/\/www.gioielleriagrande.it\/prodotto\/152143\/\" \/>\n<meta property=\"og:site_name\" content=\"Gioielleria Grande\" \/>\n<meta property=\"article:modified_time\" content=\"2025-12-30T14:56:12+00:00\" \/>\n<meta property=\"og:image\" content=\"https:\/\/www.gioielleriagrande.it\/wp-content\/uploads\/2025\/12\/SG730.png\" \/>\n\t<meta property=\"og:image:width\" content=\"1500\" \/>\n\t<meta property=\"og:image:height\" content=\"1500\" \/>\n\t<meta property=\"og:image:type\" content=\"image\/png\" \/>\n<meta name=\"twitter:card\" content=\"summary_large_image\" \/>\n<script type=\"application\/ld+json\" class=\"yoast-schema-graph\">{\"@context\":\"https:\/\/schema.org\",\"@graph\":[{\"@type\":\"WebPage\",\"@id\":\"https:\/\/www.gioielleriagrande.it\/prodotto\/152143\/\",\"url\":\"https:\/\/www.gioielleriagrande.it\/prodotto\/152143\/\",\"name\":\"Bracciale Masai con triplo pav\u00e9 di diamanti - Gioielleria Grande\",\"isPartOf\":{\"@id\":\"https:\/\/www.gioielleriagrande.it\/#website\"},\"primaryImageOfPage\":{\"@id\":\"https:\/\/www.gioielleriagrande.it\/prodotto\/152143\/#primaryimage\"},\"image\":{\"@id\":\"https:\/\/www.gioielleriagrande.it\/prodotto\/152143\/#primaryimage\"},\"thumbnailUrl\":\"https:\/\/www.gioielleriagrande.it\/wp-content\/uploads\/2025\/12\/SG730.png\",\"datePublished\":\"2025-12-30T14:56:07+00:00\",\"dateModified\":\"2025-12-30T14:56:12+00:00\",\"breadcrumb\":{\"@id\":\"https:\/\/www.gioielleriagrande.it\/prodotto\/152143\/#breadcrumb\"},\"inLanguage\":\"en-US\",\"potentialAction\":[{\"@type\":\"ReadAction\",\"target\":[\"https:\/\/www.gioielleriagrande.it\/prodotto\/152143\/\"]}]},{\"@type\":\"ImageObject\",\"inLanguage\":\"en-US\",\"@id\":\"https:\/\/www.gioielleriagrande.it\/prodotto\/152143\/#primaryimage\",\"url\":\"https:\/\/www.gioielleriagrande.it\/wp-content\/uploads\/2025\/12\/SG730.png\",\"contentUrl\":\"https:\/\/www.gioielleriagrande.it\/wp-content\/uploads\/2025\/12\/SG730.png\",\"width\":1500,\"height\":1500,\"caption\":\"SG730.png\"},{\"@type\":\"BreadcrumbList\",\"@id\":\"https:\/\/www.gioielleriagrande.it\/prodotto\/152143\/#breadcrumb\",\"itemListElement\":[{\"@type\":\"ListItem\",\"position\":1,\"name\":\"Home\",\"item\":\"https:\/\/www.gioielleriagrande.it\/\"},{\"@type\":\"ListItem\",\"position\":2,\"name\":\"Shop\",\"item\":\"https:\/\/www.gioielleriagrande.it\/negozio\/\"},{\"@type\":\"ListItem\",\"position\":3,\"name\":\"Bracciale Masai con triplo pav\u00e9 di diamanti\"}]},{\"@type\":\"WebSite\",\"@id\":\"https:\/\/www.gioielleriagrande.it\/#website\",\"url\":\"https:\/\/www.gioielleriagrande.it\/\",\"name\":\"Gioielleria Grande\",\"description\":\"\",\"potentialAction\":[{\"@type\":\"SearchAction\",\"target\":{\"@type\":\"EntryPoint\",\"urlTemplate\":\"https:\/\/www.gioielleriagrande.it\/?s={search_term_string}\"},\"query-input\":{\"@type\":\"PropertyValueSpecification\",\"valueRequired\":true,\"valueName\":\"search_term_string\"}}],\"inLanguage\":\"en-US\"}]}<\/script>\n<!-- \/ Yoast SEO plugin. -->","yoast_head_json":{"title":"Bracciale Masai con triplo pav\u00e9 di diamanti - Gioielleria Grande","robots":{"index":"index","follow":"follow","max-snippet":"max-snippet:-1","max-image-preview":"max-image-preview:large","max-video-preview":"max-video-preview:-1"},"canonical":"https:\/\/www.gioielleriagrande.it\/prodotto\/152143\/","og_locale":"en_US","og_type":"article","og_title":"Bracciale Masai con triplo pav\u00e9 di diamanti - Gioielleria Grande","og_description":"Elegantemente sobrio, questo bracciale rigido a spirale piatta a filo singolo sfoggia il segno distintivo di un vero classico senza tempo. Realizzato in oro giallo 18 carati, \u00e8 impreziosito da un pav\u00e9 di diamanti taglio brillante. Elegante da solo, \u00e8 perfetto se abbinato agli altri gioielli Marco Bicego. Taglia unica.","og_url":"https:\/\/www.gioielleriagrande.it\/prodotto\/152143\/","og_site_name":"Gioielleria Grande","article_modified_time":"2025-12-30T14:56:12+00:00","og_image":[{"width":1500,"height":1500,"url":"https:\/\/www.gioielleriagrande.it\/wp-content\/uploads\/2025\/12\/SG730.png","type":"image\/png"}],"twitter_card":"summary_large_image","schema":{"@context":"https:\/\/schema.org","@graph":[{"@type":"WebPage","@id":"https:\/\/www.gioielleriagrande.it\/prodotto\/152143\/","url":"https:\/\/www.gioielleriagrande.it\/prodotto\/152143\/","name":"Bracciale Masai con triplo pav\u00e9 di diamanti - Gioielleria Grande","isPartOf":{"@id":"https:\/\/www.gioielleriagrande.it\/#website"},"primaryImageOfPage":{"@id":"https:\/\/www.gioielleriagrande.it\/prodotto\/152143\/#primaryimage"},"image":{"@id":"https:\/\/www.gioielleriagrande.it\/prodotto\/152143\/#primaryimage"},"thumbnailUrl":"https:\/\/www.gioielleriagrande.it\/wp-content\/uploads\/2025\/12\/SG730.png","datePublished":"2025-12-30T14:56:07+00:00","dateModified":"2025-12-30T14:56:12+00:00","breadcrumb":{"@id":"https:\/\/www.gioielleriagrande.it\/prodotto\/152143\/#breadcrumb"},"inLanguage":"en-US","potentialAction":[{"@type":"ReadAction","target":["https:\/\/www.gioielleriagrande.it\/prodotto\/152143\/"]}]},{"@type":"ImageObject","inLanguage":"en-US","@id":"https:\/\/www.gioielleriagrande.it\/prodotto\/152143\/#primaryimage","url":"https:\/\/www.gioielleriagrande.it\/wp-content\/uploads\/2025\/12\/SG730.png","contentUrl":"https:\/\/www.gioielleriagrande.it\/wp-content\/uploads\/2025\/12\/SG730.png","width":1500,"height":1500,"caption":"SG730.png"},{"@type":"BreadcrumbList","@id":"https:\/\/www.gioielleriagrande.it\/prodotto\/152143\/#breadcrumb","itemListElement":[{"@type":"ListItem","position":1,"name":"Home","item":"https:\/\/www.gioielleriagrande.it\/"},{"@type":"ListItem","position":2,"name":"Shop","item":"https:\/\/www.gioielleriagrande.it\/negozio\/"},{"@type":"ListItem","position":3,"name":"Bracciale Masai con triplo pav\u00e9 di diamanti"}]},{"@type":"WebSite","@id":"https:\/\/www.gioielleriagrande.it\/#website","url":"https:\/\/www.gioielleriagrande.it\/","name":"Gioielleria Grande","description":"","potentialAction":[{"@type":"SearchAction","target":{"@type":"EntryPoint","urlTemplate":"https:\/\/www.gioielleriagrande.it\/?s={search_term_string}"},"query-input":{"@type":"PropertyValueSpecification","valueRequired":true,"valueName":"search_term_string"}}],"inLanguage":"en-US"}]}},"_links":{"self":[{"href":"https:\/\/www.gioielleriagrande.it\/en\/wp-json\/wp\/v2\/product\/870058","targetHints":{"allow":["GET"]}}],"collection":[{"href":"https:\/\/www.gioielleriagrande.it\/en\/wp-json\/wp\/v2\/product"}],"about":[{"href":"https:\/\/www.gioielleriagrande.it\/en\/wp-json\/wp\/v2\/types\/product"}],"replies":[{"embeddable":true,"href":"https:\/\/www.gioielleriagrande.it\/en\/wp-json\/wp\/v2\/comments?post=870058"}],"wp:featuredmedia":[{"embeddable":true,"href":"https:\/\/www.gioielleriagrande.it\/en\/wp-json\/wp\/v2\/media\/869687"}],"wp:attachment":[{"href":"https:\/\/www.gioielleriagrande.it\/en\/wp-json\/wp\/v2\/media?parent=870058"}],"wp:term":[{"taxonomy":"product_brand","embeddable":true,"href":"https:\/\/www.gioielleriagrande.it\/en\/wp-json\/wp\/v2\/product_brand?post=870058"},{"taxonomy":"product_cat","embeddable":true,"href":"https:\/\/www.gioielleriagrande.it\/en\/wp-json\/wp\/v2\/product_cat?post=870058"},{"taxonomy":"product_tag","embeddable":true,"href":"https:\/\/www.gioielleriagrande.it\/en\/wp-json\/wp\/v2\/product_tag?post=870058"}],"curies":[{"name":"wp","href":"https:\/\/api.w.org\/{rel}","templated":true}]}}