{"id":872375,"date":"2026-01-02T13:11:34","date_gmt":"2026-01-02T12:11:34","guid":{"rendered":"https:\/\/www.gioielleriagrande.it\/prodotto\/167668\/"},"modified":"2026-01-21T18:12:40","modified_gmt":"2026-01-21T17:12:40","slug":"167668","status":"publish","type":"product","link":"https:\/\/www.gioielleriagrande.it\/en\/prodotto\/167668\/","title":{"rendered":"Bracciale Elika maglie grandi oro rosa e 1 pav\u00e8"},"content":{"rendered":"<p>Bracciale Elika a maglie grandi con design modulare ispirato al volo elicoidale del seme dell\u2019acero. Ogni elemento si unisce in una sequenza armonica, arricchita da un modulo centrale con pav\u00e9 di diamanti. La chiusura invisibile \u00e8 integrata nel ritmo fluido delle maglie. Pu\u00f2 essere agganciato alla catena Elika per creare un gioiello personale e d\u2019impatto.<\/p>\n","protected":false},"excerpt":{"rendered":"<p>Bracciale Elika a maglie grandi con design modulare ispirato al volo elicoidale del seme dell\u2019acero. Ogni elemento si unisce in una sequenza armonica, arricchita da un modulo centrale con pav\u00e9 di diamanti. La chiusura invisibile \u00e8 integrata nel ritmo fluido delle maglie. Pu\u00f2 essere agganciato alla catena Elika per creare un gioiello personale e d\u2019impatto.<\/p>\n","protected":false},"featured_media":84799,"comment_status":"open","ping_status":"closed","template":"","meta":[],"product_brand":[],"product_cat":[3377],"product_tag":[],"class_list":{"0":"post-872375","1":"product","2":"type-product","3":"status-publish","4":"has-post-thumbnail","6":"brand-7062","7":"line-7063","8":"shops-3355","9":"shop_area-3356","11":"first","12":"instock","13":"taxable","14":"shipping-taxable","15":"purchasable","16":"product-type-simple"},"yoast_head":"<!-- This site is optimized with the Yoast SEO plugin v25.3 - https:\/\/yoast.com\/wordpress\/plugins\/seo\/ -->\n<title>Bracciale Elika maglie grandi oro rosa e 1 pav\u00e8 - Gioielleria Grande<\/title>\n<meta name=\"robots\" content=\"index, follow, max-snippet:-1, max-image-preview:large, max-video-preview:-1\" \/>\n<link rel=\"canonical\" href=\"https:\/\/www.gioielleriagrande.it\/prodotto\/167668\/\" \/>\n<meta property=\"og:locale\" content=\"en_US\" \/>\n<meta property=\"og:type\" content=\"article\" \/>\n<meta property=\"og:title\" content=\"Bracciale Elika maglie grandi oro rosa e 1 pav\u00e8 - Gioielleria Grande\" \/>\n<meta property=\"og:description\" content=\"Bracciale Elika a maglie grandi con design modulare ispirato al volo elicoidale del seme dell\u2019acero. Ogni elemento si unisce in una sequenza armonica, arricchita da un modulo centrale con pav\u00e9 di diamanti. La chiusura invisibile \u00e8 integrata nel ritmo fluido delle maglie. Pu\u00f2 essere agganciato alla catena Elika per creare un gioiello personale e d\u2019impatto.\" \/>\n<meta property=\"og:url\" content=\"https:\/\/www.gioielleriagrande.it\/prodotto\/167668\/\" \/>\n<meta property=\"og:site_name\" content=\"Gioielleria Grande\" \/>\n<meta property=\"article:modified_time\" content=\"2026-01-21T17:12:40+00:00\" \/>\n<meta property=\"og:image\" content=\"https:\/\/www.gioielleriagrande.it\/wp-content\/uploads\/2022\/11\/DEK16BRRBDI-1.jfif\" \/>\n\t<meta property=\"og:image:width\" content=\"1000\" \/>\n\t<meta property=\"og:image:height\" content=\"1000\" \/>\n\t<meta property=\"og:image:type\" content=\"image\/jpeg\" \/>\n<meta name=\"twitter:card\" content=\"summary_large_image\" \/>\n<script type=\"application\/ld+json\" class=\"yoast-schema-graph\">{\"@context\":\"https:\/\/schema.org\",\"@graph\":[{\"@type\":\"WebPage\",\"@id\":\"https:\/\/www.gioielleriagrande.it\/prodotto\/167668\/\",\"url\":\"https:\/\/www.gioielleriagrande.it\/prodotto\/167668\/\",\"name\":\"Bracciale Elika maglie grandi oro rosa e 1 pav\u00e8 - Gioielleria Grande\",\"isPartOf\":{\"@id\":\"https:\/\/www.gioielleriagrande.it\/#website\"},\"primaryImageOfPage\":{\"@id\":\"https:\/\/www.gioielleriagrande.it\/prodotto\/167668\/#primaryimage\"},\"image\":{\"@id\":\"https:\/\/www.gioielleriagrande.it\/prodotto\/167668\/#primaryimage\"},\"thumbnailUrl\":\"https:\/\/www.gioielleriagrande.it\/wp-content\/uploads\/2022\/11\/DEK16BRRBDI-1.jfif\",\"datePublished\":\"2026-01-02T12:11:34+00:00\",\"dateModified\":\"2026-01-21T17:12:40+00:00\",\"breadcrumb\":{\"@id\":\"https:\/\/www.gioielleriagrande.it\/prodotto\/167668\/#breadcrumb\"},\"inLanguage\":\"en-US\",\"potentialAction\":[{\"@type\":\"ReadAction\",\"target\":[\"https:\/\/www.gioielleriagrande.it\/prodotto\/167668\/\"]}]},{\"@type\":\"ImageObject\",\"inLanguage\":\"en-US\",\"@id\":\"https:\/\/www.gioielleriagrande.it\/prodotto\/167668\/#primaryimage\",\"url\":\"https:\/\/www.gioielleriagrande.it\/wp-content\/uploads\/2022\/11\/DEK16BRRBDI-1.jfif\",\"contentUrl\":\"https:\/\/www.gioielleriagrande.it\/wp-content\/uploads\/2022\/11\/DEK16BRRBDI-1.jfif\",\"width\":1000,\"height\":1000,\"caption\":\"DEK16BRRBDI.jfif\"},{\"@type\":\"BreadcrumbList\",\"@id\":\"https:\/\/www.gioielleriagrande.it\/prodotto\/167668\/#breadcrumb\",\"itemListElement\":[{\"@type\":\"ListItem\",\"position\":1,\"name\":\"Home\",\"item\":\"https:\/\/www.gioielleriagrande.it\/\"},{\"@type\":\"ListItem\",\"position\":2,\"name\":\"Shop\",\"item\":\"https:\/\/www.gioielleriagrande.it\/negozio\/\"},{\"@type\":\"ListItem\",\"position\":3,\"name\":\"Bracciale Elika maglie grandi oro rosa e 1 pav\u00e8\"}]},{\"@type\":\"WebSite\",\"@id\":\"https:\/\/www.gioielleriagrande.it\/#website\",\"url\":\"https:\/\/www.gioielleriagrande.it\/\",\"name\":\"Gioielleria Grande\",\"description\":\"\",\"potentialAction\":[{\"@type\":\"SearchAction\",\"target\":{\"@type\":\"EntryPoint\",\"urlTemplate\":\"https:\/\/www.gioielleriagrande.it\/?s={search_term_string}\"},\"query-input\":{\"@type\":\"PropertyValueSpecification\",\"valueRequired\":true,\"valueName\":\"search_term_string\"}}],\"inLanguage\":\"en-US\"}]}<\/script>\n<!-- \/ Yoast SEO plugin. -->","yoast_head_json":{"title":"Bracciale Elika maglie grandi oro rosa e 1 pav\u00e8 - Gioielleria Grande","robots":{"index":"index","follow":"follow","max-snippet":"max-snippet:-1","max-image-preview":"max-image-preview:large","max-video-preview":"max-video-preview:-1"},"canonical":"https:\/\/www.gioielleriagrande.it\/prodotto\/167668\/","og_locale":"en_US","og_type":"article","og_title":"Bracciale Elika maglie grandi oro rosa e 1 pav\u00e8 - Gioielleria Grande","og_description":"Bracciale Elika a maglie grandi con design modulare ispirato al volo elicoidale del seme dell\u2019acero. Ogni elemento si unisce in una sequenza armonica, arricchita da un modulo centrale con pav\u00e9 di diamanti. La chiusura invisibile \u00e8 integrata nel ritmo fluido delle maglie. Pu\u00f2 essere agganciato alla catena Elika per creare un gioiello personale e d\u2019impatto.","og_url":"https:\/\/www.gioielleriagrande.it\/prodotto\/167668\/","og_site_name":"Gioielleria Grande","article_modified_time":"2026-01-21T17:12:40+00:00","og_image":[{"width":1000,"height":1000,"url":"https:\/\/www.gioielleriagrande.it\/wp-content\/uploads\/2022\/11\/DEK16BRRBDI-1.jfif","type":"image\/jpeg"}],"twitter_card":"summary_large_image","schema":{"@context":"https:\/\/schema.org","@graph":[{"@type":"WebPage","@id":"https:\/\/www.gioielleriagrande.it\/prodotto\/167668\/","url":"https:\/\/www.gioielleriagrande.it\/prodotto\/167668\/","name":"Bracciale Elika maglie grandi oro rosa e 1 pav\u00e8 - Gioielleria Grande","isPartOf":{"@id":"https:\/\/www.gioielleriagrande.it\/#website"},"primaryImageOfPage":{"@id":"https:\/\/www.gioielleriagrande.it\/prodotto\/167668\/#primaryimage"},"image":{"@id":"https:\/\/www.gioielleriagrande.it\/prodotto\/167668\/#primaryimage"},"thumbnailUrl":"https:\/\/www.gioielleriagrande.it\/wp-content\/uploads\/2022\/11\/DEK16BRRBDI-1.jfif","datePublished":"2026-01-02T12:11:34+00:00","dateModified":"2026-01-21T17:12:40+00:00","breadcrumb":{"@id":"https:\/\/www.gioielleriagrande.it\/prodotto\/167668\/#breadcrumb"},"inLanguage":"en-US","potentialAction":[{"@type":"ReadAction","target":["https:\/\/www.gioielleriagrande.it\/prodotto\/167668\/"]}]},{"@type":"ImageObject","inLanguage":"en-US","@id":"https:\/\/www.gioielleriagrande.it\/prodotto\/167668\/#primaryimage","url":"https:\/\/www.gioielleriagrande.it\/wp-content\/uploads\/2022\/11\/DEK16BRRBDI-1.jfif","contentUrl":"https:\/\/www.gioielleriagrande.it\/wp-content\/uploads\/2022\/11\/DEK16BRRBDI-1.jfif","width":1000,"height":1000,"caption":"DEK16BRRBDI.jfif"},{"@type":"BreadcrumbList","@id":"https:\/\/www.gioielleriagrande.it\/prodotto\/167668\/#breadcrumb","itemListElement":[{"@type":"ListItem","position":1,"name":"Home","item":"https:\/\/www.gioielleriagrande.it\/"},{"@type":"ListItem","position":2,"name":"Shop","item":"https:\/\/www.gioielleriagrande.it\/negozio\/"},{"@type":"ListItem","position":3,"name":"Bracciale Elika maglie grandi oro rosa e 1 pav\u00e8"}]},{"@type":"WebSite","@id":"https:\/\/www.gioielleriagrande.it\/#website","url":"https:\/\/www.gioielleriagrande.it\/","name":"Gioielleria Grande","description":"","potentialAction":[{"@type":"SearchAction","target":{"@type":"EntryPoint","urlTemplate":"https:\/\/www.gioielleriagrande.it\/?s={search_term_string}"},"query-input":{"@type":"PropertyValueSpecification","valueRequired":true,"valueName":"search_term_string"}}],"inLanguage":"en-US"}]}},"_links":{"self":[{"href":"https:\/\/www.gioielleriagrande.it\/en\/wp-json\/wp\/v2\/product\/872375","targetHints":{"allow":["GET"]}}],"collection":[{"href":"https:\/\/www.gioielleriagrande.it\/en\/wp-json\/wp\/v2\/product"}],"about":[{"href":"https:\/\/www.gioielleriagrande.it\/en\/wp-json\/wp\/v2\/types\/product"}],"replies":[{"embeddable":true,"href":"https:\/\/www.gioielleriagrande.it\/en\/wp-json\/wp\/v2\/comments?post=872375"}],"wp:featuredmedia":[{"embeddable":true,"href":"https:\/\/www.gioielleriagrande.it\/en\/wp-json\/wp\/v2\/media\/84799"}],"wp:attachment":[{"href":"https:\/\/www.gioielleriagrande.it\/en\/wp-json\/wp\/v2\/media?parent=872375"}],"wp:term":[{"taxonomy":"product_brand","embeddable":true,"href":"https:\/\/www.gioielleriagrande.it\/en\/wp-json\/wp\/v2\/product_brand?post=872375"},{"taxonomy":"product_cat","embeddable":true,"href":"https:\/\/www.gioielleriagrande.it\/en\/wp-json\/wp\/v2\/product_cat?post=872375"},{"taxonomy":"product_tag","embeddable":true,"href":"https:\/\/www.gioielleriagrande.it\/en\/wp-json\/wp\/v2\/product_tag?post=872375"}],"curies":[{"name":"wp","href":"https:\/\/api.w.org\/{rel}","templated":true}]}}