{"id":872395,"date":"2026-01-02T13:13:20","date_gmt":"2026-01-02T12:13:20","guid":{"rendered":"https:\/\/www.gioielleriagrande.it\/prodotto\/167712\/"},"modified":"2026-04-01T16:53:11","modified_gmt":"2026-04-01T14:53:11","slug":"167712","status":"publish","type":"product","link":"https:\/\/www.gioielleriagrande.it\/en\/prodotto\/167712\/","title":{"rendered":"Medaglione a sorpresa con fiocco di neve Guilloch\u00e9 Enamel"},"content":{"rendered":"<p>Il ciondolo a sorpresa Guilloch\u00e9 Enamel verde acqua \u00e8 caratterizzato da smalto guilloch\u00e9 verde acqua e diamanti bianchi rotondi, incastonati in oro bianco 18 carati. In linea con la sua passione per il piacere, la sorpresa e la scoperta, Faberg\u00e9 ha nascosto un fiocco di neve decorato con diamanti bianchi all&#8217;interno del ciondolo. Il ciondolo \u00e8 di 22 mm e viene fornito con una catena in oro bianco 18 carati.<\/p>\n<p>La collezione Heritage trae ispirazione dai capolavori storici di Faberg\u00e9. Materiali tradizionali e complesse tecniche tradizionali, come la delicata arte della smaltatura guilloch\u00e9 e dell&#8217;incisione a mano, costituiscono gli elementi distintivi di questa collezione colorata e opulenta.<\/p>\n<p>Catena in oro bianco 18 carati da 50 cm e 1,3 mm con ciondolo a forma di uovo.<\/p>\n","protected":false},"excerpt":{"rendered":"<p>Il ciondolo a sorpresa Guilloch\u00e9 Enamel verde acqua \u00e8 caratterizzato da smalto guilloch\u00e9 verde acqua e diamanti bianchi rotondi, incastonati in oro bianco 18 carati. In linea con la sua passione per il piacere, la sorpresa e la scoperta, Faberg\u00e9 ha nascosto un fiocco di neve decorato con diamanti bianchi all&#8217;interno del ciondolo. Il ciondolo \u00e8 di 22 mm e viene fornito con una catena in oro bianco 18 carati.<\/p>\n<p>La collezione Heritage trae ispirazione dai capolavori storici di Faberg\u00e9. Materiali tradizionali e complesse tecniche tradizionali, come la delicata arte della smaltatura guilloch\u00e9 e dell&#8217;incisione a mano, costituiscono gli elementi distintivi di questa collezione colorata e opulenta.<\/p>\n<p>Catena in oro bianco 18 carati da 50 cm e 1,3 mm con ciondolo a forma di uovo.<\/p>\n","protected":false},"featured_media":872285,"comment_status":"open","ping_status":"closed","template":"","meta":[],"product_brand":[],"product_cat":[7971],"product_tag":[],"class_list":{"0":"post-872395","1":"product","2":"type-product","3":"status-publish","4":"has-post-thumbnail","6":"brand-8147","7":"line-8149","8":"shops-3355","9":"shop_area-3356","11":"first","12":"instock","13":"taxable","14":"shipping-taxable","15":"purchasable","16":"product-type-simple"},"yoast_head":"<!-- This site is optimized with the Yoast SEO plugin v25.3 - https:\/\/yoast.com\/wordpress\/plugins\/seo\/ -->\n<title>Medaglione a sorpresa con fiocco di neve Guilloch\u00e9 Enamel - Gioielleria Grande<\/title>\n<meta name=\"robots\" content=\"index, follow, max-snippet:-1, max-image-preview:large, max-video-preview:-1\" \/>\n<link rel=\"canonical\" href=\"https:\/\/www.gioielleriagrande.it\/prodotto\/167712\/\" \/>\n<meta property=\"og:locale\" content=\"en_US\" \/>\n<meta property=\"og:type\" content=\"article\" \/>\n<meta property=\"og:title\" content=\"Medaglione a sorpresa con fiocco di neve Guilloch\u00e9 Enamel - Gioielleria Grande\" \/>\n<meta property=\"og:description\" content=\"Il ciondolo a sorpresa Guilloch\u00e9 Enamel verde acqua \u00e8 caratterizzato da smalto guilloch\u00e9 verde acqua e diamanti bianchi rotondi, incastonati in oro bianco 18 carati. In linea con la sua passione per il piacere, la sorpresa e la scoperta, Faberg\u00e9 ha nascosto un fiocco di neve decorato con diamanti bianchi all&#039;interno del ciondolo. Il ciondolo \u00e8 di 22 mm e viene fornito con una catena in oro bianco 18 carati. La collezione Heritage trae ispirazione dai capolavori storici di Faberg\u00e9. Materiali tradizionali e complesse tecniche tradizionali, come la delicata arte della smaltatura guilloch\u00e9 e dell&#039;incisione a mano, costituiscono gli elementi distintivi di questa collezione colorata e opulenta. Catena in oro bianco 18 carati da 50 cm e 1,3 mm con ciondolo a forma di uovo.\" \/>\n<meta property=\"og:url\" content=\"https:\/\/www.gioielleriagrande.it\/prodotto\/167712\/\" \/>\n<meta property=\"og:site_name\" content=\"Gioielleria Grande\" \/>\n<meta property=\"article:modified_time\" content=\"2026-04-01T14:53:11+00:00\" \/>\n<meta property=\"og:image\" content=\"https:\/\/www.gioielleriagrande.it\/wp-content\/uploads\/2026\/01\/utf-8BZmFiZXJnZcyAXzE5MTlfMy5wbmc\" \/>\n\t<meta property=\"og:image:width\" content=\"1500\" \/>\n\t<meta property=\"og:image:height\" content=\"1500\" \/>\n\t<meta property=\"og:image:type\" content=\"image\/png\" \/>\n<meta name=\"twitter:card\" content=\"summary_large_image\" \/>\n<meta name=\"twitter:label1\" content=\"Est. reading time\" \/>\n\t<meta name=\"twitter:data1\" content=\"1 minute\" \/>\n<script type=\"application\/ld+json\" class=\"yoast-schema-graph\">{\"@context\":\"https:\/\/schema.org\",\"@graph\":[{\"@type\":\"WebPage\",\"@id\":\"https:\/\/www.gioielleriagrande.it\/prodotto\/167712\/\",\"url\":\"https:\/\/www.gioielleriagrande.it\/prodotto\/167712\/\",\"name\":\"Medaglione a sorpresa con fiocco di neve Guilloch\u00e9 Enamel - Gioielleria Grande\",\"isPartOf\":{\"@id\":\"https:\/\/www.gioielleriagrande.it\/#website\"},\"primaryImageOfPage\":{\"@id\":\"https:\/\/www.gioielleriagrande.it\/prodotto\/167712\/#primaryimage\"},\"image\":{\"@id\":\"https:\/\/www.gioielleriagrande.it\/prodotto\/167712\/#primaryimage\"},\"thumbnailUrl\":\"https:\/\/www.gioielleriagrande.it\/wp-content\/uploads\/2026\/01\/utf-8BZmFiZXJnZcyAXzE5MTlfMy5wbmc\",\"datePublished\":\"2026-01-02T12:13:20+00:00\",\"dateModified\":\"2026-04-01T14:53:11+00:00\",\"breadcrumb\":{\"@id\":\"https:\/\/www.gioielleriagrande.it\/prodotto\/167712\/#breadcrumb\"},\"inLanguage\":\"en-US\",\"potentialAction\":[{\"@type\":\"ReadAction\",\"target\":[\"https:\/\/www.gioielleriagrande.it\/prodotto\/167712\/\"]}]},{\"@type\":\"ImageObject\",\"inLanguage\":\"en-US\",\"@id\":\"https:\/\/www.gioielleriagrande.it\/prodotto\/167712\/#primaryimage\",\"url\":\"https:\/\/www.gioielleriagrande.it\/wp-content\/uploads\/2026\/01\/utf-8BZmFiZXJnZcyAXzE5MTlfMy5wbmc\",\"contentUrl\":\"https:\/\/www.gioielleriagrande.it\/wp-content\/uploads\/2026\/01\/utf-8BZmFiZXJnZcyAXzE5MTlfMy5wbmc\",\"width\":1500,\"height\":1500,\"caption\":\"faberge\u0300_1919_3.png\"},{\"@type\":\"BreadcrumbList\",\"@id\":\"https:\/\/www.gioielleriagrande.it\/prodotto\/167712\/#breadcrumb\",\"itemListElement\":[{\"@type\":\"ListItem\",\"position\":1,\"name\":\"Home\",\"item\":\"https:\/\/www.gioielleriagrande.it\/\"},{\"@type\":\"ListItem\",\"position\":2,\"name\":\"Shop\",\"item\":\"https:\/\/www.gioielleriagrande.it\/negozio\/\"},{\"@type\":\"ListItem\",\"position\":3,\"name\":\"Medaglione a sorpresa con fiocco di neve Guilloch\u00e9 Enamel\"}]},{\"@type\":\"WebSite\",\"@id\":\"https:\/\/www.gioielleriagrande.it\/#website\",\"url\":\"https:\/\/www.gioielleriagrande.it\/\",\"name\":\"Gioielleria Grande\",\"description\":\"\",\"potentialAction\":[{\"@type\":\"SearchAction\",\"target\":{\"@type\":\"EntryPoint\",\"urlTemplate\":\"https:\/\/www.gioielleriagrande.it\/?s={search_term_string}\"},\"query-input\":{\"@type\":\"PropertyValueSpecification\",\"valueRequired\":true,\"valueName\":\"search_term_string\"}}],\"inLanguage\":\"en-US\"}]}<\/script>\n<!-- \/ Yoast SEO plugin. -->","yoast_head_json":{"title":"Medaglione a sorpresa con fiocco di neve Guilloch\u00e9 Enamel - Gioielleria Grande","robots":{"index":"index","follow":"follow","max-snippet":"max-snippet:-1","max-image-preview":"max-image-preview:large","max-video-preview":"max-video-preview:-1"},"canonical":"https:\/\/www.gioielleriagrande.it\/prodotto\/167712\/","og_locale":"en_US","og_type":"article","og_title":"Medaglione a sorpresa con fiocco di neve Guilloch\u00e9 Enamel - Gioielleria Grande","og_description":"Il ciondolo a sorpresa Guilloch\u00e9 Enamel verde acqua \u00e8 caratterizzato da smalto guilloch\u00e9 verde acqua e diamanti bianchi rotondi, incastonati in oro bianco 18 carati. In linea con la sua passione per il piacere, la sorpresa e la scoperta, Faberg\u00e9 ha nascosto un fiocco di neve decorato con diamanti bianchi all'interno del ciondolo. Il ciondolo \u00e8 di 22 mm e viene fornito con una catena in oro bianco 18 carati. La collezione Heritage trae ispirazione dai capolavori storici di Faberg\u00e9. Materiali tradizionali e complesse tecniche tradizionali, come la delicata arte della smaltatura guilloch\u00e9 e dell'incisione a mano, costituiscono gli elementi distintivi di questa collezione colorata e opulenta. Catena in oro bianco 18 carati da 50 cm e 1,3 mm con ciondolo a forma di uovo.","og_url":"https:\/\/www.gioielleriagrande.it\/prodotto\/167712\/","og_site_name":"Gioielleria Grande","article_modified_time":"2026-04-01T14:53:11+00:00","og_image":[{"width":1500,"height":1500,"url":"https:\/\/www.gioielleriagrande.it\/wp-content\/uploads\/2026\/01\/utf-8BZmFiZXJnZcyAXzE5MTlfMy5wbmc","type":"image\/png"}],"twitter_card":"summary_large_image","twitter_misc":{"Est. reading time":"1 minute"},"schema":{"@context":"https:\/\/schema.org","@graph":[{"@type":"WebPage","@id":"https:\/\/www.gioielleriagrande.it\/prodotto\/167712\/","url":"https:\/\/www.gioielleriagrande.it\/prodotto\/167712\/","name":"Medaglione a sorpresa con fiocco di neve Guilloch\u00e9 Enamel - Gioielleria Grande","isPartOf":{"@id":"https:\/\/www.gioielleriagrande.it\/#website"},"primaryImageOfPage":{"@id":"https:\/\/www.gioielleriagrande.it\/prodotto\/167712\/#primaryimage"},"image":{"@id":"https:\/\/www.gioielleriagrande.it\/prodotto\/167712\/#primaryimage"},"thumbnailUrl":"https:\/\/www.gioielleriagrande.it\/wp-content\/uploads\/2026\/01\/utf-8BZmFiZXJnZcyAXzE5MTlfMy5wbmc","datePublished":"2026-01-02T12:13:20+00:00","dateModified":"2026-04-01T14:53:11+00:00","breadcrumb":{"@id":"https:\/\/www.gioielleriagrande.it\/prodotto\/167712\/#breadcrumb"},"inLanguage":"en-US","potentialAction":[{"@type":"ReadAction","target":["https:\/\/www.gioielleriagrande.it\/prodotto\/167712\/"]}]},{"@type":"ImageObject","inLanguage":"en-US","@id":"https:\/\/www.gioielleriagrande.it\/prodotto\/167712\/#primaryimage","url":"https:\/\/www.gioielleriagrande.it\/wp-content\/uploads\/2026\/01\/utf-8BZmFiZXJnZcyAXzE5MTlfMy5wbmc","contentUrl":"https:\/\/www.gioielleriagrande.it\/wp-content\/uploads\/2026\/01\/utf-8BZmFiZXJnZcyAXzE5MTlfMy5wbmc","width":1500,"height":1500,"caption":"faberge\u0300_1919_3.png"},{"@type":"BreadcrumbList","@id":"https:\/\/www.gioielleriagrande.it\/prodotto\/167712\/#breadcrumb","itemListElement":[{"@type":"ListItem","position":1,"name":"Home","item":"https:\/\/www.gioielleriagrande.it\/"},{"@type":"ListItem","position":2,"name":"Shop","item":"https:\/\/www.gioielleriagrande.it\/negozio\/"},{"@type":"ListItem","position":3,"name":"Medaglione a sorpresa con fiocco di neve Guilloch\u00e9 Enamel"}]},{"@type":"WebSite","@id":"https:\/\/www.gioielleriagrande.it\/#website","url":"https:\/\/www.gioielleriagrande.it\/","name":"Gioielleria Grande","description":"","potentialAction":[{"@type":"SearchAction","target":{"@type":"EntryPoint","urlTemplate":"https:\/\/www.gioielleriagrande.it\/?s={search_term_string}"},"query-input":{"@type":"PropertyValueSpecification","valueRequired":true,"valueName":"search_term_string"}}],"inLanguage":"en-US"}]}},"_links":{"self":[{"href":"https:\/\/www.gioielleriagrande.it\/en\/wp-json\/wp\/v2\/product\/872395","targetHints":{"allow":["GET"]}}],"collection":[{"href":"https:\/\/www.gioielleriagrande.it\/en\/wp-json\/wp\/v2\/product"}],"about":[{"href":"https:\/\/www.gioielleriagrande.it\/en\/wp-json\/wp\/v2\/types\/product"}],"replies":[{"embeddable":true,"href":"https:\/\/www.gioielleriagrande.it\/en\/wp-json\/wp\/v2\/comments?post=872395"}],"wp:featuredmedia":[{"embeddable":true,"href":"https:\/\/www.gioielleriagrande.it\/en\/wp-json\/wp\/v2\/media\/872285"}],"wp:attachment":[{"href":"https:\/\/www.gioielleriagrande.it\/en\/wp-json\/wp\/v2\/media?parent=872395"}],"wp:term":[{"taxonomy":"product_brand","embeddable":true,"href":"https:\/\/www.gioielleriagrande.it\/en\/wp-json\/wp\/v2\/product_brand?post=872395"},{"taxonomy":"product_cat","embeddable":true,"href":"https:\/\/www.gioielleriagrande.it\/en\/wp-json\/wp\/v2\/product_cat?post=872395"},{"taxonomy":"product_tag","embeddable":true,"href":"https:\/\/www.gioielleriagrande.it\/en\/wp-json\/wp\/v2\/product_tag?post=872395"}],"curies":[{"name":"wp","href":"https:\/\/api.w.org\/{rel}","templated":true}]}}