{"id":872397,"date":"2026-01-02T13:13:28","date_gmt":"2026-01-02T12:13:28","guid":{"rendered":"https:\/\/www.gioielleriagrande.it\/prodotto\/167713\/"},"modified":"2026-04-01T16:53:15","modified_gmt":"2026-04-01T14:53:15","slug":"167713","status":"publish","type":"product","link":"https:\/\/www.gioielleriagrande.it\/en\/prodotto\/167713\/","title":{"rendered":"Anello crossover oro bianco e diamanti"},"content":{"rendered":"<p>L&#8217;anello Emotion Crossover in oro bianco e diamanti \u00e8 caratterizzato da diamanti bianchi incastonati a pav\u00e9, in oro bianco 18 carati. In linea con la sua passione per il piacere, la sorpresa e la scoperta, Faberg\u00e9 ha nascosto un rubino all&#8217;interno dell&#8217;anello.<br \/>\nLa collezione Emotion , infusa di colori intensi, esplora la ricchezza intellettuale e artistica del mondo di Faberg\u00e9 . Questi gioielli audaci e audaci, che spingono i confini del design e dell&#8217;artigianato nel vero spirito Faberg\u00e9 , esplorano le visioni boh\u00e9mienne, impressionista e fauve del colore vivido come forza emotiva ed espressione di sentimento.<\/p>\n","protected":false},"excerpt":{"rendered":"<p>L&#8217;anello Emotion Crossover in oro bianco e diamanti \u00e8 caratterizzato da diamanti bianchi incastonati a pav\u00e9, in oro bianco 18 carati. In linea con la sua passione per il piacere, la sorpresa e la scoperta, Faberg\u00e9 ha nascosto un rubino all&#8217;interno dell&#8217;anello.<br \/>\nLa collezione Emotion , infusa di colori intensi, esplora la ricchezza intellettuale e artistica del mondo di Faberg\u00e9 . Questi gioielli audaci e audaci, che spingono i confini del design e dell&#8217;artigianato nel vero spirito Faberg\u00e9 , esplorano le visioni boh\u00e9mienne, impressionista e fauve del colore vivido come forza emotiva ed espressione di sentimento.<\/p>\n","protected":false},"featured_media":872261,"comment_status":"open","ping_status":"closed","template":"","meta":[],"product_brand":[],"product_cat":[7970],"product_tag":[],"class_list":{"0":"post-872397","1":"product","2":"type-product","3":"status-publish","4":"has-post-thumbnail","6":"brand-8147","7":"line-8148","8":"shops-3355","9":"shop_area-3356","11":"first","12":"instock","13":"taxable","14":"shipping-taxable","15":"purchasable","16":"product-type-simple"},"yoast_head":"<!-- This site is optimized with the Yoast SEO plugin v25.3 - https:\/\/yoast.com\/wordpress\/plugins\/seo\/ -->\n<title>Anello crossover oro bianco e diamanti - Gioielleria Grande<\/title>\n<meta name=\"robots\" content=\"index, follow, max-snippet:-1, max-image-preview:large, max-video-preview:-1\" \/>\n<link rel=\"canonical\" href=\"https:\/\/www.gioielleriagrande.it\/prodotto\/167713\/\" \/>\n<meta property=\"og:locale\" content=\"en_US\" \/>\n<meta property=\"og:type\" content=\"article\" \/>\n<meta property=\"og:title\" content=\"Anello crossover oro bianco e diamanti - Gioielleria Grande\" \/>\n<meta property=\"og:description\" content=\"L&#039;anello Emotion Crossover in oro bianco e diamanti \u00e8 caratterizzato da diamanti bianchi incastonati a pav\u00e9, in oro bianco 18 carati. In linea con la sua passione per il piacere, la sorpresa e la scoperta, Faberg\u00e9 ha nascosto un rubino all&#039;interno dell&#039;anello. La collezione Emotion , infusa di colori intensi, esplora la ricchezza intellettuale e artistica del mondo di Faberg\u00e9 . Questi gioielli audaci e audaci, che spingono i confini del design e dell&#039;artigianato nel vero spirito Faberg\u00e9 , esplorano le visioni boh\u00e9mienne, impressionista e fauve del colore vivido come forza emotiva ed espressione di sentimento.\" \/>\n<meta property=\"og:url\" content=\"https:\/\/www.gioielleriagrande.it\/prodotto\/167713\/\" \/>\n<meta property=\"og:site_name\" content=\"Gioielleria Grande\" \/>\n<meta property=\"article:modified_time\" content=\"2026-04-01T14:53:15+00:00\" \/>\n<meta property=\"og:image\" content=\"https:\/\/www.gioielleriagrande.it\/wp-content\/uploads\/2026\/01\/utf-8BZmFiZXJnZcyAXzIxMDYuanBn\" \/>\n\t<meta property=\"og:image:width\" content=\"1500\" \/>\n\t<meta property=\"og:image:height\" content=\"1500\" \/>\n\t<meta property=\"og:image:type\" content=\"image\/jpeg\" \/>\n<meta name=\"twitter:card\" content=\"summary_large_image\" \/>\n<script type=\"application\/ld+json\" class=\"yoast-schema-graph\">{\"@context\":\"https:\/\/schema.org\",\"@graph\":[{\"@type\":\"WebPage\",\"@id\":\"https:\/\/www.gioielleriagrande.it\/prodotto\/167713\/\",\"url\":\"https:\/\/www.gioielleriagrande.it\/prodotto\/167713\/\",\"name\":\"Anello crossover oro bianco e diamanti - Gioielleria Grande\",\"isPartOf\":{\"@id\":\"https:\/\/www.gioielleriagrande.it\/#website\"},\"primaryImageOfPage\":{\"@id\":\"https:\/\/www.gioielleriagrande.it\/prodotto\/167713\/#primaryimage\"},\"image\":{\"@id\":\"https:\/\/www.gioielleriagrande.it\/prodotto\/167713\/#primaryimage\"},\"thumbnailUrl\":\"https:\/\/www.gioielleriagrande.it\/wp-content\/uploads\/2026\/01\/utf-8BZmFiZXJnZcyAXzIxMDYuanBn\",\"datePublished\":\"2026-01-02T12:13:28+00:00\",\"dateModified\":\"2026-04-01T14:53:15+00:00\",\"breadcrumb\":{\"@id\":\"https:\/\/www.gioielleriagrande.it\/prodotto\/167713\/#breadcrumb\"},\"inLanguage\":\"en-US\",\"potentialAction\":[{\"@type\":\"ReadAction\",\"target\":[\"https:\/\/www.gioielleriagrande.it\/prodotto\/167713\/\"]}]},{\"@type\":\"ImageObject\",\"inLanguage\":\"en-US\",\"@id\":\"https:\/\/www.gioielleriagrande.it\/prodotto\/167713\/#primaryimage\",\"url\":\"https:\/\/www.gioielleriagrande.it\/wp-content\/uploads\/2026\/01\/utf-8BZmFiZXJnZcyAXzIxMDYuanBn\",\"contentUrl\":\"https:\/\/www.gioielleriagrande.it\/wp-content\/uploads\/2026\/01\/utf-8BZmFiZXJnZcyAXzIxMDYuanBn\",\"width\":1500,\"height\":1500,\"caption\":\"faberge\u0300_2106.jpg\"},{\"@type\":\"BreadcrumbList\",\"@id\":\"https:\/\/www.gioielleriagrande.it\/prodotto\/167713\/#breadcrumb\",\"itemListElement\":[{\"@type\":\"ListItem\",\"position\":1,\"name\":\"Home\",\"item\":\"https:\/\/www.gioielleriagrande.it\/\"},{\"@type\":\"ListItem\",\"position\":2,\"name\":\"Shop\",\"item\":\"https:\/\/www.gioielleriagrande.it\/negozio\/\"},{\"@type\":\"ListItem\",\"position\":3,\"name\":\"Anello crossover oro bianco e diamanti\"}]},{\"@type\":\"WebSite\",\"@id\":\"https:\/\/www.gioielleriagrande.it\/#website\",\"url\":\"https:\/\/www.gioielleriagrande.it\/\",\"name\":\"Gioielleria Grande\",\"description\":\"\",\"potentialAction\":[{\"@type\":\"SearchAction\",\"target\":{\"@type\":\"EntryPoint\",\"urlTemplate\":\"https:\/\/www.gioielleriagrande.it\/?s={search_term_string}\"},\"query-input\":{\"@type\":\"PropertyValueSpecification\",\"valueRequired\":true,\"valueName\":\"search_term_string\"}}],\"inLanguage\":\"en-US\"}]}<\/script>\n<!-- \/ Yoast SEO plugin. -->","yoast_head_json":{"title":"Anello crossover oro bianco e diamanti - Gioielleria Grande","robots":{"index":"index","follow":"follow","max-snippet":"max-snippet:-1","max-image-preview":"max-image-preview:large","max-video-preview":"max-video-preview:-1"},"canonical":"https:\/\/www.gioielleriagrande.it\/prodotto\/167713\/","og_locale":"en_US","og_type":"article","og_title":"Anello crossover oro bianco e diamanti - Gioielleria Grande","og_description":"L'anello Emotion Crossover in oro bianco e diamanti \u00e8 caratterizzato da diamanti bianchi incastonati a pav\u00e9, in oro bianco 18 carati. In linea con la sua passione per il piacere, la sorpresa e la scoperta, Faberg\u00e9 ha nascosto un rubino all'interno dell'anello. La collezione Emotion , infusa di colori intensi, esplora la ricchezza intellettuale e artistica del mondo di Faberg\u00e9 . Questi gioielli audaci e audaci, che spingono i confini del design e dell'artigianato nel vero spirito Faberg\u00e9 , esplorano le visioni boh\u00e9mienne, impressionista e fauve del colore vivido come forza emotiva ed espressione di sentimento.","og_url":"https:\/\/www.gioielleriagrande.it\/prodotto\/167713\/","og_site_name":"Gioielleria Grande","article_modified_time":"2026-04-01T14:53:15+00:00","og_image":[{"width":1500,"height":1500,"url":"https:\/\/www.gioielleriagrande.it\/wp-content\/uploads\/2026\/01\/utf-8BZmFiZXJnZcyAXzIxMDYuanBn","type":"image\/jpeg"}],"twitter_card":"summary_large_image","schema":{"@context":"https:\/\/schema.org","@graph":[{"@type":"WebPage","@id":"https:\/\/www.gioielleriagrande.it\/prodotto\/167713\/","url":"https:\/\/www.gioielleriagrande.it\/prodotto\/167713\/","name":"Anello crossover oro bianco e diamanti - Gioielleria Grande","isPartOf":{"@id":"https:\/\/www.gioielleriagrande.it\/#website"},"primaryImageOfPage":{"@id":"https:\/\/www.gioielleriagrande.it\/prodotto\/167713\/#primaryimage"},"image":{"@id":"https:\/\/www.gioielleriagrande.it\/prodotto\/167713\/#primaryimage"},"thumbnailUrl":"https:\/\/www.gioielleriagrande.it\/wp-content\/uploads\/2026\/01\/utf-8BZmFiZXJnZcyAXzIxMDYuanBn","datePublished":"2026-01-02T12:13:28+00:00","dateModified":"2026-04-01T14:53:15+00:00","breadcrumb":{"@id":"https:\/\/www.gioielleriagrande.it\/prodotto\/167713\/#breadcrumb"},"inLanguage":"en-US","potentialAction":[{"@type":"ReadAction","target":["https:\/\/www.gioielleriagrande.it\/prodotto\/167713\/"]}]},{"@type":"ImageObject","inLanguage":"en-US","@id":"https:\/\/www.gioielleriagrande.it\/prodotto\/167713\/#primaryimage","url":"https:\/\/www.gioielleriagrande.it\/wp-content\/uploads\/2026\/01\/utf-8BZmFiZXJnZcyAXzIxMDYuanBn","contentUrl":"https:\/\/www.gioielleriagrande.it\/wp-content\/uploads\/2026\/01\/utf-8BZmFiZXJnZcyAXzIxMDYuanBn","width":1500,"height":1500,"caption":"faberge\u0300_2106.jpg"},{"@type":"BreadcrumbList","@id":"https:\/\/www.gioielleriagrande.it\/prodotto\/167713\/#breadcrumb","itemListElement":[{"@type":"ListItem","position":1,"name":"Home","item":"https:\/\/www.gioielleriagrande.it\/"},{"@type":"ListItem","position":2,"name":"Shop","item":"https:\/\/www.gioielleriagrande.it\/negozio\/"},{"@type":"ListItem","position":3,"name":"Anello crossover oro bianco e diamanti"}]},{"@type":"WebSite","@id":"https:\/\/www.gioielleriagrande.it\/#website","url":"https:\/\/www.gioielleriagrande.it\/","name":"Gioielleria Grande","description":"","potentialAction":[{"@type":"SearchAction","target":{"@type":"EntryPoint","urlTemplate":"https:\/\/www.gioielleriagrande.it\/?s={search_term_string}"},"query-input":{"@type":"PropertyValueSpecification","valueRequired":true,"valueName":"search_term_string"}}],"inLanguage":"en-US"}]}},"_links":{"self":[{"href":"https:\/\/www.gioielleriagrande.it\/en\/wp-json\/wp\/v2\/product\/872397","targetHints":{"allow":["GET"]}}],"collection":[{"href":"https:\/\/www.gioielleriagrande.it\/en\/wp-json\/wp\/v2\/product"}],"about":[{"href":"https:\/\/www.gioielleriagrande.it\/en\/wp-json\/wp\/v2\/types\/product"}],"replies":[{"embeddable":true,"href":"https:\/\/www.gioielleriagrande.it\/en\/wp-json\/wp\/v2\/comments?post=872397"}],"wp:featuredmedia":[{"embeddable":true,"href":"https:\/\/www.gioielleriagrande.it\/en\/wp-json\/wp\/v2\/media\/872261"}],"wp:attachment":[{"href":"https:\/\/www.gioielleriagrande.it\/en\/wp-json\/wp\/v2\/media?parent=872397"}],"wp:term":[{"taxonomy":"product_brand","embeddable":true,"href":"https:\/\/www.gioielleriagrande.it\/en\/wp-json\/wp\/v2\/product_brand?post=872397"},{"taxonomy":"product_cat","embeddable":true,"href":"https:\/\/www.gioielleriagrande.it\/en\/wp-json\/wp\/v2\/product_cat?post=872397"},{"taxonomy":"product_tag","embeddable":true,"href":"https:\/\/www.gioielleriagrande.it\/en\/wp-json\/wp\/v2\/product_tag?post=872397"}],"curies":[{"name":"wp","href":"https:\/\/api.w.org\/{rel}","templated":true}]}}