{"id":872399,"date":"2026-01-02T13:13:36","date_gmt":"2026-01-02T12:13:36","guid":{"rendered":"https:\/\/www.gioielleriagrande.it\/prodotto\/167714\/"},"modified":"2026-04-01T16:53:18","modified_gmt":"2026-04-01T14:53:18","slug":"167714","status":"publish","type":"product","link":"https:\/\/www.gioielleriagrande.it\/en\/prodotto\/167714\/","title":{"rendered":"Medaglione a sorpresa con scarpetta rossa"},"content":{"rendered":"<p>Questo Faberg\u00e9 Essence Rose Gold Shoe Surprise Locket si apre per rivelare una sorpresa a forma di scarpa in lacca rossa e rubini, incastonata in oro rosa 18 carati. Il medaglione \u00e8 di 18 mm e contiene una cauzione incastonata di diamanti.<br \/>\nLa collezione Essence celebra l&#8217;amore di Faberg\u00e9 per la sorpresa e l&#8217;umorismo. Realizzato in oro 18 carati, ogni pezzo \u00e8 ispirato alle iconiche Uova Imperiali, ma incorpora una versione moderna dell&#8217;uso di diamanti e pietre preziose colorate.<\/p>\n<p>Catena a maglie sottili in oro rosa 50 cm 1,3 mm<\/p>\n","protected":false},"excerpt":{"rendered":"<p>Questo Faberg\u00e9 Essence Rose Gold Shoe Surprise Locket si apre per rivelare una sorpresa a forma di scarpa in lacca rossa e rubini, incastonata in oro rosa 18 carati. Il medaglione \u00e8 di 18 mm e contiene una cauzione incastonata di diamanti.<br \/>\nLa collezione Essence celebra l&#8217;amore di Faberg\u00e9 per la sorpresa e l&#8217;umorismo. Realizzato in oro 18 carati, ogni pezzo \u00e8 ispirato alle iconiche Uova Imperiali, ma incorpora una versione moderna dell&#8217;uso di diamanti e pietre preziose colorate.<\/p>\n<p>Catena a maglie sottili in oro rosa 50 cm 1,3 mm<\/p>\n","protected":false},"featured_media":872271,"comment_status":"open","ping_status":"closed","template":"","meta":[],"product_brand":[],"product_cat":[7971],"product_tag":[],"class_list":{"0":"post-872399","1":"product","2":"type-product","3":"status-publish","4":"has-post-thumbnail","6":"brand-8147","7":"line-8150","8":"shops-3355","9":"shop_area-3356","11":"first","12":"instock","13":"taxable","14":"shipping-taxable","15":"purchasable","16":"product-type-simple"},"yoast_head":"<!-- This site is optimized with the Yoast SEO plugin v25.3 - https:\/\/yoast.com\/wordpress\/plugins\/seo\/ -->\n<title>Medaglione a sorpresa con scarpetta rossa - Gioielleria Grande<\/title>\n<meta name=\"robots\" content=\"index, follow, max-snippet:-1, max-image-preview:large, max-video-preview:-1\" \/>\n<link rel=\"canonical\" href=\"https:\/\/www.gioielleriagrande.it\/prodotto\/167714\/\" \/>\n<meta property=\"og:locale\" content=\"en_US\" \/>\n<meta property=\"og:type\" content=\"article\" \/>\n<meta property=\"og:title\" content=\"Medaglione a sorpresa con scarpetta rossa - Gioielleria Grande\" \/>\n<meta property=\"og:description\" content=\"Questo Faberg\u00e9 Essence Rose Gold Shoe Surprise Locket si apre per rivelare una sorpresa a forma di scarpa in lacca rossa e rubini, incastonata in oro rosa 18 carati. Il medaglione \u00e8 di 18 mm e contiene una cauzione incastonata di diamanti. La collezione Essence celebra l&#039;amore di Faberg\u00e9 per la sorpresa e l&#039;umorismo. Realizzato in oro 18 carati, ogni pezzo \u00e8 ispirato alle iconiche Uova Imperiali, ma incorpora una versione moderna dell&#039;uso di diamanti e pietre preziose colorate. Catena a maglie sottili in oro rosa 50 cm 1,3 mm\" \/>\n<meta property=\"og:url\" content=\"https:\/\/www.gioielleriagrande.it\/prodotto\/167714\/\" \/>\n<meta property=\"og:site_name\" content=\"Gioielleria Grande\" \/>\n<meta property=\"article:modified_time\" content=\"2026-04-01T14:53:18+00:00\" \/>\n<meta property=\"og:image\" content=\"https:\/\/www.gioielleriagrande.it\/wp-content\/uploads\/2026\/01\/utf-8BZmFiZXJnZcyAXzI1My5wbmc\" \/>\n\t<meta property=\"og:image:width\" content=\"1500\" \/>\n\t<meta property=\"og:image:height\" content=\"1500\" \/>\n\t<meta property=\"og:image:type\" content=\"image\/png\" \/>\n<meta name=\"twitter:card\" content=\"summary_large_image\" \/>\n<script type=\"application\/ld+json\" class=\"yoast-schema-graph\">{\"@context\":\"https:\/\/schema.org\",\"@graph\":[{\"@type\":\"WebPage\",\"@id\":\"https:\/\/www.gioielleriagrande.it\/prodotto\/167714\/\",\"url\":\"https:\/\/www.gioielleriagrande.it\/prodotto\/167714\/\",\"name\":\"Medaglione a sorpresa con scarpetta rossa - Gioielleria Grande\",\"isPartOf\":{\"@id\":\"https:\/\/www.gioielleriagrande.it\/#website\"},\"primaryImageOfPage\":{\"@id\":\"https:\/\/www.gioielleriagrande.it\/prodotto\/167714\/#primaryimage\"},\"image\":{\"@id\":\"https:\/\/www.gioielleriagrande.it\/prodotto\/167714\/#primaryimage\"},\"thumbnailUrl\":\"https:\/\/www.gioielleriagrande.it\/wp-content\/uploads\/2026\/01\/utf-8BZmFiZXJnZcyAXzI1My5wbmc\",\"datePublished\":\"2026-01-02T12:13:36+00:00\",\"dateModified\":\"2026-04-01T14:53:18+00:00\",\"breadcrumb\":{\"@id\":\"https:\/\/www.gioielleriagrande.it\/prodotto\/167714\/#breadcrumb\"},\"inLanguage\":\"en-US\",\"potentialAction\":[{\"@type\":\"ReadAction\",\"target\":[\"https:\/\/www.gioielleriagrande.it\/prodotto\/167714\/\"]}]},{\"@type\":\"ImageObject\",\"inLanguage\":\"en-US\",\"@id\":\"https:\/\/www.gioielleriagrande.it\/prodotto\/167714\/#primaryimage\",\"url\":\"https:\/\/www.gioielleriagrande.it\/wp-content\/uploads\/2026\/01\/utf-8BZmFiZXJnZcyAXzI1My5wbmc\",\"contentUrl\":\"https:\/\/www.gioielleriagrande.it\/wp-content\/uploads\/2026\/01\/utf-8BZmFiZXJnZcyAXzI1My5wbmc\",\"width\":1500,\"height\":1500,\"caption\":\"faberge\u0300_253.png\"},{\"@type\":\"BreadcrumbList\",\"@id\":\"https:\/\/www.gioielleriagrande.it\/prodotto\/167714\/#breadcrumb\",\"itemListElement\":[{\"@type\":\"ListItem\",\"position\":1,\"name\":\"Home\",\"item\":\"https:\/\/www.gioielleriagrande.it\/\"},{\"@type\":\"ListItem\",\"position\":2,\"name\":\"Shop\",\"item\":\"https:\/\/www.gioielleriagrande.it\/negozio\/\"},{\"@type\":\"ListItem\",\"position\":3,\"name\":\"Medaglione a sorpresa con scarpetta rossa\"}]},{\"@type\":\"WebSite\",\"@id\":\"https:\/\/www.gioielleriagrande.it\/#website\",\"url\":\"https:\/\/www.gioielleriagrande.it\/\",\"name\":\"Gioielleria Grande\",\"description\":\"\",\"potentialAction\":[{\"@type\":\"SearchAction\",\"target\":{\"@type\":\"EntryPoint\",\"urlTemplate\":\"https:\/\/www.gioielleriagrande.it\/?s={search_term_string}\"},\"query-input\":{\"@type\":\"PropertyValueSpecification\",\"valueRequired\":true,\"valueName\":\"search_term_string\"}}],\"inLanguage\":\"en-US\"}]}<\/script>\n<!-- \/ Yoast SEO plugin. -->","yoast_head_json":{"title":"Medaglione a sorpresa con scarpetta rossa - Gioielleria Grande","robots":{"index":"index","follow":"follow","max-snippet":"max-snippet:-1","max-image-preview":"max-image-preview:large","max-video-preview":"max-video-preview:-1"},"canonical":"https:\/\/www.gioielleriagrande.it\/prodotto\/167714\/","og_locale":"en_US","og_type":"article","og_title":"Medaglione a sorpresa con scarpetta rossa - Gioielleria Grande","og_description":"Questo Faberg\u00e9 Essence Rose Gold Shoe Surprise Locket si apre per rivelare una sorpresa a forma di scarpa in lacca rossa e rubini, incastonata in oro rosa 18 carati. Il medaglione \u00e8 di 18 mm e contiene una cauzione incastonata di diamanti. La collezione Essence celebra l'amore di Faberg\u00e9 per la sorpresa e l'umorismo. Realizzato in oro 18 carati, ogni pezzo \u00e8 ispirato alle iconiche Uova Imperiali, ma incorpora una versione moderna dell'uso di diamanti e pietre preziose colorate. Catena a maglie sottili in oro rosa 50 cm 1,3 mm","og_url":"https:\/\/www.gioielleriagrande.it\/prodotto\/167714\/","og_site_name":"Gioielleria Grande","article_modified_time":"2026-04-01T14:53:18+00:00","og_image":[{"width":1500,"height":1500,"url":"https:\/\/www.gioielleriagrande.it\/wp-content\/uploads\/2026\/01\/utf-8BZmFiZXJnZcyAXzI1My5wbmc","type":"image\/png"}],"twitter_card":"summary_large_image","schema":{"@context":"https:\/\/schema.org","@graph":[{"@type":"WebPage","@id":"https:\/\/www.gioielleriagrande.it\/prodotto\/167714\/","url":"https:\/\/www.gioielleriagrande.it\/prodotto\/167714\/","name":"Medaglione a sorpresa con scarpetta rossa - Gioielleria Grande","isPartOf":{"@id":"https:\/\/www.gioielleriagrande.it\/#website"},"primaryImageOfPage":{"@id":"https:\/\/www.gioielleriagrande.it\/prodotto\/167714\/#primaryimage"},"image":{"@id":"https:\/\/www.gioielleriagrande.it\/prodotto\/167714\/#primaryimage"},"thumbnailUrl":"https:\/\/www.gioielleriagrande.it\/wp-content\/uploads\/2026\/01\/utf-8BZmFiZXJnZcyAXzI1My5wbmc","datePublished":"2026-01-02T12:13:36+00:00","dateModified":"2026-04-01T14:53:18+00:00","breadcrumb":{"@id":"https:\/\/www.gioielleriagrande.it\/prodotto\/167714\/#breadcrumb"},"inLanguage":"en-US","potentialAction":[{"@type":"ReadAction","target":["https:\/\/www.gioielleriagrande.it\/prodotto\/167714\/"]}]},{"@type":"ImageObject","inLanguage":"en-US","@id":"https:\/\/www.gioielleriagrande.it\/prodotto\/167714\/#primaryimage","url":"https:\/\/www.gioielleriagrande.it\/wp-content\/uploads\/2026\/01\/utf-8BZmFiZXJnZcyAXzI1My5wbmc","contentUrl":"https:\/\/www.gioielleriagrande.it\/wp-content\/uploads\/2026\/01\/utf-8BZmFiZXJnZcyAXzI1My5wbmc","width":1500,"height":1500,"caption":"faberge\u0300_253.png"},{"@type":"BreadcrumbList","@id":"https:\/\/www.gioielleriagrande.it\/prodotto\/167714\/#breadcrumb","itemListElement":[{"@type":"ListItem","position":1,"name":"Home","item":"https:\/\/www.gioielleriagrande.it\/"},{"@type":"ListItem","position":2,"name":"Shop","item":"https:\/\/www.gioielleriagrande.it\/negozio\/"},{"@type":"ListItem","position":3,"name":"Medaglione a sorpresa con scarpetta rossa"}]},{"@type":"WebSite","@id":"https:\/\/www.gioielleriagrande.it\/#website","url":"https:\/\/www.gioielleriagrande.it\/","name":"Gioielleria Grande","description":"","potentialAction":[{"@type":"SearchAction","target":{"@type":"EntryPoint","urlTemplate":"https:\/\/www.gioielleriagrande.it\/?s={search_term_string}"},"query-input":{"@type":"PropertyValueSpecification","valueRequired":true,"valueName":"search_term_string"}}],"inLanguage":"en-US"}]}},"_links":{"self":[{"href":"https:\/\/www.gioielleriagrande.it\/en\/wp-json\/wp\/v2\/product\/872399","targetHints":{"allow":["GET"]}}],"collection":[{"href":"https:\/\/www.gioielleriagrande.it\/en\/wp-json\/wp\/v2\/product"}],"about":[{"href":"https:\/\/www.gioielleriagrande.it\/en\/wp-json\/wp\/v2\/types\/product"}],"replies":[{"embeddable":true,"href":"https:\/\/www.gioielleriagrande.it\/en\/wp-json\/wp\/v2\/comments?post=872399"}],"wp:featuredmedia":[{"embeddable":true,"href":"https:\/\/www.gioielleriagrande.it\/en\/wp-json\/wp\/v2\/media\/872271"}],"wp:attachment":[{"href":"https:\/\/www.gioielleriagrande.it\/en\/wp-json\/wp\/v2\/media?parent=872399"}],"wp:term":[{"taxonomy":"product_brand","embeddable":true,"href":"https:\/\/www.gioielleriagrande.it\/en\/wp-json\/wp\/v2\/product_brand?post=872399"},{"taxonomy":"product_cat","embeddable":true,"href":"https:\/\/www.gioielleriagrande.it\/en\/wp-json\/wp\/v2\/product_cat?post=872399"},{"taxonomy":"product_tag","embeddable":true,"href":"https:\/\/www.gioielleriagrande.it\/en\/wp-json\/wp\/v2\/product_tag?post=872399"}],"curies":[{"name":"wp","href":"https:\/\/api.w.org\/{rel}","templated":true}]}}