{"id":881308,"date":"2026-01-15T11:44:28","date_gmt":"2026-01-15T10:44:28","guid":{"rendered":"https:\/\/www.gioielleriagrande.it\/prodotto\/168455\/"},"modified":"2026-01-15T11:44:28","modified_gmt":"2026-01-15T10:44:28","slug":"168455","status":"publish","type":"product","link":"https:\/\/www.gioielleriagrande.it\/en\/prodotto\/168455\/","title":{"rendered":"Portafoglio Mini 4 Tasche in Pelle Meisterst\u00fcck"},"content":{"rendered":"<p>Con le sue dimensioni compatte e il design elegante, il portafoglio leggero Meisterst\u00fcck a 4 scomparti \u00e8 un compagno pratico sia al lavoro, sia per la sera. Questo classico portafoglio pieghevole presenta quattro aperture per carte di credito, uno scomparto per banconote e quattro tasche extra. Realizzato in pelle liscia, \u00e8 foderato in tessuto nero ed \u00e8 completato dall\u2019emblema Montblanc.<\/p>\n","protected":false},"excerpt":{"rendered":"<p>Con le sue dimensioni compatte e il design elegante, il portafoglio leggero Meisterst\u00fcck a 4 scomparti \u00e8 un compagno pratico sia al lavoro, sia per la sera. Questo classico portafoglio pieghevole presenta quattro aperture per carte di credito, uno scomparto per banconote e quattro tasche extra. Realizzato in pelle liscia, \u00e8 foderato in tessuto nero ed \u00e8 completato dall\u2019emblema Montblanc.<\/p>\n","protected":false},"featured_media":648738,"comment_status":"open","ping_status":"closed","template":"","meta":[],"product_brand":[],"product_cat":[3498],"product_tag":[],"class_list":{"0":"post-881308","1":"product","2":"type-product","3":"status-publish","4":"has-post-thumbnail","6":"brand-5154","7":"line-4162","8":"shops-3355","9":"shop_area-3358","11":"first","12":"instock","13":"taxable","14":"shipping-taxable","15":"purchasable","16":"product-type-simple"},"yoast_head":"<!-- This site is optimized with the Yoast SEO plugin v25.3 - https:\/\/yoast.com\/wordpress\/plugins\/seo\/ -->\n<title>Portafoglio Mini 4 Tasche in Pelle Meisterst\u00fcck - Gioielleria Grande<\/title>\n<meta name=\"robots\" content=\"index, follow, max-snippet:-1, max-image-preview:large, max-video-preview:-1\" \/>\n<link rel=\"canonical\" href=\"https:\/\/www.gioielleriagrande.it\/prodotto\/168455\/\" \/>\n<meta property=\"og:locale\" content=\"en_US\" \/>\n<meta property=\"og:type\" content=\"article\" \/>\n<meta property=\"og:title\" content=\"Portafoglio Mini 4 Tasche in Pelle Meisterst\u00fcck - Gioielleria Grande\" \/>\n<meta property=\"og:description\" content=\"Con le sue dimensioni compatte e il design elegante, il portafoglio leggero Meisterst\u00fcck a 4 scomparti \u00e8 un compagno pratico sia al lavoro, sia per la sera. Questo classico portafoglio pieghevole presenta quattro aperture per carte di credito, uno scomparto per banconote e quattro tasche extra. Realizzato in pelle liscia, \u00e8 foderato in tessuto nero ed \u00e8 completato dall\u2019emblema Montblanc.\" \/>\n<meta property=\"og:url\" content=\"https:\/\/www.gioielleriagrande.it\/prodotto\/168455\/\" \/>\n<meta property=\"og:site_name\" content=\"Gioielleria Grande\" \/>\n<meta name=\"twitter:card\" content=\"summary_large_image\" \/>\n<script type=\"application\/ld+json\" class=\"yoast-schema-graph\">{\"@context\":\"https:\/\/schema.org\",\"@graph\":[{\"@type\":\"WebPage\",\"@id\":\"https:\/\/www.gioielleriagrande.it\/prodotto\/168455\/\",\"url\":\"https:\/\/www.gioielleriagrande.it\/prodotto\/168455\/\",\"name\":\"Portafoglio Mini 4 Tasche in Pelle Meisterst\u00fcck - Gioielleria Grande\",\"isPartOf\":{\"@id\":\"https:\/\/www.gioielleriagrande.it\/#website\"},\"primaryImageOfPage\":{\"@id\":\"https:\/\/www.gioielleriagrande.it\/prodotto\/168455\/#primaryimage\"},\"image\":{\"@id\":\"https:\/\/www.gioielleriagrande.it\/prodotto\/168455\/#primaryimage\"},\"thumbnailUrl\":\"https:\/\/www.gioielleriagrande.it\/wp-content\/uploads\/2025\/10\/Montblanc-portafoglio-4-scomparti-198317.png\",\"datePublished\":\"2026-01-15T10:44:28+00:00\",\"breadcrumb\":{\"@id\":\"https:\/\/www.gioielleriagrande.it\/prodotto\/168455\/#breadcrumb\"},\"inLanguage\":\"en-US\",\"potentialAction\":[{\"@type\":\"ReadAction\",\"target\":[\"https:\/\/www.gioielleriagrande.it\/prodotto\/168455\/\"]}]},{\"@type\":\"ImageObject\",\"inLanguage\":\"en-US\",\"@id\":\"https:\/\/www.gioielleriagrande.it\/prodotto\/168455\/#primaryimage\",\"url\":\"https:\/\/www.gioielleriagrande.it\/wp-content\/uploads\/2025\/10\/Montblanc-portafoglio-4-scomparti-198317.png\",\"contentUrl\":\"https:\/\/www.gioielleriagrande.it\/wp-content\/uploads\/2025\/10\/Montblanc-portafoglio-4-scomparti-198317.png\",\"width\":1500,\"height\":1500,\"caption\":\"Montblanc-portafoglio-4-scomparti-198317.png\"},{\"@type\":\"BreadcrumbList\",\"@id\":\"https:\/\/www.gioielleriagrande.it\/prodotto\/168455\/#breadcrumb\",\"itemListElement\":[{\"@type\":\"ListItem\",\"position\":1,\"name\":\"Home\",\"item\":\"https:\/\/www.gioielleriagrande.it\/\"},{\"@type\":\"ListItem\",\"position\":2,\"name\":\"Shop\",\"item\":\"https:\/\/www.gioielleriagrande.it\/negozio\/\"},{\"@type\":\"ListItem\",\"position\":3,\"name\":\"Portafoglio Mini 4 Tasche in Pelle Meisterst\u00fcck\"}]},{\"@type\":\"WebSite\",\"@id\":\"https:\/\/www.gioielleriagrande.it\/#website\",\"url\":\"https:\/\/www.gioielleriagrande.it\/\",\"name\":\"Gioielleria Grande\",\"description\":\"\",\"potentialAction\":[{\"@type\":\"SearchAction\",\"target\":{\"@type\":\"EntryPoint\",\"urlTemplate\":\"https:\/\/www.gioielleriagrande.it\/?s={search_term_string}\"},\"query-input\":{\"@type\":\"PropertyValueSpecification\",\"valueRequired\":true,\"valueName\":\"search_term_string\"}}],\"inLanguage\":\"en-US\"}]}<\/script>\n<!-- \/ Yoast SEO plugin. -->","yoast_head_json":{"title":"Portafoglio Mini 4 Tasche in Pelle Meisterst\u00fcck - Gioielleria Grande","robots":{"index":"index","follow":"follow","max-snippet":"max-snippet:-1","max-image-preview":"max-image-preview:large","max-video-preview":"max-video-preview:-1"},"canonical":"https:\/\/www.gioielleriagrande.it\/prodotto\/168455\/","og_locale":"en_US","og_type":"article","og_title":"Portafoglio Mini 4 Tasche in Pelle Meisterst\u00fcck - Gioielleria Grande","og_description":"Con le sue dimensioni compatte e il design elegante, il portafoglio leggero Meisterst\u00fcck a 4 scomparti \u00e8 un compagno pratico sia al lavoro, sia per la sera. Questo classico portafoglio pieghevole presenta quattro aperture per carte di credito, uno scomparto per banconote e quattro tasche extra. Realizzato in pelle liscia, \u00e8 foderato in tessuto nero ed \u00e8 completato dall\u2019emblema Montblanc.","og_url":"https:\/\/www.gioielleriagrande.it\/prodotto\/168455\/","og_site_name":"Gioielleria Grande","twitter_card":"summary_large_image","schema":{"@context":"https:\/\/schema.org","@graph":[{"@type":"WebPage","@id":"https:\/\/www.gioielleriagrande.it\/prodotto\/168455\/","url":"https:\/\/www.gioielleriagrande.it\/prodotto\/168455\/","name":"Portafoglio Mini 4 Tasche in Pelle Meisterst\u00fcck - Gioielleria Grande","isPartOf":{"@id":"https:\/\/www.gioielleriagrande.it\/#website"},"primaryImageOfPage":{"@id":"https:\/\/www.gioielleriagrande.it\/prodotto\/168455\/#primaryimage"},"image":{"@id":"https:\/\/www.gioielleriagrande.it\/prodotto\/168455\/#primaryimage"},"thumbnailUrl":"https:\/\/www.gioielleriagrande.it\/wp-content\/uploads\/2025\/10\/Montblanc-portafoglio-4-scomparti-198317.png","datePublished":"2026-01-15T10:44:28+00:00","breadcrumb":{"@id":"https:\/\/www.gioielleriagrande.it\/prodotto\/168455\/#breadcrumb"},"inLanguage":"en-US","potentialAction":[{"@type":"ReadAction","target":["https:\/\/www.gioielleriagrande.it\/prodotto\/168455\/"]}]},{"@type":"ImageObject","inLanguage":"en-US","@id":"https:\/\/www.gioielleriagrande.it\/prodotto\/168455\/#primaryimage","url":"https:\/\/www.gioielleriagrande.it\/wp-content\/uploads\/2025\/10\/Montblanc-portafoglio-4-scomparti-198317.png","contentUrl":"https:\/\/www.gioielleriagrande.it\/wp-content\/uploads\/2025\/10\/Montblanc-portafoglio-4-scomparti-198317.png","width":1500,"height":1500,"caption":"Montblanc-portafoglio-4-scomparti-198317.png"},{"@type":"BreadcrumbList","@id":"https:\/\/www.gioielleriagrande.it\/prodotto\/168455\/#breadcrumb","itemListElement":[{"@type":"ListItem","position":1,"name":"Home","item":"https:\/\/www.gioielleriagrande.it\/"},{"@type":"ListItem","position":2,"name":"Shop","item":"https:\/\/www.gioielleriagrande.it\/negozio\/"},{"@type":"ListItem","position":3,"name":"Portafoglio Mini 4 Tasche in Pelle Meisterst\u00fcck"}]},{"@type":"WebSite","@id":"https:\/\/www.gioielleriagrande.it\/#website","url":"https:\/\/www.gioielleriagrande.it\/","name":"Gioielleria Grande","description":"","potentialAction":[{"@type":"SearchAction","target":{"@type":"EntryPoint","urlTemplate":"https:\/\/www.gioielleriagrande.it\/?s={search_term_string}"},"query-input":{"@type":"PropertyValueSpecification","valueRequired":true,"valueName":"search_term_string"}}],"inLanguage":"en-US"}]}},"_links":{"self":[{"href":"https:\/\/www.gioielleriagrande.it\/en\/wp-json\/wp\/v2\/product\/881308","targetHints":{"allow":["GET"]}}],"collection":[{"href":"https:\/\/www.gioielleriagrande.it\/en\/wp-json\/wp\/v2\/product"}],"about":[{"href":"https:\/\/www.gioielleriagrande.it\/en\/wp-json\/wp\/v2\/types\/product"}],"replies":[{"embeddable":true,"href":"https:\/\/www.gioielleriagrande.it\/en\/wp-json\/wp\/v2\/comments?post=881308"}],"wp:featuredmedia":[{"embeddable":true,"href":"https:\/\/www.gioielleriagrande.it\/en\/wp-json\/wp\/v2\/media\/648738"}],"wp:attachment":[{"href":"https:\/\/www.gioielleriagrande.it\/en\/wp-json\/wp\/v2\/media?parent=881308"}],"wp:term":[{"taxonomy":"product_brand","embeddable":true,"href":"https:\/\/www.gioielleriagrande.it\/en\/wp-json\/wp\/v2\/product_brand?post=881308"},{"taxonomy":"product_cat","embeddable":true,"href":"https:\/\/www.gioielleriagrande.it\/en\/wp-json\/wp\/v2\/product_cat?post=881308"},{"taxonomy":"product_tag","embeddable":true,"href":"https:\/\/www.gioielleriagrande.it\/en\/wp-json\/wp\/v2\/product_tag?post=881308"}],"curies":[{"name":"wp","href":"https:\/\/api.w.org\/{rel}","templated":true}]}}