{"id":882642,"date":"2026-01-17T16:03:10","date_gmt":"2026-01-17T15:03:10","guid":{"rendered":"https:\/\/www.gioielleriagrande.it\/prodotto\/167565\/"},"modified":"2026-01-17T16:04:59","modified_gmt":"2026-01-17T15:04:59","slug":"167565","status":"publish","type":"product","link":"https:\/\/www.gioielleriagrande.it\/en\/prodotto\/167565\/","title":{"rendered":"Orologio D1 Milano x Gioielleria Grande"},"content":{"rendered":"<p>Scopri l\u2019orologio D1 Milano x Gioielleria Grande, una limited edition esclusiva che unisce design contemporaneo e stile essenziale. Caratterizzato da una cassa da 40,5 mm in policarbonato con rivestimento soft-touch, quadrante nero minimal e dettagli in acciaio nero, questo orologio rappresenta un perfetto equilibrio tra eleganza e modernit\u00e0. Leggero, resistente all\u2019acqua fino a 5 ATM e animato da movimento al quarzo Seiko, \u00e8 pensato per chi cerca un accessorio distintivo e senza tempo. Disponibile in quantit\u00e0 limitata, \u00e8 una collaborazione dedicata a chi riconosce il valore dell\u2019esclusivit\u00e0.<\/p>\n","protected":false},"excerpt":{"rendered":"<p>Scopri l\u2019orologio D1 Milano x Gioielleria Grande, una limited edition esclusiva che unisce design contemporaneo e stile essenziale. Caratterizzato da una cassa da 40,5 mm in policarbonato con rivestimento soft-touch, quadrante nero minimal e dettagli in acciaio nero, questo orologio rappresenta un perfetto equilibrio tra eleganza e modernit\u00e0. Leggero, resistente all\u2019acqua fino a 5 ATM e animato da movimento al quarzo Seiko, \u00e8 pensato per chi cerca un accessorio distintivo e senza tempo. Disponibile in quantit\u00e0 limitata, \u00e8 una collaborazione dedicata a chi riconosce il valore dell\u2019esclusivit\u00e0.<\/p>\n","protected":false},"featured_media":862873,"comment_status":"open","ping_status":"closed","template":"","meta":[],"product_brand":[],"product_cat":[3587],"product_tag":[],"class_list":{"0":"post-882642","1":"product","2":"type-product","3":"status-publish","4":"has-post-thumbnail","6":"brand-5137","7":"shops-3355","8":"shop_area-3357","10":"first","11":"instock","12":"sold-individually","13":"taxable","14":"shipping-taxable","15":"purchasable","16":"product-type-simple"},"yoast_head":"<!-- This site is optimized with the Yoast SEO plugin v25.3 - https:\/\/yoast.com\/wordpress\/plugins\/seo\/ -->\n<title>Orologio D1 Milano x Gioielleria Grande - Gioielleria Grande<\/title>\n<meta name=\"robots\" content=\"index, follow, max-snippet:-1, max-image-preview:large, max-video-preview:-1\" \/>\n<link rel=\"canonical\" href=\"https:\/\/www.gioielleriagrande.it\/prodotto\/167565\/\" \/>\n<meta property=\"og:locale\" content=\"en_US\" \/>\n<meta property=\"og:type\" content=\"article\" \/>\n<meta property=\"og:title\" content=\"Orologio D1 Milano x Gioielleria Grande - Gioielleria Grande\" \/>\n<meta property=\"og:description\" content=\"Scopri l\u2019orologio D1 Milano x Gioielleria Grande, una limited edition esclusiva che unisce design contemporaneo e stile essenziale. Caratterizzato da una cassa da 40,5 mm in policarbonato con rivestimento soft-touch, quadrante nero minimal e dettagli in acciaio nero, questo orologio rappresenta un perfetto equilibrio tra eleganza e modernit\u00e0. Leggero, resistente all\u2019acqua fino a 5 ATM e animato da movimento al quarzo Seiko, \u00e8 pensato per chi cerca un accessorio distintivo e senza tempo. Disponibile in quantit\u00e0 limitata, \u00e8 una collaborazione dedicata a chi riconosce il valore dell\u2019esclusivit\u00e0.\" \/>\n<meta property=\"og:url\" content=\"https:\/\/www.gioielleriagrande.it\/prodotto\/167565\/\" \/>\n<meta property=\"og:site_name\" content=\"Gioielleria Grande\" \/>\n<meta property=\"article:modified_time\" content=\"2026-01-17T15:04:59+00:00\" \/>\n<meta property=\"og:image\" content=\"https:\/\/www.gioielleriagrande.it\/wp-content\/uploads\/2025\/12\/D1-milano-1.png\" \/>\n\t<meta property=\"og:image:width\" content=\"1500\" \/>\n\t<meta property=\"og:image:height\" content=\"1500\" \/>\n\t<meta property=\"og:image:type\" content=\"image\/png\" \/>\n<meta name=\"twitter:card\" content=\"summary_large_image\" \/>\n<meta name=\"twitter:label1\" content=\"Est. reading time\" \/>\n\t<meta name=\"twitter:data1\" content=\"1 minute\" \/>\n<script type=\"application\/ld+json\" class=\"yoast-schema-graph\">{\"@context\":\"https:\/\/schema.org\",\"@graph\":[{\"@type\":\"WebPage\",\"@id\":\"https:\/\/www.gioielleriagrande.it\/prodotto\/167565\/\",\"url\":\"https:\/\/www.gioielleriagrande.it\/prodotto\/167565\/\",\"name\":\"Orologio D1 Milano x Gioielleria Grande - Gioielleria Grande\",\"isPartOf\":{\"@id\":\"https:\/\/www.gioielleriagrande.it\/#website\"},\"primaryImageOfPage\":{\"@id\":\"https:\/\/www.gioielleriagrande.it\/prodotto\/167565\/#primaryimage\"},\"image\":{\"@id\":\"https:\/\/www.gioielleriagrande.it\/prodotto\/167565\/#primaryimage\"},\"thumbnailUrl\":\"https:\/\/www.gioielleriagrande.it\/wp-content\/uploads\/2025\/12\/D1-milano-1.png\",\"datePublished\":\"2026-01-17T15:03:10+00:00\",\"dateModified\":\"2026-01-17T15:04:59+00:00\",\"breadcrumb\":{\"@id\":\"https:\/\/www.gioielleriagrande.it\/prodotto\/167565\/#breadcrumb\"},\"inLanguage\":\"en-US\",\"potentialAction\":[{\"@type\":\"ReadAction\",\"target\":[\"https:\/\/www.gioielleriagrande.it\/prodotto\/167565\/\"]}]},{\"@type\":\"ImageObject\",\"inLanguage\":\"en-US\",\"@id\":\"https:\/\/www.gioielleriagrande.it\/prodotto\/167565\/#primaryimage\",\"url\":\"https:\/\/www.gioielleriagrande.it\/wp-content\/uploads\/2025\/12\/D1-milano-1.png\",\"contentUrl\":\"https:\/\/www.gioielleriagrande.it\/wp-content\/uploads\/2025\/12\/D1-milano-1.png\",\"width\":1500,\"height\":1500,\"caption\":\"D1 milano (1).png\"},{\"@type\":\"BreadcrumbList\",\"@id\":\"https:\/\/www.gioielleriagrande.it\/prodotto\/167565\/#breadcrumb\",\"itemListElement\":[{\"@type\":\"ListItem\",\"position\":1,\"name\":\"Home\",\"item\":\"https:\/\/www.gioielleriagrande.it\/\"},{\"@type\":\"ListItem\",\"position\":2,\"name\":\"Shop\",\"item\":\"https:\/\/www.gioielleriagrande.it\/negozio\/\"},{\"@type\":\"ListItem\",\"position\":3,\"name\":\"Orologio D1 Milano x Gioielleria Grande\"}]},{\"@type\":\"WebSite\",\"@id\":\"https:\/\/www.gioielleriagrande.it\/#website\",\"url\":\"https:\/\/www.gioielleriagrande.it\/\",\"name\":\"Gioielleria Grande\",\"description\":\"\",\"potentialAction\":[{\"@type\":\"SearchAction\",\"target\":{\"@type\":\"EntryPoint\",\"urlTemplate\":\"https:\/\/www.gioielleriagrande.it\/?s={search_term_string}\"},\"query-input\":{\"@type\":\"PropertyValueSpecification\",\"valueRequired\":true,\"valueName\":\"search_term_string\"}}],\"inLanguage\":\"en-US\"}]}<\/script>\n<!-- \/ Yoast SEO plugin. -->","yoast_head_json":{"title":"Orologio D1 Milano x Gioielleria Grande - Gioielleria Grande","robots":{"index":"index","follow":"follow","max-snippet":"max-snippet:-1","max-image-preview":"max-image-preview:large","max-video-preview":"max-video-preview:-1"},"canonical":"https:\/\/www.gioielleriagrande.it\/prodotto\/167565\/","og_locale":"en_US","og_type":"article","og_title":"Orologio D1 Milano x Gioielleria Grande - Gioielleria Grande","og_description":"Scopri l\u2019orologio D1 Milano x Gioielleria Grande, una limited edition esclusiva che unisce design contemporaneo e stile essenziale. Caratterizzato da una cassa da 40,5 mm in policarbonato con rivestimento soft-touch, quadrante nero minimal e dettagli in acciaio nero, questo orologio rappresenta un perfetto equilibrio tra eleganza e modernit\u00e0. Leggero, resistente all\u2019acqua fino a 5 ATM e animato da movimento al quarzo Seiko, \u00e8 pensato per chi cerca un accessorio distintivo e senza tempo. Disponibile in quantit\u00e0 limitata, \u00e8 una collaborazione dedicata a chi riconosce il valore dell\u2019esclusivit\u00e0.","og_url":"https:\/\/www.gioielleriagrande.it\/prodotto\/167565\/","og_site_name":"Gioielleria Grande","article_modified_time":"2026-01-17T15:04:59+00:00","og_image":[{"width":1500,"height":1500,"url":"https:\/\/www.gioielleriagrande.it\/wp-content\/uploads\/2025\/12\/D1-milano-1.png","type":"image\/png"}],"twitter_card":"summary_large_image","twitter_misc":{"Est. reading time":"1 minute"},"schema":{"@context":"https:\/\/schema.org","@graph":[{"@type":"WebPage","@id":"https:\/\/www.gioielleriagrande.it\/prodotto\/167565\/","url":"https:\/\/www.gioielleriagrande.it\/prodotto\/167565\/","name":"Orologio D1 Milano x Gioielleria Grande - Gioielleria Grande","isPartOf":{"@id":"https:\/\/www.gioielleriagrande.it\/#website"},"primaryImageOfPage":{"@id":"https:\/\/www.gioielleriagrande.it\/prodotto\/167565\/#primaryimage"},"image":{"@id":"https:\/\/www.gioielleriagrande.it\/prodotto\/167565\/#primaryimage"},"thumbnailUrl":"https:\/\/www.gioielleriagrande.it\/wp-content\/uploads\/2025\/12\/D1-milano-1.png","datePublished":"2026-01-17T15:03:10+00:00","dateModified":"2026-01-17T15:04:59+00:00","breadcrumb":{"@id":"https:\/\/www.gioielleriagrande.it\/prodotto\/167565\/#breadcrumb"},"inLanguage":"en-US","potentialAction":[{"@type":"ReadAction","target":["https:\/\/www.gioielleriagrande.it\/prodotto\/167565\/"]}]},{"@type":"ImageObject","inLanguage":"en-US","@id":"https:\/\/www.gioielleriagrande.it\/prodotto\/167565\/#primaryimage","url":"https:\/\/www.gioielleriagrande.it\/wp-content\/uploads\/2025\/12\/D1-milano-1.png","contentUrl":"https:\/\/www.gioielleriagrande.it\/wp-content\/uploads\/2025\/12\/D1-milano-1.png","width":1500,"height":1500,"caption":"D1 milano (1).png"},{"@type":"BreadcrumbList","@id":"https:\/\/www.gioielleriagrande.it\/prodotto\/167565\/#breadcrumb","itemListElement":[{"@type":"ListItem","position":1,"name":"Home","item":"https:\/\/www.gioielleriagrande.it\/"},{"@type":"ListItem","position":2,"name":"Shop","item":"https:\/\/www.gioielleriagrande.it\/negozio\/"},{"@type":"ListItem","position":3,"name":"Orologio D1 Milano x Gioielleria Grande"}]},{"@type":"WebSite","@id":"https:\/\/www.gioielleriagrande.it\/#website","url":"https:\/\/www.gioielleriagrande.it\/","name":"Gioielleria Grande","description":"","potentialAction":[{"@type":"SearchAction","target":{"@type":"EntryPoint","urlTemplate":"https:\/\/www.gioielleriagrande.it\/?s={search_term_string}"},"query-input":{"@type":"PropertyValueSpecification","valueRequired":true,"valueName":"search_term_string"}}],"inLanguage":"en-US"}]}},"_links":{"self":[{"href":"https:\/\/www.gioielleriagrande.it\/en\/wp-json\/wp\/v2\/product\/882642","targetHints":{"allow":["GET"]}}],"collection":[{"href":"https:\/\/www.gioielleriagrande.it\/en\/wp-json\/wp\/v2\/product"}],"about":[{"href":"https:\/\/www.gioielleriagrande.it\/en\/wp-json\/wp\/v2\/types\/product"}],"replies":[{"embeddable":true,"href":"https:\/\/www.gioielleriagrande.it\/en\/wp-json\/wp\/v2\/comments?post=882642"}],"wp:featuredmedia":[{"embeddable":true,"href":"https:\/\/www.gioielleriagrande.it\/en\/wp-json\/wp\/v2\/media\/862873"}],"wp:attachment":[{"href":"https:\/\/www.gioielleriagrande.it\/en\/wp-json\/wp\/v2\/media?parent=882642"}],"wp:term":[{"taxonomy":"product_brand","embeddable":true,"href":"https:\/\/www.gioielleriagrande.it\/en\/wp-json\/wp\/v2\/product_brand?post=882642"},{"taxonomy":"product_cat","embeddable":true,"href":"https:\/\/www.gioielleriagrande.it\/en\/wp-json\/wp\/v2\/product_cat?post=882642"},{"taxonomy":"product_tag","embeddable":true,"href":"https:\/\/www.gioielleriagrande.it\/en\/wp-json\/wp\/v2\/product_tag?post=882642"}],"curies":[{"name":"wp","href":"https:\/\/api.w.org\/{rel}","templated":true}]}}