{"id":886604,"date":"2026-01-21T18:05:02","date_gmt":"2026-01-21T17:05:02","guid":{"rendered":"https:\/\/www.gioielleriagrande.it\/prodotto\/170895\/"},"modified":"2026-01-21T18:05:02","modified_gmt":"2026-01-21T17:05:02","slug":"170895","status":"publish","type":"product","link":"https:\/\/www.gioielleriagrande.it\/en\/prodotto\/170895\/","title":{"rendered":"Bracciale rigido So Move oro rosa e diamante"},"content":{"rendered":"<p>Creazione oversize dal fascino irresistibile, il bracciale rigido con diamanti da donna So Move in oro rosa \u00e8 il tocco glamour ultra fashion per autoaffermarsi in totale libert\u00e0. Diamante in movimento, iconico halo con pav\u00e9, potenza del design: questo bracciale rigido da donna reinterpreta tutti i codici Messika in un&#8217;affascinante versione XXL. Un gioiello prezioso audace, da indossare da solo o insieme ad altre creazioni per una lucentezza ancora maggiore. Il bracciale rigido in oro con diamanti So Move \u00e8 una creazione al contempo d\u2019eccezione e intramontabile, in grado di sorprendere. La nuova raffinatezza firmata Messika.<\/p>\n","protected":false},"excerpt":{"rendered":"<p>Creazione oversize dal fascino irresistibile, il bracciale rigido con diamanti da donna So Move in oro rosa \u00e8 il tocco glamour ultra fashion per autoaffermarsi in totale libert\u00e0. Diamante in movimento, iconico halo con pav\u00e9, potenza del design: questo bracciale rigido da donna reinterpreta tutti i codici Messika in un&#8217;affascinante versione XXL. Un gioiello prezioso audace, da indossare da solo o insieme ad altre creazioni per una lucentezza ancora maggiore. Il bracciale rigido in oro con diamanti So Move \u00e8 una creazione al contempo d\u2019eccezione e intramontabile, in grado di sorprendere. La nuova raffinatezza firmata Messika.<\/p>\n","protected":false},"featured_media":886182,"comment_status":"open","ping_status":"closed","template":"","meta":[],"product_brand":[],"product_cat":[7973],"product_tag":[],"class_list":{"0":"post-886604","1":"product","2":"type-product","3":"status-publish","4":"has-post-thumbnail","6":"brand-7106","7":"line-7269","8":"shops-3355","9":"shop_area-3356","11":"first","12":"instock","13":"taxable","14":"shipping-taxable","15":"purchasable","16":"product-type-simple"},"yoast_head":"<!-- This site is optimized with the Yoast SEO plugin v25.3 - https:\/\/yoast.com\/wordpress\/plugins\/seo\/ -->\n<title>Bracciale rigido So Move oro rosa e diamante - Gioielleria Grande<\/title>\n<meta name=\"robots\" content=\"index, follow, max-snippet:-1, max-image-preview:large, max-video-preview:-1\" \/>\n<link rel=\"canonical\" href=\"https:\/\/www.gioielleriagrande.it\/prodotto\/170895\/\" \/>\n<meta property=\"og:locale\" content=\"en_US\" \/>\n<meta property=\"og:type\" content=\"article\" \/>\n<meta property=\"og:title\" content=\"Bracciale rigido So Move oro rosa e diamante - Gioielleria Grande\" \/>\n<meta property=\"og:description\" content=\"Creazione oversize dal fascino irresistibile, il bracciale rigido con diamanti da donna So Move in oro rosa \u00e8 il tocco glamour ultra fashion per autoaffermarsi in totale libert\u00e0. Diamante in movimento, iconico halo con pav\u00e9, potenza del design: questo bracciale rigido da donna reinterpreta tutti i codici Messika in un&#039;affascinante versione XXL. Un gioiello prezioso audace, da indossare da solo o insieme ad altre creazioni per una lucentezza ancora maggiore. Il bracciale rigido in oro con diamanti So Move \u00e8 una creazione al contempo d\u2019eccezione e intramontabile, in grado di sorprendere. La nuova raffinatezza firmata Messika.\" \/>\n<meta property=\"og:url\" content=\"https:\/\/www.gioielleriagrande.it\/prodotto\/170895\/\" \/>\n<meta property=\"og:site_name\" content=\"Gioielleria Grande\" \/>\n<meta name=\"twitter:card\" content=\"summary_large_image\" \/>\n<script type=\"application\/ld+json\" class=\"yoast-schema-graph\">{\"@context\":\"https:\/\/schema.org\",\"@graph\":[{\"@type\":\"WebPage\",\"@id\":\"https:\/\/www.gioielleriagrande.it\/prodotto\/170895\/\",\"url\":\"https:\/\/www.gioielleriagrande.it\/prodotto\/170895\/\",\"name\":\"Bracciale rigido So Move oro rosa e diamante - Gioielleria Grande\",\"isPartOf\":{\"@id\":\"https:\/\/www.gioielleriagrande.it\/#website\"},\"primaryImageOfPage\":{\"@id\":\"https:\/\/www.gioielleriagrande.it\/prodotto\/170895\/#primaryimage\"},\"image\":{\"@id\":\"https:\/\/www.gioielleriagrande.it\/prodotto\/170895\/#primaryimage\"},\"thumbnailUrl\":\"https:\/\/www.gioielleriagrande.it\/wp-content\/uploads\/2026\/01\/13757-PG-M_bracciale-rigido.jpg\",\"datePublished\":\"2026-01-21T17:05:02+00:00\",\"breadcrumb\":{\"@id\":\"https:\/\/www.gioielleriagrande.it\/prodotto\/170895\/#breadcrumb\"},\"inLanguage\":\"en-US\",\"potentialAction\":[{\"@type\":\"ReadAction\",\"target\":[\"https:\/\/www.gioielleriagrande.it\/prodotto\/170895\/\"]}]},{\"@type\":\"ImageObject\",\"inLanguage\":\"en-US\",\"@id\":\"https:\/\/www.gioielleriagrande.it\/prodotto\/170895\/#primaryimage\",\"url\":\"https:\/\/www.gioielleriagrande.it\/wp-content\/uploads\/2026\/01\/13757-PG-M_bracciale-rigido.jpg\",\"contentUrl\":\"https:\/\/www.gioielleriagrande.it\/wp-content\/uploads\/2026\/01\/13757-PG-M_bracciale-rigido.jpg\",\"width\":1500,\"height\":1500,\"caption\":\"13757-PG-M_bracciale rigido.jpg\"},{\"@type\":\"BreadcrumbList\",\"@id\":\"https:\/\/www.gioielleriagrande.it\/prodotto\/170895\/#breadcrumb\",\"itemListElement\":[{\"@type\":\"ListItem\",\"position\":1,\"name\":\"Home\",\"item\":\"https:\/\/www.gioielleriagrande.it\/\"},{\"@type\":\"ListItem\",\"position\":2,\"name\":\"Shop\",\"item\":\"https:\/\/www.gioielleriagrande.it\/negozio\/\"},{\"@type\":\"ListItem\",\"position\":3,\"name\":\"Bracciale rigido So Move oro rosa e diamante\"}]},{\"@type\":\"WebSite\",\"@id\":\"https:\/\/www.gioielleriagrande.it\/#website\",\"url\":\"https:\/\/www.gioielleriagrande.it\/\",\"name\":\"Gioielleria Grande\",\"description\":\"\",\"potentialAction\":[{\"@type\":\"SearchAction\",\"target\":{\"@type\":\"EntryPoint\",\"urlTemplate\":\"https:\/\/www.gioielleriagrande.it\/?s={search_term_string}\"},\"query-input\":{\"@type\":\"PropertyValueSpecification\",\"valueRequired\":true,\"valueName\":\"search_term_string\"}}],\"inLanguage\":\"en-US\"}]}<\/script>\n<!-- \/ Yoast SEO plugin. -->","yoast_head_json":{"title":"Bracciale rigido So Move oro rosa e diamante - Gioielleria Grande","robots":{"index":"index","follow":"follow","max-snippet":"max-snippet:-1","max-image-preview":"max-image-preview:large","max-video-preview":"max-video-preview:-1"},"canonical":"https:\/\/www.gioielleriagrande.it\/prodotto\/170895\/","og_locale":"en_US","og_type":"article","og_title":"Bracciale rigido So Move oro rosa e diamante - Gioielleria Grande","og_description":"Creazione oversize dal fascino irresistibile, il bracciale rigido con diamanti da donna So Move in oro rosa \u00e8 il tocco glamour ultra fashion per autoaffermarsi in totale libert\u00e0. Diamante in movimento, iconico halo con pav\u00e9, potenza del design: questo bracciale rigido da donna reinterpreta tutti i codici Messika in un'affascinante versione XXL. Un gioiello prezioso audace, da indossare da solo o insieme ad altre creazioni per una lucentezza ancora maggiore. Il bracciale rigido in oro con diamanti So Move \u00e8 una creazione al contempo d\u2019eccezione e intramontabile, in grado di sorprendere. La nuova raffinatezza firmata Messika.","og_url":"https:\/\/www.gioielleriagrande.it\/prodotto\/170895\/","og_site_name":"Gioielleria Grande","twitter_card":"summary_large_image","schema":{"@context":"https:\/\/schema.org","@graph":[{"@type":"WebPage","@id":"https:\/\/www.gioielleriagrande.it\/prodotto\/170895\/","url":"https:\/\/www.gioielleriagrande.it\/prodotto\/170895\/","name":"Bracciale rigido So Move oro rosa e diamante - Gioielleria Grande","isPartOf":{"@id":"https:\/\/www.gioielleriagrande.it\/#website"},"primaryImageOfPage":{"@id":"https:\/\/www.gioielleriagrande.it\/prodotto\/170895\/#primaryimage"},"image":{"@id":"https:\/\/www.gioielleriagrande.it\/prodotto\/170895\/#primaryimage"},"thumbnailUrl":"https:\/\/www.gioielleriagrande.it\/wp-content\/uploads\/2026\/01\/13757-PG-M_bracciale-rigido.jpg","datePublished":"2026-01-21T17:05:02+00:00","breadcrumb":{"@id":"https:\/\/www.gioielleriagrande.it\/prodotto\/170895\/#breadcrumb"},"inLanguage":"en-US","potentialAction":[{"@type":"ReadAction","target":["https:\/\/www.gioielleriagrande.it\/prodotto\/170895\/"]}]},{"@type":"ImageObject","inLanguage":"en-US","@id":"https:\/\/www.gioielleriagrande.it\/prodotto\/170895\/#primaryimage","url":"https:\/\/www.gioielleriagrande.it\/wp-content\/uploads\/2026\/01\/13757-PG-M_bracciale-rigido.jpg","contentUrl":"https:\/\/www.gioielleriagrande.it\/wp-content\/uploads\/2026\/01\/13757-PG-M_bracciale-rigido.jpg","width":1500,"height":1500,"caption":"13757-PG-M_bracciale rigido.jpg"},{"@type":"BreadcrumbList","@id":"https:\/\/www.gioielleriagrande.it\/prodotto\/170895\/#breadcrumb","itemListElement":[{"@type":"ListItem","position":1,"name":"Home","item":"https:\/\/www.gioielleriagrande.it\/"},{"@type":"ListItem","position":2,"name":"Shop","item":"https:\/\/www.gioielleriagrande.it\/negozio\/"},{"@type":"ListItem","position":3,"name":"Bracciale rigido So Move oro rosa e diamante"}]},{"@type":"WebSite","@id":"https:\/\/www.gioielleriagrande.it\/#website","url":"https:\/\/www.gioielleriagrande.it\/","name":"Gioielleria Grande","description":"","potentialAction":[{"@type":"SearchAction","target":{"@type":"EntryPoint","urlTemplate":"https:\/\/www.gioielleriagrande.it\/?s={search_term_string}"},"query-input":{"@type":"PropertyValueSpecification","valueRequired":true,"valueName":"search_term_string"}}],"inLanguage":"en-US"}]}},"_links":{"self":[{"href":"https:\/\/www.gioielleriagrande.it\/en\/wp-json\/wp\/v2\/product\/886604","targetHints":{"allow":["GET"]}}],"collection":[{"href":"https:\/\/www.gioielleriagrande.it\/en\/wp-json\/wp\/v2\/product"}],"about":[{"href":"https:\/\/www.gioielleriagrande.it\/en\/wp-json\/wp\/v2\/types\/product"}],"replies":[{"embeddable":true,"href":"https:\/\/www.gioielleriagrande.it\/en\/wp-json\/wp\/v2\/comments?post=886604"}],"wp:featuredmedia":[{"embeddable":true,"href":"https:\/\/www.gioielleriagrande.it\/en\/wp-json\/wp\/v2\/media\/886182"}],"wp:attachment":[{"href":"https:\/\/www.gioielleriagrande.it\/en\/wp-json\/wp\/v2\/media?parent=886604"}],"wp:term":[{"taxonomy":"product_brand","embeddable":true,"href":"https:\/\/www.gioielleriagrande.it\/en\/wp-json\/wp\/v2\/product_brand?post=886604"},{"taxonomy":"product_cat","embeddable":true,"href":"https:\/\/www.gioielleriagrande.it\/en\/wp-json\/wp\/v2\/product_cat?post=886604"},{"taxonomy":"product_tag","embeddable":true,"href":"https:\/\/www.gioielleriagrande.it\/en\/wp-json\/wp\/v2\/product_tag?post=886604"}],"curies":[{"name":"wp","href":"https:\/\/api.w.org\/{rel}","templated":true}]}}