{"id":886610,"date":"2026-01-21T18:05:13","date_gmt":"2026-01-21T17:05:13","guid":{"rendered":"https:\/\/www.gioielleriagrande.it\/prodotto\/170898\/"},"modified":"2026-01-21T18:05:13","modified_gmt":"2026-01-21T17:05:13","slug":"170898","status":"publish","type":"product","link":"https:\/\/www.gioielleriagrande.it\/en\/prodotto\/170898\/","title":{"rendered":"Anello D-Vibes oro giallo e diamante"},"content":{"rendered":"<p>D-Vibes, una rivisitazione con un tocco di audacia della rivi\u00e8re di diamanti, must-have di ogni portagioie. Val\u00e9rie Messika declina questo gioiello in un anello grafico e boh\u00e9mien. Sublimati da un sottile cerchio in oro 18 carati di estrema raffinatezza, i preziosi diamanti si alternano a inserti in oro. Un anello prezioso flessibile, da indossare tutti i giorni come una seconda pelle. Un tocco di luce indispensabile.<\/p>\n","protected":false},"excerpt":{"rendered":"<p>D-Vibes, una rivisitazione con un tocco di audacia della rivi\u00e8re di diamanti, must-have di ogni portagioie. Val\u00e9rie Messika declina questo gioiello in un anello grafico e boh\u00e9mien. Sublimati da un sottile cerchio in oro 18 carati di estrema raffinatezza, i preziosi diamanti si alternano a inserti in oro. Un anello prezioso flessibile, da indossare tutti i giorni come una seconda pelle. Un tocco di luce indispensabile.<\/p>\n","protected":false},"featured_media":886203,"comment_status":"open","ping_status":"closed","template":"","meta":[],"product_brand":[],"product_cat":[7970],"product_tag":[],"class_list":{"0":"post-886610","1":"product","2":"type-product","3":"status-publish","4":"has-post-thumbnail","6":"brand-7106","7":"line-7211","8":"shops-3355","9":"shop_area-3356","11":"first","12":"instock","13":"taxable","14":"shipping-taxable","15":"purchasable","16":"product-type-simple"},"yoast_head":"<!-- This site is optimized with the Yoast SEO plugin v25.3 - https:\/\/yoast.com\/wordpress\/plugins\/seo\/ -->\n<title>Anello D-Vibes oro giallo e diamante - Gioielleria Grande<\/title>\n<meta name=\"robots\" content=\"index, follow, max-snippet:-1, max-image-preview:large, max-video-preview:-1\" \/>\n<link rel=\"canonical\" href=\"https:\/\/www.gioielleriagrande.it\/prodotto\/170898\/\" \/>\n<meta property=\"og:locale\" content=\"en_US\" \/>\n<meta property=\"og:type\" content=\"article\" \/>\n<meta property=\"og:title\" content=\"Anello D-Vibes oro giallo e diamante - Gioielleria Grande\" \/>\n<meta property=\"og:description\" content=\"D-Vibes, una rivisitazione con un tocco di audacia della rivi\u00e8re di diamanti, must-have di ogni portagioie. Val\u00e9rie Messika declina questo gioiello in un anello grafico e boh\u00e9mien. Sublimati da un sottile cerchio in oro 18 carati di estrema raffinatezza, i preziosi diamanti si alternano a inserti in oro. Un anello prezioso flessibile, da indossare tutti i giorni come una seconda pelle. Un tocco di luce indispensabile.\" \/>\n<meta property=\"og:url\" content=\"https:\/\/www.gioielleriagrande.it\/prodotto\/170898\/\" \/>\n<meta property=\"og:site_name\" content=\"Gioielleria Grande\" \/>\n<meta name=\"twitter:card\" content=\"summary_large_image\" \/>\n<script type=\"application\/ld+json\" class=\"yoast-schema-graph\">{\"@context\":\"https:\/\/schema.org\",\"@graph\":[{\"@type\":\"WebPage\",\"@id\":\"https:\/\/www.gioielleriagrande.it\/prodotto\/170898\/\",\"url\":\"https:\/\/www.gioielleriagrande.it\/prodotto\/170898\/\",\"name\":\"Anello D-Vibes oro giallo e diamante - Gioielleria Grande\",\"isPartOf\":{\"@id\":\"https:\/\/www.gioielleriagrande.it\/#website\"},\"primaryImageOfPage\":{\"@id\":\"https:\/\/www.gioielleriagrande.it\/prodotto\/170898\/#primaryimage\"},\"image\":{\"@id\":\"https:\/\/www.gioielleriagrande.it\/prodotto\/170898\/#primaryimage\"},\"thumbnailUrl\":\"https:\/\/www.gioielleriagrande.it\/wp-content\/uploads\/2026\/01\/12990-YG-57_anello-oro-giallo.jpg\",\"datePublished\":\"2026-01-21T17:05:13+00:00\",\"breadcrumb\":{\"@id\":\"https:\/\/www.gioielleriagrande.it\/prodotto\/170898\/#breadcrumb\"},\"inLanguage\":\"en-US\",\"potentialAction\":[{\"@type\":\"ReadAction\",\"target\":[\"https:\/\/www.gioielleriagrande.it\/prodotto\/170898\/\"]}]},{\"@type\":\"ImageObject\",\"inLanguage\":\"en-US\",\"@id\":\"https:\/\/www.gioielleriagrande.it\/prodotto\/170898\/#primaryimage\",\"url\":\"https:\/\/www.gioielleriagrande.it\/wp-content\/uploads\/2026\/01\/12990-YG-57_anello-oro-giallo.jpg\",\"contentUrl\":\"https:\/\/www.gioielleriagrande.it\/wp-content\/uploads\/2026\/01\/12990-YG-57_anello-oro-giallo.jpg\",\"width\":1500,\"height\":1500,\"caption\":\"12990-YG-57_anello oro giallo.jpg\"},{\"@type\":\"BreadcrumbList\",\"@id\":\"https:\/\/www.gioielleriagrande.it\/prodotto\/170898\/#breadcrumb\",\"itemListElement\":[{\"@type\":\"ListItem\",\"position\":1,\"name\":\"Home\",\"item\":\"https:\/\/www.gioielleriagrande.it\/\"},{\"@type\":\"ListItem\",\"position\":2,\"name\":\"Shop\",\"item\":\"https:\/\/www.gioielleriagrande.it\/negozio\/\"},{\"@type\":\"ListItem\",\"position\":3,\"name\":\"Anello D-Vibes oro giallo e diamante\"}]},{\"@type\":\"WebSite\",\"@id\":\"https:\/\/www.gioielleriagrande.it\/#website\",\"url\":\"https:\/\/www.gioielleriagrande.it\/\",\"name\":\"Gioielleria Grande\",\"description\":\"\",\"potentialAction\":[{\"@type\":\"SearchAction\",\"target\":{\"@type\":\"EntryPoint\",\"urlTemplate\":\"https:\/\/www.gioielleriagrande.it\/?s={search_term_string}\"},\"query-input\":{\"@type\":\"PropertyValueSpecification\",\"valueRequired\":true,\"valueName\":\"search_term_string\"}}],\"inLanguage\":\"en-US\"}]}<\/script>\n<!-- \/ Yoast SEO plugin. -->","yoast_head_json":{"title":"Anello D-Vibes oro giallo e diamante - Gioielleria Grande","robots":{"index":"index","follow":"follow","max-snippet":"max-snippet:-1","max-image-preview":"max-image-preview:large","max-video-preview":"max-video-preview:-1"},"canonical":"https:\/\/www.gioielleriagrande.it\/prodotto\/170898\/","og_locale":"en_US","og_type":"article","og_title":"Anello D-Vibes oro giallo e diamante - Gioielleria Grande","og_description":"D-Vibes, una rivisitazione con un tocco di audacia della rivi\u00e8re di diamanti, must-have di ogni portagioie. Val\u00e9rie Messika declina questo gioiello in un anello grafico e boh\u00e9mien. Sublimati da un sottile cerchio in oro 18 carati di estrema raffinatezza, i preziosi diamanti si alternano a inserti in oro. Un anello prezioso flessibile, da indossare tutti i giorni come una seconda pelle. Un tocco di luce indispensabile.","og_url":"https:\/\/www.gioielleriagrande.it\/prodotto\/170898\/","og_site_name":"Gioielleria Grande","twitter_card":"summary_large_image","schema":{"@context":"https:\/\/schema.org","@graph":[{"@type":"WebPage","@id":"https:\/\/www.gioielleriagrande.it\/prodotto\/170898\/","url":"https:\/\/www.gioielleriagrande.it\/prodotto\/170898\/","name":"Anello D-Vibes oro giallo e diamante - Gioielleria Grande","isPartOf":{"@id":"https:\/\/www.gioielleriagrande.it\/#website"},"primaryImageOfPage":{"@id":"https:\/\/www.gioielleriagrande.it\/prodotto\/170898\/#primaryimage"},"image":{"@id":"https:\/\/www.gioielleriagrande.it\/prodotto\/170898\/#primaryimage"},"thumbnailUrl":"https:\/\/www.gioielleriagrande.it\/wp-content\/uploads\/2026\/01\/12990-YG-57_anello-oro-giallo.jpg","datePublished":"2026-01-21T17:05:13+00:00","breadcrumb":{"@id":"https:\/\/www.gioielleriagrande.it\/prodotto\/170898\/#breadcrumb"},"inLanguage":"en-US","potentialAction":[{"@type":"ReadAction","target":["https:\/\/www.gioielleriagrande.it\/prodotto\/170898\/"]}]},{"@type":"ImageObject","inLanguage":"en-US","@id":"https:\/\/www.gioielleriagrande.it\/prodotto\/170898\/#primaryimage","url":"https:\/\/www.gioielleriagrande.it\/wp-content\/uploads\/2026\/01\/12990-YG-57_anello-oro-giallo.jpg","contentUrl":"https:\/\/www.gioielleriagrande.it\/wp-content\/uploads\/2026\/01\/12990-YG-57_anello-oro-giallo.jpg","width":1500,"height":1500,"caption":"12990-YG-57_anello oro giallo.jpg"},{"@type":"BreadcrumbList","@id":"https:\/\/www.gioielleriagrande.it\/prodotto\/170898\/#breadcrumb","itemListElement":[{"@type":"ListItem","position":1,"name":"Home","item":"https:\/\/www.gioielleriagrande.it\/"},{"@type":"ListItem","position":2,"name":"Shop","item":"https:\/\/www.gioielleriagrande.it\/negozio\/"},{"@type":"ListItem","position":3,"name":"Anello D-Vibes oro giallo e diamante"}]},{"@type":"WebSite","@id":"https:\/\/www.gioielleriagrande.it\/#website","url":"https:\/\/www.gioielleriagrande.it\/","name":"Gioielleria Grande","description":"","potentialAction":[{"@type":"SearchAction","target":{"@type":"EntryPoint","urlTemplate":"https:\/\/www.gioielleriagrande.it\/?s={search_term_string}"},"query-input":{"@type":"PropertyValueSpecification","valueRequired":true,"valueName":"search_term_string"}}],"inLanguage":"en-US"}]}},"_links":{"self":[{"href":"https:\/\/www.gioielleriagrande.it\/en\/wp-json\/wp\/v2\/product\/886610","targetHints":{"allow":["GET"]}}],"collection":[{"href":"https:\/\/www.gioielleriagrande.it\/en\/wp-json\/wp\/v2\/product"}],"about":[{"href":"https:\/\/www.gioielleriagrande.it\/en\/wp-json\/wp\/v2\/types\/product"}],"replies":[{"embeddable":true,"href":"https:\/\/www.gioielleriagrande.it\/en\/wp-json\/wp\/v2\/comments?post=886610"}],"wp:featuredmedia":[{"embeddable":true,"href":"https:\/\/www.gioielleriagrande.it\/en\/wp-json\/wp\/v2\/media\/886203"}],"wp:attachment":[{"href":"https:\/\/www.gioielleriagrande.it\/en\/wp-json\/wp\/v2\/media?parent=886610"}],"wp:term":[{"taxonomy":"product_brand","embeddable":true,"href":"https:\/\/www.gioielleriagrande.it\/en\/wp-json\/wp\/v2\/product_brand?post=886610"},{"taxonomy":"product_cat","embeddable":true,"href":"https:\/\/www.gioielleriagrande.it\/en\/wp-json\/wp\/v2\/product_cat?post=886610"},{"taxonomy":"product_tag","embeddable":true,"href":"https:\/\/www.gioielleriagrande.it\/en\/wp-json\/wp\/v2\/product_tag?post=886610"}],"curies":[{"name":"wp","href":"https:\/\/api.w.org\/{rel}","templated":true}]}}