{"id":886616,"date":"2026-01-21T18:05:22","date_gmt":"2026-01-21T17:05:22","guid":{"rendered":"https:\/\/www.gioielleriagrande.it\/prodotto\/170901\/"},"modified":"2026-01-21T18:05:22","modified_gmt":"2026-01-21T17:05:22","slug":"170901","status":"publish","type":"product","link":"https:\/\/www.gioielleriagrande.it\/en\/prodotto\/170901\/","title":{"rendered":"Orecchini So Move oro bianco e pav\u00e8 diamanti"},"content":{"rendered":"<p>La nuova So Move di Val\u00e9rie Messika \u00e8 a tutti gli effetti una collezione di gioielleria must-have! Questi orecchini in oro bianco con diamanti non fanno eccezione. In perfetto equilibrio fra il trendy e l&#8217;intramontabile, questo prezioso gioiello valorizza sobriamente l\u2019orecchio, racchiudendo al contempo tutta l\u2019audacia di So Move. Il motivo emblematico della Maison \u00e8 reinterpretato con contorni pi\u00f9 decisi e strutturati. Il diamante mobile brilla di una nuova lucentezza grazie al raffinato pav\u00e9 che lo incornicia. Un gioiello in oro e diamanti di carattere, facile da indossare sia tutti i giorni che nelle occasioni pi\u00f9 speciali.<\/p>\n","protected":false},"excerpt":{"rendered":"<p>La nuova So Move di Val\u00e9rie Messika \u00e8 a tutti gli effetti una collezione di gioielleria must-have! Questi orecchini in oro bianco con diamanti non fanno eccezione. In perfetto equilibrio fra il trendy e l&#8217;intramontabile, questo prezioso gioiello valorizza sobriamente l\u2019orecchio, racchiudendo al contempo tutta l\u2019audacia di So Move. Il motivo emblematico della Maison \u00e8 reinterpretato con contorni pi\u00f9 decisi e strutturati. Il diamante mobile brilla di una nuova lucentezza grazie al raffinato pav\u00e9 che lo incornicia. Un gioiello in oro e diamanti di carattere, facile da indossare sia tutti i giorni che nelle occasioni pi\u00f9 speciali.<\/p>\n","protected":false},"featured_media":886219,"comment_status":"open","ping_status":"closed","template":"","meta":[],"product_brand":[],"product_cat":[3380],"product_tag":[],"class_list":{"0":"post-886616","1":"product","2":"type-product","3":"status-publish","4":"has-post-thumbnail","6":"brand-7106","7":"line-7269","8":"shops-3355","9":"shop_area-3356","11":"first","12":"instock","13":"taxable","14":"shipping-taxable","15":"purchasable","16":"product-type-simple"},"yoast_head":"<!-- This site is optimized with the Yoast SEO plugin v25.3 - https:\/\/yoast.com\/wordpress\/plugins\/seo\/ -->\n<title>Orecchini So Move oro bianco e pav\u00e8 diamanti - Gioielleria Grande<\/title>\n<meta name=\"robots\" content=\"index, follow, max-snippet:-1, max-image-preview:large, max-video-preview:-1\" \/>\n<link rel=\"canonical\" href=\"https:\/\/www.gioielleriagrande.it\/prodotto\/170901\/\" \/>\n<meta property=\"og:locale\" content=\"en_US\" \/>\n<meta property=\"og:type\" content=\"article\" \/>\n<meta property=\"og:title\" content=\"Orecchini So Move oro bianco e pav\u00e8 diamanti - Gioielleria Grande\" \/>\n<meta property=\"og:description\" content=\"La nuova So Move di Val\u00e9rie Messika \u00e8 a tutti gli effetti una collezione di gioielleria must-have! Questi orecchini in oro bianco con diamanti non fanno eccezione. In perfetto equilibrio fra il trendy e l&#039;intramontabile, questo prezioso gioiello valorizza sobriamente l\u2019orecchio, racchiudendo al contempo tutta l\u2019audacia di So Move. Il motivo emblematico della Maison \u00e8 reinterpretato con contorni pi\u00f9 decisi e strutturati. Il diamante mobile brilla di una nuova lucentezza grazie al raffinato pav\u00e9 che lo incornicia. Un gioiello in oro e diamanti di carattere, facile da indossare sia tutti i giorni che nelle occasioni pi\u00f9 speciali.\" \/>\n<meta property=\"og:url\" content=\"https:\/\/www.gioielleriagrande.it\/prodotto\/170901\/\" \/>\n<meta property=\"og:site_name\" content=\"Gioielleria Grande\" \/>\n<meta name=\"twitter:card\" content=\"summary_large_image\" \/>\n<script type=\"application\/ld+json\" class=\"yoast-schema-graph\">{\"@context\":\"https:\/\/schema.org\",\"@graph\":[{\"@type\":\"WebPage\",\"@id\":\"https:\/\/www.gioielleriagrande.it\/prodotto\/170901\/\",\"url\":\"https:\/\/www.gioielleriagrande.it\/prodotto\/170901\/\",\"name\":\"Orecchini So Move oro bianco e pav\u00e8 diamanti - Gioielleria Grande\",\"isPartOf\":{\"@id\":\"https:\/\/www.gioielleriagrande.it\/#website\"},\"primaryImageOfPage\":{\"@id\":\"https:\/\/www.gioielleriagrande.it\/prodotto\/170901\/#primaryimage\"},\"image\":{\"@id\":\"https:\/\/www.gioielleriagrande.it\/prodotto\/170901\/#primaryimage\"},\"thumbnailUrl\":\"https:\/\/www.gioielleriagrande.it\/wp-content\/uploads\/2026\/01\/12931-WG_orecchini-oro-bianco.jpg\",\"datePublished\":\"2026-01-21T17:05:22+00:00\",\"breadcrumb\":{\"@id\":\"https:\/\/www.gioielleriagrande.it\/prodotto\/170901\/#breadcrumb\"},\"inLanguage\":\"en-US\",\"potentialAction\":[{\"@type\":\"ReadAction\",\"target\":[\"https:\/\/www.gioielleriagrande.it\/prodotto\/170901\/\"]}]},{\"@type\":\"ImageObject\",\"inLanguage\":\"en-US\",\"@id\":\"https:\/\/www.gioielleriagrande.it\/prodotto\/170901\/#primaryimage\",\"url\":\"https:\/\/www.gioielleriagrande.it\/wp-content\/uploads\/2026\/01\/12931-WG_orecchini-oro-bianco.jpg\",\"contentUrl\":\"https:\/\/www.gioielleriagrande.it\/wp-content\/uploads\/2026\/01\/12931-WG_orecchini-oro-bianco.jpg\",\"width\":1500,\"height\":1500,\"caption\":\"12931-WG_orecchini oro bianco.jpg\"},{\"@type\":\"BreadcrumbList\",\"@id\":\"https:\/\/www.gioielleriagrande.it\/prodotto\/170901\/#breadcrumb\",\"itemListElement\":[{\"@type\":\"ListItem\",\"position\":1,\"name\":\"Home\",\"item\":\"https:\/\/www.gioielleriagrande.it\/\"},{\"@type\":\"ListItem\",\"position\":2,\"name\":\"Shop\",\"item\":\"https:\/\/www.gioielleriagrande.it\/negozio\/\"},{\"@type\":\"ListItem\",\"position\":3,\"name\":\"Orecchini So Move oro bianco e pav\u00e8 diamanti\"}]},{\"@type\":\"WebSite\",\"@id\":\"https:\/\/www.gioielleriagrande.it\/#website\",\"url\":\"https:\/\/www.gioielleriagrande.it\/\",\"name\":\"Gioielleria Grande\",\"description\":\"\",\"potentialAction\":[{\"@type\":\"SearchAction\",\"target\":{\"@type\":\"EntryPoint\",\"urlTemplate\":\"https:\/\/www.gioielleriagrande.it\/?s={search_term_string}\"},\"query-input\":{\"@type\":\"PropertyValueSpecification\",\"valueRequired\":true,\"valueName\":\"search_term_string\"}}],\"inLanguage\":\"en-US\"}]}<\/script>\n<!-- \/ Yoast SEO plugin. -->","yoast_head_json":{"title":"Orecchini So Move oro bianco e pav\u00e8 diamanti - Gioielleria Grande","robots":{"index":"index","follow":"follow","max-snippet":"max-snippet:-1","max-image-preview":"max-image-preview:large","max-video-preview":"max-video-preview:-1"},"canonical":"https:\/\/www.gioielleriagrande.it\/prodotto\/170901\/","og_locale":"en_US","og_type":"article","og_title":"Orecchini So Move oro bianco e pav\u00e8 diamanti - Gioielleria Grande","og_description":"La nuova So Move di Val\u00e9rie Messika \u00e8 a tutti gli effetti una collezione di gioielleria must-have! Questi orecchini in oro bianco con diamanti non fanno eccezione. In perfetto equilibrio fra il trendy e l'intramontabile, questo prezioso gioiello valorizza sobriamente l\u2019orecchio, racchiudendo al contempo tutta l\u2019audacia di So Move. Il motivo emblematico della Maison \u00e8 reinterpretato con contorni pi\u00f9 decisi e strutturati. Il diamante mobile brilla di una nuova lucentezza grazie al raffinato pav\u00e9 che lo incornicia. Un gioiello in oro e diamanti di carattere, facile da indossare sia tutti i giorni che nelle occasioni pi\u00f9 speciali.","og_url":"https:\/\/www.gioielleriagrande.it\/prodotto\/170901\/","og_site_name":"Gioielleria Grande","twitter_card":"summary_large_image","schema":{"@context":"https:\/\/schema.org","@graph":[{"@type":"WebPage","@id":"https:\/\/www.gioielleriagrande.it\/prodotto\/170901\/","url":"https:\/\/www.gioielleriagrande.it\/prodotto\/170901\/","name":"Orecchini So Move oro bianco e pav\u00e8 diamanti - Gioielleria Grande","isPartOf":{"@id":"https:\/\/www.gioielleriagrande.it\/#website"},"primaryImageOfPage":{"@id":"https:\/\/www.gioielleriagrande.it\/prodotto\/170901\/#primaryimage"},"image":{"@id":"https:\/\/www.gioielleriagrande.it\/prodotto\/170901\/#primaryimage"},"thumbnailUrl":"https:\/\/www.gioielleriagrande.it\/wp-content\/uploads\/2026\/01\/12931-WG_orecchini-oro-bianco.jpg","datePublished":"2026-01-21T17:05:22+00:00","breadcrumb":{"@id":"https:\/\/www.gioielleriagrande.it\/prodotto\/170901\/#breadcrumb"},"inLanguage":"en-US","potentialAction":[{"@type":"ReadAction","target":["https:\/\/www.gioielleriagrande.it\/prodotto\/170901\/"]}]},{"@type":"ImageObject","inLanguage":"en-US","@id":"https:\/\/www.gioielleriagrande.it\/prodotto\/170901\/#primaryimage","url":"https:\/\/www.gioielleriagrande.it\/wp-content\/uploads\/2026\/01\/12931-WG_orecchini-oro-bianco.jpg","contentUrl":"https:\/\/www.gioielleriagrande.it\/wp-content\/uploads\/2026\/01\/12931-WG_orecchini-oro-bianco.jpg","width":1500,"height":1500,"caption":"12931-WG_orecchini oro bianco.jpg"},{"@type":"BreadcrumbList","@id":"https:\/\/www.gioielleriagrande.it\/prodotto\/170901\/#breadcrumb","itemListElement":[{"@type":"ListItem","position":1,"name":"Home","item":"https:\/\/www.gioielleriagrande.it\/"},{"@type":"ListItem","position":2,"name":"Shop","item":"https:\/\/www.gioielleriagrande.it\/negozio\/"},{"@type":"ListItem","position":3,"name":"Orecchini So Move oro bianco e pav\u00e8 diamanti"}]},{"@type":"WebSite","@id":"https:\/\/www.gioielleriagrande.it\/#website","url":"https:\/\/www.gioielleriagrande.it\/","name":"Gioielleria Grande","description":"","potentialAction":[{"@type":"SearchAction","target":{"@type":"EntryPoint","urlTemplate":"https:\/\/www.gioielleriagrande.it\/?s={search_term_string}"},"query-input":{"@type":"PropertyValueSpecification","valueRequired":true,"valueName":"search_term_string"}}],"inLanguage":"en-US"}]}},"_links":{"self":[{"href":"https:\/\/www.gioielleriagrande.it\/en\/wp-json\/wp\/v2\/product\/886616","targetHints":{"allow":["GET"]}}],"collection":[{"href":"https:\/\/www.gioielleriagrande.it\/en\/wp-json\/wp\/v2\/product"}],"about":[{"href":"https:\/\/www.gioielleriagrande.it\/en\/wp-json\/wp\/v2\/types\/product"}],"replies":[{"embeddable":true,"href":"https:\/\/www.gioielleriagrande.it\/en\/wp-json\/wp\/v2\/comments?post=886616"}],"wp:featuredmedia":[{"embeddable":true,"href":"https:\/\/www.gioielleriagrande.it\/en\/wp-json\/wp\/v2\/media\/886219"}],"wp:attachment":[{"href":"https:\/\/www.gioielleriagrande.it\/en\/wp-json\/wp\/v2\/media?parent=886616"}],"wp:term":[{"taxonomy":"product_brand","embeddable":true,"href":"https:\/\/www.gioielleriagrande.it\/en\/wp-json\/wp\/v2\/product_brand?post=886616"},{"taxonomy":"product_cat","embeddable":true,"href":"https:\/\/www.gioielleriagrande.it\/en\/wp-json\/wp\/v2\/product_cat?post=886616"},{"taxonomy":"product_tag","embeddable":true,"href":"https:\/\/www.gioielleriagrande.it\/en\/wp-json\/wp\/v2\/product_tag?post=886616"}],"curies":[{"name":"wp","href":"https:\/\/api.w.org\/{rel}","templated":true}]}}