{"id":886624,"date":"2026-01-21T18:05:35","date_gmt":"2026-01-21T17:05:35","guid":{"rendered":"https:\/\/www.gioielleriagrande.it\/prodotto\/170905\/"},"modified":"2026-01-21T18:05:35","modified_gmt":"2026-01-21T17:05:35","slug":"170905","status":"publish","type":"product","link":"https:\/\/www.gioielleriagrande.it\/en\/prodotto\/170905\/","title":{"rendered":"Anello Move Uno grande, oro giallo e diamante"},"content":{"rendered":"<p>Questo anello con diamante Move Uno grande in oro giallo \u00e8 assolutamente irresistibile! La luminosit\u00e0 dell&#8217;oro giallo e lo splendore del diamante in movimento si uniscono per dare vita a un modello iconico, dalle linee essenziali. La sua linea decisa e traforata conferisce una delicata sensualit\u00e0, mentre il diamante centrale sfoggia la sua purezza muovendosi in libert\u00e0. Declinato in una versione pi\u00f9 grande rispetto al modello originale, questo anello con diamante da donna \u00e8 un alleato di stile perfetto per tutti i giorni.<\/p>\n","protected":false},"excerpt":{"rendered":"<p>Questo anello con diamante Move Uno grande in oro giallo \u00e8 assolutamente irresistibile! La luminosit\u00e0 dell&#8217;oro giallo e lo splendore del diamante in movimento si uniscono per dare vita a un modello iconico, dalle linee essenziali. La sua linea decisa e traforata conferisce una delicata sensualit\u00e0, mentre il diamante centrale sfoggia la sua purezza muovendosi in libert\u00e0. Declinato in una versione pi\u00f9 grande rispetto al modello originale, questo anello con diamante da donna \u00e8 un alleato di stile perfetto per tutti i giorni.<\/p>\n","protected":false},"featured_media":885753,"comment_status":"open","ping_status":"closed","template":"","meta":[],"product_brand":[],"product_cat":[7970],"product_tag":[],"class_list":{"0":"post-886624","1":"product","2":"type-product","3":"status-publish","4":"has-post-thumbnail","6":"brand-7106","7":"line-7929","8":"shops-3355","9":"shop_area-3356","11":"first","12":"instock","13":"taxable","14":"shipping-taxable","15":"purchasable","16":"product-type-simple"},"yoast_head":"<!-- This site is optimized with the Yoast SEO plugin v25.3 - https:\/\/yoast.com\/wordpress\/plugins\/seo\/ -->\n<title>Anello Move Uno grande, oro giallo e diamante - Gioielleria Grande<\/title>\n<meta name=\"robots\" content=\"index, follow, max-snippet:-1, max-image-preview:large, max-video-preview:-1\" \/>\n<link rel=\"canonical\" href=\"https:\/\/www.gioielleriagrande.it\/prodotto\/170905\/\" \/>\n<meta property=\"og:locale\" content=\"en_US\" \/>\n<meta property=\"og:type\" content=\"article\" \/>\n<meta property=\"og:title\" content=\"Anello Move Uno grande, oro giallo e diamante - Gioielleria Grande\" \/>\n<meta property=\"og:description\" content=\"Questo anello con diamante Move Uno grande in oro giallo \u00e8 assolutamente irresistibile! La luminosit\u00e0 dell&#039;oro giallo e lo splendore del diamante in movimento si uniscono per dare vita a un modello iconico, dalle linee essenziali. La sua linea decisa e traforata conferisce una delicata sensualit\u00e0, mentre il diamante centrale sfoggia la sua purezza muovendosi in libert\u00e0. Declinato in una versione pi\u00f9 grande rispetto al modello originale, questo anello con diamante da donna \u00e8 un alleato di stile perfetto per tutti i giorni.\" \/>\n<meta property=\"og:url\" content=\"https:\/\/www.gioielleriagrande.it\/prodotto\/170905\/\" \/>\n<meta property=\"og:site_name\" content=\"Gioielleria Grande\" \/>\n<meta name=\"twitter:card\" content=\"summary_large_image\" \/>\n<script type=\"application\/ld+json\" class=\"yoast-schema-graph\">{\"@context\":\"https:\/\/schema.org\",\"@graph\":[{\"@type\":\"WebPage\",\"@id\":\"https:\/\/www.gioielleriagrande.it\/prodotto\/170905\/\",\"url\":\"https:\/\/www.gioielleriagrande.it\/prodotto\/170905\/\",\"name\":\"Anello Move Uno grande, oro giallo e diamante - Gioielleria Grande\",\"isPartOf\":{\"@id\":\"https:\/\/www.gioielleriagrande.it\/#website\"},\"primaryImageOfPage\":{\"@id\":\"https:\/\/www.gioielleriagrande.it\/prodotto\/170905\/#primaryimage\"},\"image\":{\"@id\":\"https:\/\/www.gioielleriagrande.it\/prodotto\/170905\/#primaryimage\"},\"thumbnailUrl\":\"https:\/\/www.gioielleriagrande.it\/wp-content\/uploads\/2026\/01\/12390-YG-53_move-uno-mg.jpg\",\"datePublished\":\"2026-01-21T17:05:35+00:00\",\"breadcrumb\":{\"@id\":\"https:\/\/www.gioielleriagrande.it\/prodotto\/170905\/#breadcrumb\"},\"inLanguage\":\"en-US\",\"potentialAction\":[{\"@type\":\"ReadAction\",\"target\":[\"https:\/\/www.gioielleriagrande.it\/prodotto\/170905\/\"]}]},{\"@type\":\"ImageObject\",\"inLanguage\":\"en-US\",\"@id\":\"https:\/\/www.gioielleriagrande.it\/prodotto\/170905\/#primaryimage\",\"url\":\"https:\/\/www.gioielleriagrande.it\/wp-content\/uploads\/2026\/01\/12390-YG-53_move-uno-mg.jpg\",\"contentUrl\":\"https:\/\/www.gioielleriagrande.it\/wp-content\/uploads\/2026\/01\/12390-YG-53_move-uno-mg.jpg\",\"width\":1500,\"height\":1500,\"caption\":\"12390-YG-53_move uno mg.jpg\"},{\"@type\":\"BreadcrumbList\",\"@id\":\"https:\/\/www.gioielleriagrande.it\/prodotto\/170905\/#breadcrumb\",\"itemListElement\":[{\"@type\":\"ListItem\",\"position\":1,\"name\":\"Home\",\"item\":\"https:\/\/www.gioielleriagrande.it\/\"},{\"@type\":\"ListItem\",\"position\":2,\"name\":\"Shop\",\"item\":\"https:\/\/www.gioielleriagrande.it\/negozio\/\"},{\"@type\":\"ListItem\",\"position\":3,\"name\":\"Anello Move Uno grande, oro giallo e diamante\"}]},{\"@type\":\"WebSite\",\"@id\":\"https:\/\/www.gioielleriagrande.it\/#website\",\"url\":\"https:\/\/www.gioielleriagrande.it\/\",\"name\":\"Gioielleria Grande\",\"description\":\"\",\"potentialAction\":[{\"@type\":\"SearchAction\",\"target\":{\"@type\":\"EntryPoint\",\"urlTemplate\":\"https:\/\/www.gioielleriagrande.it\/?s={search_term_string}\"},\"query-input\":{\"@type\":\"PropertyValueSpecification\",\"valueRequired\":true,\"valueName\":\"search_term_string\"}}],\"inLanguage\":\"en-US\"}]}<\/script>\n<!-- \/ Yoast SEO plugin. -->","yoast_head_json":{"title":"Anello Move Uno grande, oro giallo e diamante - Gioielleria Grande","robots":{"index":"index","follow":"follow","max-snippet":"max-snippet:-1","max-image-preview":"max-image-preview:large","max-video-preview":"max-video-preview:-1"},"canonical":"https:\/\/www.gioielleriagrande.it\/prodotto\/170905\/","og_locale":"en_US","og_type":"article","og_title":"Anello Move Uno grande, oro giallo e diamante - Gioielleria Grande","og_description":"Questo anello con diamante Move Uno grande in oro giallo \u00e8 assolutamente irresistibile! La luminosit\u00e0 dell'oro giallo e lo splendore del diamante in movimento si uniscono per dare vita a un modello iconico, dalle linee essenziali. La sua linea decisa e traforata conferisce una delicata sensualit\u00e0, mentre il diamante centrale sfoggia la sua purezza muovendosi in libert\u00e0. Declinato in una versione pi\u00f9 grande rispetto al modello originale, questo anello con diamante da donna \u00e8 un alleato di stile perfetto per tutti i giorni.","og_url":"https:\/\/www.gioielleriagrande.it\/prodotto\/170905\/","og_site_name":"Gioielleria Grande","twitter_card":"summary_large_image","schema":{"@context":"https:\/\/schema.org","@graph":[{"@type":"WebPage","@id":"https:\/\/www.gioielleriagrande.it\/prodotto\/170905\/","url":"https:\/\/www.gioielleriagrande.it\/prodotto\/170905\/","name":"Anello Move Uno grande, oro giallo e diamante - Gioielleria Grande","isPartOf":{"@id":"https:\/\/www.gioielleriagrande.it\/#website"},"primaryImageOfPage":{"@id":"https:\/\/www.gioielleriagrande.it\/prodotto\/170905\/#primaryimage"},"image":{"@id":"https:\/\/www.gioielleriagrande.it\/prodotto\/170905\/#primaryimage"},"thumbnailUrl":"https:\/\/www.gioielleriagrande.it\/wp-content\/uploads\/2026\/01\/12390-YG-53_move-uno-mg.jpg","datePublished":"2026-01-21T17:05:35+00:00","breadcrumb":{"@id":"https:\/\/www.gioielleriagrande.it\/prodotto\/170905\/#breadcrumb"},"inLanguage":"en-US","potentialAction":[{"@type":"ReadAction","target":["https:\/\/www.gioielleriagrande.it\/prodotto\/170905\/"]}]},{"@type":"ImageObject","inLanguage":"en-US","@id":"https:\/\/www.gioielleriagrande.it\/prodotto\/170905\/#primaryimage","url":"https:\/\/www.gioielleriagrande.it\/wp-content\/uploads\/2026\/01\/12390-YG-53_move-uno-mg.jpg","contentUrl":"https:\/\/www.gioielleriagrande.it\/wp-content\/uploads\/2026\/01\/12390-YG-53_move-uno-mg.jpg","width":1500,"height":1500,"caption":"12390-YG-53_move uno mg.jpg"},{"@type":"BreadcrumbList","@id":"https:\/\/www.gioielleriagrande.it\/prodotto\/170905\/#breadcrumb","itemListElement":[{"@type":"ListItem","position":1,"name":"Home","item":"https:\/\/www.gioielleriagrande.it\/"},{"@type":"ListItem","position":2,"name":"Shop","item":"https:\/\/www.gioielleriagrande.it\/negozio\/"},{"@type":"ListItem","position":3,"name":"Anello Move Uno grande, oro giallo e diamante"}]},{"@type":"WebSite","@id":"https:\/\/www.gioielleriagrande.it\/#website","url":"https:\/\/www.gioielleriagrande.it\/","name":"Gioielleria Grande","description":"","potentialAction":[{"@type":"SearchAction","target":{"@type":"EntryPoint","urlTemplate":"https:\/\/www.gioielleriagrande.it\/?s={search_term_string}"},"query-input":{"@type":"PropertyValueSpecification","valueRequired":true,"valueName":"search_term_string"}}],"inLanguage":"en-US"}]}},"_links":{"self":[{"href":"https:\/\/www.gioielleriagrande.it\/en\/wp-json\/wp\/v2\/product\/886624","targetHints":{"allow":["GET"]}}],"collection":[{"href":"https:\/\/www.gioielleriagrande.it\/en\/wp-json\/wp\/v2\/product"}],"about":[{"href":"https:\/\/www.gioielleriagrande.it\/en\/wp-json\/wp\/v2\/types\/product"}],"replies":[{"embeddable":true,"href":"https:\/\/www.gioielleriagrande.it\/en\/wp-json\/wp\/v2\/comments?post=886624"}],"wp:featuredmedia":[{"embeddable":true,"href":"https:\/\/www.gioielleriagrande.it\/en\/wp-json\/wp\/v2\/media\/885753"}],"wp:attachment":[{"href":"https:\/\/www.gioielleriagrande.it\/en\/wp-json\/wp\/v2\/media?parent=886624"}],"wp:term":[{"taxonomy":"product_brand","embeddable":true,"href":"https:\/\/www.gioielleriagrande.it\/en\/wp-json\/wp\/v2\/product_brand?post=886624"},{"taxonomy":"product_cat","embeddable":true,"href":"https:\/\/www.gioielleriagrande.it\/en\/wp-json\/wp\/v2\/product_cat?post=886624"},{"taxonomy":"product_tag","embeddable":true,"href":"https:\/\/www.gioielleriagrande.it\/en\/wp-json\/wp\/v2\/product_tag?post=886624"}],"curies":[{"name":"wp","href":"https:\/\/api.w.org\/{rel}","templated":true}]}}