{"id":886643,"date":"2026-01-21T18:06:03","date_gmt":"2026-01-21T17:06:03","guid":{"rendered":"https:\/\/www.gioielleriagrande.it\/prodotto\/170915\/"},"modified":"2026-01-21T18:06:03","modified_gmt":"2026-01-21T17:06:03","slug":"170915","status":"publish","type":"product","link":"https:\/\/www.gioielleriagrande.it\/en\/prodotto\/170915\/","title":{"rendered":"Bracciale rigido Move Noa piccolo, oro rosa e diamanti"},"content":{"rendered":"<p>Salito sin dalla sua creazione al rango di must-have, il bracciale rigido con diamanti Noa, detto anche bracciale bangle, si reinventa quest\u2019anno in una versione pi\u00f9 sottile. Un tocco di essenzialit\u00e0 e luminosit\u00e0 per sublimare il codice grafico della Maison. Declinato in oro rosa 18 carati, questo bracciale bangle da donna con diamanti si indossa stretto sul polso. Gioiello prezioso estremamente sensuale, questo nastro d\u2019oro mette ancor pi\u00f9 in risalto i suoi tre diamanti mobili.<\/p>\n","protected":false},"excerpt":{"rendered":"<p>Salito sin dalla sua creazione al rango di must-have, il bracciale rigido con diamanti Noa, detto anche bracciale bangle, si reinventa quest\u2019anno in una versione pi\u00f9 sottile. Un tocco di essenzialit\u00e0 e luminosit\u00e0 per sublimare il codice grafico della Maison. Declinato in oro rosa 18 carati, questo bracciale bangle da donna con diamanti si indossa stretto sul polso. Gioiello prezioso estremamente sensuale, questo nastro d\u2019oro mette ancor pi\u00f9 in risalto i suoi tre diamanti mobili.<\/p>\n","protected":false},"featured_media":886315,"comment_status":"open","ping_status":"closed","template":"","meta":[],"product_brand":[],"product_cat":[7973],"product_tag":[],"class_list":{"0":"post-886643","1":"product","2":"type-product","3":"status-publish","4":"has-post-thumbnail","6":"brand-7106","7":"line-7947","8":"shops-3355","9":"shop_area-3356","11":"first","12":"instock","13":"taxable","14":"shipping-taxable","15":"purchasable","16":"product-type-simple"},"yoast_head":"<!-- This site is optimized with the Yoast SEO plugin v25.3 - https:\/\/yoast.com\/wordpress\/plugins\/seo\/ -->\n<title>Bracciale rigido Move Noa piccolo, oro rosa e diamanti - Gioielleria Grande<\/title>\n<meta name=\"robots\" content=\"index, follow, max-snippet:-1, max-image-preview:large, max-video-preview:-1\" \/>\n<link rel=\"canonical\" href=\"https:\/\/www.gioielleriagrande.it\/prodotto\/170915\/\" \/>\n<meta property=\"og:locale\" content=\"en_US\" \/>\n<meta property=\"og:type\" content=\"article\" \/>\n<meta property=\"og:title\" content=\"Bracciale rigido Move Noa piccolo, oro rosa e diamanti - Gioielleria Grande\" \/>\n<meta property=\"og:description\" content=\"Salito sin dalla sua creazione al rango di must-have, il bracciale rigido con diamanti Noa, detto anche bracciale bangle, si reinventa quest\u2019anno in una versione pi\u00f9 sottile. Un tocco di essenzialit\u00e0 e luminosit\u00e0 per sublimare il codice grafico della Maison. Declinato in oro rosa 18 carati, questo bracciale bangle da donna con diamanti si indossa stretto sul polso. Gioiello prezioso estremamente sensuale, questo nastro d\u2019oro mette ancor pi\u00f9 in risalto i suoi tre diamanti mobili.\" \/>\n<meta property=\"og:url\" content=\"https:\/\/www.gioielleriagrande.it\/prodotto\/170915\/\" \/>\n<meta property=\"og:site_name\" content=\"Gioielleria Grande\" \/>\n<meta name=\"twitter:card\" content=\"summary_large_image\" \/>\n<script type=\"application\/ld+json\" class=\"yoast-schema-graph\">{\"@context\":\"https:\/\/schema.org\",\"@graph\":[{\"@type\":\"WebPage\",\"@id\":\"https:\/\/www.gioielleriagrande.it\/prodotto\/170915\/\",\"url\":\"https:\/\/www.gioielleriagrande.it\/prodotto\/170915\/\",\"name\":\"Bracciale rigido Move Noa piccolo, oro rosa e diamanti - Gioielleria Grande\",\"isPartOf\":{\"@id\":\"https:\/\/www.gioielleriagrande.it\/#website\"},\"primaryImageOfPage\":{\"@id\":\"https:\/\/www.gioielleriagrande.it\/prodotto\/170915\/#primaryimage\"},\"image\":{\"@id\":\"https:\/\/www.gioielleriagrande.it\/prodotto\/170915\/#primaryimage\"},\"thumbnailUrl\":\"https:\/\/www.gioielleriagrande.it\/wp-content\/uploads\/2026\/01\/10092-PG-M_bracciale-rigido-oro-rosa.jpg\",\"datePublished\":\"2026-01-21T17:06:03+00:00\",\"breadcrumb\":{\"@id\":\"https:\/\/www.gioielleriagrande.it\/prodotto\/170915\/#breadcrumb\"},\"inLanguage\":\"en-US\",\"potentialAction\":[{\"@type\":\"ReadAction\",\"target\":[\"https:\/\/www.gioielleriagrande.it\/prodotto\/170915\/\"]}]},{\"@type\":\"ImageObject\",\"inLanguage\":\"en-US\",\"@id\":\"https:\/\/www.gioielleriagrande.it\/prodotto\/170915\/#primaryimage\",\"url\":\"https:\/\/www.gioielleriagrande.it\/wp-content\/uploads\/2026\/01\/10092-PG-M_bracciale-rigido-oro-rosa.jpg\",\"contentUrl\":\"https:\/\/www.gioielleriagrande.it\/wp-content\/uploads\/2026\/01\/10092-PG-M_bracciale-rigido-oro-rosa.jpg\",\"width\":1500,\"height\":1500,\"caption\":\"10092-PG-M_bracciale rigido oro rosa.jpg\"},{\"@type\":\"BreadcrumbList\",\"@id\":\"https:\/\/www.gioielleriagrande.it\/prodotto\/170915\/#breadcrumb\",\"itemListElement\":[{\"@type\":\"ListItem\",\"position\":1,\"name\":\"Home\",\"item\":\"https:\/\/www.gioielleriagrande.it\/\"},{\"@type\":\"ListItem\",\"position\":2,\"name\":\"Shop\",\"item\":\"https:\/\/www.gioielleriagrande.it\/negozio\/\"},{\"@type\":\"ListItem\",\"position\":3,\"name\":\"Bracciale rigido Move Noa piccolo, oro rosa e diamanti\"}]},{\"@type\":\"WebSite\",\"@id\":\"https:\/\/www.gioielleriagrande.it\/#website\",\"url\":\"https:\/\/www.gioielleriagrande.it\/\",\"name\":\"Gioielleria Grande\",\"description\":\"\",\"potentialAction\":[{\"@type\":\"SearchAction\",\"target\":{\"@type\":\"EntryPoint\",\"urlTemplate\":\"https:\/\/www.gioielleriagrande.it\/?s={search_term_string}\"},\"query-input\":{\"@type\":\"PropertyValueSpecification\",\"valueRequired\":true,\"valueName\":\"search_term_string\"}}],\"inLanguage\":\"en-US\"}]}<\/script>\n<!-- \/ Yoast SEO plugin. -->","yoast_head_json":{"title":"Bracciale rigido Move Noa piccolo, oro rosa e diamanti - Gioielleria Grande","robots":{"index":"index","follow":"follow","max-snippet":"max-snippet:-1","max-image-preview":"max-image-preview:large","max-video-preview":"max-video-preview:-1"},"canonical":"https:\/\/www.gioielleriagrande.it\/prodotto\/170915\/","og_locale":"en_US","og_type":"article","og_title":"Bracciale rigido Move Noa piccolo, oro rosa e diamanti - Gioielleria Grande","og_description":"Salito sin dalla sua creazione al rango di must-have, il bracciale rigido con diamanti Noa, detto anche bracciale bangle, si reinventa quest\u2019anno in una versione pi\u00f9 sottile. Un tocco di essenzialit\u00e0 e luminosit\u00e0 per sublimare il codice grafico della Maison. Declinato in oro rosa 18 carati, questo bracciale bangle da donna con diamanti si indossa stretto sul polso. Gioiello prezioso estremamente sensuale, questo nastro d\u2019oro mette ancor pi\u00f9 in risalto i suoi tre diamanti mobili.","og_url":"https:\/\/www.gioielleriagrande.it\/prodotto\/170915\/","og_site_name":"Gioielleria Grande","twitter_card":"summary_large_image","schema":{"@context":"https:\/\/schema.org","@graph":[{"@type":"WebPage","@id":"https:\/\/www.gioielleriagrande.it\/prodotto\/170915\/","url":"https:\/\/www.gioielleriagrande.it\/prodotto\/170915\/","name":"Bracciale rigido Move Noa piccolo, oro rosa e diamanti - Gioielleria Grande","isPartOf":{"@id":"https:\/\/www.gioielleriagrande.it\/#website"},"primaryImageOfPage":{"@id":"https:\/\/www.gioielleriagrande.it\/prodotto\/170915\/#primaryimage"},"image":{"@id":"https:\/\/www.gioielleriagrande.it\/prodotto\/170915\/#primaryimage"},"thumbnailUrl":"https:\/\/www.gioielleriagrande.it\/wp-content\/uploads\/2026\/01\/10092-PG-M_bracciale-rigido-oro-rosa.jpg","datePublished":"2026-01-21T17:06:03+00:00","breadcrumb":{"@id":"https:\/\/www.gioielleriagrande.it\/prodotto\/170915\/#breadcrumb"},"inLanguage":"en-US","potentialAction":[{"@type":"ReadAction","target":["https:\/\/www.gioielleriagrande.it\/prodotto\/170915\/"]}]},{"@type":"ImageObject","inLanguage":"en-US","@id":"https:\/\/www.gioielleriagrande.it\/prodotto\/170915\/#primaryimage","url":"https:\/\/www.gioielleriagrande.it\/wp-content\/uploads\/2026\/01\/10092-PG-M_bracciale-rigido-oro-rosa.jpg","contentUrl":"https:\/\/www.gioielleriagrande.it\/wp-content\/uploads\/2026\/01\/10092-PG-M_bracciale-rigido-oro-rosa.jpg","width":1500,"height":1500,"caption":"10092-PG-M_bracciale rigido oro rosa.jpg"},{"@type":"BreadcrumbList","@id":"https:\/\/www.gioielleriagrande.it\/prodotto\/170915\/#breadcrumb","itemListElement":[{"@type":"ListItem","position":1,"name":"Home","item":"https:\/\/www.gioielleriagrande.it\/"},{"@type":"ListItem","position":2,"name":"Shop","item":"https:\/\/www.gioielleriagrande.it\/negozio\/"},{"@type":"ListItem","position":3,"name":"Bracciale rigido Move Noa piccolo, oro rosa e diamanti"}]},{"@type":"WebSite","@id":"https:\/\/www.gioielleriagrande.it\/#website","url":"https:\/\/www.gioielleriagrande.it\/","name":"Gioielleria Grande","description":"","potentialAction":[{"@type":"SearchAction","target":{"@type":"EntryPoint","urlTemplate":"https:\/\/www.gioielleriagrande.it\/?s={search_term_string}"},"query-input":{"@type":"PropertyValueSpecification","valueRequired":true,"valueName":"search_term_string"}}],"inLanguage":"en-US"}]}},"_links":{"self":[{"href":"https:\/\/www.gioielleriagrande.it\/en\/wp-json\/wp\/v2\/product\/886643","targetHints":{"allow":["GET"]}}],"collection":[{"href":"https:\/\/www.gioielleriagrande.it\/en\/wp-json\/wp\/v2\/product"}],"about":[{"href":"https:\/\/www.gioielleriagrande.it\/en\/wp-json\/wp\/v2\/types\/product"}],"replies":[{"embeddable":true,"href":"https:\/\/www.gioielleriagrande.it\/en\/wp-json\/wp\/v2\/comments?post=886643"}],"wp:featuredmedia":[{"embeddable":true,"href":"https:\/\/www.gioielleriagrande.it\/en\/wp-json\/wp\/v2\/media\/886315"}],"wp:attachment":[{"href":"https:\/\/www.gioielleriagrande.it\/en\/wp-json\/wp\/v2\/media?parent=886643"}],"wp:term":[{"taxonomy":"product_brand","embeddable":true,"href":"https:\/\/www.gioielleriagrande.it\/en\/wp-json\/wp\/v2\/product_brand?post=886643"},{"taxonomy":"product_cat","embeddable":true,"href":"https:\/\/www.gioielleriagrande.it\/en\/wp-json\/wp\/v2\/product_cat?post=886643"},{"taxonomy":"product_tag","embeddable":true,"href":"https:\/\/www.gioielleriagrande.it\/en\/wp-json\/wp\/v2\/product_tag?post=886643"}],"curies":[{"name":"wp","href":"https:\/\/api.w.org\/{rel}","templated":true}]}}