{"id":886649,"date":"2026-01-21T18:06:12","date_gmt":"2026-01-21T17:06:12","guid":{"rendered":"https:\/\/www.gioielleriagrande.it\/prodotto\/170918\/"},"modified":"2026-01-21T18:06:12","modified_gmt":"2026-01-21T17:06:12","slug":"170918","status":"publish","type":"product","link":"https:\/\/www.gioielleriagrande.it\/en\/prodotto\/170918\/","title":{"rendered":"Orecchini My Twin Toi &amp; Moi con pav\u00e9 di diamanti, oro rosa"},"content":{"rendered":"<p>Lasciati incantare dagli orecchini di diamanti e oro rosa My Twin Toi &amp; Moi. Modello di tendenza, questi orecchini da 0,15 carati in oro rosa con pav\u00e9 sono perfetti per celebrare un momento speciale della vita come una promessa. Su ogni orecchino in oro rosa, la forma a monachella con il diamante taglio a goccia da 0,15 carati passa sul retro dell\u2019orecchio, arrivando sotto il lobo. Questa parte presenta diversi fori che permettono di regolare l\u2019altezza degli orecchini o di indossarli come un modello a lobo, con un diamante taglio smeraldo da 0,15 carati. Indossa questi orecchini in oro rosa e diamanti in coppia o in versione asimmetrica per uno stile alla moda. Presentati qui in oro rosa 18 carati, illumineranno il viso, qualunque sia la sua carnagione. Questa variet\u00e0 di oro si adatta infatti sia alle pelli pi\u00f9 chiare che a quelle pi\u00f9 scure. Ti piacciono questi orecchini in oro rosa con diamanti? Scopri tutti gli altri preziosi orecchini delle nostre collezioni di gioielleria!<\/p>\n","protected":false},"excerpt":{"rendered":"<p>Lasciati incantare dagli orecchini di diamanti e oro rosa My Twin Toi &amp; Moi. Modello di tendenza, questi orecchini da 0,15 carati in oro rosa con pav\u00e9 sono perfetti per celebrare un momento speciale della vita come una promessa. Su ogni orecchino in oro rosa, la forma a monachella con il diamante taglio a goccia da 0,15 carati passa sul retro dell\u2019orecchio, arrivando sotto il lobo. Questa parte presenta diversi fori che permettono di regolare l\u2019altezza degli orecchini o di indossarli come un modello a lobo, con un diamante taglio smeraldo da 0,15 carati. Indossa questi orecchini in oro rosa e diamanti in coppia o in versione asimmetrica per uno stile alla moda. Presentati qui in oro rosa 18 carati, illumineranno il viso, qualunque sia la sua carnagione. Questa variet\u00e0 di oro si adatta infatti sia alle pelli pi\u00f9 chiare che a quelle pi\u00f9 scure. Ti piacciono questi orecchini in oro rosa con diamanti? Scopri tutti gli altri preziosi orecchini delle nostre collezioni di gioielleria!<\/p>\n","protected":false},"featured_media":885767,"comment_status":"open","ping_status":"closed","template":"","meta":[],"product_brand":[],"product_cat":[3380],"product_tag":[],"class_list":{"0":"post-886649","1":"product","2":"type-product","3":"status-publish","4":"has-post-thumbnail","6":"brand-7106","7":"line-8206","8":"shops-3355","9":"shop_area-3356","11":"first","12":"instock","13":"taxable","14":"shipping-taxable","15":"purchasable","16":"product-type-simple"},"yoast_head":"<!-- This site is optimized with the Yoast SEO plugin v25.3 - https:\/\/yoast.com\/wordpress\/plugins\/seo\/ -->\n<title>Orecchini My Twin Toi &amp; Moi con pav\u00e9 di diamanti, oro rosa - Gioielleria Grande<\/title>\n<meta name=\"robots\" content=\"index, follow, max-snippet:-1, max-image-preview:large, max-video-preview:-1\" \/>\n<link rel=\"canonical\" href=\"https:\/\/www.gioielleriagrande.it\/prodotto\/170918\/\" \/>\n<meta property=\"og:locale\" content=\"en_US\" \/>\n<meta property=\"og:type\" content=\"article\" \/>\n<meta property=\"og:title\" content=\"Orecchini My Twin Toi &amp; Moi con pav\u00e9 di diamanti, oro rosa - Gioielleria Grande\" \/>\n<meta property=\"og:description\" content=\"Lasciati incantare dagli orecchini di diamanti e oro rosa My Twin Toi &amp; Moi. Modello di tendenza, questi orecchini da 0,15 carati in oro rosa con pav\u00e9 sono perfetti per celebrare un momento speciale della vita come una promessa. Su ogni orecchino in oro rosa, la forma a monachella con il diamante taglio a goccia da 0,15 carati passa sul retro dell\u2019orecchio, arrivando sotto il lobo. Questa parte presenta diversi fori che permettono di regolare l\u2019altezza degli orecchini o di indossarli come un modello a lobo, con un diamante taglio smeraldo da 0,15 carati. Indossa questi orecchini in oro rosa e diamanti in coppia o in versione asimmetrica per uno stile alla moda. Presentati qui in oro rosa 18 carati, illumineranno il viso, qualunque sia la sua carnagione. Questa variet\u00e0 di oro si adatta infatti sia alle pelli pi\u00f9 chiare che a quelle pi\u00f9 scure. Ti piacciono questi orecchini in oro rosa con diamanti? Scopri tutti gli altri preziosi orecchini delle nostre collezioni di gioielleria!\" \/>\n<meta property=\"og:url\" content=\"https:\/\/www.gioielleriagrande.it\/prodotto\/170918\/\" \/>\n<meta property=\"og:site_name\" content=\"Gioielleria Grande\" \/>\n<meta name=\"twitter:card\" content=\"summary_large_image\" \/>\n<meta name=\"twitter:label1\" content=\"Est. reading time\" \/>\n\t<meta name=\"twitter:data1\" content=\"1 minute\" \/>\n<script type=\"application\/ld+json\" class=\"yoast-schema-graph\">{\"@context\":\"https:\/\/schema.org\",\"@graph\":[{\"@type\":\"WebPage\",\"@id\":\"https:\/\/www.gioielleriagrande.it\/prodotto\/170918\/\",\"url\":\"https:\/\/www.gioielleriagrande.it\/prodotto\/170918\/\",\"name\":\"Orecchini My Twin Toi &amp; Moi con pav\u00e9 di diamanti, oro rosa - Gioielleria Grande\",\"isPartOf\":{\"@id\":\"https:\/\/www.gioielleriagrande.it\/#website\"},\"primaryImageOfPage\":{\"@id\":\"https:\/\/www.gioielleriagrande.it\/prodotto\/170918\/#primaryimage\"},\"image\":{\"@id\":\"https:\/\/www.gioielleriagrande.it\/prodotto\/170918\/#primaryimage\"},\"thumbnailUrl\":\"https:\/\/www.gioielleriagrande.it\/wp-content\/uploads\/2026\/01\/06504-PG_orecchini-diamanti-.jpg\",\"datePublished\":\"2026-01-21T17:06:12+00:00\",\"breadcrumb\":{\"@id\":\"https:\/\/www.gioielleriagrande.it\/prodotto\/170918\/#breadcrumb\"},\"inLanguage\":\"en-US\",\"potentialAction\":[{\"@type\":\"ReadAction\",\"target\":[\"https:\/\/www.gioielleriagrande.it\/prodotto\/170918\/\"]}]},{\"@type\":\"ImageObject\",\"inLanguage\":\"en-US\",\"@id\":\"https:\/\/www.gioielleriagrande.it\/prodotto\/170918\/#primaryimage\",\"url\":\"https:\/\/www.gioielleriagrande.it\/wp-content\/uploads\/2026\/01\/06504-PG_orecchini-diamanti-.jpg\",\"contentUrl\":\"https:\/\/www.gioielleriagrande.it\/wp-content\/uploads\/2026\/01\/06504-PG_orecchini-diamanti-.jpg\",\"width\":1500,\"height\":1500,\"caption\":\"06504-PG_orecchini diamanti .jpg\"},{\"@type\":\"BreadcrumbList\",\"@id\":\"https:\/\/www.gioielleriagrande.it\/prodotto\/170918\/#breadcrumb\",\"itemListElement\":[{\"@type\":\"ListItem\",\"position\":1,\"name\":\"Home\",\"item\":\"https:\/\/www.gioielleriagrande.it\/\"},{\"@type\":\"ListItem\",\"position\":2,\"name\":\"Shop\",\"item\":\"https:\/\/www.gioielleriagrande.it\/negozio\/\"},{\"@type\":\"ListItem\",\"position\":3,\"name\":\"Orecchini My Twin Toi &amp; Moi con pav\u00e9 di diamanti, oro rosa\"}]},{\"@type\":\"WebSite\",\"@id\":\"https:\/\/www.gioielleriagrande.it\/#website\",\"url\":\"https:\/\/www.gioielleriagrande.it\/\",\"name\":\"Gioielleria Grande\",\"description\":\"\",\"potentialAction\":[{\"@type\":\"SearchAction\",\"target\":{\"@type\":\"EntryPoint\",\"urlTemplate\":\"https:\/\/www.gioielleriagrande.it\/?s={search_term_string}\"},\"query-input\":{\"@type\":\"PropertyValueSpecification\",\"valueRequired\":true,\"valueName\":\"search_term_string\"}}],\"inLanguage\":\"en-US\"}]}<\/script>\n<!-- \/ Yoast SEO plugin. -->","yoast_head_json":{"title":"Orecchini My Twin Toi &amp; Moi con pav\u00e9 di diamanti, oro rosa - Gioielleria Grande","robots":{"index":"index","follow":"follow","max-snippet":"max-snippet:-1","max-image-preview":"max-image-preview:large","max-video-preview":"max-video-preview:-1"},"canonical":"https:\/\/www.gioielleriagrande.it\/prodotto\/170918\/","og_locale":"en_US","og_type":"article","og_title":"Orecchini My Twin Toi &amp; Moi con pav\u00e9 di diamanti, oro rosa - Gioielleria Grande","og_description":"Lasciati incantare dagli orecchini di diamanti e oro rosa My Twin Toi &amp; Moi. Modello di tendenza, questi orecchini da 0,15 carati in oro rosa con pav\u00e9 sono perfetti per celebrare un momento speciale della vita come una promessa. Su ogni orecchino in oro rosa, la forma a monachella con il diamante taglio a goccia da 0,15 carati passa sul retro dell\u2019orecchio, arrivando sotto il lobo. Questa parte presenta diversi fori che permettono di regolare l\u2019altezza degli orecchini o di indossarli come un modello a lobo, con un diamante taglio smeraldo da 0,15 carati. Indossa questi orecchini in oro rosa e diamanti in coppia o in versione asimmetrica per uno stile alla moda. Presentati qui in oro rosa 18 carati, illumineranno il viso, qualunque sia la sua carnagione. Questa variet\u00e0 di oro si adatta infatti sia alle pelli pi\u00f9 chiare che a quelle pi\u00f9 scure. Ti piacciono questi orecchini in oro rosa con diamanti? Scopri tutti gli altri preziosi orecchini delle nostre collezioni di gioielleria!","og_url":"https:\/\/www.gioielleriagrande.it\/prodotto\/170918\/","og_site_name":"Gioielleria Grande","twitter_card":"summary_large_image","twitter_misc":{"Est. reading time":"1 minute"},"schema":{"@context":"https:\/\/schema.org","@graph":[{"@type":"WebPage","@id":"https:\/\/www.gioielleriagrande.it\/prodotto\/170918\/","url":"https:\/\/www.gioielleriagrande.it\/prodotto\/170918\/","name":"Orecchini My Twin Toi &amp; Moi con pav\u00e9 di diamanti, oro rosa - Gioielleria Grande","isPartOf":{"@id":"https:\/\/www.gioielleriagrande.it\/#website"},"primaryImageOfPage":{"@id":"https:\/\/www.gioielleriagrande.it\/prodotto\/170918\/#primaryimage"},"image":{"@id":"https:\/\/www.gioielleriagrande.it\/prodotto\/170918\/#primaryimage"},"thumbnailUrl":"https:\/\/www.gioielleriagrande.it\/wp-content\/uploads\/2026\/01\/06504-PG_orecchini-diamanti-.jpg","datePublished":"2026-01-21T17:06:12+00:00","breadcrumb":{"@id":"https:\/\/www.gioielleriagrande.it\/prodotto\/170918\/#breadcrumb"},"inLanguage":"en-US","potentialAction":[{"@type":"ReadAction","target":["https:\/\/www.gioielleriagrande.it\/prodotto\/170918\/"]}]},{"@type":"ImageObject","inLanguage":"en-US","@id":"https:\/\/www.gioielleriagrande.it\/prodotto\/170918\/#primaryimage","url":"https:\/\/www.gioielleriagrande.it\/wp-content\/uploads\/2026\/01\/06504-PG_orecchini-diamanti-.jpg","contentUrl":"https:\/\/www.gioielleriagrande.it\/wp-content\/uploads\/2026\/01\/06504-PG_orecchini-diamanti-.jpg","width":1500,"height":1500,"caption":"06504-PG_orecchini diamanti .jpg"},{"@type":"BreadcrumbList","@id":"https:\/\/www.gioielleriagrande.it\/prodotto\/170918\/#breadcrumb","itemListElement":[{"@type":"ListItem","position":1,"name":"Home","item":"https:\/\/www.gioielleriagrande.it\/"},{"@type":"ListItem","position":2,"name":"Shop","item":"https:\/\/www.gioielleriagrande.it\/negozio\/"},{"@type":"ListItem","position":3,"name":"Orecchini My Twin Toi &amp; Moi con pav\u00e9 di diamanti, oro rosa"}]},{"@type":"WebSite","@id":"https:\/\/www.gioielleriagrande.it\/#website","url":"https:\/\/www.gioielleriagrande.it\/","name":"Gioielleria Grande","description":"","potentialAction":[{"@type":"SearchAction","target":{"@type":"EntryPoint","urlTemplate":"https:\/\/www.gioielleriagrande.it\/?s={search_term_string}"},"query-input":{"@type":"PropertyValueSpecification","valueRequired":true,"valueName":"search_term_string"}}],"inLanguage":"en-US"}]}},"_links":{"self":[{"href":"https:\/\/www.gioielleriagrande.it\/en\/wp-json\/wp\/v2\/product\/886649","targetHints":{"allow":["GET"]}}],"collection":[{"href":"https:\/\/www.gioielleriagrande.it\/en\/wp-json\/wp\/v2\/product"}],"about":[{"href":"https:\/\/www.gioielleriagrande.it\/en\/wp-json\/wp\/v2\/types\/product"}],"replies":[{"embeddable":true,"href":"https:\/\/www.gioielleriagrande.it\/en\/wp-json\/wp\/v2\/comments?post=886649"}],"wp:featuredmedia":[{"embeddable":true,"href":"https:\/\/www.gioielleriagrande.it\/en\/wp-json\/wp\/v2\/media\/885767"}],"wp:attachment":[{"href":"https:\/\/www.gioielleriagrande.it\/en\/wp-json\/wp\/v2\/media?parent=886649"}],"wp:term":[{"taxonomy":"product_brand","embeddable":true,"href":"https:\/\/www.gioielleriagrande.it\/en\/wp-json\/wp\/v2\/product_brand?post=886649"},{"taxonomy":"product_cat","embeddable":true,"href":"https:\/\/www.gioielleriagrande.it\/en\/wp-json\/wp\/v2\/product_cat?post=886649"},{"taxonomy":"product_tag","embeddable":true,"href":"https:\/\/www.gioielleriagrande.it\/en\/wp-json\/wp\/v2\/product_tag?post=886649"}],"curies":[{"name":"wp","href":"https:\/\/api.w.org\/{rel}","templated":true}]}}