{"id":886653,"date":"2026-01-21T18:06:18","date_gmt":"2026-01-21T17:06:18","guid":{"rendered":"https:\/\/www.gioielleriagrande.it\/prodotto\/170920\/"},"modified":"2026-01-21T18:06:18","modified_gmt":"2026-01-21T17:06:18","slug":"170920","status":"publish","type":"product","link":"https:\/\/www.gioielleriagrande.it\/en\/prodotto\/170920\/","title":{"rendered":"Bracciale Joy XS, oro bianco e diamanti"},"content":{"rendered":"<p>Valorizzare la regina delle pietre conferendole maggiore risalto: da questa visione nasce il bracciale in oro bianco con diamanti Joy. Al centro si trova un diamante taglio rotondo. Intorno, un halo di luce proveniente da una cornice di diamanti taglio brillante, la cui brillantezza \u00e8 esaltata dalla tecnica della microincastonatura. La catena in oro bianco \u00e8 arricchita da due diamanti, un dettaglio prezioso e originale che \u00e8 diventato l&#8217;emblema della Maison di gioielleria Messika. Il bracciale con diamanti in oro bianco Joy pu\u00f2 essere indossato da solo, come un prezioso filo di diamanti o da abbinare, nello stile boho- chic del gioielliere parigino, il bracciale con diamanti in oro bianco Joy celebra una femminilit\u00e0 elegante, libera e moderna.<\/p>\n","protected":false},"excerpt":{"rendered":"<p>Valorizzare la regina delle pietre conferendole maggiore risalto: da questa visione nasce il bracciale in oro bianco con diamanti Joy. Al centro si trova un diamante taglio rotondo. Intorno, un halo di luce proveniente da una cornice di diamanti taglio brillante, la cui brillantezza \u00e8 esaltata dalla tecnica della microincastonatura. La catena in oro bianco \u00e8 arricchita da due diamanti, un dettaglio prezioso e originale che \u00e8 diventato l&#8217;emblema della Maison di gioielleria Messika. Il bracciale con diamanti in oro bianco Joy pu\u00f2 essere indossato da solo, come un prezioso filo di diamanti o da abbinare, nello stile boho- chic del gioielliere parigino, il bracciale con diamanti in oro bianco Joy celebra una femminilit\u00e0 elegante, libera e moderna.<\/p>\n","protected":false},"featured_media":886336,"comment_status":"open","ping_status":"closed","template":"","meta":[],"product_brand":[],"product_cat":[7973],"product_tag":[],"class_list":{"0":"post-886653","1":"product","2":"type-product","3":"status-publish","4":"has-post-thumbnail","6":"brand-7106","7":"line-8208","8":"shops-3355","9":"shop_area-3356","11":"first","12":"instock","13":"taxable","14":"shipping-taxable","15":"purchasable","16":"product-type-simple"},"yoast_head":"<!-- This site is optimized with the Yoast SEO plugin v25.3 - https:\/\/yoast.com\/wordpress\/plugins\/seo\/ -->\n<title>Bracciale Joy XS, oro bianco e diamanti - Gioielleria Grande<\/title>\n<meta name=\"robots\" content=\"index, follow, max-snippet:-1, max-image-preview:large, max-video-preview:-1\" \/>\n<link rel=\"canonical\" href=\"https:\/\/www.gioielleriagrande.it\/prodotto\/170920\/\" \/>\n<meta property=\"og:locale\" content=\"en_US\" \/>\n<meta property=\"og:type\" content=\"article\" \/>\n<meta property=\"og:title\" content=\"Bracciale Joy XS, oro bianco e diamanti - Gioielleria Grande\" \/>\n<meta property=\"og:description\" content=\"Valorizzare la regina delle pietre conferendole maggiore risalto: da questa visione nasce il bracciale in oro bianco con diamanti Joy. Al centro si trova un diamante taglio rotondo. Intorno, un halo di luce proveniente da una cornice di diamanti taglio brillante, la cui brillantezza \u00e8 esaltata dalla tecnica della microincastonatura. La catena in oro bianco \u00e8 arricchita da due diamanti, un dettaglio prezioso e originale che \u00e8 diventato l&#039;emblema della Maison di gioielleria Messika. Il bracciale con diamanti in oro bianco Joy pu\u00f2 essere indossato da solo, come un prezioso filo di diamanti o da abbinare, nello stile boho- chic del gioielliere parigino, il bracciale con diamanti in oro bianco Joy celebra una femminilit\u00e0 elegante, libera e moderna.\" \/>\n<meta property=\"og:url\" content=\"https:\/\/www.gioielleriagrande.it\/prodotto\/170920\/\" \/>\n<meta property=\"og:site_name\" content=\"Gioielleria Grande\" \/>\n<meta name=\"twitter:card\" content=\"summary_large_image\" \/>\n<meta name=\"twitter:label1\" content=\"Est. reading time\" \/>\n\t<meta name=\"twitter:data1\" content=\"1 minute\" \/>\n<script type=\"application\/ld+json\" class=\"yoast-schema-graph\">{\"@context\":\"https:\/\/schema.org\",\"@graph\":[{\"@type\":\"WebPage\",\"@id\":\"https:\/\/www.gioielleriagrande.it\/prodotto\/170920\/\",\"url\":\"https:\/\/www.gioielleriagrande.it\/prodotto\/170920\/\",\"name\":\"Bracciale Joy XS, oro bianco e diamanti - Gioielleria Grande\",\"isPartOf\":{\"@id\":\"https:\/\/www.gioielleriagrande.it\/#website\"},\"primaryImageOfPage\":{\"@id\":\"https:\/\/www.gioielleriagrande.it\/prodotto\/170920\/#primaryimage\"},\"image\":{\"@id\":\"https:\/\/www.gioielleriagrande.it\/prodotto\/170920\/#primaryimage\"},\"thumbnailUrl\":\"https:\/\/www.gioielleriagrande.it\/wp-content\/uploads\/2026\/01\/utf-8BMDUzMzctV0dfYnJhY2NpYWxlIHBhdmXMgCBvcm8gYmlhbmNvLmpwZw\",\"datePublished\":\"2026-01-21T17:06:18+00:00\",\"breadcrumb\":{\"@id\":\"https:\/\/www.gioielleriagrande.it\/prodotto\/170920\/#breadcrumb\"},\"inLanguage\":\"en-US\",\"potentialAction\":[{\"@type\":\"ReadAction\",\"target\":[\"https:\/\/www.gioielleriagrande.it\/prodotto\/170920\/\"]}]},{\"@type\":\"ImageObject\",\"inLanguage\":\"en-US\",\"@id\":\"https:\/\/www.gioielleriagrande.it\/prodotto\/170920\/#primaryimage\",\"url\":\"https:\/\/www.gioielleriagrande.it\/wp-content\/uploads\/2026\/01\/utf-8BMDUzMzctV0dfYnJhY2NpYWxlIHBhdmXMgCBvcm8gYmlhbmNvLmpwZw\",\"contentUrl\":\"https:\/\/www.gioielleriagrande.it\/wp-content\/uploads\/2026\/01\/utf-8BMDUzMzctV0dfYnJhY2NpYWxlIHBhdmXMgCBvcm8gYmlhbmNvLmpwZw\",\"width\":1500,\"height\":1500,\"caption\":\"05337-WG_bracciale pave\u0300 oro bianco.jpg\"},{\"@type\":\"BreadcrumbList\",\"@id\":\"https:\/\/www.gioielleriagrande.it\/prodotto\/170920\/#breadcrumb\",\"itemListElement\":[{\"@type\":\"ListItem\",\"position\":1,\"name\":\"Home\",\"item\":\"https:\/\/www.gioielleriagrande.it\/\"},{\"@type\":\"ListItem\",\"position\":2,\"name\":\"Shop\",\"item\":\"https:\/\/www.gioielleriagrande.it\/negozio\/\"},{\"@type\":\"ListItem\",\"position\":3,\"name\":\"Bracciale Joy XS, oro bianco e diamanti\"}]},{\"@type\":\"WebSite\",\"@id\":\"https:\/\/www.gioielleriagrande.it\/#website\",\"url\":\"https:\/\/www.gioielleriagrande.it\/\",\"name\":\"Gioielleria Grande\",\"description\":\"\",\"potentialAction\":[{\"@type\":\"SearchAction\",\"target\":{\"@type\":\"EntryPoint\",\"urlTemplate\":\"https:\/\/www.gioielleriagrande.it\/?s={search_term_string}\"},\"query-input\":{\"@type\":\"PropertyValueSpecification\",\"valueRequired\":true,\"valueName\":\"search_term_string\"}}],\"inLanguage\":\"en-US\"}]}<\/script>\n<!-- \/ Yoast SEO plugin. -->","yoast_head_json":{"title":"Bracciale Joy XS, oro bianco e diamanti - Gioielleria Grande","robots":{"index":"index","follow":"follow","max-snippet":"max-snippet:-1","max-image-preview":"max-image-preview:large","max-video-preview":"max-video-preview:-1"},"canonical":"https:\/\/www.gioielleriagrande.it\/prodotto\/170920\/","og_locale":"en_US","og_type":"article","og_title":"Bracciale Joy XS, oro bianco e diamanti - Gioielleria Grande","og_description":"Valorizzare la regina delle pietre conferendole maggiore risalto: da questa visione nasce il bracciale in oro bianco con diamanti Joy. Al centro si trova un diamante taglio rotondo. Intorno, un halo di luce proveniente da una cornice di diamanti taglio brillante, la cui brillantezza \u00e8 esaltata dalla tecnica della microincastonatura. La catena in oro bianco \u00e8 arricchita da due diamanti, un dettaglio prezioso e originale che \u00e8 diventato l'emblema della Maison di gioielleria Messika. Il bracciale con diamanti in oro bianco Joy pu\u00f2 essere indossato da solo, come un prezioso filo di diamanti o da abbinare, nello stile boho- chic del gioielliere parigino, il bracciale con diamanti in oro bianco Joy celebra una femminilit\u00e0 elegante, libera e moderna.","og_url":"https:\/\/www.gioielleriagrande.it\/prodotto\/170920\/","og_site_name":"Gioielleria Grande","twitter_card":"summary_large_image","twitter_misc":{"Est. reading time":"1 minute"},"schema":{"@context":"https:\/\/schema.org","@graph":[{"@type":"WebPage","@id":"https:\/\/www.gioielleriagrande.it\/prodotto\/170920\/","url":"https:\/\/www.gioielleriagrande.it\/prodotto\/170920\/","name":"Bracciale Joy XS, oro bianco e diamanti - Gioielleria Grande","isPartOf":{"@id":"https:\/\/www.gioielleriagrande.it\/#website"},"primaryImageOfPage":{"@id":"https:\/\/www.gioielleriagrande.it\/prodotto\/170920\/#primaryimage"},"image":{"@id":"https:\/\/www.gioielleriagrande.it\/prodotto\/170920\/#primaryimage"},"thumbnailUrl":"https:\/\/www.gioielleriagrande.it\/wp-content\/uploads\/2026\/01\/utf-8BMDUzMzctV0dfYnJhY2NpYWxlIHBhdmXMgCBvcm8gYmlhbmNvLmpwZw","datePublished":"2026-01-21T17:06:18+00:00","breadcrumb":{"@id":"https:\/\/www.gioielleriagrande.it\/prodotto\/170920\/#breadcrumb"},"inLanguage":"en-US","potentialAction":[{"@type":"ReadAction","target":["https:\/\/www.gioielleriagrande.it\/prodotto\/170920\/"]}]},{"@type":"ImageObject","inLanguage":"en-US","@id":"https:\/\/www.gioielleriagrande.it\/prodotto\/170920\/#primaryimage","url":"https:\/\/www.gioielleriagrande.it\/wp-content\/uploads\/2026\/01\/utf-8BMDUzMzctV0dfYnJhY2NpYWxlIHBhdmXMgCBvcm8gYmlhbmNvLmpwZw","contentUrl":"https:\/\/www.gioielleriagrande.it\/wp-content\/uploads\/2026\/01\/utf-8BMDUzMzctV0dfYnJhY2NpYWxlIHBhdmXMgCBvcm8gYmlhbmNvLmpwZw","width":1500,"height":1500,"caption":"05337-WG_bracciale pave\u0300 oro bianco.jpg"},{"@type":"BreadcrumbList","@id":"https:\/\/www.gioielleriagrande.it\/prodotto\/170920\/#breadcrumb","itemListElement":[{"@type":"ListItem","position":1,"name":"Home","item":"https:\/\/www.gioielleriagrande.it\/"},{"@type":"ListItem","position":2,"name":"Shop","item":"https:\/\/www.gioielleriagrande.it\/negozio\/"},{"@type":"ListItem","position":3,"name":"Bracciale Joy XS, oro bianco e diamanti"}]},{"@type":"WebSite","@id":"https:\/\/www.gioielleriagrande.it\/#website","url":"https:\/\/www.gioielleriagrande.it\/","name":"Gioielleria Grande","description":"","potentialAction":[{"@type":"SearchAction","target":{"@type":"EntryPoint","urlTemplate":"https:\/\/www.gioielleriagrande.it\/?s={search_term_string}"},"query-input":{"@type":"PropertyValueSpecification","valueRequired":true,"valueName":"search_term_string"}}],"inLanguage":"en-US"}]}},"_links":{"self":[{"href":"https:\/\/www.gioielleriagrande.it\/en\/wp-json\/wp\/v2\/product\/886653","targetHints":{"allow":["GET"]}}],"collection":[{"href":"https:\/\/www.gioielleriagrande.it\/en\/wp-json\/wp\/v2\/product"}],"about":[{"href":"https:\/\/www.gioielleriagrande.it\/en\/wp-json\/wp\/v2\/types\/product"}],"replies":[{"embeddable":true,"href":"https:\/\/www.gioielleriagrande.it\/en\/wp-json\/wp\/v2\/comments?post=886653"}],"wp:featuredmedia":[{"embeddable":true,"href":"https:\/\/www.gioielleriagrande.it\/en\/wp-json\/wp\/v2\/media\/886336"}],"wp:attachment":[{"href":"https:\/\/www.gioielleriagrande.it\/en\/wp-json\/wp\/v2\/media?parent=886653"}],"wp:term":[{"taxonomy":"product_brand","embeddable":true,"href":"https:\/\/www.gioielleriagrande.it\/en\/wp-json\/wp\/v2\/product_brand?post=886653"},{"taxonomy":"product_cat","embeddable":true,"href":"https:\/\/www.gioielleriagrande.it\/en\/wp-json\/wp\/v2\/product_cat?post=886653"},{"taxonomy":"product_tag","embeddable":true,"href":"https:\/\/www.gioielleriagrande.it\/en\/wp-json\/wp\/v2\/product_tag?post=886653"}],"curies":[{"name":"wp","href":"https:\/\/api.w.org\/{rel}","templated":true}]}}