{"id":886669,"date":"2026-01-21T18:06:43","date_gmt":"2026-01-21T17:06:43","guid":{"rendered":"https:\/\/www.gioielleriagrande.it\/prodotto\/170928\/"},"modified":"2026-01-21T18:06:43","modified_gmt":"2026-01-21T17:06:43","slug":"170928","status":"publish","type":"product","link":"https:\/\/www.gioielleriagrande.it\/en\/prodotto\/170928\/","title":{"rendered":"Bracciale Move Classique Pav\u00e9, oro bianco e diamanti"},"content":{"rendered":"<p>Questo bracciale a doppia catena in oro bianco con pav\u00e9 di diamanti \u00e8 interamente realizzato a mano e presenta tre diamanti incastonati taglio brillante da 0,08 carati ciascuno. Questo bracciale in oro bianco fa parte della collezione di gioielleria Move, icona della Maison Messika. Questo gioiello da donna spicca per il suo design moderno e per la rotondit\u00e0 della sua gabbia con un delicato pav\u00e9. Il movimento dei tre diamanti &#8211; simbolo dell&#8217;amore di ieri, oggi e domani &#8211; esalta lo splendore delle pietre accuratamente selezionate. Perfetto per simboleggiare un momento prezioso, questo bracciale a doppia catena con diamante avvolge il polso con forza e audacia. In questa versione in oro bianco 18 carati, il bracciale da donna in oro bianco con pav\u00e9 di diamanti \u00e8 facile da indossare. La sua tonalit\u00e0 discreta lo rende il metallo preferito per i diamanti e favorisce la brillantezza di ogni pietra.<\/p>\n","protected":false},"excerpt":{"rendered":"<p>Questo bracciale a doppia catena in oro bianco con pav\u00e9 di diamanti \u00e8 interamente realizzato a mano e presenta tre diamanti incastonati taglio brillante da 0,08 carati ciascuno. Questo bracciale in oro bianco fa parte della collezione di gioielleria Move, icona della Maison Messika. Questo gioiello da donna spicca per il suo design moderno e per la rotondit\u00e0 della sua gabbia con un delicato pav\u00e9. Il movimento dei tre diamanti &#8211; simbolo dell&#8217;amore di ieri, oggi e domani &#8211; esalta lo splendore delle pietre accuratamente selezionate. Perfetto per simboleggiare un momento prezioso, questo bracciale a doppia catena con diamante avvolge il polso con forza e audacia. In questa versione in oro bianco 18 carati, il bracciale da donna in oro bianco con pav\u00e9 di diamanti \u00e8 facile da indossare. La sua tonalit\u00e0 discreta lo rende il metallo preferito per i diamanti e favorisce la brillantezza di ogni pietra.<\/p>\n","protected":false},"featured_media":885789,"comment_status":"open","ping_status":"closed","template":"","meta":[],"product_brand":[],"product_cat":[7973],"product_tag":[],"class_list":{"0":"post-886669","1":"product","2":"type-product","3":"status-publish","4":"has-post-thumbnail","6":"brand-7106","7":"line-7977","8":"shops-3355","9":"shop_area-3356","11":"first","12":"instock","13":"taxable","14":"shipping-taxable","15":"purchasable","16":"product-type-simple"},"yoast_head":"<!-- This site is optimized with the Yoast SEO plugin v25.3 - https:\/\/yoast.com\/wordpress\/plugins\/seo\/ -->\n<title>Bracciale Move Classique Pav\u00e9, oro bianco e diamanti - Gioielleria Grande<\/title>\n<meta name=\"robots\" content=\"index, follow, max-snippet:-1, max-image-preview:large, max-video-preview:-1\" \/>\n<link rel=\"canonical\" href=\"https:\/\/www.gioielleriagrande.it\/prodotto\/170928\/\" \/>\n<meta property=\"og:locale\" content=\"en_US\" \/>\n<meta property=\"og:type\" content=\"article\" \/>\n<meta property=\"og:title\" content=\"Bracciale Move Classique Pav\u00e9, oro bianco e diamanti - Gioielleria Grande\" \/>\n<meta property=\"og:description\" content=\"Questo bracciale a doppia catena in oro bianco con pav\u00e9 di diamanti \u00e8 interamente realizzato a mano e presenta tre diamanti incastonati taglio brillante da 0,08 carati ciascuno. Questo bracciale in oro bianco fa parte della collezione di gioielleria Move, icona della Maison Messika. Questo gioiello da donna spicca per il suo design moderno e per la rotondit\u00e0 della sua gabbia con un delicato pav\u00e9. Il movimento dei tre diamanti - simbolo dell&#039;amore di ieri, oggi e domani - esalta lo splendore delle pietre accuratamente selezionate. Perfetto per simboleggiare un momento prezioso, questo bracciale a doppia catena con diamante avvolge il polso con forza e audacia. In questa versione in oro bianco 18 carati, il bracciale da donna in oro bianco con pav\u00e9 di diamanti \u00e8 facile da indossare. La sua tonalit\u00e0 discreta lo rende il metallo preferito per i diamanti e favorisce la brillantezza di ogni pietra.\" \/>\n<meta property=\"og:url\" content=\"https:\/\/www.gioielleriagrande.it\/prodotto\/170928\/\" \/>\n<meta property=\"og:site_name\" content=\"Gioielleria Grande\" \/>\n<meta name=\"twitter:card\" content=\"summary_large_image\" \/>\n<meta name=\"twitter:label1\" content=\"Est. reading time\" \/>\n\t<meta name=\"twitter:data1\" content=\"1 minute\" \/>\n<script type=\"application\/ld+json\" class=\"yoast-schema-graph\">{\"@context\":\"https:\/\/schema.org\",\"@graph\":[{\"@type\":\"WebPage\",\"@id\":\"https:\/\/www.gioielleriagrande.it\/prodotto\/170928\/\",\"url\":\"https:\/\/www.gioielleriagrande.it\/prodotto\/170928\/\",\"name\":\"Bracciale Move Classique Pav\u00e9, oro bianco e diamanti - Gioielleria Grande\",\"isPartOf\":{\"@id\":\"https:\/\/www.gioielleriagrande.it\/#website\"},\"primaryImageOfPage\":{\"@id\":\"https:\/\/www.gioielleriagrande.it\/prodotto\/170928\/#primaryimage\"},\"image\":{\"@id\":\"https:\/\/www.gioielleriagrande.it\/prodotto\/170928\/#primaryimage\"},\"thumbnailUrl\":\"https:\/\/www.gioielleriagrande.it\/wp-content\/uploads\/2026\/01\/03995-WG_move-classique-oro-bianco_bracciale.jpg\",\"datePublished\":\"2026-01-21T17:06:43+00:00\",\"breadcrumb\":{\"@id\":\"https:\/\/www.gioielleriagrande.it\/prodotto\/170928\/#breadcrumb\"},\"inLanguage\":\"en-US\",\"potentialAction\":[{\"@type\":\"ReadAction\",\"target\":[\"https:\/\/www.gioielleriagrande.it\/prodotto\/170928\/\"]}]},{\"@type\":\"ImageObject\",\"inLanguage\":\"en-US\",\"@id\":\"https:\/\/www.gioielleriagrande.it\/prodotto\/170928\/#primaryimage\",\"url\":\"https:\/\/www.gioielleriagrande.it\/wp-content\/uploads\/2026\/01\/03995-WG_move-classique-oro-bianco_bracciale.jpg\",\"contentUrl\":\"https:\/\/www.gioielleriagrande.it\/wp-content\/uploads\/2026\/01\/03995-WG_move-classique-oro-bianco_bracciale.jpg\",\"width\":1500,\"height\":1500,\"caption\":\"03995-WG_move classique oro bianco_bracciale.jpg\"},{\"@type\":\"BreadcrumbList\",\"@id\":\"https:\/\/www.gioielleriagrande.it\/prodotto\/170928\/#breadcrumb\",\"itemListElement\":[{\"@type\":\"ListItem\",\"position\":1,\"name\":\"Home\",\"item\":\"https:\/\/www.gioielleriagrande.it\/\"},{\"@type\":\"ListItem\",\"position\":2,\"name\":\"Shop\",\"item\":\"https:\/\/www.gioielleriagrande.it\/negozio\/\"},{\"@type\":\"ListItem\",\"position\":3,\"name\":\"Bracciale Move Classique Pav\u00e9, oro bianco e diamanti\"}]},{\"@type\":\"WebSite\",\"@id\":\"https:\/\/www.gioielleriagrande.it\/#website\",\"url\":\"https:\/\/www.gioielleriagrande.it\/\",\"name\":\"Gioielleria Grande\",\"description\":\"\",\"potentialAction\":[{\"@type\":\"SearchAction\",\"target\":{\"@type\":\"EntryPoint\",\"urlTemplate\":\"https:\/\/www.gioielleriagrande.it\/?s={search_term_string}\"},\"query-input\":{\"@type\":\"PropertyValueSpecification\",\"valueRequired\":true,\"valueName\":\"search_term_string\"}}],\"inLanguage\":\"en-US\"}]}<\/script>\n<!-- \/ Yoast SEO plugin. -->","yoast_head_json":{"title":"Bracciale Move Classique Pav\u00e9, oro bianco e diamanti - Gioielleria Grande","robots":{"index":"index","follow":"follow","max-snippet":"max-snippet:-1","max-image-preview":"max-image-preview:large","max-video-preview":"max-video-preview:-1"},"canonical":"https:\/\/www.gioielleriagrande.it\/prodotto\/170928\/","og_locale":"en_US","og_type":"article","og_title":"Bracciale Move Classique Pav\u00e9, oro bianco e diamanti - Gioielleria Grande","og_description":"Questo bracciale a doppia catena in oro bianco con pav\u00e9 di diamanti \u00e8 interamente realizzato a mano e presenta tre diamanti incastonati taglio brillante da 0,08 carati ciascuno. Questo bracciale in oro bianco fa parte della collezione di gioielleria Move, icona della Maison Messika. Questo gioiello da donna spicca per il suo design moderno e per la rotondit\u00e0 della sua gabbia con un delicato pav\u00e9. Il movimento dei tre diamanti - simbolo dell'amore di ieri, oggi e domani - esalta lo splendore delle pietre accuratamente selezionate. Perfetto per simboleggiare un momento prezioso, questo bracciale a doppia catena con diamante avvolge il polso con forza e audacia. In questa versione in oro bianco 18 carati, il bracciale da donna in oro bianco con pav\u00e9 di diamanti \u00e8 facile da indossare. La sua tonalit\u00e0 discreta lo rende il metallo preferito per i diamanti e favorisce la brillantezza di ogni pietra.","og_url":"https:\/\/www.gioielleriagrande.it\/prodotto\/170928\/","og_site_name":"Gioielleria Grande","twitter_card":"summary_large_image","twitter_misc":{"Est. reading time":"1 minute"},"schema":{"@context":"https:\/\/schema.org","@graph":[{"@type":"WebPage","@id":"https:\/\/www.gioielleriagrande.it\/prodotto\/170928\/","url":"https:\/\/www.gioielleriagrande.it\/prodotto\/170928\/","name":"Bracciale Move Classique Pav\u00e9, oro bianco e diamanti - Gioielleria Grande","isPartOf":{"@id":"https:\/\/www.gioielleriagrande.it\/#website"},"primaryImageOfPage":{"@id":"https:\/\/www.gioielleriagrande.it\/prodotto\/170928\/#primaryimage"},"image":{"@id":"https:\/\/www.gioielleriagrande.it\/prodotto\/170928\/#primaryimage"},"thumbnailUrl":"https:\/\/www.gioielleriagrande.it\/wp-content\/uploads\/2026\/01\/03995-WG_move-classique-oro-bianco_bracciale.jpg","datePublished":"2026-01-21T17:06:43+00:00","breadcrumb":{"@id":"https:\/\/www.gioielleriagrande.it\/prodotto\/170928\/#breadcrumb"},"inLanguage":"en-US","potentialAction":[{"@type":"ReadAction","target":["https:\/\/www.gioielleriagrande.it\/prodotto\/170928\/"]}]},{"@type":"ImageObject","inLanguage":"en-US","@id":"https:\/\/www.gioielleriagrande.it\/prodotto\/170928\/#primaryimage","url":"https:\/\/www.gioielleriagrande.it\/wp-content\/uploads\/2026\/01\/03995-WG_move-classique-oro-bianco_bracciale.jpg","contentUrl":"https:\/\/www.gioielleriagrande.it\/wp-content\/uploads\/2026\/01\/03995-WG_move-classique-oro-bianco_bracciale.jpg","width":1500,"height":1500,"caption":"03995-WG_move classique oro bianco_bracciale.jpg"},{"@type":"BreadcrumbList","@id":"https:\/\/www.gioielleriagrande.it\/prodotto\/170928\/#breadcrumb","itemListElement":[{"@type":"ListItem","position":1,"name":"Home","item":"https:\/\/www.gioielleriagrande.it\/"},{"@type":"ListItem","position":2,"name":"Shop","item":"https:\/\/www.gioielleriagrande.it\/negozio\/"},{"@type":"ListItem","position":3,"name":"Bracciale Move Classique Pav\u00e9, oro bianco e diamanti"}]},{"@type":"WebSite","@id":"https:\/\/www.gioielleriagrande.it\/#website","url":"https:\/\/www.gioielleriagrande.it\/","name":"Gioielleria Grande","description":"","potentialAction":[{"@type":"SearchAction","target":{"@type":"EntryPoint","urlTemplate":"https:\/\/www.gioielleriagrande.it\/?s={search_term_string}"},"query-input":{"@type":"PropertyValueSpecification","valueRequired":true,"valueName":"search_term_string"}}],"inLanguage":"en-US"}]}},"_links":{"self":[{"href":"https:\/\/www.gioielleriagrande.it\/en\/wp-json\/wp\/v2\/product\/886669","targetHints":{"allow":["GET"]}}],"collection":[{"href":"https:\/\/www.gioielleriagrande.it\/en\/wp-json\/wp\/v2\/product"}],"about":[{"href":"https:\/\/www.gioielleriagrande.it\/en\/wp-json\/wp\/v2\/types\/product"}],"replies":[{"embeddable":true,"href":"https:\/\/www.gioielleriagrande.it\/en\/wp-json\/wp\/v2\/comments?post=886669"}],"wp:featuredmedia":[{"embeddable":true,"href":"https:\/\/www.gioielleriagrande.it\/en\/wp-json\/wp\/v2\/media\/885789"}],"wp:attachment":[{"href":"https:\/\/www.gioielleriagrande.it\/en\/wp-json\/wp\/v2\/media?parent=886669"}],"wp:term":[{"taxonomy":"product_brand","embeddable":true,"href":"https:\/\/www.gioielleriagrande.it\/en\/wp-json\/wp\/v2\/product_brand?post=886669"},{"taxonomy":"product_cat","embeddable":true,"href":"https:\/\/www.gioielleriagrande.it\/en\/wp-json\/wp\/v2\/product_cat?post=886669"},{"taxonomy":"product_tag","embeddable":true,"href":"https:\/\/www.gioielleriagrande.it\/en\/wp-json\/wp\/v2\/product_tag?post=886669"}],"curies":[{"name":"wp","href":"https:\/\/api.w.org\/{rel}","templated":true}]}}