{"id":889333,"date":"2026-01-23T16:22:40","date_gmt":"2026-01-23T15:22:40","guid":{"rendered":"https:\/\/www.gioielleriagrande.it\/prodotto\/116127\/"},"modified":"2026-01-23T16:22:40","modified_gmt":"2026-01-23T15:22:40","slug":"116127","status":"publish","type":"product","link":"https:\/\/www.gioielleriagrande.it\/en\/prodotto\/116127\/","title":{"rendered":"Sport Collection\nREF:SBGJ237G"},"content":{"rendered":"<p>Questo segnatempo raggiunge vette inedite di funzionalit\u00e0, con la lunetta girevole di 24 ore, che indica contemporaneamente ben tre fusi orari diversi. Pur mantenendo tutto lo splendore tradizionale di un classico modello Grand Seiko, questo segnatempo esprime una presenza profonda che non passa certo inosservata. Combinato con l\u2019esterno robusto, la resistenza all\u2019acqua fino a 20 bar e l\u2019elevata resistenza agli urti, questo modello \u00e8 stato perfezionato per essere l\u2019orologio sportivo di lusso ideale per chi \u00e8 attivo sulla scena mondiale. Il vetro zaffiro di alta qualit\u00e0 posto sulla superficie della lunetta dona un gran senso di trasparenza, respiro e profondit\u00e0.<br \/>\nIl quadrante blu notte e la lunetta bianca e blu in vetro zaffiro conferiscono un tocco vintage a questo modello. Questo orologio integra il calibro 9S86, il movimento altamente avanzato caratterizzato dalla stessa precisione (da +5 a -3 secondi al giorno) e dalla stessa riserva di carica (55 ore) del calibro chiave 9S85, unitamente alla funzione GMT, necessaria per il viaggiatore internazionale, che in tal modo pu\u00f2 essere certo che la precisione dell\u2019ora indicata non \u00e8 compromessa quando cambia fuso orario. La lancetta GMT bianca indica l\u2019ora nel fuso orario di casa.<\/p>\n","protected":false},"excerpt":{"rendered":"<p>Questo segnatempo raggiunge vette inedite di funzionalit\u00e0, con la lunetta girevole di 24 ore, che indica contemporaneamente ben tre fusi orari diversi. Pur mantenendo tutto lo splendore tradizionale di un classico modello Grand Seiko, questo segnatempo esprime una presenza profonda che non passa certo inosservata. Combinato con l\u2019esterno robusto, la resistenza all\u2019acqua fino a 20 bar e l\u2019elevata resistenza agli urti, questo modello \u00e8 stato perfezionato per essere l\u2019orologio sportivo di lusso ideale per chi \u00e8 attivo sulla scena mondiale. Il vetro zaffiro di alta qualit\u00e0 posto sulla superficie della lunetta dona un gran senso di trasparenza, respiro e profondit\u00e0.<br \/>\nIl quadrante blu notte e la lunetta bianca e blu in vetro zaffiro conferiscono un tocco vintage a questo modello. Questo orologio integra il calibro 9S86, il movimento altamente avanzato caratterizzato dalla stessa precisione (da +5 a -3 secondi al giorno) e dalla stessa riserva di carica (55 ore) del calibro chiave 9S85, unitamente alla funzione GMT, necessaria per il viaggiatore internazionale, che in tal modo pu\u00f2 essere certo che la precisione dell\u2019ora indicata non \u00e8 compromessa quando cambia fuso orario. La lancetta GMT bianca indica l\u2019ora nel fuso orario di casa.<\/p>\n","protected":false},"featured_media":91221,"comment_status":"open","ping_status":"closed","template":"","meta":[],"product_brand":[],"product_cat":[3309],"product_tag":[],"class_list":{"0":"post-889333","1":"product","2":"type-product","3":"status-publish","4":"has-post-thumbnail","6":"brand-6680","7":"line-6777","8":"shops-3355","9":"shop_area-3357","11":"first","12":"outofstock","13":"taxable","14":"shipping-taxable","15":"purchasable","16":"product-type-simple"},"yoast_head":"<!-- This site is optimized with the Yoast SEO plugin v25.3 - https:\/\/yoast.com\/wordpress\/plugins\/seo\/ -->\n<title>Sport Collection REF:SBGJ237G - Gioielleria Grande<\/title>\n<meta name=\"robots\" content=\"index, follow, max-snippet:-1, max-image-preview:large, max-video-preview:-1\" \/>\n<link rel=\"canonical\" href=\"https:\/\/www.gioielleriagrande.it\/prodotto\/116127\/\" \/>\n<meta property=\"og:locale\" content=\"en_US\" \/>\n<meta property=\"og:type\" content=\"article\" \/>\n<meta property=\"og:title\" content=\"Sport Collection REF:SBGJ237G - Gioielleria Grande\" \/>\n<meta property=\"og:description\" content=\"Questo segnatempo raggiunge vette inedite di funzionalit\u00e0, con la lunetta girevole di 24 ore, che indica contemporaneamente ben tre fusi orari diversi. Pur mantenendo tutto lo splendore tradizionale di un classico modello Grand Seiko, questo segnatempo esprime una presenza profonda che non passa certo inosservata. Combinato con l\u2019esterno robusto, la resistenza all\u2019acqua fino a 20 bar e l\u2019elevata resistenza agli urti, questo modello \u00e8 stato perfezionato per essere l\u2019orologio sportivo di lusso ideale per chi \u00e8 attivo sulla scena mondiale. Il vetro zaffiro di alta qualit\u00e0 posto sulla superficie della lunetta dona un gran senso di trasparenza, respiro e profondit\u00e0. Il quadrante blu notte e la lunetta bianca e blu in vetro zaffiro conferiscono un tocco vintage a questo modello. Questo orologio integra il calibro 9S86, il movimento altamente avanzato caratterizzato dalla stessa precisione (da +5 a -3 secondi al giorno) e dalla stessa riserva di carica (55 ore) del calibro chiave 9S85, unitamente alla funzione GMT, necessaria per il viaggiatore internazionale, che in tal modo pu\u00f2 essere certo che la precisione dell\u2019ora indicata non \u00e8 compromessa quando cambia fuso orario. La lancetta GMT bianca indica l\u2019ora nel fuso orario di casa.\" \/>\n<meta property=\"og:url\" content=\"https:\/\/www.gioielleriagrande.it\/prodotto\/116127\/\" \/>\n<meta property=\"og:site_name\" content=\"Gioielleria Grande\" \/>\n<meta name=\"twitter:card\" content=\"summary_large_image\" \/>\n<meta name=\"twitter:label1\" content=\"Est. reading time\" \/>\n\t<meta name=\"twitter:data1\" content=\"1 minute\" \/>\n<script type=\"application\/ld+json\" class=\"yoast-schema-graph\">{\"@context\":\"https:\/\/schema.org\",\"@graph\":[{\"@type\":\"WebPage\",\"@id\":\"https:\/\/www.gioielleriagrande.it\/prodotto\/116127\/\",\"url\":\"https:\/\/www.gioielleriagrande.it\/prodotto\/116127\/\",\"name\":\"Sport Collection REF:SBGJ237G - Gioielleria Grande\",\"isPartOf\":{\"@id\":\"https:\/\/www.gioielleriagrande.it\/#website\"},\"primaryImageOfPage\":{\"@id\":\"https:\/\/www.gioielleriagrande.it\/prodotto\/116127\/#primaryimage\"},\"image\":{\"@id\":\"https:\/\/www.gioielleriagrande.it\/prodotto\/116127\/#primaryimage\"},\"thumbnailUrl\":\"https:\/\/www.gioielleriagrande.it\/wp-content\/uploads\/2022\/12\/SBGJ237G.png\",\"datePublished\":\"2026-01-23T15:22:40+00:00\",\"breadcrumb\":{\"@id\":\"https:\/\/www.gioielleriagrande.it\/prodotto\/116127\/#breadcrumb\"},\"inLanguage\":\"en-US\",\"potentialAction\":[{\"@type\":\"ReadAction\",\"target\":[\"https:\/\/www.gioielleriagrande.it\/prodotto\/116127\/\"]}]},{\"@type\":\"ImageObject\",\"inLanguage\":\"en-US\",\"@id\":\"https:\/\/www.gioielleriagrande.it\/prodotto\/116127\/#primaryimage\",\"url\":\"https:\/\/www.gioielleriagrande.it\/wp-content\/uploads\/2022\/12\/SBGJ237G.png\",\"contentUrl\":\"https:\/\/www.gioielleriagrande.it\/wp-content\/uploads\/2022\/12\/SBGJ237G.png\",\"width\":1102,\"height\":1102,\"caption\":\"SBGJ237G.png\"},{\"@type\":\"BreadcrumbList\",\"@id\":\"https:\/\/www.gioielleriagrande.it\/prodotto\/116127\/#breadcrumb\",\"itemListElement\":[{\"@type\":\"ListItem\",\"position\":1,\"name\":\"Home\",\"item\":\"https:\/\/www.gioielleriagrande.it\/\"},{\"@type\":\"ListItem\",\"position\":2,\"name\":\"Shop\",\"item\":\"https:\/\/www.gioielleriagrande.it\/negozio\/\"},{\"@type\":\"ListItem\",\"position\":3,\"name\":\"Sport Collection REF:SBGJ237G\"}]},{\"@type\":\"WebSite\",\"@id\":\"https:\/\/www.gioielleriagrande.it\/#website\",\"url\":\"https:\/\/www.gioielleriagrande.it\/\",\"name\":\"Gioielleria Grande\",\"description\":\"\",\"potentialAction\":[{\"@type\":\"SearchAction\",\"target\":{\"@type\":\"EntryPoint\",\"urlTemplate\":\"https:\/\/www.gioielleriagrande.it\/?s={search_term_string}\"},\"query-input\":{\"@type\":\"PropertyValueSpecification\",\"valueRequired\":true,\"valueName\":\"search_term_string\"}}],\"inLanguage\":\"en-US\"}]}<\/script>\n<!-- \/ Yoast SEO plugin. -->","yoast_head_json":{"title":"Sport Collection REF:SBGJ237G - Gioielleria Grande","robots":{"index":"index","follow":"follow","max-snippet":"max-snippet:-1","max-image-preview":"max-image-preview:large","max-video-preview":"max-video-preview:-1"},"canonical":"https:\/\/www.gioielleriagrande.it\/prodotto\/116127\/","og_locale":"en_US","og_type":"article","og_title":"Sport Collection REF:SBGJ237G - Gioielleria Grande","og_description":"Questo segnatempo raggiunge vette inedite di funzionalit\u00e0, con la lunetta girevole di 24 ore, che indica contemporaneamente ben tre fusi orari diversi. Pur mantenendo tutto lo splendore tradizionale di un classico modello Grand Seiko, questo segnatempo esprime una presenza profonda che non passa certo inosservata. Combinato con l\u2019esterno robusto, la resistenza all\u2019acqua fino a 20 bar e l\u2019elevata resistenza agli urti, questo modello \u00e8 stato perfezionato per essere l\u2019orologio sportivo di lusso ideale per chi \u00e8 attivo sulla scena mondiale. Il vetro zaffiro di alta qualit\u00e0 posto sulla superficie della lunetta dona un gran senso di trasparenza, respiro e profondit\u00e0. Il quadrante blu notte e la lunetta bianca e blu in vetro zaffiro conferiscono un tocco vintage a questo modello. Questo orologio integra il calibro 9S86, il movimento altamente avanzato caratterizzato dalla stessa precisione (da +5 a -3 secondi al giorno) e dalla stessa riserva di carica (55 ore) del calibro chiave 9S85, unitamente alla funzione GMT, necessaria per il viaggiatore internazionale, che in tal modo pu\u00f2 essere certo che la precisione dell\u2019ora indicata non \u00e8 compromessa quando cambia fuso orario. La lancetta GMT bianca indica l\u2019ora nel fuso orario di casa.","og_url":"https:\/\/www.gioielleriagrande.it\/prodotto\/116127\/","og_site_name":"Gioielleria Grande","twitter_card":"summary_large_image","twitter_misc":{"Est. reading time":"1 minute"},"schema":{"@context":"https:\/\/schema.org","@graph":[{"@type":"WebPage","@id":"https:\/\/www.gioielleriagrande.it\/prodotto\/116127\/","url":"https:\/\/www.gioielleriagrande.it\/prodotto\/116127\/","name":"Sport Collection REF:SBGJ237G - Gioielleria Grande","isPartOf":{"@id":"https:\/\/www.gioielleriagrande.it\/#website"},"primaryImageOfPage":{"@id":"https:\/\/www.gioielleriagrande.it\/prodotto\/116127\/#primaryimage"},"image":{"@id":"https:\/\/www.gioielleriagrande.it\/prodotto\/116127\/#primaryimage"},"thumbnailUrl":"https:\/\/www.gioielleriagrande.it\/wp-content\/uploads\/2022\/12\/SBGJ237G.png","datePublished":"2026-01-23T15:22:40+00:00","breadcrumb":{"@id":"https:\/\/www.gioielleriagrande.it\/prodotto\/116127\/#breadcrumb"},"inLanguage":"en-US","potentialAction":[{"@type":"ReadAction","target":["https:\/\/www.gioielleriagrande.it\/prodotto\/116127\/"]}]},{"@type":"ImageObject","inLanguage":"en-US","@id":"https:\/\/www.gioielleriagrande.it\/prodotto\/116127\/#primaryimage","url":"https:\/\/www.gioielleriagrande.it\/wp-content\/uploads\/2022\/12\/SBGJ237G.png","contentUrl":"https:\/\/www.gioielleriagrande.it\/wp-content\/uploads\/2022\/12\/SBGJ237G.png","width":1102,"height":1102,"caption":"SBGJ237G.png"},{"@type":"BreadcrumbList","@id":"https:\/\/www.gioielleriagrande.it\/prodotto\/116127\/#breadcrumb","itemListElement":[{"@type":"ListItem","position":1,"name":"Home","item":"https:\/\/www.gioielleriagrande.it\/"},{"@type":"ListItem","position":2,"name":"Shop","item":"https:\/\/www.gioielleriagrande.it\/negozio\/"},{"@type":"ListItem","position":3,"name":"Sport Collection REF:SBGJ237G"}]},{"@type":"WebSite","@id":"https:\/\/www.gioielleriagrande.it\/#website","url":"https:\/\/www.gioielleriagrande.it\/","name":"Gioielleria Grande","description":"","potentialAction":[{"@type":"SearchAction","target":{"@type":"EntryPoint","urlTemplate":"https:\/\/www.gioielleriagrande.it\/?s={search_term_string}"},"query-input":{"@type":"PropertyValueSpecification","valueRequired":true,"valueName":"search_term_string"}}],"inLanguage":"en-US"}]}},"_links":{"self":[{"href":"https:\/\/www.gioielleriagrande.it\/en\/wp-json\/wp\/v2\/product\/889333","targetHints":{"allow":["GET"]}}],"collection":[{"href":"https:\/\/www.gioielleriagrande.it\/en\/wp-json\/wp\/v2\/product"}],"about":[{"href":"https:\/\/www.gioielleriagrande.it\/en\/wp-json\/wp\/v2\/types\/product"}],"replies":[{"embeddable":true,"href":"https:\/\/www.gioielleriagrande.it\/en\/wp-json\/wp\/v2\/comments?post=889333"}],"wp:featuredmedia":[{"embeddable":true,"href":"https:\/\/www.gioielleriagrande.it\/en\/wp-json\/wp\/v2\/media\/91221"}],"wp:attachment":[{"href":"https:\/\/www.gioielleriagrande.it\/en\/wp-json\/wp\/v2\/media?parent=889333"}],"wp:term":[{"taxonomy":"product_brand","embeddable":true,"href":"https:\/\/www.gioielleriagrande.it\/en\/wp-json\/wp\/v2\/product_brand?post=889333"},{"taxonomy":"product_cat","embeddable":true,"href":"https:\/\/www.gioielleriagrande.it\/en\/wp-json\/wp\/v2\/product_cat?post=889333"},{"taxonomy":"product_tag","embeddable":true,"href":"https:\/\/www.gioielleriagrande.it\/en\/wp-json\/wp\/v2\/product_tag?post=889333"}],"curies":[{"name":"wp","href":"https:\/\/api.w.org\/{rel}","templated":true}]}}