{"id":895477,"date":"2026-01-27T16:00:31","date_gmt":"2026-01-27T15:00:31","guid":{"rendered":"https:\/\/www.gioielleriagrande.it\/prodotto\/171166\/"},"modified":"2026-01-27T16:00:31","modified_gmt":"2026-01-27T15:00:31","slug":"171166","status":"publish","type":"product","link":"https:\/\/www.gioielleriagrande.it\/en\/prodotto\/171166\/","title":{"rendered":"Collana Move Uno in oro rosa e diamanti"},"content":{"rendered":"<p>Innamorati di questa collana in oro rosa 18 carati con pav\u00e9 di diamanti, interamente realizzata a mano e incastonata con un diamante a taglio brillante che fa parte della collezione Move, il design distintivo della casa di gioielleria di lusso Messika. La sua sottile catena \u00e8 ornata dalla gabbia Move che sostiene un diamante incastonato che si muove e brilla secondo i gesti. Una semplice collana in oro rosa e diamanti per adornare il d\u00e9collet\u00e9 con uno splendore discreto e prezioso ogni giorno. Lo scintillante oro rosa, creato da Messika House, \u00e8 particolarmente morbido, quindi la collana \u00e8 un gioiello di lusso discreto.<\/p>\n","protected":false},"excerpt":{"rendered":"<p>Innamorati di questa collana in oro rosa 18 carati con pav\u00e9 di diamanti, interamente realizzata a mano e incastonata con un diamante a taglio brillante che fa parte della collezione Move, il design distintivo della casa di gioielleria di lusso Messika. La sua sottile catena \u00e8 ornata dalla gabbia Move che sostiene un diamante incastonato che si muove e brilla secondo i gesti. Una semplice collana in oro rosa e diamanti per adornare il d\u00e9collet\u00e9 con uno splendore discreto e prezioso ogni giorno. Lo scintillante oro rosa, creato da Messika House, \u00e8 particolarmente morbido, quindi la collana \u00e8 un gioiello di lusso discreto.<\/p>\n","protected":false},"featured_media":895404,"comment_status":"open","ping_status":"closed","template":"","meta":[],"product_brand":[],"product_cat":[7971],"product_tag":[],"class_list":{"0":"post-895477","1":"product","2":"type-product","3":"status-publish","4":"has-post-thumbnail","6":"brand-7106","7":"line-7107","8":"shops-3355","9":"shop_area-3356","11":"first","12":"instock","13":"taxable","14":"shipping-taxable","15":"purchasable","16":"product-type-simple"},"yoast_head":"<!-- This site is optimized with the Yoast SEO plugin v25.3 - https:\/\/yoast.com\/wordpress\/plugins\/seo\/ -->\n<title>Collana Move Uno in oro rosa e diamanti - Gioielleria Grande<\/title>\n<meta name=\"robots\" content=\"index, follow, max-snippet:-1, max-image-preview:large, max-video-preview:-1\" \/>\n<link rel=\"canonical\" href=\"https:\/\/www.gioielleriagrande.it\/prodotto\/171166\/\" \/>\n<meta property=\"og:locale\" content=\"en_US\" \/>\n<meta property=\"og:type\" content=\"article\" \/>\n<meta property=\"og:title\" content=\"Collana Move Uno in oro rosa e diamanti - Gioielleria Grande\" \/>\n<meta property=\"og:description\" content=\"Innamorati di questa collana in oro rosa 18 carati con pav\u00e9 di diamanti, interamente realizzata a mano e incastonata con un diamante a taglio brillante che fa parte della collezione Move, il design distintivo della casa di gioielleria di lusso Messika. La sua sottile catena \u00e8 ornata dalla gabbia Move che sostiene un diamante incastonato che si muove e brilla secondo i gesti. Una semplice collana in oro rosa e diamanti per adornare il d\u00e9collet\u00e9 con uno splendore discreto e prezioso ogni giorno. Lo scintillante oro rosa, creato da Messika House, \u00e8 particolarmente morbido, quindi la collana \u00e8 un gioiello di lusso discreto.\" \/>\n<meta property=\"og:url\" content=\"https:\/\/www.gioielleriagrande.it\/prodotto\/171166\/\" \/>\n<meta property=\"og:site_name\" content=\"Gioielleria Grande\" \/>\n<meta name=\"twitter:card\" content=\"summary_large_image\" \/>\n<meta name=\"twitter:label1\" content=\"Est. reading time\" \/>\n\t<meta name=\"twitter:data1\" content=\"1 minute\" \/>\n<script type=\"application\/ld+json\" class=\"yoast-schema-graph\">{\"@context\":\"https:\/\/schema.org\",\"@graph\":[{\"@type\":\"WebPage\",\"@id\":\"https:\/\/www.gioielleriagrande.it\/prodotto\/171166\/\",\"url\":\"https:\/\/www.gioielleriagrande.it\/prodotto\/171166\/\",\"name\":\"Collana Move Uno in oro rosa e diamanti - Gioielleria Grande\",\"isPartOf\":{\"@id\":\"https:\/\/www.gioielleriagrande.it\/#website\"},\"primaryImageOfPage\":{\"@id\":\"https:\/\/www.gioielleriagrande.it\/prodotto\/171166\/#primaryimage\"},\"image\":{\"@id\":\"https:\/\/www.gioielleriagrande.it\/prodotto\/171166\/#primaryimage\"},\"thumbnailUrl\":\"https:\/\/www.gioielleriagrande.it\/wp-content\/uploads\/2026\/01\/04708-PG.png\",\"datePublished\":\"2026-01-27T15:00:31+00:00\",\"breadcrumb\":{\"@id\":\"https:\/\/www.gioielleriagrande.it\/prodotto\/171166\/#breadcrumb\"},\"inLanguage\":\"en-US\",\"potentialAction\":[{\"@type\":\"ReadAction\",\"target\":[\"https:\/\/www.gioielleriagrande.it\/prodotto\/171166\/\"]}]},{\"@type\":\"ImageObject\",\"inLanguage\":\"en-US\",\"@id\":\"https:\/\/www.gioielleriagrande.it\/prodotto\/171166\/#primaryimage\",\"url\":\"https:\/\/www.gioielleriagrande.it\/wp-content\/uploads\/2026\/01\/04708-PG.png\",\"contentUrl\":\"https:\/\/www.gioielleriagrande.it\/wp-content\/uploads\/2026\/01\/04708-PG.png\",\"width\":1500,\"height\":1500,\"caption\":\"04708-PG.png\"},{\"@type\":\"BreadcrumbList\",\"@id\":\"https:\/\/www.gioielleriagrande.it\/prodotto\/171166\/#breadcrumb\",\"itemListElement\":[{\"@type\":\"ListItem\",\"position\":1,\"name\":\"Home\",\"item\":\"https:\/\/www.gioielleriagrande.it\/\"},{\"@type\":\"ListItem\",\"position\":2,\"name\":\"Shop\",\"item\":\"https:\/\/www.gioielleriagrande.it\/negozio\/\"},{\"@type\":\"ListItem\",\"position\":3,\"name\":\"Collana Move Uno in oro rosa e diamanti\"}]},{\"@type\":\"WebSite\",\"@id\":\"https:\/\/www.gioielleriagrande.it\/#website\",\"url\":\"https:\/\/www.gioielleriagrande.it\/\",\"name\":\"Gioielleria Grande\",\"description\":\"\",\"potentialAction\":[{\"@type\":\"SearchAction\",\"target\":{\"@type\":\"EntryPoint\",\"urlTemplate\":\"https:\/\/www.gioielleriagrande.it\/?s={search_term_string}\"},\"query-input\":{\"@type\":\"PropertyValueSpecification\",\"valueRequired\":true,\"valueName\":\"search_term_string\"}}],\"inLanguage\":\"en-US\"}]}<\/script>\n<!-- \/ Yoast SEO plugin. -->","yoast_head_json":{"title":"Collana Move Uno in oro rosa e diamanti - Gioielleria Grande","robots":{"index":"index","follow":"follow","max-snippet":"max-snippet:-1","max-image-preview":"max-image-preview:large","max-video-preview":"max-video-preview:-1"},"canonical":"https:\/\/www.gioielleriagrande.it\/prodotto\/171166\/","og_locale":"en_US","og_type":"article","og_title":"Collana Move Uno in oro rosa e diamanti - Gioielleria Grande","og_description":"Innamorati di questa collana in oro rosa 18 carati con pav\u00e9 di diamanti, interamente realizzata a mano e incastonata con un diamante a taglio brillante che fa parte della collezione Move, il design distintivo della casa di gioielleria di lusso Messika. La sua sottile catena \u00e8 ornata dalla gabbia Move che sostiene un diamante incastonato che si muove e brilla secondo i gesti. Una semplice collana in oro rosa e diamanti per adornare il d\u00e9collet\u00e9 con uno splendore discreto e prezioso ogni giorno. Lo scintillante oro rosa, creato da Messika House, \u00e8 particolarmente morbido, quindi la collana \u00e8 un gioiello di lusso discreto.","og_url":"https:\/\/www.gioielleriagrande.it\/prodotto\/171166\/","og_site_name":"Gioielleria Grande","twitter_card":"summary_large_image","twitter_misc":{"Est. reading time":"1 minute"},"schema":{"@context":"https:\/\/schema.org","@graph":[{"@type":"WebPage","@id":"https:\/\/www.gioielleriagrande.it\/prodotto\/171166\/","url":"https:\/\/www.gioielleriagrande.it\/prodotto\/171166\/","name":"Collana Move Uno in oro rosa e diamanti - Gioielleria Grande","isPartOf":{"@id":"https:\/\/www.gioielleriagrande.it\/#website"},"primaryImageOfPage":{"@id":"https:\/\/www.gioielleriagrande.it\/prodotto\/171166\/#primaryimage"},"image":{"@id":"https:\/\/www.gioielleriagrande.it\/prodotto\/171166\/#primaryimage"},"thumbnailUrl":"https:\/\/www.gioielleriagrande.it\/wp-content\/uploads\/2026\/01\/04708-PG.png","datePublished":"2026-01-27T15:00:31+00:00","breadcrumb":{"@id":"https:\/\/www.gioielleriagrande.it\/prodotto\/171166\/#breadcrumb"},"inLanguage":"en-US","potentialAction":[{"@type":"ReadAction","target":["https:\/\/www.gioielleriagrande.it\/prodotto\/171166\/"]}]},{"@type":"ImageObject","inLanguage":"en-US","@id":"https:\/\/www.gioielleriagrande.it\/prodotto\/171166\/#primaryimage","url":"https:\/\/www.gioielleriagrande.it\/wp-content\/uploads\/2026\/01\/04708-PG.png","contentUrl":"https:\/\/www.gioielleriagrande.it\/wp-content\/uploads\/2026\/01\/04708-PG.png","width":1500,"height":1500,"caption":"04708-PG.png"},{"@type":"BreadcrumbList","@id":"https:\/\/www.gioielleriagrande.it\/prodotto\/171166\/#breadcrumb","itemListElement":[{"@type":"ListItem","position":1,"name":"Home","item":"https:\/\/www.gioielleriagrande.it\/"},{"@type":"ListItem","position":2,"name":"Shop","item":"https:\/\/www.gioielleriagrande.it\/negozio\/"},{"@type":"ListItem","position":3,"name":"Collana Move Uno in oro rosa e diamanti"}]},{"@type":"WebSite","@id":"https:\/\/www.gioielleriagrande.it\/#website","url":"https:\/\/www.gioielleriagrande.it\/","name":"Gioielleria Grande","description":"","potentialAction":[{"@type":"SearchAction","target":{"@type":"EntryPoint","urlTemplate":"https:\/\/www.gioielleriagrande.it\/?s={search_term_string}"},"query-input":{"@type":"PropertyValueSpecification","valueRequired":true,"valueName":"search_term_string"}}],"inLanguage":"en-US"}]}},"_links":{"self":[{"href":"https:\/\/www.gioielleriagrande.it\/en\/wp-json\/wp\/v2\/product\/895477","targetHints":{"allow":["GET"]}}],"collection":[{"href":"https:\/\/www.gioielleriagrande.it\/en\/wp-json\/wp\/v2\/product"}],"about":[{"href":"https:\/\/www.gioielleriagrande.it\/en\/wp-json\/wp\/v2\/types\/product"}],"replies":[{"embeddable":true,"href":"https:\/\/www.gioielleriagrande.it\/en\/wp-json\/wp\/v2\/comments?post=895477"}],"wp:featuredmedia":[{"embeddable":true,"href":"https:\/\/www.gioielleriagrande.it\/en\/wp-json\/wp\/v2\/media\/895404"}],"wp:attachment":[{"href":"https:\/\/www.gioielleriagrande.it\/en\/wp-json\/wp\/v2\/media?parent=895477"}],"wp:term":[{"taxonomy":"product_brand","embeddable":true,"href":"https:\/\/www.gioielleriagrande.it\/en\/wp-json\/wp\/v2\/product_brand?post=895477"},{"taxonomy":"product_cat","embeddable":true,"href":"https:\/\/www.gioielleriagrande.it\/en\/wp-json\/wp\/v2\/product_cat?post=895477"},{"taxonomy":"product_tag","embeddable":true,"href":"https:\/\/www.gioielleriagrande.it\/en\/wp-json\/wp\/v2\/product_tag?post=895477"}],"curies":[{"name":"wp","href":"https:\/\/api.w.org\/{rel}","templated":true}]}}