{"id":895603,"date":"2026-01-27T16:06:07","date_gmt":"2026-01-27T15:06:07","guid":{"rendered":"https:\/\/www.gioielleriagrande.it\/prodotto\/115875\/"},"modified":"2026-02-12T11:53:00","modified_gmt":"2026-02-12T10:53:00","slug":"115875","status":"publish","type":"product","link":"https:\/\/www.gioielleriagrande.it\/en\/prodotto\/115875\/","title":{"rendered":"Collana Baby Move con pav\u00e9 di diamanti"},"content":{"rendered":"<p>Scopri questa collana con pav\u00e9 di diamanti in oro rosa 18 carati della collezione di gioielli Baby Move. Questa collana di diamanti da donna completamente realizzata a mano si posa sulla scollatura con finezza. Ogni donna che cerca un gioiello di diamanti trendy, facile da indossare, adorer\u00e0 questa collana di diamanti in oro rosa: i tre diamanti in movimento, simboli dell&#8217;amore di ieri, di oggi e di domani, brillano secondo i propri movimenti. L&#8217;incastonatura fine richiama la purezza delle pietre. L&#8217;oro rosa scintillante, creato da Messika House, \u00e8 particolarmente morbido, quindi la collana con pav\u00e9 \u00e8 un gioiello di lusso discreto. Un dettaglio chic: i diamanti che adornano la catena<\/p>\n","protected":false},"excerpt":{"rendered":"<p>Scopri questa collana con pav\u00e9 di diamanti in oro rosa 18 carati della collezione di gioielli Baby Move. Questa collana di diamanti da donna completamente realizzata a mano si posa sulla scollatura con finezza. Ogni donna che cerca un gioiello di diamanti trendy, facile da indossare, adorer\u00e0 questa collana di diamanti in oro rosa: i tre diamanti in movimento, simboli dell&#8217;amore di ieri, di oggi e di domani, brillano secondo i propri movimenti. L&#8217;incastonatura fine richiama la purezza delle pietre. L&#8217;oro rosa scintillante, creato da Messika House, \u00e8 particolarmente morbido, quindi la collana con pav\u00e9 \u00e8 un gioiello di lusso discreto. Un dettaglio chic: i diamanti che adornano la catena<\/p>\n","protected":false},"featured_media":895147,"comment_status":"open","ping_status":"closed","template":"","meta":[],"product_brand":[],"product_cat":[7971],"product_tag":[],"class_list":{"0":"post-895603","1":"product","2":"type-product","3":"status-publish","4":"has-post-thumbnail","6":"brand-7106","7":"line-7108","8":"shops-3355","9":"shop_area-3356","11":"first","12":"outofstock","13":"taxable","14":"shipping-taxable","15":"purchasable","16":"product-type-simple"},"yoast_head":"<!-- This site is optimized with the Yoast SEO plugin v25.3 - https:\/\/yoast.com\/wordpress\/plugins\/seo\/ -->\n<title>Collana Baby Move con pav\u00e9 di diamanti - Gioielleria Grande<\/title>\n<meta name=\"robots\" content=\"index, follow, max-snippet:-1, max-image-preview:large, max-video-preview:-1\" \/>\n<link rel=\"canonical\" href=\"https:\/\/www.gioielleriagrande.it\/prodotto\/115875\/\" \/>\n<meta property=\"og:locale\" content=\"en_US\" \/>\n<meta property=\"og:type\" content=\"article\" \/>\n<meta property=\"og:title\" content=\"Collana Baby Move con pav\u00e9 di diamanti - Gioielleria Grande\" \/>\n<meta property=\"og:description\" content=\"Scopri questa collana con pav\u00e9 di diamanti in oro rosa 18 carati della collezione di gioielli Baby Move. Questa collana di diamanti da donna completamente realizzata a mano si posa sulla scollatura con finezza. Ogni donna che cerca un gioiello di diamanti trendy, facile da indossare, adorer\u00e0 questa collana di diamanti in oro rosa: i tre diamanti in movimento, simboli dell&#039;amore di ieri, di oggi e di domani, brillano secondo i propri movimenti. L&#039;incastonatura fine richiama la purezza delle pietre. L&#039;oro rosa scintillante, creato da Messika House, \u00e8 particolarmente morbido, quindi la collana con pav\u00e9 \u00e8 un gioiello di lusso discreto. Un dettaglio chic: i diamanti che adornano la catena\" \/>\n<meta property=\"og:url\" content=\"https:\/\/www.gioielleriagrande.it\/prodotto\/115875\/\" \/>\n<meta property=\"og:site_name\" content=\"Gioielleria Grande\" \/>\n<meta property=\"article:modified_time\" content=\"2026-02-12T10:53:00+00:00\" \/>\n<meta property=\"og:image\" content=\"https:\/\/www.gioielleriagrande.it\/wp-content\/uploads\/2026\/01\/04322-PG.png\" \/>\n\t<meta property=\"og:image:width\" content=\"1500\" \/>\n\t<meta property=\"og:image:height\" content=\"1500\" \/>\n\t<meta property=\"og:image:type\" content=\"image\/png\" \/>\n<meta name=\"twitter:card\" content=\"summary_large_image\" \/>\n<meta name=\"twitter:label1\" content=\"Est. reading time\" \/>\n\t<meta name=\"twitter:data1\" content=\"1 minute\" \/>\n<script type=\"application\/ld+json\" class=\"yoast-schema-graph\">{\"@context\":\"https:\/\/schema.org\",\"@graph\":[{\"@type\":\"WebPage\",\"@id\":\"https:\/\/www.gioielleriagrande.it\/prodotto\/115875\/\",\"url\":\"https:\/\/www.gioielleriagrande.it\/prodotto\/115875\/\",\"name\":\"Collana Baby Move con pav\u00e9 di diamanti - Gioielleria Grande\",\"isPartOf\":{\"@id\":\"https:\/\/www.gioielleriagrande.it\/#website\"},\"primaryImageOfPage\":{\"@id\":\"https:\/\/www.gioielleriagrande.it\/prodotto\/115875\/#primaryimage\"},\"image\":{\"@id\":\"https:\/\/www.gioielleriagrande.it\/prodotto\/115875\/#primaryimage\"},\"thumbnailUrl\":\"https:\/\/www.gioielleriagrande.it\/wp-content\/uploads\/2026\/01\/04322-PG.png\",\"datePublished\":\"2026-01-27T15:06:07+00:00\",\"dateModified\":\"2026-02-12T10:53:00+00:00\",\"breadcrumb\":{\"@id\":\"https:\/\/www.gioielleriagrande.it\/prodotto\/115875\/#breadcrumb\"},\"inLanguage\":\"en-US\",\"potentialAction\":[{\"@type\":\"ReadAction\",\"target\":[\"https:\/\/www.gioielleriagrande.it\/prodotto\/115875\/\"]}]},{\"@type\":\"ImageObject\",\"inLanguage\":\"en-US\",\"@id\":\"https:\/\/www.gioielleriagrande.it\/prodotto\/115875\/#primaryimage\",\"url\":\"https:\/\/www.gioielleriagrande.it\/wp-content\/uploads\/2026\/01\/04322-PG.png\",\"contentUrl\":\"https:\/\/www.gioielleriagrande.it\/wp-content\/uploads\/2026\/01\/04322-PG.png\",\"width\":1500,\"height\":1500,\"caption\":\"04322-PG.png\"},{\"@type\":\"BreadcrumbList\",\"@id\":\"https:\/\/www.gioielleriagrande.it\/prodotto\/115875\/#breadcrumb\",\"itemListElement\":[{\"@type\":\"ListItem\",\"position\":1,\"name\":\"Home\",\"item\":\"https:\/\/www.gioielleriagrande.it\/\"},{\"@type\":\"ListItem\",\"position\":2,\"name\":\"Shop\",\"item\":\"https:\/\/www.gioielleriagrande.it\/negozio\/\"},{\"@type\":\"ListItem\",\"position\":3,\"name\":\"Collana Baby Move con pav\u00e9 di diamanti\"}]},{\"@type\":\"WebSite\",\"@id\":\"https:\/\/www.gioielleriagrande.it\/#website\",\"url\":\"https:\/\/www.gioielleriagrande.it\/\",\"name\":\"Gioielleria Grande\",\"description\":\"\",\"potentialAction\":[{\"@type\":\"SearchAction\",\"target\":{\"@type\":\"EntryPoint\",\"urlTemplate\":\"https:\/\/www.gioielleriagrande.it\/?s={search_term_string}\"},\"query-input\":{\"@type\":\"PropertyValueSpecification\",\"valueRequired\":true,\"valueName\":\"search_term_string\"}}],\"inLanguage\":\"en-US\"}]}<\/script>\n<!-- \/ Yoast SEO plugin. -->","yoast_head_json":{"title":"Collana Baby Move con pav\u00e9 di diamanti - Gioielleria Grande","robots":{"index":"index","follow":"follow","max-snippet":"max-snippet:-1","max-image-preview":"max-image-preview:large","max-video-preview":"max-video-preview:-1"},"canonical":"https:\/\/www.gioielleriagrande.it\/prodotto\/115875\/","og_locale":"en_US","og_type":"article","og_title":"Collana Baby Move con pav\u00e9 di diamanti - Gioielleria Grande","og_description":"Scopri questa collana con pav\u00e9 di diamanti in oro rosa 18 carati della collezione di gioielli Baby Move. Questa collana di diamanti da donna completamente realizzata a mano si posa sulla scollatura con finezza. Ogni donna che cerca un gioiello di diamanti trendy, facile da indossare, adorer\u00e0 questa collana di diamanti in oro rosa: i tre diamanti in movimento, simboli dell'amore di ieri, di oggi e di domani, brillano secondo i propri movimenti. L'incastonatura fine richiama la purezza delle pietre. L'oro rosa scintillante, creato da Messika House, \u00e8 particolarmente morbido, quindi la collana con pav\u00e9 \u00e8 un gioiello di lusso discreto. Un dettaglio chic: i diamanti che adornano la catena","og_url":"https:\/\/www.gioielleriagrande.it\/prodotto\/115875\/","og_site_name":"Gioielleria Grande","article_modified_time":"2026-02-12T10:53:00+00:00","og_image":[{"width":1500,"height":1500,"url":"https:\/\/www.gioielleriagrande.it\/wp-content\/uploads\/2026\/01\/04322-PG.png","type":"image\/png"}],"twitter_card":"summary_large_image","twitter_misc":{"Est. reading time":"1 minute"},"schema":{"@context":"https:\/\/schema.org","@graph":[{"@type":"WebPage","@id":"https:\/\/www.gioielleriagrande.it\/prodotto\/115875\/","url":"https:\/\/www.gioielleriagrande.it\/prodotto\/115875\/","name":"Collana Baby Move con pav\u00e9 di diamanti - Gioielleria Grande","isPartOf":{"@id":"https:\/\/www.gioielleriagrande.it\/#website"},"primaryImageOfPage":{"@id":"https:\/\/www.gioielleriagrande.it\/prodotto\/115875\/#primaryimage"},"image":{"@id":"https:\/\/www.gioielleriagrande.it\/prodotto\/115875\/#primaryimage"},"thumbnailUrl":"https:\/\/www.gioielleriagrande.it\/wp-content\/uploads\/2026\/01\/04322-PG.png","datePublished":"2026-01-27T15:06:07+00:00","dateModified":"2026-02-12T10:53:00+00:00","breadcrumb":{"@id":"https:\/\/www.gioielleriagrande.it\/prodotto\/115875\/#breadcrumb"},"inLanguage":"en-US","potentialAction":[{"@type":"ReadAction","target":["https:\/\/www.gioielleriagrande.it\/prodotto\/115875\/"]}]},{"@type":"ImageObject","inLanguage":"en-US","@id":"https:\/\/www.gioielleriagrande.it\/prodotto\/115875\/#primaryimage","url":"https:\/\/www.gioielleriagrande.it\/wp-content\/uploads\/2026\/01\/04322-PG.png","contentUrl":"https:\/\/www.gioielleriagrande.it\/wp-content\/uploads\/2026\/01\/04322-PG.png","width":1500,"height":1500,"caption":"04322-PG.png"},{"@type":"BreadcrumbList","@id":"https:\/\/www.gioielleriagrande.it\/prodotto\/115875\/#breadcrumb","itemListElement":[{"@type":"ListItem","position":1,"name":"Home","item":"https:\/\/www.gioielleriagrande.it\/"},{"@type":"ListItem","position":2,"name":"Shop","item":"https:\/\/www.gioielleriagrande.it\/negozio\/"},{"@type":"ListItem","position":3,"name":"Collana Baby Move con pav\u00e9 di diamanti"}]},{"@type":"WebSite","@id":"https:\/\/www.gioielleriagrande.it\/#website","url":"https:\/\/www.gioielleriagrande.it\/","name":"Gioielleria Grande","description":"","potentialAction":[{"@type":"SearchAction","target":{"@type":"EntryPoint","urlTemplate":"https:\/\/www.gioielleriagrande.it\/?s={search_term_string}"},"query-input":{"@type":"PropertyValueSpecification","valueRequired":true,"valueName":"search_term_string"}}],"inLanguage":"en-US"}]}},"_links":{"self":[{"href":"https:\/\/www.gioielleriagrande.it\/en\/wp-json\/wp\/v2\/product\/895603","targetHints":{"allow":["GET"]}}],"collection":[{"href":"https:\/\/www.gioielleriagrande.it\/en\/wp-json\/wp\/v2\/product"}],"about":[{"href":"https:\/\/www.gioielleriagrande.it\/en\/wp-json\/wp\/v2\/types\/product"}],"replies":[{"embeddable":true,"href":"https:\/\/www.gioielleriagrande.it\/en\/wp-json\/wp\/v2\/comments?post=895603"}],"wp:featuredmedia":[{"embeddable":true,"href":"https:\/\/www.gioielleriagrande.it\/en\/wp-json\/wp\/v2\/media\/895147"}],"wp:attachment":[{"href":"https:\/\/www.gioielleriagrande.it\/en\/wp-json\/wp\/v2\/media?parent=895603"}],"wp:term":[{"taxonomy":"product_brand","embeddable":true,"href":"https:\/\/www.gioielleriagrande.it\/en\/wp-json\/wp\/v2\/product_brand?post=895603"},{"taxonomy":"product_cat","embeddable":true,"href":"https:\/\/www.gioielleriagrande.it\/en\/wp-json\/wp\/v2\/product_cat?post=895603"},{"taxonomy":"product_tag","embeddable":true,"href":"https:\/\/www.gioielleriagrande.it\/en\/wp-json\/wp\/v2\/product_tag?post=895603"}],"curies":[{"name":"wp","href":"https:\/\/api.w.org\/{rel}","templated":true}]}}