{"id":91021,"date":"2022-12-16T12:30:57","date_gmt":"2022-12-16T11:30:57","guid":{"rendered":"https:\/\/www.gioielleriagrande.it\/prodotto\/116921\/"},"modified":"2025-11-22T13:31:25","modified_gmt":"2025-11-22T12:31:25","slug":"116921","status":"publish","type":"product","link":"https:\/\/www.gioielleriagrande.it\/en\/prodotto\/116921\/","title":{"rendered":"ANELLO ZAFFIRO GIALLO\nREF:050168"},"content":{"rendered":"<p>La linea di gioielli Regina Margherita, rappresenta un tributo alla prima regina d&#8217;Italia, Margherita di Savoia, icona dell&#8217;eleganza e femminilit\u00e0 italiana. Una donna che \u00e8 stata capace di influenzare fortemente i gusti del tempo attraverso il suo stile impeccabile e grande personalit\u00e0.<\/p>\n","protected":false},"excerpt":{"rendered":"<p>La linea di gioielli Regina Margherita, rappresenta un tributo alla prima regina d&#8217;Italia, Margherita di Savoia, icona dell&#8217;eleganza e femminilit\u00e0 italiana. Una donna che \u00e8 stata capace di influenzare fortemente i gusti del tempo attraverso il suo stile impeccabile e grande personalit\u00e0.<\/p>\n","protected":false},"featured_media":90985,"comment_status":"open","ping_status":"closed","template":"","meta":[],"product_brand":[],"product_cat":[3308],"product_tag":[],"class_list":{"0":"post-91021","1":"product","2":"type-product","3":"status-publish","4":"has-post-thumbnail","6":"brand-5261","7":"shops-3355","8":"shop_area-3356","10":"first","11":"instock","12":"taxable","13":"shipping-taxable","14":"purchasable","15":"product-type-simple"},"yoast_head":"<!-- This site is optimized with the Yoast SEO plugin v25.3 - https:\/\/yoast.com\/wordpress\/plugins\/seo\/ -->\n<title>ANELLO ZAFFIRO GIALLO REF:050168 - Gioielleria Grande<\/title>\n<meta name=\"robots\" content=\"index, follow, max-snippet:-1, max-image-preview:large, max-video-preview:-1\" \/>\n<link rel=\"canonical\" href=\"https:\/\/www.gioielleriagrande.it\/prodotto\/116921\/\" \/>\n<meta property=\"og:locale\" content=\"en_US\" \/>\n<meta property=\"og:type\" content=\"article\" \/>\n<meta property=\"og:title\" content=\"ANELLO ZAFFIRO GIALLO REF:050168 - Gioielleria Grande\" \/>\n<meta property=\"og:description\" content=\"La linea di gioielli Regina Margherita, rappresenta un tributo alla prima regina d&#039;Italia, Margherita di Savoia, icona dell&#039;eleganza e femminilit\u00e0 italiana. Una donna che \u00e8 stata capace di influenzare fortemente i gusti del tempo attraverso il suo stile impeccabile e grande personalit\u00e0.\" \/>\n<meta property=\"og:url\" content=\"https:\/\/www.gioielleriagrande.it\/prodotto\/116921\/\" \/>\n<meta property=\"og:site_name\" content=\"Gioielleria Grande\" \/>\n<meta property=\"article:modified_time\" content=\"2025-11-22T12:31:25+00:00\" \/>\n<meta property=\"og:image\" content=\"https:\/\/www.gioielleriagrande.it\/wp-content\/uploads\/2022\/12\/368C175A-CEB3-400C-9966-0C46C8096FE7.jpeg\" \/>\n\t<meta property=\"og:image:width\" content=\"1920\" \/>\n\t<meta property=\"og:image:height\" content=\"1080\" \/>\n\t<meta property=\"og:image:type\" content=\"image\/jpeg\" \/>\n<meta name=\"twitter:card\" content=\"summary_large_image\" \/>\n<script type=\"application\/ld+json\" class=\"yoast-schema-graph\">{\"@context\":\"https:\/\/schema.org\",\"@graph\":[{\"@type\":\"WebPage\",\"@id\":\"https:\/\/www.gioielleriagrande.it\/prodotto\/116921\/\",\"url\":\"https:\/\/www.gioielleriagrande.it\/prodotto\/116921\/\",\"name\":\"ANELLO ZAFFIRO GIALLO REF:050168 - Gioielleria Grande\",\"isPartOf\":{\"@id\":\"https:\/\/www.gioielleriagrande.it\/#website\"},\"primaryImageOfPage\":{\"@id\":\"https:\/\/www.gioielleriagrande.it\/prodotto\/116921\/#primaryimage\"},\"image\":{\"@id\":\"https:\/\/www.gioielleriagrande.it\/prodotto\/116921\/#primaryimage\"},\"thumbnailUrl\":\"https:\/\/www.gioielleriagrande.it\/wp-content\/uploads\/2022\/12\/368C175A-CEB3-400C-9966-0C46C8096FE7.jpeg\",\"datePublished\":\"2022-12-16T11:30:57+00:00\",\"dateModified\":\"2025-11-22T12:31:25+00:00\",\"breadcrumb\":{\"@id\":\"https:\/\/www.gioielleriagrande.it\/prodotto\/116921\/#breadcrumb\"},\"inLanguage\":\"en-US\",\"potentialAction\":[{\"@type\":\"ReadAction\",\"target\":[\"https:\/\/www.gioielleriagrande.it\/prodotto\/116921\/\"]}]},{\"@type\":\"ImageObject\",\"inLanguage\":\"en-US\",\"@id\":\"https:\/\/www.gioielleriagrande.it\/prodotto\/116921\/#primaryimage\",\"url\":\"https:\/\/www.gioielleriagrande.it\/wp-content\/uploads\/2022\/12\/368C175A-CEB3-400C-9966-0C46C8096FE7.jpeg\",\"contentUrl\":\"https:\/\/www.gioielleriagrande.it\/wp-content\/uploads\/2022\/12\/368C175A-CEB3-400C-9966-0C46C8096FE7.jpeg\",\"width\":1920,\"height\":1080,\"caption\":\"368C175A-CEB3-400C-9966-0C46C8096FE7.jpeg\"},{\"@type\":\"BreadcrumbList\",\"@id\":\"https:\/\/www.gioielleriagrande.it\/prodotto\/116921\/#breadcrumb\",\"itemListElement\":[{\"@type\":\"ListItem\",\"position\":1,\"name\":\"Home\",\"item\":\"https:\/\/www.gioielleriagrande.it\/\"},{\"@type\":\"ListItem\",\"position\":2,\"name\":\"Shop\",\"item\":\"https:\/\/www.gioielleriagrande.it\/negozio\/\"},{\"@type\":\"ListItem\",\"position\":3,\"name\":\"ANELLO ZAFFIRO GIALLO REF:050168\"}]},{\"@type\":\"WebSite\",\"@id\":\"https:\/\/www.gioielleriagrande.it\/#website\",\"url\":\"https:\/\/www.gioielleriagrande.it\/\",\"name\":\"Gioielleria Grande\",\"description\":\"\",\"potentialAction\":[{\"@type\":\"SearchAction\",\"target\":{\"@type\":\"EntryPoint\",\"urlTemplate\":\"https:\/\/www.gioielleriagrande.it\/?s={search_term_string}\"},\"query-input\":{\"@type\":\"PropertyValueSpecification\",\"valueRequired\":true,\"valueName\":\"search_term_string\"}}],\"inLanguage\":\"en-US\"}]}<\/script>\n<!-- \/ Yoast SEO plugin. -->","yoast_head_json":{"title":"ANELLO ZAFFIRO GIALLO REF:050168 - Gioielleria Grande","robots":{"index":"index","follow":"follow","max-snippet":"max-snippet:-1","max-image-preview":"max-image-preview:large","max-video-preview":"max-video-preview:-1"},"canonical":"https:\/\/www.gioielleriagrande.it\/prodotto\/116921\/","og_locale":"en_US","og_type":"article","og_title":"ANELLO ZAFFIRO GIALLO REF:050168 - Gioielleria Grande","og_description":"La linea di gioielli Regina Margherita, rappresenta un tributo alla prima regina d'Italia, Margherita di Savoia, icona dell'eleganza e femminilit\u00e0 italiana. Una donna che \u00e8 stata capace di influenzare fortemente i gusti del tempo attraverso il suo stile impeccabile e grande personalit\u00e0.","og_url":"https:\/\/www.gioielleriagrande.it\/prodotto\/116921\/","og_site_name":"Gioielleria Grande","article_modified_time":"2025-11-22T12:31:25+00:00","og_image":[{"width":1920,"height":1080,"url":"https:\/\/www.gioielleriagrande.it\/wp-content\/uploads\/2022\/12\/368C175A-CEB3-400C-9966-0C46C8096FE7.jpeg","type":"image\/jpeg"}],"twitter_card":"summary_large_image","schema":{"@context":"https:\/\/schema.org","@graph":[{"@type":"WebPage","@id":"https:\/\/www.gioielleriagrande.it\/prodotto\/116921\/","url":"https:\/\/www.gioielleriagrande.it\/prodotto\/116921\/","name":"ANELLO ZAFFIRO GIALLO REF:050168 - Gioielleria Grande","isPartOf":{"@id":"https:\/\/www.gioielleriagrande.it\/#website"},"primaryImageOfPage":{"@id":"https:\/\/www.gioielleriagrande.it\/prodotto\/116921\/#primaryimage"},"image":{"@id":"https:\/\/www.gioielleriagrande.it\/prodotto\/116921\/#primaryimage"},"thumbnailUrl":"https:\/\/www.gioielleriagrande.it\/wp-content\/uploads\/2022\/12\/368C175A-CEB3-400C-9966-0C46C8096FE7.jpeg","datePublished":"2022-12-16T11:30:57+00:00","dateModified":"2025-11-22T12:31:25+00:00","breadcrumb":{"@id":"https:\/\/www.gioielleriagrande.it\/prodotto\/116921\/#breadcrumb"},"inLanguage":"en-US","potentialAction":[{"@type":"ReadAction","target":["https:\/\/www.gioielleriagrande.it\/prodotto\/116921\/"]}]},{"@type":"ImageObject","inLanguage":"en-US","@id":"https:\/\/www.gioielleriagrande.it\/prodotto\/116921\/#primaryimage","url":"https:\/\/www.gioielleriagrande.it\/wp-content\/uploads\/2022\/12\/368C175A-CEB3-400C-9966-0C46C8096FE7.jpeg","contentUrl":"https:\/\/www.gioielleriagrande.it\/wp-content\/uploads\/2022\/12\/368C175A-CEB3-400C-9966-0C46C8096FE7.jpeg","width":1920,"height":1080,"caption":"368C175A-CEB3-400C-9966-0C46C8096FE7.jpeg"},{"@type":"BreadcrumbList","@id":"https:\/\/www.gioielleriagrande.it\/prodotto\/116921\/#breadcrumb","itemListElement":[{"@type":"ListItem","position":1,"name":"Home","item":"https:\/\/www.gioielleriagrande.it\/"},{"@type":"ListItem","position":2,"name":"Shop","item":"https:\/\/www.gioielleriagrande.it\/negozio\/"},{"@type":"ListItem","position":3,"name":"ANELLO ZAFFIRO GIALLO REF:050168"}]},{"@type":"WebSite","@id":"https:\/\/www.gioielleriagrande.it\/#website","url":"https:\/\/www.gioielleriagrande.it\/","name":"Gioielleria Grande","description":"","potentialAction":[{"@type":"SearchAction","target":{"@type":"EntryPoint","urlTemplate":"https:\/\/www.gioielleriagrande.it\/?s={search_term_string}"},"query-input":{"@type":"PropertyValueSpecification","valueRequired":true,"valueName":"search_term_string"}}],"inLanguage":"en-US"}]}},"_links":{"self":[{"href":"https:\/\/www.gioielleriagrande.it\/en\/wp-json\/wp\/v2\/product\/91021","targetHints":{"allow":["GET"]}}],"collection":[{"href":"https:\/\/www.gioielleriagrande.it\/en\/wp-json\/wp\/v2\/product"}],"about":[{"href":"https:\/\/www.gioielleriagrande.it\/en\/wp-json\/wp\/v2\/types\/product"}],"replies":[{"embeddable":true,"href":"https:\/\/www.gioielleriagrande.it\/en\/wp-json\/wp\/v2\/comments?post=91021"}],"wp:featuredmedia":[{"embeddable":true,"href":"https:\/\/www.gioielleriagrande.it\/en\/wp-json\/wp\/v2\/media\/90985"}],"wp:attachment":[{"href":"https:\/\/www.gioielleriagrande.it\/en\/wp-json\/wp\/v2\/media?parent=91021"}],"wp:term":[{"taxonomy":"product_brand","embeddable":true,"href":"https:\/\/www.gioielleriagrande.it\/en\/wp-json\/wp\/v2\/product_brand?post=91021"},{"taxonomy":"product_cat","embeddable":true,"href":"https:\/\/www.gioielleriagrande.it\/en\/wp-json\/wp\/v2\/product_cat?post=91021"},{"taxonomy":"product_tag","embeddable":true,"href":"https:\/\/www.gioielleriagrande.it\/en\/wp-json\/wp\/v2\/product_tag?post=91021"}],"curies":[{"name":"wp","href":"https:\/\/api.w.org\/{rel}","templated":true}]}}