{"id":938670,"date":"2026-02-13T18:17:42","date_gmt":"2026-02-13T17:17:42","guid":{"rendered":"https:\/\/www.gioielleriagrande.it\/prodotto\/153981\/"},"modified":"2026-02-13T18:48:13","modified_gmt":"2026-02-13T17:48:13","slug":"153981","status":"publish","type":"product","link":"https:\/\/www.gioielleriagrande.it\/en\/prodotto\/153981\/","title":{"rendered":"Bracciale cordino con cuore grande a filo &#8211; fucsia"},"content":{"rendered":"<p>Minimale e romantica, la Collezione Piccole Gioie \u00e8 la nostra linea pi\u00f9 iconica. Definito da un grande cuore realizzato in oro 18 kt, questo bracciale con cordino \u00e8 una delicata emozione da indossare in ogni momento della giornata. Indossalo da solo o con le altre Piccole Gioie.<\/p>\n<p>Materiale: Oro giallo o rosa 18 kt   <\/p>\n<p>Larghezza del cuore: 1,9 cm x 1,5 cm<\/p>\n","protected":false},"excerpt":{"rendered":"<p>Minimale e romantica, la Collezione Piccole Gioie \u00e8 la nostra linea pi\u00f9 iconica. Definito da un grande cuore realizzato in oro 18 kt, questo bracciale con cordino \u00e8 una delicata emozione da indossare in ogni momento della giornata. Indossalo da solo o con le altre Piccole Gioie.<\/p>\n<p>Materiale: Oro giallo o rosa 18 kt   <\/p>\n<p>Larghezza del cuore: 1,9 cm x 1,5 cm <\/p>\n","protected":false},"featured_media":938176,"comment_status":"open","ping_status":"closed","template":"","meta":[],"product_brand":[],"product_cat":[7973],"product_tag":[],"class_list":{"0":"post-938670","1":"product","2":"type-product","3":"status-publish","4":"has-post-thumbnail","6":"brand-5164","7":"line-4137","8":"shops-3355","9":"shop_area-3356","11":"first","12":"instock","13":"taxable","14":"shipping-taxable","15":"purchasable","16":"product-type-simple"},"yoast_head":"<!-- This site is optimized with the Yoast SEO plugin v25.3 - https:\/\/yoast.com\/wordpress\/plugins\/seo\/ -->\n<title>Bracciale cordino con cuore grande a filo - fucsia - Gioielleria Grande<\/title>\n<meta name=\"robots\" content=\"index, follow, max-snippet:-1, max-image-preview:large, max-video-preview:-1\" \/>\n<link rel=\"canonical\" href=\"https:\/\/www.gioielleriagrande.it\/prodotto\/153981\/\" \/>\n<meta property=\"og:locale\" content=\"en_US\" \/>\n<meta property=\"og:type\" content=\"article\" \/>\n<meta property=\"og:title\" content=\"Bracciale cordino con cuore grande a filo - fucsia - Gioielleria Grande\" \/>\n<meta property=\"og:description\" content=\"Minimale e romantica, la Collezione Piccole Gioie \u00e8 la nostra linea pi\u00f9 iconica. Definito da un grande cuore realizzato in oro 18 kt, questo bracciale con cordino \u00e8 una delicata emozione da indossare in ogni momento della giornata. Indossalo da solo o con le altre Piccole Gioie. Materiale: Oro giallo o rosa 18 kt   Larghezza del cuore: 1,9 cm x 1,5 cm\" \/>\n<meta property=\"og:url\" content=\"https:\/\/www.gioielleriagrande.it\/prodotto\/153981\/\" \/>\n<meta property=\"og:site_name\" content=\"Gioielleria Grande\" \/>\n<meta property=\"article:modified_time\" content=\"2026-02-13T17:48:13+00:00\" \/>\n<meta name=\"twitter:card\" content=\"summary_large_image\" \/>\n<script type=\"application\/ld+json\" class=\"yoast-schema-graph\">{\"@context\":\"https:\/\/schema.org\",\"@graph\":[{\"@type\":\"WebPage\",\"@id\":\"https:\/\/www.gioielleriagrande.it\/prodotto\/153981\/\",\"url\":\"https:\/\/www.gioielleriagrande.it\/prodotto\/153981\/\",\"name\":\"Bracciale cordino con cuore grande a filo - fucsia - Gioielleria Grande\",\"isPartOf\":{\"@id\":\"https:\/\/www.gioielleriagrande.it\/#website\"},\"primaryImageOfPage\":{\"@id\":\"https:\/\/www.gioielleriagrande.it\/prodotto\/153981\/#primaryimage\"},\"image\":{\"@id\":\"https:\/\/www.gioielleriagrande.it\/prodotto\/153981\/#primaryimage\"},\"thumbnailUrl\":\"https:\/\/www.gioielleriagrande.it\/wp-content\/uploads\/2026\/02\/CF-BK-15-XG_fucsia.png\",\"datePublished\":\"2026-02-13T17:17:42+00:00\",\"dateModified\":\"2026-02-13T17:48:13+00:00\",\"breadcrumb\":{\"@id\":\"https:\/\/www.gioielleriagrande.it\/prodotto\/153981\/#breadcrumb\"},\"inLanguage\":\"en-US\",\"potentialAction\":[{\"@type\":\"ReadAction\",\"target\":[\"https:\/\/www.gioielleriagrande.it\/prodotto\/153981\/\"]}]},{\"@type\":\"ImageObject\",\"inLanguage\":\"en-US\",\"@id\":\"https:\/\/www.gioielleriagrande.it\/prodotto\/153981\/#primaryimage\",\"url\":\"https:\/\/www.gioielleriagrande.it\/wp-content\/uploads\/2026\/02\/CF-BK-15-XG_fucsia.png\",\"contentUrl\":\"https:\/\/www.gioielleriagrande.it\/wp-content\/uploads\/2026\/02\/CF-BK-15-XG_fucsia.png\",\"width\":1500,\"height\":1500,\"caption\":\"CF-BK-15-XG_fucsia.png\"},{\"@type\":\"BreadcrumbList\",\"@id\":\"https:\/\/www.gioielleriagrande.it\/prodotto\/153981\/#breadcrumb\",\"itemListElement\":[{\"@type\":\"ListItem\",\"position\":1,\"name\":\"Home\",\"item\":\"https:\/\/www.gioielleriagrande.it\/\"},{\"@type\":\"ListItem\",\"position\":2,\"name\":\"Shop\",\"item\":\"https:\/\/www.gioielleriagrande.it\/negozio\/\"},{\"@type\":\"ListItem\",\"position\":3,\"name\":\"Bracciale cordino con cuore grande a filo &#8211; fucsia\"}]},{\"@type\":\"WebSite\",\"@id\":\"https:\/\/www.gioielleriagrande.it\/#website\",\"url\":\"https:\/\/www.gioielleriagrande.it\/\",\"name\":\"Gioielleria Grande\",\"description\":\"\",\"potentialAction\":[{\"@type\":\"SearchAction\",\"target\":{\"@type\":\"EntryPoint\",\"urlTemplate\":\"https:\/\/www.gioielleriagrande.it\/?s={search_term_string}\"},\"query-input\":{\"@type\":\"PropertyValueSpecification\",\"valueRequired\":true,\"valueName\":\"search_term_string\"}}],\"inLanguage\":\"en-US\"}]}<\/script>\n<!-- \/ Yoast SEO plugin. -->","yoast_head_json":{"title":"Bracciale cordino con cuore grande a filo - fucsia - Gioielleria Grande","robots":{"index":"index","follow":"follow","max-snippet":"max-snippet:-1","max-image-preview":"max-image-preview:large","max-video-preview":"max-video-preview:-1"},"canonical":"https:\/\/www.gioielleriagrande.it\/prodotto\/153981\/","og_locale":"en_US","og_type":"article","og_title":"Bracciale cordino con cuore grande a filo - fucsia - Gioielleria Grande","og_description":"Minimale e romantica, la Collezione Piccole Gioie \u00e8 la nostra linea pi\u00f9 iconica. Definito da un grande cuore realizzato in oro 18 kt, questo bracciale con cordino \u00e8 una delicata emozione da indossare in ogni momento della giornata. Indossalo da solo o con le altre Piccole Gioie. Materiale: Oro giallo o rosa 18 kt   Larghezza del cuore: 1,9 cm x 1,5 cm","og_url":"https:\/\/www.gioielleriagrande.it\/prodotto\/153981\/","og_site_name":"Gioielleria Grande","article_modified_time":"2026-02-13T17:48:13+00:00","twitter_card":"summary_large_image","schema":{"@context":"https:\/\/schema.org","@graph":[{"@type":"WebPage","@id":"https:\/\/www.gioielleriagrande.it\/prodotto\/153981\/","url":"https:\/\/www.gioielleriagrande.it\/prodotto\/153981\/","name":"Bracciale cordino con cuore grande a filo - fucsia - Gioielleria Grande","isPartOf":{"@id":"https:\/\/www.gioielleriagrande.it\/#website"},"primaryImageOfPage":{"@id":"https:\/\/www.gioielleriagrande.it\/prodotto\/153981\/#primaryimage"},"image":{"@id":"https:\/\/www.gioielleriagrande.it\/prodotto\/153981\/#primaryimage"},"thumbnailUrl":"https:\/\/www.gioielleriagrande.it\/wp-content\/uploads\/2026\/02\/CF-BK-15-XG_fucsia.png","datePublished":"2026-02-13T17:17:42+00:00","dateModified":"2026-02-13T17:48:13+00:00","breadcrumb":{"@id":"https:\/\/www.gioielleriagrande.it\/prodotto\/153981\/#breadcrumb"},"inLanguage":"en-US","potentialAction":[{"@type":"ReadAction","target":["https:\/\/www.gioielleriagrande.it\/prodotto\/153981\/"]}]},{"@type":"ImageObject","inLanguage":"en-US","@id":"https:\/\/www.gioielleriagrande.it\/prodotto\/153981\/#primaryimage","url":"https:\/\/www.gioielleriagrande.it\/wp-content\/uploads\/2026\/02\/CF-BK-15-XG_fucsia.png","contentUrl":"https:\/\/www.gioielleriagrande.it\/wp-content\/uploads\/2026\/02\/CF-BK-15-XG_fucsia.png","width":1500,"height":1500,"caption":"CF-BK-15-XG_fucsia.png"},{"@type":"BreadcrumbList","@id":"https:\/\/www.gioielleriagrande.it\/prodotto\/153981\/#breadcrumb","itemListElement":[{"@type":"ListItem","position":1,"name":"Home","item":"https:\/\/www.gioielleriagrande.it\/"},{"@type":"ListItem","position":2,"name":"Shop","item":"https:\/\/www.gioielleriagrande.it\/negozio\/"},{"@type":"ListItem","position":3,"name":"Bracciale cordino con cuore grande a filo &#8211; fucsia"}]},{"@type":"WebSite","@id":"https:\/\/www.gioielleriagrande.it\/#website","url":"https:\/\/www.gioielleriagrande.it\/","name":"Gioielleria Grande","description":"","potentialAction":[{"@type":"SearchAction","target":{"@type":"EntryPoint","urlTemplate":"https:\/\/www.gioielleriagrande.it\/?s={search_term_string}"},"query-input":{"@type":"PropertyValueSpecification","valueRequired":true,"valueName":"search_term_string"}}],"inLanguage":"en-US"}]}},"_links":{"self":[{"href":"https:\/\/www.gioielleriagrande.it\/en\/wp-json\/wp\/v2\/product\/938670","targetHints":{"allow":["GET"]}}],"collection":[{"href":"https:\/\/www.gioielleriagrande.it\/en\/wp-json\/wp\/v2\/product"}],"about":[{"href":"https:\/\/www.gioielleriagrande.it\/en\/wp-json\/wp\/v2\/types\/product"}],"replies":[{"embeddable":true,"href":"https:\/\/www.gioielleriagrande.it\/en\/wp-json\/wp\/v2\/comments?post=938670"}],"wp:featuredmedia":[{"embeddable":true,"href":"https:\/\/www.gioielleriagrande.it\/en\/wp-json\/wp\/v2\/media\/938176"}],"wp:attachment":[{"href":"https:\/\/www.gioielleriagrande.it\/en\/wp-json\/wp\/v2\/media?parent=938670"}],"wp:term":[{"taxonomy":"product_brand","embeddable":true,"href":"https:\/\/www.gioielleriagrande.it\/en\/wp-json\/wp\/v2\/product_brand?post=938670"},{"taxonomy":"product_cat","embeddable":true,"href":"https:\/\/www.gioielleriagrande.it\/en\/wp-json\/wp\/v2\/product_cat?post=938670"},{"taxonomy":"product_tag","embeddable":true,"href":"https:\/\/www.gioielleriagrande.it\/en\/wp-json\/wp\/v2\/product_tag?post=938670"}],"curies":[{"name":"wp","href":"https:\/\/api.w.org\/{rel}","templated":true}]}}