{"id":938685,"date":"2026-02-13T18:17:51","date_gmt":"2026-02-13T17:17:51","guid":{"rendered":"https:\/\/www.gioielleriagrande.it\/prodotto\/115863\/"},"modified":"2026-02-13T18:28:30","modified_gmt":"2026-02-13T17:28:30","slug":"115863","status":"publish","type":"product","link":"https:\/\/www.gioielleriagrande.it\/en\/prodotto\/115863\/","title":{"rendered":"Collana Move con pav\u00e9, oro bianco e diamanti"},"content":{"rendered":"<p>Collana con pav\u00e9 di diamanti in oro bianco 18 carati, interamente realizzata a mano e incastonata con tre diamanti taglio brillante da 0,08 carati ciascuno, della collezione di gioielleria Move, icona della Maison Messika. Questo gioiello da donna si distingue per il suo design moderno e la rotondit\u00e0 della gabbia con delicato pav\u00e9 di diamanti, impreziosita da una doppia catena. La delicata incastonatura mette in risalto l\u2019oro bianco del pendente, che a sua volta esalta la brillantezza delle pietre. Il movimento dei tre diamanti &#8211; simbolo dell&#8217;amore di ieri, oggi e domani &#8211; esalta lo splendore delle pietre accuratamente selezionate. Prezioso gioiello, questa collana con pav\u00e9 di diamanti in oro bianco aggiunger\u00e0 un tocco di luce agli stili decisi. Trovi la collana Move Classique in oro bianco con pav\u00e9 di diamanti online e in boutique, e scoprirai anche tutte le nostre collezioni di gioielleria e Alta Gioielleria.<\/p>\n","protected":false},"excerpt":{"rendered":"<p>Collana con pav\u00e9 di diamanti in oro bianco 18 carati, interamente realizzata a mano e incastonata con tre diamanti taglio brillante da 0,08 carati ciascuno, della collezione di gioielleria Move, icona della Maison Messika. Questo gioiello da donna si distingue per il suo design moderno e la rotondit\u00e0 della gabbia con delicato pav\u00e9 di diamanti, impreziosita da una doppia catena. La delicata incastonatura mette in risalto l\u2019oro bianco del pendente, che a sua volta esalta la brillantezza delle pietre. Il movimento dei tre diamanti &#8211; simbolo dell&#8217;amore di ieri, oggi e domani &#8211; esalta lo splendore delle pietre accuratamente selezionate. Prezioso gioiello, questa collana con pav\u00e9 di diamanti in oro bianco aggiunger\u00e0 un tocco di luce agli stili decisi. Trovi la collana Move Classique in oro bianco con pav\u00e9 di diamanti online e in boutique, e scoprirai anche tutte le nostre collezioni di gioielleria e Alta Gioielleria.<\/p>\n","protected":false},"featured_media":85453,"comment_status":"open","ping_status":"closed","template":"","meta":[],"product_brand":[],"product_cat":[7971],"product_tag":[],"class_list":{"0":"post-938685","1":"product","2":"type-product","3":"status-publish","4":"has-post-thumbnail","6":"brand-7106","7":"line-7977","8":"shops-3355","9":"shop_area-3356","11":"first","12":"outofstock","13":"taxable","14":"shipping-taxable","15":"purchasable","16":"product-type-simple"},"yoast_head":"<!-- This site is optimized with the Yoast SEO plugin v25.3 - https:\/\/yoast.com\/wordpress\/plugins\/seo\/ -->\n<title>Collana Move con pav\u00e9, oro bianco e diamanti - Gioielleria Grande<\/title>\n<meta name=\"robots\" content=\"index, follow, max-snippet:-1, max-image-preview:large, max-video-preview:-1\" \/>\n<link rel=\"canonical\" href=\"https:\/\/www.gioielleriagrande.it\/prodotto\/115863\/\" \/>\n<meta property=\"og:locale\" content=\"en_US\" \/>\n<meta property=\"og:type\" content=\"article\" \/>\n<meta property=\"og:title\" content=\"Collana Move con pav\u00e9, oro bianco e diamanti - Gioielleria Grande\" \/>\n<meta property=\"og:description\" content=\"Collana con pav\u00e9 di diamanti in oro bianco 18 carati, interamente realizzata a mano e incastonata con tre diamanti taglio brillante da 0,08 carati ciascuno, della collezione di gioielleria Move, icona della Maison Messika. Questo gioiello da donna si distingue per il suo design moderno e la rotondit\u00e0 della gabbia con delicato pav\u00e9 di diamanti, impreziosita da una doppia catena. La delicata incastonatura mette in risalto l\u2019oro bianco del pendente, che a sua volta esalta la brillantezza delle pietre. Il movimento dei tre diamanti - simbolo dell&#039;amore di ieri, oggi e domani - esalta lo splendore delle pietre accuratamente selezionate. Prezioso gioiello, questa collana con pav\u00e9 di diamanti in oro bianco aggiunger\u00e0 un tocco di luce agli stili decisi. Trovi la collana Move Classique in oro bianco con pav\u00e9 di diamanti online e in boutique, e scoprirai anche tutte le nostre collezioni di gioielleria e Alta Gioielleria.\" \/>\n<meta property=\"og:url\" content=\"https:\/\/www.gioielleriagrande.it\/prodotto\/115863\/\" \/>\n<meta property=\"og:site_name\" content=\"Gioielleria Grande\" \/>\n<meta property=\"article:modified_time\" content=\"2026-02-13T17:28:30+00:00\" \/>\n<meta property=\"og:image\" content=\"https:\/\/www.gioielleriagrande.it\/wp-content\/uploads\/2022\/11\/03994-WG.jpg\" \/>\n\t<meta property=\"og:image:width\" content=\"1900\" \/>\n\t<meta property=\"og:image:height\" content=\"1900\" \/>\n\t<meta property=\"og:image:type\" content=\"image\/jpeg\" \/>\n<meta name=\"twitter:card\" content=\"summary_large_image\" \/>\n<meta name=\"twitter:label1\" content=\"Est. reading time\" \/>\n\t<meta name=\"twitter:data1\" content=\"1 minute\" \/>\n<script type=\"application\/ld+json\" class=\"yoast-schema-graph\">{\"@context\":\"https:\/\/schema.org\",\"@graph\":[{\"@type\":\"WebPage\",\"@id\":\"https:\/\/www.gioielleriagrande.it\/prodotto\/115863\/\",\"url\":\"https:\/\/www.gioielleriagrande.it\/prodotto\/115863\/\",\"name\":\"Collana Move con pav\u00e9, oro bianco e diamanti - Gioielleria Grande\",\"isPartOf\":{\"@id\":\"https:\/\/www.gioielleriagrande.it\/#website\"},\"primaryImageOfPage\":{\"@id\":\"https:\/\/www.gioielleriagrande.it\/prodotto\/115863\/#primaryimage\"},\"image\":{\"@id\":\"https:\/\/www.gioielleriagrande.it\/prodotto\/115863\/#primaryimage\"},\"thumbnailUrl\":\"https:\/\/www.gioielleriagrande.it\/wp-content\/uploads\/2022\/11\/03994-WG.jpg\",\"datePublished\":\"2026-02-13T17:17:51+00:00\",\"dateModified\":\"2026-02-13T17:28:30+00:00\",\"breadcrumb\":{\"@id\":\"https:\/\/www.gioielleriagrande.it\/prodotto\/115863\/#breadcrumb\"},\"inLanguage\":\"en-US\",\"potentialAction\":[{\"@type\":\"ReadAction\",\"target\":[\"https:\/\/www.gioielleriagrande.it\/prodotto\/115863\/\"]}]},{\"@type\":\"ImageObject\",\"inLanguage\":\"en-US\",\"@id\":\"https:\/\/www.gioielleriagrande.it\/prodotto\/115863\/#primaryimage\",\"url\":\"https:\/\/www.gioielleriagrande.it\/wp-content\/uploads\/2022\/11\/03994-WG.jpg\",\"contentUrl\":\"https:\/\/www.gioielleriagrande.it\/wp-content\/uploads\/2022\/11\/03994-WG.jpg\",\"width\":1900,\"height\":1900,\"caption\":\"03994-WG.jpg\"},{\"@type\":\"BreadcrumbList\",\"@id\":\"https:\/\/www.gioielleriagrande.it\/prodotto\/115863\/#breadcrumb\",\"itemListElement\":[{\"@type\":\"ListItem\",\"position\":1,\"name\":\"Home\",\"item\":\"https:\/\/www.gioielleriagrande.it\/\"},{\"@type\":\"ListItem\",\"position\":2,\"name\":\"Shop\",\"item\":\"https:\/\/www.gioielleriagrande.it\/negozio\/\"},{\"@type\":\"ListItem\",\"position\":3,\"name\":\"Collana Move con pav\u00e9, oro bianco e diamanti\"}]},{\"@type\":\"WebSite\",\"@id\":\"https:\/\/www.gioielleriagrande.it\/#website\",\"url\":\"https:\/\/www.gioielleriagrande.it\/\",\"name\":\"Gioielleria Grande\",\"description\":\"\",\"potentialAction\":[{\"@type\":\"SearchAction\",\"target\":{\"@type\":\"EntryPoint\",\"urlTemplate\":\"https:\/\/www.gioielleriagrande.it\/?s={search_term_string}\"},\"query-input\":{\"@type\":\"PropertyValueSpecification\",\"valueRequired\":true,\"valueName\":\"search_term_string\"}}],\"inLanguage\":\"en-US\"}]}<\/script>\n<!-- \/ Yoast SEO plugin. -->","yoast_head_json":{"title":"Collana Move con pav\u00e9, oro bianco e diamanti - Gioielleria Grande","robots":{"index":"index","follow":"follow","max-snippet":"max-snippet:-1","max-image-preview":"max-image-preview:large","max-video-preview":"max-video-preview:-1"},"canonical":"https:\/\/www.gioielleriagrande.it\/prodotto\/115863\/","og_locale":"en_US","og_type":"article","og_title":"Collana Move con pav\u00e9, oro bianco e diamanti - Gioielleria Grande","og_description":"Collana con pav\u00e9 di diamanti in oro bianco 18 carati, interamente realizzata a mano e incastonata con tre diamanti taglio brillante da 0,08 carati ciascuno, della collezione di gioielleria Move, icona della Maison Messika. Questo gioiello da donna si distingue per il suo design moderno e la rotondit\u00e0 della gabbia con delicato pav\u00e9 di diamanti, impreziosita da una doppia catena. La delicata incastonatura mette in risalto l\u2019oro bianco del pendente, che a sua volta esalta la brillantezza delle pietre. Il movimento dei tre diamanti - simbolo dell'amore di ieri, oggi e domani - esalta lo splendore delle pietre accuratamente selezionate. Prezioso gioiello, questa collana con pav\u00e9 di diamanti in oro bianco aggiunger\u00e0 un tocco di luce agli stili decisi. Trovi la collana Move Classique in oro bianco con pav\u00e9 di diamanti online e in boutique, e scoprirai anche tutte le nostre collezioni di gioielleria e Alta Gioielleria.","og_url":"https:\/\/www.gioielleriagrande.it\/prodotto\/115863\/","og_site_name":"Gioielleria Grande","article_modified_time":"2026-02-13T17:28:30+00:00","og_image":[{"width":1900,"height":1900,"url":"https:\/\/www.gioielleriagrande.it\/wp-content\/uploads\/2022\/11\/03994-WG.jpg","type":"image\/jpeg"}],"twitter_card":"summary_large_image","twitter_misc":{"Est. reading time":"1 minute"},"schema":{"@context":"https:\/\/schema.org","@graph":[{"@type":"WebPage","@id":"https:\/\/www.gioielleriagrande.it\/prodotto\/115863\/","url":"https:\/\/www.gioielleriagrande.it\/prodotto\/115863\/","name":"Collana Move con pav\u00e9, oro bianco e diamanti - Gioielleria Grande","isPartOf":{"@id":"https:\/\/www.gioielleriagrande.it\/#website"},"primaryImageOfPage":{"@id":"https:\/\/www.gioielleriagrande.it\/prodotto\/115863\/#primaryimage"},"image":{"@id":"https:\/\/www.gioielleriagrande.it\/prodotto\/115863\/#primaryimage"},"thumbnailUrl":"https:\/\/www.gioielleriagrande.it\/wp-content\/uploads\/2022\/11\/03994-WG.jpg","datePublished":"2026-02-13T17:17:51+00:00","dateModified":"2026-02-13T17:28:30+00:00","breadcrumb":{"@id":"https:\/\/www.gioielleriagrande.it\/prodotto\/115863\/#breadcrumb"},"inLanguage":"en-US","potentialAction":[{"@type":"ReadAction","target":["https:\/\/www.gioielleriagrande.it\/prodotto\/115863\/"]}]},{"@type":"ImageObject","inLanguage":"en-US","@id":"https:\/\/www.gioielleriagrande.it\/prodotto\/115863\/#primaryimage","url":"https:\/\/www.gioielleriagrande.it\/wp-content\/uploads\/2022\/11\/03994-WG.jpg","contentUrl":"https:\/\/www.gioielleriagrande.it\/wp-content\/uploads\/2022\/11\/03994-WG.jpg","width":1900,"height":1900,"caption":"03994-WG.jpg"},{"@type":"BreadcrumbList","@id":"https:\/\/www.gioielleriagrande.it\/prodotto\/115863\/#breadcrumb","itemListElement":[{"@type":"ListItem","position":1,"name":"Home","item":"https:\/\/www.gioielleriagrande.it\/"},{"@type":"ListItem","position":2,"name":"Shop","item":"https:\/\/www.gioielleriagrande.it\/negozio\/"},{"@type":"ListItem","position":3,"name":"Collana Move con pav\u00e9, oro bianco e diamanti"}]},{"@type":"WebSite","@id":"https:\/\/www.gioielleriagrande.it\/#website","url":"https:\/\/www.gioielleriagrande.it\/","name":"Gioielleria Grande","description":"","potentialAction":[{"@type":"SearchAction","target":{"@type":"EntryPoint","urlTemplate":"https:\/\/www.gioielleriagrande.it\/?s={search_term_string}"},"query-input":{"@type":"PropertyValueSpecification","valueRequired":true,"valueName":"search_term_string"}}],"inLanguage":"en-US"}]}},"_links":{"self":[{"href":"https:\/\/www.gioielleriagrande.it\/en\/wp-json\/wp\/v2\/product\/938685","targetHints":{"allow":["GET"]}}],"collection":[{"href":"https:\/\/www.gioielleriagrande.it\/en\/wp-json\/wp\/v2\/product"}],"about":[{"href":"https:\/\/www.gioielleriagrande.it\/en\/wp-json\/wp\/v2\/types\/product"}],"replies":[{"embeddable":true,"href":"https:\/\/www.gioielleriagrande.it\/en\/wp-json\/wp\/v2\/comments?post=938685"}],"wp:featuredmedia":[{"embeddable":true,"href":"https:\/\/www.gioielleriagrande.it\/en\/wp-json\/wp\/v2\/media\/85453"}],"wp:attachment":[{"href":"https:\/\/www.gioielleriagrande.it\/en\/wp-json\/wp\/v2\/media?parent=938685"}],"wp:term":[{"taxonomy":"product_brand","embeddable":true,"href":"https:\/\/www.gioielleriagrande.it\/en\/wp-json\/wp\/v2\/product_brand?post=938685"},{"taxonomy":"product_cat","embeddable":true,"href":"https:\/\/www.gioielleriagrande.it\/en\/wp-json\/wp\/v2\/product_cat?post=938685"},{"taxonomy":"product_tag","embeddable":true,"href":"https:\/\/www.gioielleriagrande.it\/en\/wp-json\/wp\/v2\/product_tag?post=938685"}],"curies":[{"name":"wp","href":"https:\/\/api.w.org\/{rel}","templated":true}]}}