{"id":939631,"date":"2026-02-13T18:39:09","date_gmt":"2026-02-13T17:39:09","guid":{"rendered":"https:\/\/www.gioielleriagrande.it\/prodotto\/166980\/"},"modified":"2026-02-13T18:52:50","modified_gmt":"2026-02-13T17:52:50","slug":"166980","status":"publish","type":"product","link":"https:\/\/www.gioielleriagrande.it\/en\/prodotto\/166980\/","title":{"rendered":"Bracciale catena Piccole Gioie con cuore piccolo a filo"},"content":{"rendered":"<p>Minimale e romantica, la Collezione Piccole Gioie \u00e8 la nostra linea pi\u00f9 iconica. Definito da un dolce cuore realizzato in oro 18 kt, questo bracciale in catena \u00e8 una delicata emozione da indossare in ogni momento della giornata. Indossalo da solo o con le altre Piccole Gioie.<\/p>\n<p>Materiale: Oro giallo o rosa 18 kt   <\/p>\n<p>Larghezza del cuore: 0,8 cm x 0,7 cm   <\/p>\n<p>Lunghezza della catena: chiusura regolabile da 16,5 a 18 cm<\/p>\n","protected":false},"excerpt":{"rendered":"<p>Minimale e romantica, la Collezione Piccole Gioie \u00e8 la nostra linea pi\u00f9 iconica. Definito da un dolce cuore realizzato in oro 18 kt, questo bracciale in catena \u00e8 una delicata emozione da indossare in ogni momento della giornata. Indossalo da solo o con le altre Piccole Gioie.<\/p>\n<p>Materiale: Oro giallo o rosa 18 kt   <\/p>\n<p>Larghezza del cuore: 0,8 cm x 0,7 cm   <\/p>\n<p>Lunghezza della catena: chiusura regolabile da 16,5 a 18 cm <\/p>\n","protected":false},"featured_media":939220,"comment_status":"open","ping_status":"closed","template":"","meta":[],"product_brand":[],"product_cat":[7973],"product_tag":[],"class_list":{"0":"post-939631","1":"product","2":"type-product","3":"status-publish","4":"has-post-thumbnail","6":"brand-5164","7":"line-4137","8":"shops-3355","9":"shop_area-3356","11":"first","12":"instock","13":"taxable","14":"shipping-taxable","15":"purchasable","16":"product-type-simple"},"yoast_head":"<!-- This site is optimized with the Yoast SEO plugin v25.3 - https:\/\/yoast.com\/wordpress\/plugins\/seo\/ -->\n<title>Bracciale catena Piccole Gioie con cuore piccolo a filo - Gioielleria Grande<\/title>\n<meta name=\"robots\" content=\"index, follow, max-snippet:-1, max-image-preview:large, max-video-preview:-1\" \/>\n<link rel=\"canonical\" href=\"https:\/\/www.gioielleriagrande.it\/prodotto\/166980\/\" \/>\n<meta property=\"og:locale\" content=\"en_US\" \/>\n<meta property=\"og:type\" content=\"article\" \/>\n<meta property=\"og:title\" content=\"Bracciale catena Piccole Gioie con cuore piccolo a filo - Gioielleria Grande\" \/>\n<meta property=\"og:description\" content=\"Minimale e romantica, la Collezione Piccole Gioie \u00e8 la nostra linea pi\u00f9 iconica. Definito da un dolce cuore realizzato in oro 18 kt, questo bracciale in catena \u00e8 una delicata emozione da indossare in ogni momento della giornata. Indossalo da solo o con le altre Piccole Gioie. Materiale: Oro giallo o rosa 18 kt   Larghezza del cuore: 0,8 cm x 0,7 cm   Lunghezza della catena: chiusura regolabile da 16,5 a 18 cm\" \/>\n<meta property=\"og:url\" content=\"https:\/\/www.gioielleriagrande.it\/prodotto\/166980\/\" \/>\n<meta property=\"og:site_name\" content=\"Gioielleria Grande\" \/>\n<meta property=\"article:modified_time\" content=\"2026-02-13T17:52:50+00:00\" \/>\n<meta name=\"twitter:card\" content=\"summary_large_image\" \/>\n<script type=\"application\/ld+json\" class=\"yoast-schema-graph\">{\"@context\":\"https:\/\/schema.org\",\"@graph\":[{\"@type\":\"WebPage\",\"@id\":\"https:\/\/www.gioielleriagrande.it\/prodotto\/166980\/\",\"url\":\"https:\/\/www.gioielleriagrande.it\/prodotto\/166980\/\",\"name\":\"Bracciale catena Piccole Gioie con cuore piccolo a filo - Gioielleria Grande\",\"isPartOf\":{\"@id\":\"https:\/\/www.gioielleriagrande.it\/#website\"},\"primaryImageOfPage\":{\"@id\":\"https:\/\/www.gioielleriagrande.it\/prodotto\/166980\/#primaryimage\"},\"image\":{\"@id\":\"https:\/\/www.gioielleriagrande.it\/prodotto\/166980\/#primaryimage\"},\"thumbnailUrl\":\"https:\/\/www.gioielleriagrande.it\/wp-content\/uploads\/2026\/02\/CF-BC-12-XR.png\",\"datePublished\":\"2026-02-13T17:39:09+00:00\",\"dateModified\":\"2026-02-13T17:52:50+00:00\",\"breadcrumb\":{\"@id\":\"https:\/\/www.gioielleriagrande.it\/prodotto\/166980\/#breadcrumb\"},\"inLanguage\":\"en-US\",\"potentialAction\":[{\"@type\":\"ReadAction\",\"target\":[\"https:\/\/www.gioielleriagrande.it\/prodotto\/166980\/\"]}]},{\"@type\":\"ImageObject\",\"inLanguage\":\"en-US\",\"@id\":\"https:\/\/www.gioielleriagrande.it\/prodotto\/166980\/#primaryimage\",\"url\":\"https:\/\/www.gioielleriagrande.it\/wp-content\/uploads\/2026\/02\/CF-BC-12-XR.png\",\"contentUrl\":\"https:\/\/www.gioielleriagrande.it\/wp-content\/uploads\/2026\/02\/CF-BC-12-XR.png\",\"width\":1500,\"height\":1500,\"caption\":\"CF-BC-12-XR.png\"},{\"@type\":\"BreadcrumbList\",\"@id\":\"https:\/\/www.gioielleriagrande.it\/prodotto\/166980\/#breadcrumb\",\"itemListElement\":[{\"@type\":\"ListItem\",\"position\":1,\"name\":\"Home\",\"item\":\"https:\/\/www.gioielleriagrande.it\/\"},{\"@type\":\"ListItem\",\"position\":2,\"name\":\"Shop\",\"item\":\"https:\/\/www.gioielleriagrande.it\/negozio\/\"},{\"@type\":\"ListItem\",\"position\":3,\"name\":\"Bracciale catena Piccole Gioie con cuore piccolo a filo\"}]},{\"@type\":\"WebSite\",\"@id\":\"https:\/\/www.gioielleriagrande.it\/#website\",\"url\":\"https:\/\/www.gioielleriagrande.it\/\",\"name\":\"Gioielleria Grande\",\"description\":\"\",\"potentialAction\":[{\"@type\":\"SearchAction\",\"target\":{\"@type\":\"EntryPoint\",\"urlTemplate\":\"https:\/\/www.gioielleriagrande.it\/?s={search_term_string}\"},\"query-input\":{\"@type\":\"PropertyValueSpecification\",\"valueRequired\":true,\"valueName\":\"search_term_string\"}}],\"inLanguage\":\"en-US\"}]}<\/script>\n<!-- \/ Yoast SEO plugin. -->","yoast_head_json":{"title":"Bracciale catena Piccole Gioie con cuore piccolo a filo - Gioielleria Grande","robots":{"index":"index","follow":"follow","max-snippet":"max-snippet:-1","max-image-preview":"max-image-preview:large","max-video-preview":"max-video-preview:-1"},"canonical":"https:\/\/www.gioielleriagrande.it\/prodotto\/166980\/","og_locale":"en_US","og_type":"article","og_title":"Bracciale catena Piccole Gioie con cuore piccolo a filo - Gioielleria Grande","og_description":"Minimale e romantica, la Collezione Piccole Gioie \u00e8 la nostra linea pi\u00f9 iconica. Definito da un dolce cuore realizzato in oro 18 kt, questo bracciale in catena \u00e8 una delicata emozione da indossare in ogni momento della giornata. Indossalo da solo o con le altre Piccole Gioie. Materiale: Oro giallo o rosa 18 kt   Larghezza del cuore: 0,8 cm x 0,7 cm   Lunghezza della catena: chiusura regolabile da 16,5 a 18 cm","og_url":"https:\/\/www.gioielleriagrande.it\/prodotto\/166980\/","og_site_name":"Gioielleria Grande","article_modified_time":"2026-02-13T17:52:50+00:00","twitter_card":"summary_large_image","schema":{"@context":"https:\/\/schema.org","@graph":[{"@type":"WebPage","@id":"https:\/\/www.gioielleriagrande.it\/prodotto\/166980\/","url":"https:\/\/www.gioielleriagrande.it\/prodotto\/166980\/","name":"Bracciale catena Piccole Gioie con cuore piccolo a filo - Gioielleria Grande","isPartOf":{"@id":"https:\/\/www.gioielleriagrande.it\/#website"},"primaryImageOfPage":{"@id":"https:\/\/www.gioielleriagrande.it\/prodotto\/166980\/#primaryimage"},"image":{"@id":"https:\/\/www.gioielleriagrande.it\/prodotto\/166980\/#primaryimage"},"thumbnailUrl":"https:\/\/www.gioielleriagrande.it\/wp-content\/uploads\/2026\/02\/CF-BC-12-XR.png","datePublished":"2026-02-13T17:39:09+00:00","dateModified":"2026-02-13T17:52:50+00:00","breadcrumb":{"@id":"https:\/\/www.gioielleriagrande.it\/prodotto\/166980\/#breadcrumb"},"inLanguage":"en-US","potentialAction":[{"@type":"ReadAction","target":["https:\/\/www.gioielleriagrande.it\/prodotto\/166980\/"]}]},{"@type":"ImageObject","inLanguage":"en-US","@id":"https:\/\/www.gioielleriagrande.it\/prodotto\/166980\/#primaryimage","url":"https:\/\/www.gioielleriagrande.it\/wp-content\/uploads\/2026\/02\/CF-BC-12-XR.png","contentUrl":"https:\/\/www.gioielleriagrande.it\/wp-content\/uploads\/2026\/02\/CF-BC-12-XR.png","width":1500,"height":1500,"caption":"CF-BC-12-XR.png"},{"@type":"BreadcrumbList","@id":"https:\/\/www.gioielleriagrande.it\/prodotto\/166980\/#breadcrumb","itemListElement":[{"@type":"ListItem","position":1,"name":"Home","item":"https:\/\/www.gioielleriagrande.it\/"},{"@type":"ListItem","position":2,"name":"Shop","item":"https:\/\/www.gioielleriagrande.it\/negozio\/"},{"@type":"ListItem","position":3,"name":"Bracciale catena Piccole Gioie con cuore piccolo a filo"}]},{"@type":"WebSite","@id":"https:\/\/www.gioielleriagrande.it\/#website","url":"https:\/\/www.gioielleriagrande.it\/","name":"Gioielleria Grande","description":"","potentialAction":[{"@type":"SearchAction","target":{"@type":"EntryPoint","urlTemplate":"https:\/\/www.gioielleriagrande.it\/?s={search_term_string}"},"query-input":{"@type":"PropertyValueSpecification","valueRequired":true,"valueName":"search_term_string"}}],"inLanguage":"en-US"}]}},"_links":{"self":[{"href":"https:\/\/www.gioielleriagrande.it\/en\/wp-json\/wp\/v2\/product\/939631","targetHints":{"allow":["GET"]}}],"collection":[{"href":"https:\/\/www.gioielleriagrande.it\/en\/wp-json\/wp\/v2\/product"}],"about":[{"href":"https:\/\/www.gioielleriagrande.it\/en\/wp-json\/wp\/v2\/types\/product"}],"replies":[{"embeddable":true,"href":"https:\/\/www.gioielleriagrande.it\/en\/wp-json\/wp\/v2\/comments?post=939631"}],"wp:featuredmedia":[{"embeddable":true,"href":"https:\/\/www.gioielleriagrande.it\/en\/wp-json\/wp\/v2\/media\/939220"}],"wp:attachment":[{"href":"https:\/\/www.gioielleriagrande.it\/en\/wp-json\/wp\/v2\/media?parent=939631"}],"wp:term":[{"taxonomy":"product_brand","embeddable":true,"href":"https:\/\/www.gioielleriagrande.it\/en\/wp-json\/wp\/v2\/product_brand?post=939631"},{"taxonomy":"product_cat","embeddable":true,"href":"https:\/\/www.gioielleriagrande.it\/en\/wp-json\/wp\/v2\/product_cat?post=939631"},{"taxonomy":"product_tag","embeddable":true,"href":"https:\/\/www.gioielleriagrande.it\/en\/wp-json\/wp\/v2\/product_tag?post=939631"}],"curies":[{"name":"wp","href":"https:\/\/api.w.org\/{rel}","templated":true}]}}