{"id":96593,"date":"2023-04-11T16:58:07","date_gmt":"2023-04-11T14:58:07","guid":{"rendered":"https:\/\/www.gioielleriagrande.it\/prodotto\/123926\/"},"modified":"2025-02-22T13:57:39","modified_gmt":"2025-02-22T12:57:39","slug":"123926","status":"publish","type":"product","link":"https:\/\/www.gioielleriagrande.it\/en\/prodotto\/123926\/","title":{"rendered":"ENDURANCE PRO\nREF:X82310A71B1S1"},"content":{"rendered":"<p>Progettato per essere sia un orologio leggero per gli atleti che un cronografo sportivo casual per tutti i giorni, l\u2019Endurance Pro coniuga perfettamente alta precisione e tecnologia innovativa con un design grintoso e colorato. \u00c8 l&#8217;orologio athleisure per eccellenza. Concepito per uomini e donne la cui vita attiva unisce una mentalit\u00e0 professionale a uno stile di vita sportivo, l\u2019Endurance Pro \u00e8 all\u2019altezza delle sfide poste da un allenamento rigoroso ma anche piuttosto elegante per l\u2019uso quotidiano. L\u2019Endurance Pro \u00e8 caratterizzato da una cassa ultraleggera in Breitlight\u00ae, un materiale robusto 3,3 volte pi\u00f9 leggero del titanio e 5,8 volte pi\u00f9 leggero dell\u2019acciaio inossidabile. Amagnetico, termicamente stabile e ipoallergenico, Breitlight\u00ae \u00e8 altamente resistente ai graffi, alla trazione e alla corrosione. Al tatto \u00e8 pi\u00f9 caldo rispetto al metallo e ha un effetto leggermente strutturato che accentua l\u2019originalit\u00e0 del design. Un\u2019esclusiva di Breitling, \u00e8 100% Swiss made. Proposto con una gamma di quadranti colorati e cinturini in caucci\u00f9 con fibbia ad ardiglione doppio in Breitlight\u00ae, l\u2019Endurance Pro si pu\u00f2 abbinare anche a uno dei cinturini monopezzo Outerknown colorati in filo ECONYL\u00ae. L\u2019Endurance Pro \u00e8 azionato dal Calibro Breitling 82, un cronografo Superquartz\u2122 certificato COSC che offre una precisione eccezionale.<\/p>\n","protected":false},"excerpt":{"rendered":"<p>Progettato per essere sia un orologio leggero per gli atleti che un cronografo sportivo casual per tutti i giorni, l\u2019Endurance Pro coniuga perfettamente alta precisione e tecnologia innovativa con un design grintoso e colorato. \u00c8 l&#8217;orologio athleisure per eccellenza. Concepito per uomini e donne la cui vita attiva unisce una mentalit\u00e0 professionale a uno stile di vita sportivo, l\u2019Endurance Pro \u00e8 all\u2019altezza delle sfide poste da un allenamento rigoroso ma anche piuttosto elegante per l\u2019uso quotidiano. L\u2019Endurance Pro \u00e8 caratterizzato da una cassa ultraleggera in Breitlight\u00ae, un materiale robusto 3,3 volte pi\u00f9 leggero del titanio e 5,8 volte pi\u00f9 leggero dell\u2019acciaio inossidabile. Amagnetico, termicamente stabile e ipoallergenico, Breitlight\u00ae \u00e8 altamente resistente ai graffi, alla trazione e alla corrosione. Al tatto \u00e8 pi\u00f9 caldo rispetto al metallo e ha un effetto leggermente strutturato che accentua l\u2019originalit\u00e0 del design. Un\u2019esclusiva di Breitling, \u00e8 100% Swiss made. Proposto con una gamma di quadranti colorati e cinturini in caucci\u00f9 con fibbia ad ardiglione doppio in Breitlight\u00ae, l\u2019Endurance Pro si pu\u00f2 abbinare anche a uno dei cinturini monopezzo Outerknown colorati in filo ECONYL\u00ae. L\u2019Endurance Pro \u00e8 azionato dal Calibro Breitling 82, un cronografo Superquartz\u2122 certificato COSC che offre una precisione eccezionale.<\/p>\n","protected":false},"featured_media":81930,"comment_status":"open","ping_status":"closed","template":"","meta":[],"product_brand":[],"product_cat":[3309],"product_tag":[],"class_list":{"0":"post-96593","1":"product","2":"type-product","3":"status-publish","4":"has-post-thumbnail","6":"brand-3339","7":"line-6738","8":"shops-3355","9":"shop_area-3357","11":"first","12":"instock","13":"taxable","14":"shipping-taxable","15":"purchasable","16":"product-type-simple"},"yoast_head":"<!-- This site is optimized with the Yoast SEO plugin v25.3 - https:\/\/yoast.com\/wordpress\/plugins\/seo\/ -->\n<title>ENDURANCE PRO REF:X82310A71B1S1 - Gioielleria Grande<\/title>\n<meta name=\"robots\" content=\"index, follow, max-snippet:-1, max-image-preview:large, max-video-preview:-1\" \/>\n<link rel=\"canonical\" href=\"https:\/\/www.gioielleriagrande.it\/prodotto\/123926\/\" \/>\n<meta property=\"og:locale\" content=\"en_US\" \/>\n<meta property=\"og:type\" content=\"article\" \/>\n<meta property=\"og:title\" content=\"ENDURANCE PRO REF:X82310A71B1S1 - Gioielleria Grande\" \/>\n<meta property=\"og:description\" content=\"Progettato per essere sia un orologio leggero per gli atleti che un cronografo sportivo casual per tutti i giorni, l\u2019Endurance Pro coniuga perfettamente alta precisione e tecnologia innovativa con un design grintoso e colorato. \u00c8 l&#039;orologio athleisure per eccellenza. Concepito per uomini e donne la cui vita attiva unisce una mentalit\u00e0 professionale a uno stile di vita sportivo, l\u2019Endurance Pro \u00e8 all\u2019altezza delle sfide poste da un allenamento rigoroso ma anche piuttosto elegante per l\u2019uso quotidiano. L\u2019Endurance Pro \u00e8 caratterizzato da una cassa ultraleggera in Breitlight\u00ae, un materiale robusto 3,3 volte pi\u00f9 leggero del titanio e 5,8 volte pi\u00f9 leggero dell\u2019acciaio inossidabile. Amagnetico, termicamente stabile e ipoallergenico, Breitlight\u00ae \u00e8 altamente resistente ai graffi, alla trazione e alla corrosione. Al tatto \u00e8 pi\u00f9 caldo rispetto al metallo e ha un effetto leggermente strutturato che accentua l\u2019originalit\u00e0 del design. Un\u2019esclusiva di Breitling, \u00e8 100% Swiss made. Proposto con una gamma di quadranti colorati e cinturini in caucci\u00f9 con fibbia ad ardiglione doppio in Breitlight\u00ae, l\u2019Endurance Pro si pu\u00f2 abbinare anche a uno dei cinturini monopezzo Outerknown colorati in filo ECONYL\u00ae. L\u2019Endurance Pro \u00e8 azionato dal Calibro Breitling 82, un cronografo Superquartz\u2122 certificato COSC che offre una precisione eccezionale.\" \/>\n<meta property=\"og:url\" content=\"https:\/\/www.gioielleriagrande.it\/prodotto\/123926\/\" \/>\n<meta property=\"og:site_name\" content=\"Gioielleria Grande\" \/>\n<meta property=\"article:modified_time\" content=\"2025-02-22T12:57:39+00:00\" \/>\n<meta property=\"og:image\" content=\"https:\/\/www.gioielleriagrande.it\/wp-content\/uploads\/2022\/05\/X82310A71B1S1.png\" \/>\n\t<meta property=\"og:image:width\" content=\"700\" \/>\n\t<meta property=\"og:image:height\" content=\"700\" \/>\n\t<meta property=\"og:image:type\" content=\"image\/png\" \/>\n<meta name=\"twitter:card\" content=\"summary_large_image\" \/>\n<meta name=\"twitter:label1\" content=\"Est. reading time\" \/>\n\t<meta name=\"twitter:data1\" content=\"1 minute\" \/>\n<script type=\"application\/ld+json\" class=\"yoast-schema-graph\">{\"@context\":\"https:\/\/schema.org\",\"@graph\":[{\"@type\":\"WebPage\",\"@id\":\"https:\/\/www.gioielleriagrande.it\/prodotto\/123926\/\",\"url\":\"https:\/\/www.gioielleriagrande.it\/prodotto\/123926\/\",\"name\":\"ENDURANCE PRO REF:X82310A71B1S1 - Gioielleria Grande\",\"isPartOf\":{\"@id\":\"https:\/\/www.gioielleriagrande.it\/#website\"},\"primaryImageOfPage\":{\"@id\":\"https:\/\/www.gioielleriagrande.it\/prodotto\/123926\/#primaryimage\"},\"image\":{\"@id\":\"https:\/\/www.gioielleriagrande.it\/prodotto\/123926\/#primaryimage\"},\"thumbnailUrl\":\"https:\/\/www.gioielleriagrande.it\/wp-content\/uploads\/2022\/05\/X82310A71B1S1.png\",\"datePublished\":\"2023-04-11T14:58:07+00:00\",\"dateModified\":\"2025-02-22T12:57:39+00:00\",\"breadcrumb\":{\"@id\":\"https:\/\/www.gioielleriagrande.it\/prodotto\/123926\/#breadcrumb\"},\"inLanguage\":\"en-US\",\"potentialAction\":[{\"@type\":\"ReadAction\",\"target\":[\"https:\/\/www.gioielleriagrande.it\/prodotto\/123926\/\"]}]},{\"@type\":\"ImageObject\",\"inLanguage\":\"en-US\",\"@id\":\"https:\/\/www.gioielleriagrande.it\/prodotto\/123926\/#primaryimage\",\"url\":\"https:\/\/www.gioielleriagrande.it\/wp-content\/uploads\/2022\/05\/X82310A71B1S1.png\",\"contentUrl\":\"https:\/\/www.gioielleriagrande.it\/wp-content\/uploads\/2022\/05\/X82310A71B1S1.png\",\"width\":700,\"height\":700,\"caption\":\"X82310A71B1S1.png\"},{\"@type\":\"BreadcrumbList\",\"@id\":\"https:\/\/www.gioielleriagrande.it\/prodotto\/123926\/#breadcrumb\",\"itemListElement\":[{\"@type\":\"ListItem\",\"position\":1,\"name\":\"Home\",\"item\":\"https:\/\/www.gioielleriagrande.it\/\"},{\"@type\":\"ListItem\",\"position\":2,\"name\":\"Shop\",\"item\":\"https:\/\/www.gioielleriagrande.it\/negozio\/\"},{\"@type\":\"ListItem\",\"position\":3,\"name\":\"ENDURANCE PRO REF:X82310A71B1S1\"}]},{\"@type\":\"WebSite\",\"@id\":\"https:\/\/www.gioielleriagrande.it\/#website\",\"url\":\"https:\/\/www.gioielleriagrande.it\/\",\"name\":\"Gioielleria Grande\",\"description\":\"\",\"potentialAction\":[{\"@type\":\"SearchAction\",\"target\":{\"@type\":\"EntryPoint\",\"urlTemplate\":\"https:\/\/www.gioielleriagrande.it\/?s={search_term_string}\"},\"query-input\":{\"@type\":\"PropertyValueSpecification\",\"valueRequired\":true,\"valueName\":\"search_term_string\"}}],\"inLanguage\":\"en-US\"}]}<\/script>\n<!-- \/ Yoast SEO plugin. -->","yoast_head_json":{"title":"ENDURANCE PRO REF:X82310A71B1S1 - Gioielleria Grande","robots":{"index":"index","follow":"follow","max-snippet":"max-snippet:-1","max-image-preview":"max-image-preview:large","max-video-preview":"max-video-preview:-1"},"canonical":"https:\/\/www.gioielleriagrande.it\/prodotto\/123926\/","og_locale":"en_US","og_type":"article","og_title":"ENDURANCE PRO REF:X82310A71B1S1 - Gioielleria Grande","og_description":"Progettato per essere sia un orologio leggero per gli atleti che un cronografo sportivo casual per tutti i giorni, l\u2019Endurance Pro coniuga perfettamente alta precisione e tecnologia innovativa con un design grintoso e colorato. \u00c8 l'orologio athleisure per eccellenza. Concepito per uomini e donne la cui vita attiva unisce una mentalit\u00e0 professionale a uno stile di vita sportivo, l\u2019Endurance Pro \u00e8 all\u2019altezza delle sfide poste da un allenamento rigoroso ma anche piuttosto elegante per l\u2019uso quotidiano. L\u2019Endurance Pro \u00e8 caratterizzato da una cassa ultraleggera in Breitlight\u00ae, un materiale robusto 3,3 volte pi\u00f9 leggero del titanio e 5,8 volte pi\u00f9 leggero dell\u2019acciaio inossidabile. Amagnetico, termicamente stabile e ipoallergenico, Breitlight\u00ae \u00e8 altamente resistente ai graffi, alla trazione e alla corrosione. Al tatto \u00e8 pi\u00f9 caldo rispetto al metallo e ha un effetto leggermente strutturato che accentua l\u2019originalit\u00e0 del design. Un\u2019esclusiva di Breitling, \u00e8 100% Swiss made. Proposto con una gamma di quadranti colorati e cinturini in caucci\u00f9 con fibbia ad ardiglione doppio in Breitlight\u00ae, l\u2019Endurance Pro si pu\u00f2 abbinare anche a uno dei cinturini monopezzo Outerknown colorati in filo ECONYL\u00ae. L\u2019Endurance Pro \u00e8 azionato dal Calibro Breitling 82, un cronografo Superquartz\u2122 certificato COSC che offre una precisione eccezionale.","og_url":"https:\/\/www.gioielleriagrande.it\/prodotto\/123926\/","og_site_name":"Gioielleria Grande","article_modified_time":"2025-02-22T12:57:39+00:00","og_image":[{"width":700,"height":700,"url":"https:\/\/www.gioielleriagrande.it\/wp-content\/uploads\/2022\/05\/X82310A71B1S1.png","type":"image\/png"}],"twitter_card":"summary_large_image","twitter_misc":{"Est. reading time":"1 minute"},"schema":{"@context":"https:\/\/schema.org","@graph":[{"@type":"WebPage","@id":"https:\/\/www.gioielleriagrande.it\/prodotto\/123926\/","url":"https:\/\/www.gioielleriagrande.it\/prodotto\/123926\/","name":"ENDURANCE PRO REF:X82310A71B1S1 - Gioielleria Grande","isPartOf":{"@id":"https:\/\/www.gioielleriagrande.it\/#website"},"primaryImageOfPage":{"@id":"https:\/\/www.gioielleriagrande.it\/prodotto\/123926\/#primaryimage"},"image":{"@id":"https:\/\/www.gioielleriagrande.it\/prodotto\/123926\/#primaryimage"},"thumbnailUrl":"https:\/\/www.gioielleriagrande.it\/wp-content\/uploads\/2022\/05\/X82310A71B1S1.png","datePublished":"2023-04-11T14:58:07+00:00","dateModified":"2025-02-22T12:57:39+00:00","breadcrumb":{"@id":"https:\/\/www.gioielleriagrande.it\/prodotto\/123926\/#breadcrumb"},"inLanguage":"en-US","potentialAction":[{"@type":"ReadAction","target":["https:\/\/www.gioielleriagrande.it\/prodotto\/123926\/"]}]},{"@type":"ImageObject","inLanguage":"en-US","@id":"https:\/\/www.gioielleriagrande.it\/prodotto\/123926\/#primaryimage","url":"https:\/\/www.gioielleriagrande.it\/wp-content\/uploads\/2022\/05\/X82310A71B1S1.png","contentUrl":"https:\/\/www.gioielleriagrande.it\/wp-content\/uploads\/2022\/05\/X82310A71B1S1.png","width":700,"height":700,"caption":"X82310A71B1S1.png"},{"@type":"BreadcrumbList","@id":"https:\/\/www.gioielleriagrande.it\/prodotto\/123926\/#breadcrumb","itemListElement":[{"@type":"ListItem","position":1,"name":"Home","item":"https:\/\/www.gioielleriagrande.it\/"},{"@type":"ListItem","position":2,"name":"Shop","item":"https:\/\/www.gioielleriagrande.it\/negozio\/"},{"@type":"ListItem","position":3,"name":"ENDURANCE PRO REF:X82310A71B1S1"}]},{"@type":"WebSite","@id":"https:\/\/www.gioielleriagrande.it\/#website","url":"https:\/\/www.gioielleriagrande.it\/","name":"Gioielleria Grande","description":"","potentialAction":[{"@type":"SearchAction","target":{"@type":"EntryPoint","urlTemplate":"https:\/\/www.gioielleriagrande.it\/?s={search_term_string}"},"query-input":{"@type":"PropertyValueSpecification","valueRequired":true,"valueName":"search_term_string"}}],"inLanguage":"en-US"}]}},"_links":{"self":[{"href":"https:\/\/www.gioielleriagrande.it\/en\/wp-json\/wp\/v2\/product\/96593","targetHints":{"allow":["GET"]}}],"collection":[{"href":"https:\/\/www.gioielleriagrande.it\/en\/wp-json\/wp\/v2\/product"}],"about":[{"href":"https:\/\/www.gioielleriagrande.it\/en\/wp-json\/wp\/v2\/types\/product"}],"replies":[{"embeddable":true,"href":"https:\/\/www.gioielleriagrande.it\/en\/wp-json\/wp\/v2\/comments?post=96593"}],"wp:featuredmedia":[{"embeddable":true,"href":"https:\/\/www.gioielleriagrande.it\/en\/wp-json\/wp\/v2\/media\/81930"}],"wp:attachment":[{"href":"https:\/\/www.gioielleriagrande.it\/en\/wp-json\/wp\/v2\/media?parent=96593"}],"wp:term":[{"taxonomy":"product_brand","embeddable":true,"href":"https:\/\/www.gioielleriagrande.it\/en\/wp-json\/wp\/v2\/product_brand?post=96593"},{"taxonomy":"product_cat","embeddable":true,"href":"https:\/\/www.gioielleriagrande.it\/en\/wp-json\/wp\/v2\/product_cat?post=96593"},{"taxonomy":"product_tag","embeddable":true,"href":"https:\/\/www.gioielleriagrande.it\/en\/wp-json\/wp\/v2\/product_tag?post=96593"}],"curies":[{"name":"wp","href":"https:\/\/api.w.org\/{rel}","templated":true}]}}