{"id":97301,"date":"2023-07-12T18:12:03","date_gmt":"2023-07-12T16:12:03","guid":{"rendered":"https:\/\/www.gioielleriagrande.it\/prodotto\/106871\/"},"modified":"2025-11-22T13:54:29","modified_gmt":"2025-11-22T12:54:29","slug":"106871","status":"publish","type":"product","link":"https:\/\/www.gioielleriagrande.it\/en\/prodotto\/106871\/","title":{"rendered":"CUSTODIA TASCABILE MEISTERST\u00dcCK 5 SCOMPARTI CON CERNIERA\nREF:118313"},"content":{"rendered":"<p>LA CUSTODIA TASCABILE A 5 SCOMPARTI MEISTERST\u00dcCK \u00c8 REALIZZATA IN PELLE NERA CON ESCLUSIVO EFFETTO LUCIDO MONTBLANC. APPARTENENTE ALLA COLLEZIONE MEISTERST\u00dcCK, QUESTA LUSSUOSA CUSTODIA TASCABILE RIENTRA NELLA LUNGA TRADIZIONE DI PRODOTTI REALIZZATI CON LA PELLE DELLA QUALIT\u00c0 PI\u00d9 PREGIATA E L\u2019EMBLEMA MONTBLANC CON ANELLO FINITURA PALLADIO. IN DIMENSIONI ESTREMAMENTE COMPATTE, OFFRE 5 APERTURE PER CARTE DI CREDITO E UNA LUNGA TASCA CON CERNIERA: PERFETTA ED ELEGANTE PER LA QUOTIDIANIT\u00c0.<\/p>\n","protected":false},"excerpt":{"rendered":"<p>LA CUSTODIA TASCABILE A 5 SCOMPARTI MEISTERST\u00dcCK \u00c8 REALIZZATA IN PELLE NERA CON ESCLUSIVO EFFETTO LUCIDO MONTBLANC. APPARTENENTE ALLA COLLEZIONE MEISTERST\u00dcCK, QUESTA LUSSUOSA CUSTODIA TASCABILE RIENTRA NELLA LUNGA TRADIZIONE DI PRODOTTI REALIZZATI CON LA PELLE DELLA QUALIT\u00c0 PI\u00d9 PREGIATA E L\u2019EMBLEMA MONTBLANC CON ANELLO FINITURA PALLADIO. IN DIMENSIONI ESTREMAMENTE COMPATTE, OFFRE 5 APERTURE PER CARTE DI CREDITO E UNA LUNGA TASCA CON CERNIERA: PERFETTA ED ELEGANTE PER LA QUOTIDIANIT\u00c0.<\/p>\n","protected":false},"featured_media":83909,"comment_status":"open","ping_status":"closed","template":"","meta":[],"product_brand":[],"product_cat":[3510],"product_tag":[],"class_list":{"0":"post-97301","1":"product","2":"type-product","3":"status-publish","4":"has-post-thumbnail","6":"brand-5154","7":"shops-3355","8":"shop_area-3358","10":"first","11":"instock","12":"taxable","13":"shipping-taxable","14":"purchasable","15":"product-type-simple"},"yoast_head":"<!-- This site is optimized with the Yoast SEO plugin v25.3 - https:\/\/yoast.com\/wordpress\/plugins\/seo\/ -->\n<title>CUSTODIA TASCABILE MEISTERST\u00dcCK 5 SCOMPARTI CON CERNIERA REF:118313 - Gioielleria Grande<\/title>\n<meta name=\"robots\" content=\"index, follow, max-snippet:-1, max-image-preview:large, max-video-preview:-1\" \/>\n<link rel=\"canonical\" href=\"https:\/\/www.gioielleriagrande.it\/prodotto\/106871\/\" \/>\n<meta property=\"og:locale\" content=\"en_US\" \/>\n<meta property=\"og:type\" content=\"article\" \/>\n<meta property=\"og:title\" content=\"CUSTODIA TASCABILE MEISTERST\u00dcCK 5 SCOMPARTI CON CERNIERA REF:118313 - Gioielleria Grande\" \/>\n<meta property=\"og:description\" content=\"LA CUSTODIA TASCABILE A 5 SCOMPARTI MEISTERST\u00dcCK \u00c8 REALIZZATA IN PELLE NERA CON ESCLUSIVO EFFETTO LUCIDO MONTBLANC. APPARTENENTE ALLA COLLEZIONE MEISTERST\u00dcCK, QUESTA LUSSUOSA CUSTODIA TASCABILE RIENTRA NELLA LUNGA TRADIZIONE DI PRODOTTI REALIZZATI CON LA PELLE DELLA QUALIT\u00c0 PI\u00d9 PREGIATA E L\u2019EMBLEMA MONTBLANC CON ANELLO FINITURA PALLADIO. IN DIMENSIONI ESTREMAMENTE COMPATTE, OFFRE 5 APERTURE PER CARTE DI CREDITO E UNA LUNGA TASCA CON CERNIERA: PERFETTA ED ELEGANTE PER LA QUOTIDIANIT\u00c0.\" \/>\n<meta property=\"og:url\" content=\"https:\/\/www.gioielleriagrande.it\/prodotto\/106871\/\" \/>\n<meta property=\"og:site_name\" content=\"Gioielleria Grande\" \/>\n<meta property=\"article:modified_time\" content=\"2025-11-22T12:54:29+00:00\" \/>\n<meta property=\"og:image\" content=\"https:\/\/www.gioielleriagrande.it\/wp-content\/uploads\/2022\/09\/2112f21b-b5ae-4481-833b-968fb210cffa.png\" \/>\n\t<meta property=\"og:image:width\" content=\"491\" \/>\n\t<meta property=\"og:image:height\" content=\"491\" \/>\n\t<meta property=\"og:image:type\" content=\"image\/png\" \/>\n<meta name=\"twitter:card\" content=\"summary_large_image\" \/>\n<script type=\"application\/ld+json\" class=\"yoast-schema-graph\">{\"@context\":\"https:\/\/schema.org\",\"@graph\":[{\"@type\":\"WebPage\",\"@id\":\"https:\/\/www.gioielleriagrande.it\/prodotto\/106871\/\",\"url\":\"https:\/\/www.gioielleriagrande.it\/prodotto\/106871\/\",\"name\":\"CUSTODIA TASCABILE MEISTERST\u00dcCK 5 SCOMPARTI CON CERNIERA REF:118313 - Gioielleria Grande\",\"isPartOf\":{\"@id\":\"https:\/\/www.gioielleriagrande.it\/#website\"},\"primaryImageOfPage\":{\"@id\":\"https:\/\/www.gioielleriagrande.it\/prodotto\/106871\/#primaryimage\"},\"image\":{\"@id\":\"https:\/\/www.gioielleriagrande.it\/prodotto\/106871\/#primaryimage\"},\"thumbnailUrl\":\"https:\/\/www.gioielleriagrande.it\/wp-content\/uploads\/2022\/09\/2112f21b-b5ae-4481-833b-968fb210cffa.png\",\"datePublished\":\"2023-07-12T16:12:03+00:00\",\"dateModified\":\"2025-11-22T12:54:29+00:00\",\"breadcrumb\":{\"@id\":\"https:\/\/www.gioielleriagrande.it\/prodotto\/106871\/#breadcrumb\"},\"inLanguage\":\"en-US\",\"potentialAction\":[{\"@type\":\"ReadAction\",\"target\":[\"https:\/\/www.gioielleriagrande.it\/prodotto\/106871\/\"]}]},{\"@type\":\"ImageObject\",\"inLanguage\":\"en-US\",\"@id\":\"https:\/\/www.gioielleriagrande.it\/prodotto\/106871\/#primaryimage\",\"url\":\"https:\/\/www.gioielleriagrande.it\/wp-content\/uploads\/2022\/09\/2112f21b-b5ae-4481-833b-968fb210cffa.png\",\"contentUrl\":\"https:\/\/www.gioielleriagrande.it\/wp-content\/uploads\/2022\/09\/2112f21b-b5ae-4481-833b-968fb210cffa.png\",\"width\":491,\"height\":491,\"caption\":\"2112f21b-b5ae-4481-833b-968fb210cffa.png\"},{\"@type\":\"BreadcrumbList\",\"@id\":\"https:\/\/www.gioielleriagrande.it\/prodotto\/106871\/#breadcrumb\",\"itemListElement\":[{\"@type\":\"ListItem\",\"position\":1,\"name\":\"Home\",\"item\":\"https:\/\/www.gioielleriagrande.it\/\"},{\"@type\":\"ListItem\",\"position\":2,\"name\":\"Shop\",\"item\":\"https:\/\/www.gioielleriagrande.it\/negozio\/\"},{\"@type\":\"ListItem\",\"position\":3,\"name\":\"CUSTODIA TASCABILE MEISTERST\u00dcCK 5 SCOMPARTI CON CERNIERA REF:118313\"}]},{\"@type\":\"WebSite\",\"@id\":\"https:\/\/www.gioielleriagrande.it\/#website\",\"url\":\"https:\/\/www.gioielleriagrande.it\/\",\"name\":\"Gioielleria Grande\",\"description\":\"\",\"potentialAction\":[{\"@type\":\"SearchAction\",\"target\":{\"@type\":\"EntryPoint\",\"urlTemplate\":\"https:\/\/www.gioielleriagrande.it\/?s={search_term_string}\"},\"query-input\":{\"@type\":\"PropertyValueSpecification\",\"valueRequired\":true,\"valueName\":\"search_term_string\"}}],\"inLanguage\":\"en-US\"}]}<\/script>\n<!-- \/ Yoast SEO plugin. -->","yoast_head_json":{"title":"CUSTODIA TASCABILE MEISTERST\u00dcCK 5 SCOMPARTI CON CERNIERA REF:118313 - Gioielleria Grande","robots":{"index":"index","follow":"follow","max-snippet":"max-snippet:-1","max-image-preview":"max-image-preview:large","max-video-preview":"max-video-preview:-1"},"canonical":"https:\/\/www.gioielleriagrande.it\/prodotto\/106871\/","og_locale":"en_US","og_type":"article","og_title":"CUSTODIA TASCABILE MEISTERST\u00dcCK 5 SCOMPARTI CON CERNIERA REF:118313 - Gioielleria Grande","og_description":"LA CUSTODIA TASCABILE A 5 SCOMPARTI MEISTERST\u00dcCK \u00c8 REALIZZATA IN PELLE NERA CON ESCLUSIVO EFFETTO LUCIDO MONTBLANC. APPARTENENTE ALLA COLLEZIONE MEISTERST\u00dcCK, QUESTA LUSSUOSA CUSTODIA TASCABILE RIENTRA NELLA LUNGA TRADIZIONE DI PRODOTTI REALIZZATI CON LA PELLE DELLA QUALIT\u00c0 PI\u00d9 PREGIATA E L\u2019EMBLEMA MONTBLANC CON ANELLO FINITURA PALLADIO. IN DIMENSIONI ESTREMAMENTE COMPATTE, OFFRE 5 APERTURE PER CARTE DI CREDITO E UNA LUNGA TASCA CON CERNIERA: PERFETTA ED ELEGANTE PER LA QUOTIDIANIT\u00c0.","og_url":"https:\/\/www.gioielleriagrande.it\/prodotto\/106871\/","og_site_name":"Gioielleria Grande","article_modified_time":"2025-11-22T12:54:29+00:00","og_image":[{"width":491,"height":491,"url":"https:\/\/www.gioielleriagrande.it\/wp-content\/uploads\/2022\/09\/2112f21b-b5ae-4481-833b-968fb210cffa.png","type":"image\/png"}],"twitter_card":"summary_large_image","schema":{"@context":"https:\/\/schema.org","@graph":[{"@type":"WebPage","@id":"https:\/\/www.gioielleriagrande.it\/prodotto\/106871\/","url":"https:\/\/www.gioielleriagrande.it\/prodotto\/106871\/","name":"CUSTODIA TASCABILE MEISTERST\u00dcCK 5 SCOMPARTI CON CERNIERA REF:118313 - Gioielleria Grande","isPartOf":{"@id":"https:\/\/www.gioielleriagrande.it\/#website"},"primaryImageOfPage":{"@id":"https:\/\/www.gioielleriagrande.it\/prodotto\/106871\/#primaryimage"},"image":{"@id":"https:\/\/www.gioielleriagrande.it\/prodotto\/106871\/#primaryimage"},"thumbnailUrl":"https:\/\/www.gioielleriagrande.it\/wp-content\/uploads\/2022\/09\/2112f21b-b5ae-4481-833b-968fb210cffa.png","datePublished":"2023-07-12T16:12:03+00:00","dateModified":"2025-11-22T12:54:29+00:00","breadcrumb":{"@id":"https:\/\/www.gioielleriagrande.it\/prodotto\/106871\/#breadcrumb"},"inLanguage":"en-US","potentialAction":[{"@type":"ReadAction","target":["https:\/\/www.gioielleriagrande.it\/prodotto\/106871\/"]}]},{"@type":"ImageObject","inLanguage":"en-US","@id":"https:\/\/www.gioielleriagrande.it\/prodotto\/106871\/#primaryimage","url":"https:\/\/www.gioielleriagrande.it\/wp-content\/uploads\/2022\/09\/2112f21b-b5ae-4481-833b-968fb210cffa.png","contentUrl":"https:\/\/www.gioielleriagrande.it\/wp-content\/uploads\/2022\/09\/2112f21b-b5ae-4481-833b-968fb210cffa.png","width":491,"height":491,"caption":"2112f21b-b5ae-4481-833b-968fb210cffa.png"},{"@type":"BreadcrumbList","@id":"https:\/\/www.gioielleriagrande.it\/prodotto\/106871\/#breadcrumb","itemListElement":[{"@type":"ListItem","position":1,"name":"Home","item":"https:\/\/www.gioielleriagrande.it\/"},{"@type":"ListItem","position":2,"name":"Shop","item":"https:\/\/www.gioielleriagrande.it\/negozio\/"},{"@type":"ListItem","position":3,"name":"CUSTODIA TASCABILE MEISTERST\u00dcCK 5 SCOMPARTI CON CERNIERA REF:118313"}]},{"@type":"WebSite","@id":"https:\/\/www.gioielleriagrande.it\/#website","url":"https:\/\/www.gioielleriagrande.it\/","name":"Gioielleria Grande","description":"","potentialAction":[{"@type":"SearchAction","target":{"@type":"EntryPoint","urlTemplate":"https:\/\/www.gioielleriagrande.it\/?s={search_term_string}"},"query-input":{"@type":"PropertyValueSpecification","valueRequired":true,"valueName":"search_term_string"}}],"inLanguage":"en-US"}]}},"_links":{"self":[{"href":"https:\/\/www.gioielleriagrande.it\/en\/wp-json\/wp\/v2\/product\/97301","targetHints":{"allow":["GET"]}}],"collection":[{"href":"https:\/\/www.gioielleriagrande.it\/en\/wp-json\/wp\/v2\/product"}],"about":[{"href":"https:\/\/www.gioielleriagrande.it\/en\/wp-json\/wp\/v2\/types\/product"}],"replies":[{"embeddable":true,"href":"https:\/\/www.gioielleriagrande.it\/en\/wp-json\/wp\/v2\/comments?post=97301"}],"wp:featuredmedia":[{"embeddable":true,"href":"https:\/\/www.gioielleriagrande.it\/en\/wp-json\/wp\/v2\/media\/83909"}],"wp:attachment":[{"href":"https:\/\/www.gioielleriagrande.it\/en\/wp-json\/wp\/v2\/media?parent=97301"}],"wp:term":[{"taxonomy":"product_brand","embeddable":true,"href":"https:\/\/www.gioielleriagrande.it\/en\/wp-json\/wp\/v2\/product_brand?post=97301"},{"taxonomy":"product_cat","embeddable":true,"href":"https:\/\/www.gioielleriagrande.it\/en\/wp-json\/wp\/v2\/product_cat?post=97301"},{"taxonomy":"product_tag","embeddable":true,"href":"https:\/\/www.gioielleriagrande.it\/en\/wp-json\/wp\/v2\/product_tag?post=97301"}],"curies":[{"name":"wp","href":"https:\/\/api.w.org\/{rel}","templated":true}]}}