{"id":97399,"date":"2023-07-12T18:17:49","date_gmt":"2023-07-12T16:17:49","guid":{"rendered":"https:\/\/www.gioielleriagrande.it\/prodotto\/129345\/"},"modified":"2025-11-22T14:10:30","modified_gmt":"2025-11-22T13:10:30","slug":"129345","status":"publish","type":"product","link":"https:\/\/www.gioielleriagrande.it\/en\/prodotto\/129345\/","title":{"rendered":"Stilografica Patron of Art Homage to Napol\u00e9on Bonaparte Edizione limitata 4810 M"},"content":{"rendered":"<p>La Montblanc Patron of Art Homage to Napol\u00e9on Bonaparte \u00e8 dedicata a un personaggio storico, la cui esistenza ha avuto un impatto di vasta portata. Il design si ispira allo stile neoclassico. Il motivo con api in oro su lacca blu scuro \u00e8 ispirato al trono napoleonico a Fontainebleau, mentre la clip a forma di spada riporta la \u201cN\u201d di Napoleone. L\u2019incisione sulla parte superiore del cappuccio &#8211; una corona di alloro, una corona imperiale e un\u2019aquila &#8211; riprende l\u2019emblema dell\u2019incoronazione di Napoleone. Il cappuccio \u00e8 coronato dall\u2019emblema Montblanc in pregiata resina. L\u2019estremit\u00e0 della clip \u00e8 decorata da una gemma sintetica rossa che riprende l\u2019anello dell\u2019incoronazione di Giuseppina, moglie di Napoleone. In omaggio a Napoleone Bonaparte, il pennino realizzato in oro massiccio Au 750 presenta un ritratto di Napoleone con il tipico bicorno.<\/p>\n<p>REF: 127033<\/p>\n","protected":false},"excerpt":{"rendered":"<p>La Montblanc Patron of Art Homage to Napol\u00e9on Bonaparte \u00e8 dedicata a un personaggio storico, la cui esistenza ha avuto un impatto di vasta portata. Il design si ispira allo stile neoclassico. Il motivo con api in oro su lacca blu scuro \u00e8 ispirato al trono napoleonico a Fontainebleau, mentre la clip a forma di spada riporta la \u201cN\u201d di Napoleone. L\u2019incisione sulla parte superiore del cappuccio &#8211; una corona di alloro, una corona imperiale e un\u2019aquila &#8211; riprende l\u2019emblema dell\u2019incoronazione di Napoleone. Il cappuccio \u00e8 coronato dall\u2019emblema Montblanc in pregiata resina. L\u2019estremit\u00e0 della clip \u00e8 decorata da una gemma sintetica rossa che riprende l\u2019anello dell\u2019incoronazione di Giuseppina, moglie di Napoleone. In omaggio a Napoleone Bonaparte, il pennino realizzato in oro massiccio Au 750 presenta un ritratto di Napoleone con il tipico bicorno.<\/p>\n<p>REF: 127033<\/p>\n","protected":false},"featured_media":84454,"comment_status":"open","ping_status":"closed","template":"","meta":[],"product_brand":[],"product_cat":[3495],"product_tag":[],"class_list":{"0":"post-97399","1":"product","2":"type-product","3":"status-publish","4":"has-post-thumbnail","6":"brand-5154","7":"shops-3355","8":"shop_area-3358","10":"first","11":"instock","12":"taxable","13":"shipping-taxable","14":"purchasable","15":"product-type-simple"},"yoast_head":"<!-- This site is optimized with the Yoast SEO plugin v25.3 - https:\/\/yoast.com\/wordpress\/plugins\/seo\/ -->\n<title>Stilografica Patron of Art Homage to Napol\u00e9on Bonaparte Edizione limitata 4810 M - Gioielleria Grande<\/title>\n<meta name=\"robots\" content=\"index, follow, max-snippet:-1, max-image-preview:large, max-video-preview:-1\" \/>\n<link rel=\"canonical\" href=\"https:\/\/www.gioielleriagrande.it\/prodotto\/129345\/\" \/>\n<meta property=\"og:locale\" content=\"en_US\" \/>\n<meta property=\"og:type\" content=\"article\" \/>\n<meta property=\"og:title\" content=\"Stilografica Patron of Art Homage to Napol\u00e9on Bonaparte Edizione limitata 4810 M - Gioielleria Grande\" \/>\n<meta property=\"og:description\" content=\"La Montblanc Patron of Art Homage to Napol\u00e9on Bonaparte \u00e8 dedicata a un personaggio storico, la cui esistenza ha avuto un impatto di vasta portata. Il design si ispira allo stile neoclassico. Il motivo con api in oro su lacca blu scuro \u00e8 ispirato al trono napoleonico a Fontainebleau, mentre la clip a forma di spada riporta la \u201cN\u201d di Napoleone. L\u2019incisione sulla parte superiore del cappuccio - una corona di alloro, una corona imperiale e un\u2019aquila - riprende l\u2019emblema dell\u2019incoronazione di Napoleone. Il cappuccio \u00e8 coronato dall\u2019emblema Montblanc in pregiata resina. L\u2019estremit\u00e0 della clip \u00e8 decorata da una gemma sintetica rossa che riprende l\u2019anello dell\u2019incoronazione di Giuseppina, moglie di Napoleone. In omaggio a Napoleone Bonaparte, il pennino realizzato in oro massiccio Au 750 presenta un ritratto di Napoleone con il tipico bicorno. REF: 127033\" \/>\n<meta property=\"og:url\" content=\"https:\/\/www.gioielleriagrande.it\/prodotto\/129345\/\" \/>\n<meta property=\"og:site_name\" content=\"Gioielleria Grande\" \/>\n<meta property=\"article:modified_time\" content=\"2025-11-22T13:10:30+00:00\" \/>\n<meta property=\"og:image\" content=\"https:\/\/www.gioielleriagrande.it\/wp-content\/uploads\/2022\/10\/127033.jpg\" \/>\n\t<meta property=\"og:image:width\" content=\"900\" \/>\n\t<meta property=\"og:image:height\" content=\"900\" \/>\n\t<meta property=\"og:image:type\" content=\"image\/jpeg\" \/>\n<meta name=\"twitter:card\" content=\"summary_large_image\" \/>\n<meta name=\"twitter:label1\" content=\"Est. reading time\" \/>\n\t<meta name=\"twitter:data1\" content=\"1 minute\" \/>\n<script type=\"application\/ld+json\" class=\"yoast-schema-graph\">{\"@context\":\"https:\/\/schema.org\",\"@graph\":[{\"@type\":\"WebPage\",\"@id\":\"https:\/\/www.gioielleriagrande.it\/prodotto\/129345\/\",\"url\":\"https:\/\/www.gioielleriagrande.it\/prodotto\/129345\/\",\"name\":\"Stilografica Patron of Art Homage to Napol\u00e9on Bonaparte Edizione limitata 4810 M - Gioielleria Grande\",\"isPartOf\":{\"@id\":\"https:\/\/www.gioielleriagrande.it\/#website\"},\"primaryImageOfPage\":{\"@id\":\"https:\/\/www.gioielleriagrande.it\/prodotto\/129345\/#primaryimage\"},\"image\":{\"@id\":\"https:\/\/www.gioielleriagrande.it\/prodotto\/129345\/#primaryimage\"},\"thumbnailUrl\":\"https:\/\/www.gioielleriagrande.it\/wp-content\/uploads\/2022\/10\/127033.jpg\",\"datePublished\":\"2023-07-12T16:17:49+00:00\",\"dateModified\":\"2025-11-22T13:10:30+00:00\",\"breadcrumb\":{\"@id\":\"https:\/\/www.gioielleriagrande.it\/prodotto\/129345\/#breadcrumb\"},\"inLanguage\":\"en-US\",\"potentialAction\":[{\"@type\":\"ReadAction\",\"target\":[\"https:\/\/www.gioielleriagrande.it\/prodotto\/129345\/\"]}]},{\"@type\":\"ImageObject\",\"inLanguage\":\"en-US\",\"@id\":\"https:\/\/www.gioielleriagrande.it\/prodotto\/129345\/#primaryimage\",\"url\":\"https:\/\/www.gioielleriagrande.it\/wp-content\/uploads\/2022\/10\/127033.jpg\",\"contentUrl\":\"https:\/\/www.gioielleriagrande.it\/wp-content\/uploads\/2022\/10\/127033.jpg\",\"width\":900,\"height\":900,\"caption\":\"127033.jpg\"},{\"@type\":\"BreadcrumbList\",\"@id\":\"https:\/\/www.gioielleriagrande.it\/prodotto\/129345\/#breadcrumb\",\"itemListElement\":[{\"@type\":\"ListItem\",\"position\":1,\"name\":\"Home\",\"item\":\"https:\/\/www.gioielleriagrande.it\/\"},{\"@type\":\"ListItem\",\"position\":2,\"name\":\"Shop\",\"item\":\"https:\/\/www.gioielleriagrande.it\/negozio\/\"},{\"@type\":\"ListItem\",\"position\":3,\"name\":\"Stilografica Patron of Art Homage to Napol\u00e9on Bonaparte Edizione limitata 4810 M\"}]},{\"@type\":\"WebSite\",\"@id\":\"https:\/\/www.gioielleriagrande.it\/#website\",\"url\":\"https:\/\/www.gioielleriagrande.it\/\",\"name\":\"Gioielleria Grande\",\"description\":\"\",\"potentialAction\":[{\"@type\":\"SearchAction\",\"target\":{\"@type\":\"EntryPoint\",\"urlTemplate\":\"https:\/\/www.gioielleriagrande.it\/?s={search_term_string}\"},\"query-input\":{\"@type\":\"PropertyValueSpecification\",\"valueRequired\":true,\"valueName\":\"search_term_string\"}}],\"inLanguage\":\"en-US\"}]}<\/script>\n<!-- \/ Yoast SEO plugin. -->","yoast_head_json":{"title":"Stilografica Patron of Art Homage to Napol\u00e9on Bonaparte Edizione limitata 4810 M - Gioielleria Grande","robots":{"index":"index","follow":"follow","max-snippet":"max-snippet:-1","max-image-preview":"max-image-preview:large","max-video-preview":"max-video-preview:-1"},"canonical":"https:\/\/www.gioielleriagrande.it\/prodotto\/129345\/","og_locale":"en_US","og_type":"article","og_title":"Stilografica Patron of Art Homage to Napol\u00e9on Bonaparte Edizione limitata 4810 M - Gioielleria Grande","og_description":"La Montblanc Patron of Art Homage to Napol\u00e9on Bonaparte \u00e8 dedicata a un personaggio storico, la cui esistenza ha avuto un impatto di vasta portata. Il design si ispira allo stile neoclassico. Il motivo con api in oro su lacca blu scuro \u00e8 ispirato al trono napoleonico a Fontainebleau, mentre la clip a forma di spada riporta la \u201cN\u201d di Napoleone. L\u2019incisione sulla parte superiore del cappuccio - una corona di alloro, una corona imperiale e un\u2019aquila - riprende l\u2019emblema dell\u2019incoronazione di Napoleone. Il cappuccio \u00e8 coronato dall\u2019emblema Montblanc in pregiata resina. L\u2019estremit\u00e0 della clip \u00e8 decorata da una gemma sintetica rossa che riprende l\u2019anello dell\u2019incoronazione di Giuseppina, moglie di Napoleone. In omaggio a Napoleone Bonaparte, il pennino realizzato in oro massiccio Au 750 presenta un ritratto di Napoleone con il tipico bicorno. REF: 127033","og_url":"https:\/\/www.gioielleriagrande.it\/prodotto\/129345\/","og_site_name":"Gioielleria Grande","article_modified_time":"2025-11-22T13:10:30+00:00","og_image":[{"width":900,"height":900,"url":"https:\/\/www.gioielleriagrande.it\/wp-content\/uploads\/2022\/10\/127033.jpg","type":"image\/jpeg"}],"twitter_card":"summary_large_image","twitter_misc":{"Est. reading time":"1 minute"},"schema":{"@context":"https:\/\/schema.org","@graph":[{"@type":"WebPage","@id":"https:\/\/www.gioielleriagrande.it\/prodotto\/129345\/","url":"https:\/\/www.gioielleriagrande.it\/prodotto\/129345\/","name":"Stilografica Patron of Art Homage to Napol\u00e9on Bonaparte Edizione limitata 4810 M - Gioielleria Grande","isPartOf":{"@id":"https:\/\/www.gioielleriagrande.it\/#website"},"primaryImageOfPage":{"@id":"https:\/\/www.gioielleriagrande.it\/prodotto\/129345\/#primaryimage"},"image":{"@id":"https:\/\/www.gioielleriagrande.it\/prodotto\/129345\/#primaryimage"},"thumbnailUrl":"https:\/\/www.gioielleriagrande.it\/wp-content\/uploads\/2022\/10\/127033.jpg","datePublished":"2023-07-12T16:17:49+00:00","dateModified":"2025-11-22T13:10:30+00:00","breadcrumb":{"@id":"https:\/\/www.gioielleriagrande.it\/prodotto\/129345\/#breadcrumb"},"inLanguage":"en-US","potentialAction":[{"@type":"ReadAction","target":["https:\/\/www.gioielleriagrande.it\/prodotto\/129345\/"]}]},{"@type":"ImageObject","inLanguage":"en-US","@id":"https:\/\/www.gioielleriagrande.it\/prodotto\/129345\/#primaryimage","url":"https:\/\/www.gioielleriagrande.it\/wp-content\/uploads\/2022\/10\/127033.jpg","contentUrl":"https:\/\/www.gioielleriagrande.it\/wp-content\/uploads\/2022\/10\/127033.jpg","width":900,"height":900,"caption":"127033.jpg"},{"@type":"BreadcrumbList","@id":"https:\/\/www.gioielleriagrande.it\/prodotto\/129345\/#breadcrumb","itemListElement":[{"@type":"ListItem","position":1,"name":"Home","item":"https:\/\/www.gioielleriagrande.it\/"},{"@type":"ListItem","position":2,"name":"Shop","item":"https:\/\/www.gioielleriagrande.it\/negozio\/"},{"@type":"ListItem","position":3,"name":"Stilografica Patron of Art Homage to Napol\u00e9on Bonaparte Edizione limitata 4810 M"}]},{"@type":"WebSite","@id":"https:\/\/www.gioielleriagrande.it\/#website","url":"https:\/\/www.gioielleriagrande.it\/","name":"Gioielleria Grande","description":"","potentialAction":[{"@type":"SearchAction","target":{"@type":"EntryPoint","urlTemplate":"https:\/\/www.gioielleriagrande.it\/?s={search_term_string}"},"query-input":{"@type":"PropertyValueSpecification","valueRequired":true,"valueName":"search_term_string"}}],"inLanguage":"en-US"}]}},"_links":{"self":[{"href":"https:\/\/www.gioielleriagrande.it\/en\/wp-json\/wp\/v2\/product\/97399","targetHints":{"allow":["GET"]}}],"collection":[{"href":"https:\/\/www.gioielleriagrande.it\/en\/wp-json\/wp\/v2\/product"}],"about":[{"href":"https:\/\/www.gioielleriagrande.it\/en\/wp-json\/wp\/v2\/types\/product"}],"replies":[{"embeddable":true,"href":"https:\/\/www.gioielleriagrande.it\/en\/wp-json\/wp\/v2\/comments?post=97399"}],"wp:featuredmedia":[{"embeddable":true,"href":"https:\/\/www.gioielleriagrande.it\/en\/wp-json\/wp\/v2\/media\/84454"}],"wp:attachment":[{"href":"https:\/\/www.gioielleriagrande.it\/en\/wp-json\/wp\/v2\/media?parent=97399"}],"wp:term":[{"taxonomy":"product_brand","embeddable":true,"href":"https:\/\/www.gioielleriagrande.it\/en\/wp-json\/wp\/v2\/product_brand?post=97399"},{"taxonomy":"product_cat","embeddable":true,"href":"https:\/\/www.gioielleriagrande.it\/en\/wp-json\/wp\/v2\/product_cat?post=97399"},{"taxonomy":"product_tag","embeddable":true,"href":"https:\/\/www.gioielleriagrande.it\/en\/wp-json\/wp\/v2\/product_tag?post=97399"}],"curies":[{"name":"wp","href":"https:\/\/api.w.org\/{rel}","templated":true}]}}