{"id":97432,"date":"2023-07-12T18:19:42","date_gmt":"2023-07-12T16:19:42","guid":{"rendered":"https:\/\/www.gioielleriagrande.it\/prodotto\/129429\/"},"modified":"2025-11-22T14:13:20","modified_gmt":"2025-11-22T13:13:20","slug":"129429","status":"publish","type":"product","link":"https:\/\/www.gioielleriagrande.it\/en\/prodotto\/129429\/","title":{"rendered":"Pochette Montblanc Meisterst\u00fcck in Pelle nera"},"content":{"rendered":"<p>Ispirato all\u2019arte della scrittura, l\u2019astuccio Meisterst\u00fcck permette di avere l\u2019essenziale sempre a portata di mano, con stile. Realizzato in una nuova tipologia di pelle nera estremamente lucida, presenta impunture e cursore della cerniera che richiamano la forma di un pennino, la vera essenza di Montblanc. Una versione pi\u00f9 grande del logo impreziosisce la borsa. Il profilo della tasca anteriore \u00e8 un tributo al Monte Bianco. Si pu\u00f2 portare sotto il braccio, a mano o avvolto intorno al polso, per un look decisamente di tendenza. Presenta due anelli a D per attaccare la tracolla, venduta separatamente, o altri accessori per aggiungere un tocco personalizzato.<\/p>\n<p>REF: 129676<\/p>\n","protected":false},"excerpt":{"rendered":"<p>Ispirato all\u2019arte della scrittura, l\u2019astuccio Meisterst\u00fcck permette di avere l\u2019essenziale sempre a portata di mano, con stile. Realizzato in una nuova tipologia di pelle nera estremamente lucida, presenta impunture e cursore della cerniera che richiamano la forma di un pennino, la vera essenza di Montblanc. Una versione pi\u00f9 grande del logo impreziosisce la borsa. Il profilo della tasca anteriore \u00e8 un tributo al Monte Bianco. Si pu\u00f2 portare sotto il braccio, a mano o avvolto intorno al polso, per un look decisamente di tendenza. Presenta due anelli a D per attaccare la tracolla, venduta separatamente, o altri accessori per aggiungere un tocco personalizzato.<\/p>\n<p>REF: 129676 <\/p>\n","protected":false},"featured_media":655060,"comment_status":"open","ping_status":"closed","template":"","meta":[],"product_brand":[],"product_cat":[3493],"product_tag":[],"class_list":{"0":"post-97432","1":"product","2":"type-product","3":"status-publish","4":"has-post-thumbnail","6":"brand-5154","7":"shops-3355","8":"shop_area-3358","10":"first","11":"instock","12":"taxable","13":"shipping-taxable","14":"purchasable","15":"product-type-simple"},"yoast_head":"<!-- This site is optimized with the Yoast SEO plugin v25.3 - https:\/\/yoast.com\/wordpress\/plugins\/seo\/ -->\n<title>Pochette Montblanc Meisterst\u00fcck in Pelle nera - Gioielleria Grande<\/title>\n<meta name=\"robots\" content=\"index, follow, max-snippet:-1, max-image-preview:large, max-video-preview:-1\" \/>\n<link rel=\"canonical\" href=\"https:\/\/www.gioielleriagrande.it\/prodotto\/129429\/\" \/>\n<meta property=\"og:locale\" content=\"en_US\" \/>\n<meta property=\"og:type\" content=\"article\" \/>\n<meta property=\"og:title\" content=\"Pochette Montblanc Meisterst\u00fcck in Pelle nera - Gioielleria Grande\" \/>\n<meta property=\"og:description\" content=\"Ispirato all\u2019arte della scrittura, l\u2019astuccio Meisterst\u00fcck permette di avere l\u2019essenziale sempre a portata di mano, con stile. Realizzato in una nuova tipologia di pelle nera estremamente lucida, presenta impunture e cursore della cerniera che richiamano la forma di un pennino, la vera essenza di Montblanc. Una versione pi\u00f9 grande del logo impreziosisce la borsa. Il profilo della tasca anteriore \u00e8 un tributo al Monte Bianco. Si pu\u00f2 portare sotto il braccio, a mano o avvolto intorno al polso, per un look decisamente di tendenza. Presenta due anelli a D per attaccare la tracolla, venduta separatamente, o altri accessori per aggiungere un tocco personalizzato. REF: 129676\" \/>\n<meta property=\"og:url\" content=\"https:\/\/www.gioielleriagrande.it\/prodotto\/129429\/\" \/>\n<meta property=\"og:site_name\" content=\"Gioielleria Grande\" \/>\n<meta property=\"article:modified_time\" content=\"2025-11-22T13:13:20+00:00\" \/>\n<meta property=\"og:image\" content=\"https:\/\/www.gioielleriagrande.it\/wp-content\/uploads\/2025\/10\/129676.png\" \/>\n\t<meta property=\"og:image:width\" content=\"960\" \/>\n\t<meta property=\"og:image:height\" content=\"960\" \/>\n\t<meta property=\"og:image:type\" content=\"image\/png\" \/>\n<meta name=\"twitter:card\" content=\"summary_large_image\" \/>\n<meta name=\"twitter:label1\" content=\"Est. reading time\" \/>\n\t<meta name=\"twitter:data1\" content=\"1 minute\" \/>\n<script type=\"application\/ld+json\" class=\"yoast-schema-graph\">{\"@context\":\"https:\/\/schema.org\",\"@graph\":[{\"@type\":\"WebPage\",\"@id\":\"https:\/\/www.gioielleriagrande.it\/prodotto\/129429\/\",\"url\":\"https:\/\/www.gioielleriagrande.it\/prodotto\/129429\/\",\"name\":\"Pochette Montblanc Meisterst\u00fcck in Pelle nera - Gioielleria Grande\",\"isPartOf\":{\"@id\":\"https:\/\/www.gioielleriagrande.it\/#website\"},\"primaryImageOfPage\":{\"@id\":\"https:\/\/www.gioielleriagrande.it\/prodotto\/129429\/#primaryimage\"},\"image\":{\"@id\":\"https:\/\/www.gioielleriagrande.it\/prodotto\/129429\/#primaryimage\"},\"thumbnailUrl\":\"https:\/\/www.gioielleriagrande.it\/wp-content\/uploads\/2025\/10\/129676.png\",\"datePublished\":\"2023-07-12T16:19:42+00:00\",\"dateModified\":\"2025-11-22T13:13:20+00:00\",\"breadcrumb\":{\"@id\":\"https:\/\/www.gioielleriagrande.it\/prodotto\/129429\/#breadcrumb\"},\"inLanguage\":\"en-US\",\"potentialAction\":[{\"@type\":\"ReadAction\",\"target\":[\"https:\/\/www.gioielleriagrande.it\/prodotto\/129429\/\"]}]},{\"@type\":\"ImageObject\",\"inLanguage\":\"en-US\",\"@id\":\"https:\/\/www.gioielleriagrande.it\/prodotto\/129429\/#primaryimage\",\"url\":\"https:\/\/www.gioielleriagrande.it\/wp-content\/uploads\/2025\/10\/129676.png\",\"contentUrl\":\"https:\/\/www.gioielleriagrande.it\/wp-content\/uploads\/2025\/10\/129676.png\",\"width\":960,\"height\":960,\"caption\":\"129676.png\"},{\"@type\":\"BreadcrumbList\",\"@id\":\"https:\/\/www.gioielleriagrande.it\/prodotto\/129429\/#breadcrumb\",\"itemListElement\":[{\"@type\":\"ListItem\",\"position\":1,\"name\":\"Home\",\"item\":\"https:\/\/www.gioielleriagrande.it\/\"},{\"@type\":\"ListItem\",\"position\":2,\"name\":\"Shop\",\"item\":\"https:\/\/www.gioielleriagrande.it\/negozio\/\"},{\"@type\":\"ListItem\",\"position\":3,\"name\":\"Pochette Montblanc Meisterst\u00fcck in Pelle nera\"}]},{\"@type\":\"WebSite\",\"@id\":\"https:\/\/www.gioielleriagrande.it\/#website\",\"url\":\"https:\/\/www.gioielleriagrande.it\/\",\"name\":\"Gioielleria Grande\",\"description\":\"\",\"potentialAction\":[{\"@type\":\"SearchAction\",\"target\":{\"@type\":\"EntryPoint\",\"urlTemplate\":\"https:\/\/www.gioielleriagrande.it\/?s={search_term_string}\"},\"query-input\":{\"@type\":\"PropertyValueSpecification\",\"valueRequired\":true,\"valueName\":\"search_term_string\"}}],\"inLanguage\":\"en-US\"}]}<\/script>\n<!-- \/ Yoast SEO plugin. -->","yoast_head_json":{"title":"Pochette Montblanc Meisterst\u00fcck in Pelle nera - Gioielleria Grande","robots":{"index":"index","follow":"follow","max-snippet":"max-snippet:-1","max-image-preview":"max-image-preview:large","max-video-preview":"max-video-preview:-1"},"canonical":"https:\/\/www.gioielleriagrande.it\/prodotto\/129429\/","og_locale":"en_US","og_type":"article","og_title":"Pochette Montblanc Meisterst\u00fcck in Pelle nera - Gioielleria Grande","og_description":"Ispirato all\u2019arte della scrittura, l\u2019astuccio Meisterst\u00fcck permette di avere l\u2019essenziale sempre a portata di mano, con stile. Realizzato in una nuova tipologia di pelle nera estremamente lucida, presenta impunture e cursore della cerniera che richiamano la forma di un pennino, la vera essenza di Montblanc. Una versione pi\u00f9 grande del logo impreziosisce la borsa. Il profilo della tasca anteriore \u00e8 un tributo al Monte Bianco. Si pu\u00f2 portare sotto il braccio, a mano o avvolto intorno al polso, per un look decisamente di tendenza. Presenta due anelli a D per attaccare la tracolla, venduta separatamente, o altri accessori per aggiungere un tocco personalizzato. REF: 129676","og_url":"https:\/\/www.gioielleriagrande.it\/prodotto\/129429\/","og_site_name":"Gioielleria Grande","article_modified_time":"2025-11-22T13:13:20+00:00","og_image":[{"width":960,"height":960,"url":"https:\/\/www.gioielleriagrande.it\/wp-content\/uploads\/2025\/10\/129676.png","type":"image\/png"}],"twitter_card":"summary_large_image","twitter_misc":{"Est. reading time":"1 minute"},"schema":{"@context":"https:\/\/schema.org","@graph":[{"@type":"WebPage","@id":"https:\/\/www.gioielleriagrande.it\/prodotto\/129429\/","url":"https:\/\/www.gioielleriagrande.it\/prodotto\/129429\/","name":"Pochette Montblanc Meisterst\u00fcck in Pelle nera - Gioielleria Grande","isPartOf":{"@id":"https:\/\/www.gioielleriagrande.it\/#website"},"primaryImageOfPage":{"@id":"https:\/\/www.gioielleriagrande.it\/prodotto\/129429\/#primaryimage"},"image":{"@id":"https:\/\/www.gioielleriagrande.it\/prodotto\/129429\/#primaryimage"},"thumbnailUrl":"https:\/\/www.gioielleriagrande.it\/wp-content\/uploads\/2025\/10\/129676.png","datePublished":"2023-07-12T16:19:42+00:00","dateModified":"2025-11-22T13:13:20+00:00","breadcrumb":{"@id":"https:\/\/www.gioielleriagrande.it\/prodotto\/129429\/#breadcrumb"},"inLanguage":"en-US","potentialAction":[{"@type":"ReadAction","target":["https:\/\/www.gioielleriagrande.it\/prodotto\/129429\/"]}]},{"@type":"ImageObject","inLanguage":"en-US","@id":"https:\/\/www.gioielleriagrande.it\/prodotto\/129429\/#primaryimage","url":"https:\/\/www.gioielleriagrande.it\/wp-content\/uploads\/2025\/10\/129676.png","contentUrl":"https:\/\/www.gioielleriagrande.it\/wp-content\/uploads\/2025\/10\/129676.png","width":960,"height":960,"caption":"129676.png"},{"@type":"BreadcrumbList","@id":"https:\/\/www.gioielleriagrande.it\/prodotto\/129429\/#breadcrumb","itemListElement":[{"@type":"ListItem","position":1,"name":"Home","item":"https:\/\/www.gioielleriagrande.it\/"},{"@type":"ListItem","position":2,"name":"Shop","item":"https:\/\/www.gioielleriagrande.it\/negozio\/"},{"@type":"ListItem","position":3,"name":"Pochette Montblanc Meisterst\u00fcck in Pelle nera"}]},{"@type":"WebSite","@id":"https:\/\/www.gioielleriagrande.it\/#website","url":"https:\/\/www.gioielleriagrande.it\/","name":"Gioielleria Grande","description":"","potentialAction":[{"@type":"SearchAction","target":{"@type":"EntryPoint","urlTemplate":"https:\/\/www.gioielleriagrande.it\/?s={search_term_string}"},"query-input":{"@type":"PropertyValueSpecification","valueRequired":true,"valueName":"search_term_string"}}],"inLanguage":"en-US"}]}},"_links":{"self":[{"href":"https:\/\/www.gioielleriagrande.it\/en\/wp-json\/wp\/v2\/product\/97432","targetHints":{"allow":["GET"]}}],"collection":[{"href":"https:\/\/www.gioielleriagrande.it\/en\/wp-json\/wp\/v2\/product"}],"about":[{"href":"https:\/\/www.gioielleriagrande.it\/en\/wp-json\/wp\/v2\/types\/product"}],"replies":[{"embeddable":true,"href":"https:\/\/www.gioielleriagrande.it\/en\/wp-json\/wp\/v2\/comments?post=97432"}],"wp:featuredmedia":[{"embeddable":true,"href":"https:\/\/www.gioielleriagrande.it\/en\/wp-json\/wp\/v2\/media\/655060"}],"wp:attachment":[{"href":"https:\/\/www.gioielleriagrande.it\/en\/wp-json\/wp\/v2\/media?parent=97432"}],"wp:term":[{"taxonomy":"product_brand","embeddable":true,"href":"https:\/\/www.gioielleriagrande.it\/en\/wp-json\/wp\/v2\/product_brand?post=97432"},{"taxonomy":"product_cat","embeddable":true,"href":"https:\/\/www.gioielleriagrande.it\/en\/wp-json\/wp\/v2\/product_cat?post=97432"},{"taxonomy":"product_tag","embeddable":true,"href":"https:\/\/www.gioielleriagrande.it\/en\/wp-json\/wp\/v2\/product_tag?post=97432"}],"curies":[{"name":"wp","href":"https:\/\/api.w.org\/{rel}","templated":true}]}}