{"id":97443,"date":"2023-07-12T18:20:17","date_gmt":"2023-07-12T16:20:17","guid":{"rendered":"https:\/\/www.gioielleriagrande.it\/prodotto\/129460\/"},"modified":"2025-11-22T14:14:28","modified_gmt":"2025-11-22T13:14:28","slug":"129460","status":"publish","type":"product","link":"https:\/\/www.gioielleriagrande.it\/en\/prodotto\/129460\/","title":{"rendered":"Portafoglio Montblanc M_Gram 4810"},"content":{"rendered":"<p>Il Portafoglio 8cc Montblanc M_Gram 4810 incarna l&#8217;eleganza e il raffinatezza della Maison Montblanc. La collezione M Gram 4810 di Montblanc \u00e8 una celebrazione dell&#8217;eredit\u00e0 della Maison. Ogni pezzo \u00e8 progettato con cura, unendo tradizione e modernit\u00e0. Il portafoglio 8cc ne \u00e8 un esempio perfetto.<\/p>\n<p>REF:130027<\/p>\n","protected":false},"excerpt":{"rendered":"<p>Il Portafoglio 8cc Montblanc M_Gram 4810 incarna l&#8217;eleganza e il raffinatezza della Maison Montblanc. La collezione M Gram 4810 di Montblanc \u00e8 una celebrazione dell&#8217;eredit\u00e0 della Maison. Ogni pezzo \u00e8 progettato con cura, unendo tradizione e modernit\u00e0. Il portafoglio 8cc ne \u00e8 un esempio perfetto.<\/p>\n<p>REF:130027<\/p>\n","protected":false},"featured_media":645595,"comment_status":"open","ping_status":"closed","template":"","meta":[],"product_brand":[],"product_cat":[3498],"product_tag":[],"class_list":{"0":"post-97443","1":"product","2":"type-product","3":"status-publish","4":"has-post-thumbnail","6":"brand-5154","7":"shops-3355","8":"shop_area-3358","10":"first","11":"instock","12":"taxable","13":"shipping-taxable","14":"purchasable","15":"product-type-simple"},"yoast_head":"<!-- This site is optimized with the Yoast SEO plugin v25.3 - https:\/\/yoast.com\/wordpress\/plugins\/seo\/ -->\n<title>Portafoglio Montblanc M_Gram 4810 - Gioielleria Grande<\/title>\n<meta name=\"robots\" content=\"index, follow, max-snippet:-1, max-image-preview:large, max-video-preview:-1\" \/>\n<link rel=\"canonical\" href=\"https:\/\/www.gioielleriagrande.it\/prodotto\/129460\/\" \/>\n<meta property=\"og:locale\" content=\"en_US\" \/>\n<meta property=\"og:type\" content=\"article\" \/>\n<meta property=\"og:title\" content=\"Portafoglio Montblanc M_Gram 4810 - Gioielleria Grande\" \/>\n<meta property=\"og:description\" content=\"Il Portafoglio 8cc Montblanc M_Gram 4810 incarna l&#039;eleganza e il raffinatezza della Maison Montblanc. La collezione M Gram 4810 di Montblanc \u00e8 una celebrazione dell&#039;eredit\u00e0 della Maison. Ogni pezzo \u00e8 progettato con cura, unendo tradizione e modernit\u00e0. Il portafoglio 8cc ne \u00e8 un esempio perfetto. REF:130027\" \/>\n<meta property=\"og:url\" content=\"https:\/\/www.gioielleriagrande.it\/prodotto\/129460\/\" \/>\n<meta property=\"og:site_name\" content=\"Gioielleria Grande\" \/>\n<meta property=\"article:modified_time\" content=\"2025-11-22T13:14:28+00:00\" \/>\n<meta property=\"og:image\" content=\"https:\/\/www.gioielleriagrande.it\/wp-content\/uploads\/2025\/10\/VCniXkV2SViV5Qrib3wUQA_59ef90f4-4.png\" \/>\n\t<meta property=\"og:image:width\" content=\"2000\" \/>\n\t<meta property=\"og:image:height\" content=\"2000\" \/>\n\t<meta property=\"og:image:type\" content=\"image\/png\" \/>\n<meta name=\"twitter:card\" content=\"summary_large_image\" \/>\n<script type=\"application\/ld+json\" class=\"yoast-schema-graph\">{\"@context\":\"https:\/\/schema.org\",\"@graph\":[{\"@type\":\"WebPage\",\"@id\":\"https:\/\/www.gioielleriagrande.it\/prodotto\/129460\/\",\"url\":\"https:\/\/www.gioielleriagrande.it\/prodotto\/129460\/\",\"name\":\"Portafoglio Montblanc M_Gram 4810 - Gioielleria Grande\",\"isPartOf\":{\"@id\":\"https:\/\/www.gioielleriagrande.it\/#website\"},\"primaryImageOfPage\":{\"@id\":\"https:\/\/www.gioielleriagrande.it\/prodotto\/129460\/#primaryimage\"},\"image\":{\"@id\":\"https:\/\/www.gioielleriagrande.it\/prodotto\/129460\/#primaryimage\"},\"thumbnailUrl\":\"https:\/\/www.gioielleriagrande.it\/wp-content\/uploads\/2025\/10\/VCniXkV2SViV5Qrib3wUQA_59ef90f4-4.png\",\"datePublished\":\"2023-07-12T16:20:17+00:00\",\"dateModified\":\"2025-11-22T13:14:28+00:00\",\"breadcrumb\":{\"@id\":\"https:\/\/www.gioielleriagrande.it\/prodotto\/129460\/#breadcrumb\"},\"inLanguage\":\"en-US\",\"potentialAction\":[{\"@type\":\"ReadAction\",\"target\":[\"https:\/\/www.gioielleriagrande.it\/prodotto\/129460\/\"]}]},{\"@type\":\"ImageObject\",\"inLanguage\":\"en-US\",\"@id\":\"https:\/\/www.gioielleriagrande.it\/prodotto\/129460\/#primaryimage\",\"url\":\"https:\/\/www.gioielleriagrande.it\/wp-content\/uploads\/2025\/10\/VCniXkV2SViV5Qrib3wUQA_59ef90f4-4.png\",\"contentUrl\":\"https:\/\/www.gioielleriagrande.it\/wp-content\/uploads\/2025\/10\/VCniXkV2SViV5Qrib3wUQA_59ef90f4-4.png\",\"width\":2000,\"height\":2000,\"caption\":\"VCniXkV2SViV5Qrib3wUQA_59ef90f4 (4).png\"},{\"@type\":\"BreadcrumbList\",\"@id\":\"https:\/\/www.gioielleriagrande.it\/prodotto\/129460\/#breadcrumb\",\"itemListElement\":[{\"@type\":\"ListItem\",\"position\":1,\"name\":\"Home\",\"item\":\"https:\/\/www.gioielleriagrande.it\/\"},{\"@type\":\"ListItem\",\"position\":2,\"name\":\"Shop\",\"item\":\"https:\/\/www.gioielleriagrande.it\/negozio\/\"},{\"@type\":\"ListItem\",\"position\":3,\"name\":\"Portafoglio Montblanc M_Gram 4810\"}]},{\"@type\":\"WebSite\",\"@id\":\"https:\/\/www.gioielleriagrande.it\/#website\",\"url\":\"https:\/\/www.gioielleriagrande.it\/\",\"name\":\"Gioielleria Grande\",\"description\":\"\",\"potentialAction\":[{\"@type\":\"SearchAction\",\"target\":{\"@type\":\"EntryPoint\",\"urlTemplate\":\"https:\/\/www.gioielleriagrande.it\/?s={search_term_string}\"},\"query-input\":{\"@type\":\"PropertyValueSpecification\",\"valueRequired\":true,\"valueName\":\"search_term_string\"}}],\"inLanguage\":\"en-US\"}]}<\/script>\n<!-- \/ Yoast SEO plugin. -->","yoast_head_json":{"title":"Portafoglio Montblanc M_Gram 4810 - Gioielleria Grande","robots":{"index":"index","follow":"follow","max-snippet":"max-snippet:-1","max-image-preview":"max-image-preview:large","max-video-preview":"max-video-preview:-1"},"canonical":"https:\/\/www.gioielleriagrande.it\/prodotto\/129460\/","og_locale":"en_US","og_type":"article","og_title":"Portafoglio Montblanc M_Gram 4810 - Gioielleria Grande","og_description":"Il Portafoglio 8cc Montblanc M_Gram 4810 incarna l'eleganza e il raffinatezza della Maison Montblanc. La collezione M Gram 4810 di Montblanc \u00e8 una celebrazione dell'eredit\u00e0 della Maison. Ogni pezzo \u00e8 progettato con cura, unendo tradizione e modernit\u00e0. Il portafoglio 8cc ne \u00e8 un esempio perfetto. REF:130027","og_url":"https:\/\/www.gioielleriagrande.it\/prodotto\/129460\/","og_site_name":"Gioielleria Grande","article_modified_time":"2025-11-22T13:14:28+00:00","og_image":[{"width":2000,"height":2000,"url":"https:\/\/www.gioielleriagrande.it\/wp-content\/uploads\/2025\/10\/VCniXkV2SViV5Qrib3wUQA_59ef90f4-4.png","type":"image\/png"}],"twitter_card":"summary_large_image","schema":{"@context":"https:\/\/schema.org","@graph":[{"@type":"WebPage","@id":"https:\/\/www.gioielleriagrande.it\/prodotto\/129460\/","url":"https:\/\/www.gioielleriagrande.it\/prodotto\/129460\/","name":"Portafoglio Montblanc M_Gram 4810 - Gioielleria Grande","isPartOf":{"@id":"https:\/\/www.gioielleriagrande.it\/#website"},"primaryImageOfPage":{"@id":"https:\/\/www.gioielleriagrande.it\/prodotto\/129460\/#primaryimage"},"image":{"@id":"https:\/\/www.gioielleriagrande.it\/prodotto\/129460\/#primaryimage"},"thumbnailUrl":"https:\/\/www.gioielleriagrande.it\/wp-content\/uploads\/2025\/10\/VCniXkV2SViV5Qrib3wUQA_59ef90f4-4.png","datePublished":"2023-07-12T16:20:17+00:00","dateModified":"2025-11-22T13:14:28+00:00","breadcrumb":{"@id":"https:\/\/www.gioielleriagrande.it\/prodotto\/129460\/#breadcrumb"},"inLanguage":"en-US","potentialAction":[{"@type":"ReadAction","target":["https:\/\/www.gioielleriagrande.it\/prodotto\/129460\/"]}]},{"@type":"ImageObject","inLanguage":"en-US","@id":"https:\/\/www.gioielleriagrande.it\/prodotto\/129460\/#primaryimage","url":"https:\/\/www.gioielleriagrande.it\/wp-content\/uploads\/2025\/10\/VCniXkV2SViV5Qrib3wUQA_59ef90f4-4.png","contentUrl":"https:\/\/www.gioielleriagrande.it\/wp-content\/uploads\/2025\/10\/VCniXkV2SViV5Qrib3wUQA_59ef90f4-4.png","width":2000,"height":2000,"caption":"VCniXkV2SViV5Qrib3wUQA_59ef90f4 (4).png"},{"@type":"BreadcrumbList","@id":"https:\/\/www.gioielleriagrande.it\/prodotto\/129460\/#breadcrumb","itemListElement":[{"@type":"ListItem","position":1,"name":"Home","item":"https:\/\/www.gioielleriagrande.it\/"},{"@type":"ListItem","position":2,"name":"Shop","item":"https:\/\/www.gioielleriagrande.it\/negozio\/"},{"@type":"ListItem","position":3,"name":"Portafoglio Montblanc M_Gram 4810"}]},{"@type":"WebSite","@id":"https:\/\/www.gioielleriagrande.it\/#website","url":"https:\/\/www.gioielleriagrande.it\/","name":"Gioielleria Grande","description":"","potentialAction":[{"@type":"SearchAction","target":{"@type":"EntryPoint","urlTemplate":"https:\/\/www.gioielleriagrande.it\/?s={search_term_string}"},"query-input":{"@type":"PropertyValueSpecification","valueRequired":true,"valueName":"search_term_string"}}],"inLanguage":"en-US"}]}},"_links":{"self":[{"href":"https:\/\/www.gioielleriagrande.it\/en\/wp-json\/wp\/v2\/product\/97443","targetHints":{"allow":["GET"]}}],"collection":[{"href":"https:\/\/www.gioielleriagrande.it\/en\/wp-json\/wp\/v2\/product"}],"about":[{"href":"https:\/\/www.gioielleriagrande.it\/en\/wp-json\/wp\/v2\/types\/product"}],"replies":[{"embeddable":true,"href":"https:\/\/www.gioielleriagrande.it\/en\/wp-json\/wp\/v2\/comments?post=97443"}],"wp:featuredmedia":[{"embeddable":true,"href":"https:\/\/www.gioielleriagrande.it\/en\/wp-json\/wp\/v2\/media\/645595"}],"wp:attachment":[{"href":"https:\/\/www.gioielleriagrande.it\/en\/wp-json\/wp\/v2\/media?parent=97443"}],"wp:term":[{"taxonomy":"product_brand","embeddable":true,"href":"https:\/\/www.gioielleriagrande.it\/en\/wp-json\/wp\/v2\/product_brand?post=97443"},{"taxonomy":"product_cat","embeddable":true,"href":"https:\/\/www.gioielleriagrande.it\/en\/wp-json\/wp\/v2\/product_cat?post=97443"},{"taxonomy":"product_tag","embeddable":true,"href":"https:\/\/www.gioielleriagrande.it\/en\/wp-json\/wp\/v2\/product_tag?post=97443"}],"curies":[{"name":"wp","href":"https:\/\/api.w.org\/{rel}","templated":true}]}}