{"id":97446,"date":"2023-07-12T18:20:27","date_gmt":"2023-07-12T16:20:27","guid":{"rendered":"https:\/\/www.gioielleriagrande.it\/prodotto\/129464\/"},"modified":"2025-11-22T14:15:06","modified_gmt":"2025-11-22T13:15:06","slug":"129464","status":"publish","type":"product","link":"https:\/\/www.gioielleriagrande.it\/en\/prodotto\/129464\/","title":{"rendered":"Borsa Portadocumenti Sottile Meisterst\u00fcck"},"content":{"rendered":"<p>Con Meisterst\u00fcck Selection Soft, Montblanc desidera migliorare ulteriormente la qualit\u00e0 delle sue creazioni artigianali con una nuova tipologia di pelle ancora pi\u00f9 morbida e un nuovi tipi di strutture con tasche esterne, per avere tutto l\u2019essenziale sempre a portata di mano. Questa borsa portadocumenti sottile rappresenta una borsa contemporanea pensata per offrire funzionalit\u00e0 e praticit\u00e0 ai moderni cittadini metropolitani. \u00c8 la compagna quotidiana perfetta per ogni tipo di meeting, con spazio interno per documenti formato A4, strumenti da scrittura e altri oggetti essenziali grazie alle tasche con cerniera e a due passanti per strumenti da scrittura.<\/p>\n<p>Dimensioni: 370 x 55 x H 260 mm.<\/p>\n<p>REF:130043<\/p>\n","protected":false},"excerpt":{"rendered":"<p>Con Meisterst\u00fcck Selection Soft, Montblanc desidera migliorare ulteriormente la qualit\u00e0 delle sue creazioni artigianali con una nuova tipologia di pelle ancora pi\u00f9 morbida e un nuovi tipi di strutture con tasche esterne, per avere tutto l\u2019essenziale sempre a portata di mano. Questa borsa portadocumenti sottile rappresenta una borsa contemporanea pensata per offrire funzionalit\u00e0 e praticit\u00e0 ai moderni cittadini metropolitani. \u00c8 la compagna quotidiana perfetta per ogni tipo di meeting, con spazio interno per documenti formato A4, strumenti da scrittura e altri oggetti essenziali grazie alle tasche con cerniera e a due passanti per strumenti da scrittura.<\/p>\n<p>Dimensioni: 370 x 55 x H 260 mm.<\/p>\n<p>REF:130043<\/p>\n","protected":false},"featured_media":645597,"comment_status":"open","ping_status":"closed","template":"","meta":[],"product_brand":[],"product_cat":[6914],"product_tag":[],"class_list":{"0":"post-97446","1":"product","2":"type-product","3":"status-publish","4":"has-post-thumbnail","6":"brand-5154","7":"shops-3355","8":"shop_area-3358","10":"first","11":"instock","12":"taxable","13":"shipping-taxable","14":"purchasable","15":"product-type-simple"},"yoast_head":"<!-- This site is optimized with the Yoast SEO plugin v25.3 - https:\/\/yoast.com\/wordpress\/plugins\/seo\/ -->\n<title>Borsa Portadocumenti Sottile Meisterst\u00fcck - Gioielleria Grande<\/title>\n<meta name=\"robots\" content=\"index, follow, max-snippet:-1, max-image-preview:large, max-video-preview:-1\" \/>\n<link rel=\"canonical\" href=\"https:\/\/www.gioielleriagrande.it\/prodotto\/129464\/\" \/>\n<meta property=\"og:locale\" content=\"en_US\" \/>\n<meta property=\"og:type\" content=\"article\" \/>\n<meta property=\"og:title\" content=\"Borsa Portadocumenti Sottile Meisterst\u00fcck - Gioielleria Grande\" \/>\n<meta property=\"og:description\" content=\"Con Meisterst\u00fcck Selection Soft, Montblanc desidera migliorare ulteriormente la qualit\u00e0 delle sue creazioni artigianali con una nuova tipologia di pelle ancora pi\u00f9 morbida e un nuovi tipi di strutture con tasche esterne, per avere tutto l\u2019essenziale sempre a portata di mano. Questa borsa portadocumenti sottile rappresenta una borsa contemporanea pensata per offrire funzionalit\u00e0 e praticit\u00e0 ai moderni cittadini metropolitani. \u00c8 la compagna quotidiana perfetta per ogni tipo di meeting, con spazio interno per documenti formato A4, strumenti da scrittura e altri oggetti essenziali grazie alle tasche con cerniera e a due passanti per strumenti da scrittura. Dimensioni: 370 x 55 x H 260 mm. REF:130043\" \/>\n<meta property=\"og:url\" content=\"https:\/\/www.gioielleriagrande.it\/prodotto\/129464\/\" \/>\n<meta property=\"og:site_name\" content=\"Gioielleria Grande\" \/>\n<meta property=\"article:modified_time\" content=\"2025-11-22T13:15:06+00:00\" \/>\n<meta property=\"og:image\" content=\"https:\/\/www.gioielleriagrande.it\/wp-content\/uploads\/2025\/10\/VCniXkV2SViV5Qrib3wUQA_59ef90f4-5.png\" \/>\n\t<meta property=\"og:image:width\" content=\"2000\" \/>\n\t<meta property=\"og:image:height\" content=\"2000\" \/>\n\t<meta property=\"og:image:type\" content=\"image\/png\" \/>\n<meta name=\"twitter:card\" content=\"summary_large_image\" \/>\n<meta name=\"twitter:label1\" content=\"Est. reading time\" \/>\n\t<meta name=\"twitter:data1\" content=\"1 minute\" \/>\n<script type=\"application\/ld+json\" class=\"yoast-schema-graph\">{\"@context\":\"https:\/\/schema.org\",\"@graph\":[{\"@type\":\"WebPage\",\"@id\":\"https:\/\/www.gioielleriagrande.it\/prodotto\/129464\/\",\"url\":\"https:\/\/www.gioielleriagrande.it\/prodotto\/129464\/\",\"name\":\"Borsa Portadocumenti Sottile Meisterst\u00fcck - Gioielleria Grande\",\"isPartOf\":{\"@id\":\"https:\/\/www.gioielleriagrande.it\/#website\"},\"primaryImageOfPage\":{\"@id\":\"https:\/\/www.gioielleriagrande.it\/prodotto\/129464\/#primaryimage\"},\"image\":{\"@id\":\"https:\/\/www.gioielleriagrande.it\/prodotto\/129464\/#primaryimage\"},\"thumbnailUrl\":\"https:\/\/www.gioielleriagrande.it\/wp-content\/uploads\/2025\/10\/VCniXkV2SViV5Qrib3wUQA_59ef90f4-5.png\",\"datePublished\":\"2023-07-12T16:20:27+00:00\",\"dateModified\":\"2025-11-22T13:15:06+00:00\",\"breadcrumb\":{\"@id\":\"https:\/\/www.gioielleriagrande.it\/prodotto\/129464\/#breadcrumb\"},\"inLanguage\":\"en-US\",\"potentialAction\":[{\"@type\":\"ReadAction\",\"target\":[\"https:\/\/www.gioielleriagrande.it\/prodotto\/129464\/\"]}]},{\"@type\":\"ImageObject\",\"inLanguage\":\"en-US\",\"@id\":\"https:\/\/www.gioielleriagrande.it\/prodotto\/129464\/#primaryimage\",\"url\":\"https:\/\/www.gioielleriagrande.it\/wp-content\/uploads\/2025\/10\/VCniXkV2SViV5Qrib3wUQA_59ef90f4-5.png\",\"contentUrl\":\"https:\/\/www.gioielleriagrande.it\/wp-content\/uploads\/2025\/10\/VCniXkV2SViV5Qrib3wUQA_59ef90f4-5.png\",\"width\":2000,\"height\":2000,\"caption\":\"VCniXkV2SViV5Qrib3wUQA_59ef90f4 (5).png\"},{\"@type\":\"BreadcrumbList\",\"@id\":\"https:\/\/www.gioielleriagrande.it\/prodotto\/129464\/#breadcrumb\",\"itemListElement\":[{\"@type\":\"ListItem\",\"position\":1,\"name\":\"Home\",\"item\":\"https:\/\/www.gioielleriagrande.it\/\"},{\"@type\":\"ListItem\",\"position\":2,\"name\":\"Shop\",\"item\":\"https:\/\/www.gioielleriagrande.it\/negozio\/\"},{\"@type\":\"ListItem\",\"position\":3,\"name\":\"Borsa Portadocumenti Sottile Meisterst\u00fcck\"}]},{\"@type\":\"WebSite\",\"@id\":\"https:\/\/www.gioielleriagrande.it\/#website\",\"url\":\"https:\/\/www.gioielleriagrande.it\/\",\"name\":\"Gioielleria Grande\",\"description\":\"\",\"potentialAction\":[{\"@type\":\"SearchAction\",\"target\":{\"@type\":\"EntryPoint\",\"urlTemplate\":\"https:\/\/www.gioielleriagrande.it\/?s={search_term_string}\"},\"query-input\":{\"@type\":\"PropertyValueSpecification\",\"valueRequired\":true,\"valueName\":\"search_term_string\"}}],\"inLanguage\":\"en-US\"}]}<\/script>\n<!-- \/ Yoast SEO plugin. -->","yoast_head_json":{"title":"Borsa Portadocumenti Sottile Meisterst\u00fcck - Gioielleria Grande","robots":{"index":"index","follow":"follow","max-snippet":"max-snippet:-1","max-image-preview":"max-image-preview:large","max-video-preview":"max-video-preview:-1"},"canonical":"https:\/\/www.gioielleriagrande.it\/prodotto\/129464\/","og_locale":"en_US","og_type":"article","og_title":"Borsa Portadocumenti Sottile Meisterst\u00fcck - Gioielleria Grande","og_description":"Con Meisterst\u00fcck Selection Soft, Montblanc desidera migliorare ulteriormente la qualit\u00e0 delle sue creazioni artigianali con una nuova tipologia di pelle ancora pi\u00f9 morbida e un nuovi tipi di strutture con tasche esterne, per avere tutto l\u2019essenziale sempre a portata di mano. Questa borsa portadocumenti sottile rappresenta una borsa contemporanea pensata per offrire funzionalit\u00e0 e praticit\u00e0 ai moderni cittadini metropolitani. \u00c8 la compagna quotidiana perfetta per ogni tipo di meeting, con spazio interno per documenti formato A4, strumenti da scrittura e altri oggetti essenziali grazie alle tasche con cerniera e a due passanti per strumenti da scrittura. Dimensioni: 370 x 55 x H 260 mm. REF:130043","og_url":"https:\/\/www.gioielleriagrande.it\/prodotto\/129464\/","og_site_name":"Gioielleria Grande","article_modified_time":"2025-11-22T13:15:06+00:00","og_image":[{"width":2000,"height":2000,"url":"https:\/\/www.gioielleriagrande.it\/wp-content\/uploads\/2025\/10\/VCniXkV2SViV5Qrib3wUQA_59ef90f4-5.png","type":"image\/png"}],"twitter_card":"summary_large_image","twitter_misc":{"Est. reading time":"1 minute"},"schema":{"@context":"https:\/\/schema.org","@graph":[{"@type":"WebPage","@id":"https:\/\/www.gioielleriagrande.it\/prodotto\/129464\/","url":"https:\/\/www.gioielleriagrande.it\/prodotto\/129464\/","name":"Borsa Portadocumenti Sottile Meisterst\u00fcck - Gioielleria Grande","isPartOf":{"@id":"https:\/\/www.gioielleriagrande.it\/#website"},"primaryImageOfPage":{"@id":"https:\/\/www.gioielleriagrande.it\/prodotto\/129464\/#primaryimage"},"image":{"@id":"https:\/\/www.gioielleriagrande.it\/prodotto\/129464\/#primaryimage"},"thumbnailUrl":"https:\/\/www.gioielleriagrande.it\/wp-content\/uploads\/2025\/10\/VCniXkV2SViV5Qrib3wUQA_59ef90f4-5.png","datePublished":"2023-07-12T16:20:27+00:00","dateModified":"2025-11-22T13:15:06+00:00","breadcrumb":{"@id":"https:\/\/www.gioielleriagrande.it\/prodotto\/129464\/#breadcrumb"},"inLanguage":"en-US","potentialAction":[{"@type":"ReadAction","target":["https:\/\/www.gioielleriagrande.it\/prodotto\/129464\/"]}]},{"@type":"ImageObject","inLanguage":"en-US","@id":"https:\/\/www.gioielleriagrande.it\/prodotto\/129464\/#primaryimage","url":"https:\/\/www.gioielleriagrande.it\/wp-content\/uploads\/2025\/10\/VCniXkV2SViV5Qrib3wUQA_59ef90f4-5.png","contentUrl":"https:\/\/www.gioielleriagrande.it\/wp-content\/uploads\/2025\/10\/VCniXkV2SViV5Qrib3wUQA_59ef90f4-5.png","width":2000,"height":2000,"caption":"VCniXkV2SViV5Qrib3wUQA_59ef90f4 (5).png"},{"@type":"BreadcrumbList","@id":"https:\/\/www.gioielleriagrande.it\/prodotto\/129464\/#breadcrumb","itemListElement":[{"@type":"ListItem","position":1,"name":"Home","item":"https:\/\/www.gioielleriagrande.it\/"},{"@type":"ListItem","position":2,"name":"Shop","item":"https:\/\/www.gioielleriagrande.it\/negozio\/"},{"@type":"ListItem","position":3,"name":"Borsa Portadocumenti Sottile Meisterst\u00fcck"}]},{"@type":"WebSite","@id":"https:\/\/www.gioielleriagrande.it\/#website","url":"https:\/\/www.gioielleriagrande.it\/","name":"Gioielleria Grande","description":"","potentialAction":[{"@type":"SearchAction","target":{"@type":"EntryPoint","urlTemplate":"https:\/\/www.gioielleriagrande.it\/?s={search_term_string}"},"query-input":{"@type":"PropertyValueSpecification","valueRequired":true,"valueName":"search_term_string"}}],"inLanguage":"en-US"}]}},"_links":{"self":[{"href":"https:\/\/www.gioielleriagrande.it\/en\/wp-json\/wp\/v2\/product\/97446","targetHints":{"allow":["GET"]}}],"collection":[{"href":"https:\/\/www.gioielleriagrande.it\/en\/wp-json\/wp\/v2\/product"}],"about":[{"href":"https:\/\/www.gioielleriagrande.it\/en\/wp-json\/wp\/v2\/types\/product"}],"replies":[{"embeddable":true,"href":"https:\/\/www.gioielleriagrande.it\/en\/wp-json\/wp\/v2\/comments?post=97446"}],"wp:featuredmedia":[{"embeddable":true,"href":"https:\/\/www.gioielleriagrande.it\/en\/wp-json\/wp\/v2\/media\/645597"}],"wp:attachment":[{"href":"https:\/\/www.gioielleriagrande.it\/en\/wp-json\/wp\/v2\/media?parent=97446"}],"wp:term":[{"taxonomy":"product_brand","embeddable":true,"href":"https:\/\/www.gioielleriagrande.it\/en\/wp-json\/wp\/v2\/product_brand?post=97446"},{"taxonomy":"product_cat","embeddable":true,"href":"https:\/\/www.gioielleriagrande.it\/en\/wp-json\/wp\/v2\/product_cat?post=97446"},{"taxonomy":"product_tag","embeddable":true,"href":"https:\/\/www.gioielleriagrande.it\/en\/wp-json\/wp\/v2\/product_tag?post=97446"}],"curies":[{"name":"wp","href":"https:\/\/api.w.org\/{rel}","templated":true}]}}