{"id":974934,"date":"2026-03-11T11:20:19","date_gmt":"2026-03-11T10:20:19","guid":{"rendered":"https:\/\/www.gioielleriagrande.it\/prodotto\/123604\/"},"modified":"2026-03-11T12:11:42","modified_gmt":"2026-03-11T11:11:42","slug":"123604","status":"publish","type":"product","link":"https:\/\/www.gioielleriagrande.it\/en\/prodotto\/123604\/","title":{"rendered":"Orologio  44GS Hi-Beat 36000 in acciaio &#8220;Ever-Brilliant&#8221;"},"content":{"rendered":"<p>Fu nel 1967, con il lancio del modello 44GS, che un giovane designer stabil\u00ec un nuovo design per il marchio. Il primo modello Grand Seiko, lanciato nel 1960, doveva il suo successo all&#8217;eccellenza del suo movimento, che combinava precisione, funzionalit\u00e0 e comfort. All&#8217;inizio degli anni Sessanta, un giovane orologiaio della manifattura si rese conto che un movimento cos\u00ec affidabile meritava un aspetto pi\u00f9 attraente. <\/p>\n<p>Dopo aver studiato gli orologi esistenti sul mercato, si rese conto che erano necessari modelli pi\u00f9 prestigiosi. Decidendo di dare un nuovo impulso al marchio, cre\u00f2 lo stile Grand Seiko e contemporaneamente svilupp\u00f2 la &#8220;grammatica di design Seiko&#8221;, entrambi incarnati per la prima volta nel modello 44GS. Nasce cos\u00ec il design semplice ma di grande impatto che caratterizza il marchio Grand Seiko. <\/p>\n<p>L&#8217;SBGH301 \u00e8 una moderna reinterpretazione del modello del 1967, che utilizza l'&#8221;acciaio Ever-Brilliant&#8221;, un materiale pi\u00f9 resistente alla corrosione e con una lucentezza maggiore rispetto all&#8217;acciaio inossidabile. Il design unico di questo modello, la cui principale caratteristica \u00e8 quella di avere bordi lucidi e superfici perfettamente piane che solo una lucidatura Zaratsu pu\u00f2 creare, \u00e8 abbinato a un magnifico quadrante nero, di 40 mm di diametro, il cui motivo si ispira al profilo frastagliato delle pendici del Monte Iwate, una maestosa montagna che domina lo Studio Shizukuishi, dove tutti gli orologi meccanici Grand Seiko vengono realizzati.<br \/>\nFrutto di diversi anni di ricerca e sviluppo, il calibro Hi-beat 9S85, che batte a 10 oscillazioni al secondo, offre una precisione da -3 a +5 secondi al giorno, una riserva di carica di 55 ore e la resistenza per cui gli orologi Grand Seiko sono rinomati.<\/p>\n","protected":false},"excerpt":{"rendered":"<p>Fu nel 1967, con il lancio del modello 44GS, che un giovane designer stabil\u00ec un nuovo design per il marchio. Il primo modello Grand Seiko, lanciato nel 1960, doveva il suo successo all&#8217;eccellenza del suo movimento, che combinava precisione, funzionalit\u00e0 e comfort. All&#8217;inizio degli anni Sessanta, un giovane orologiaio della manifattura si rese conto che un movimento cos\u00ec affidabile meritava un aspetto pi\u00f9 attraente. <\/p>\n<p>Dopo aver studiato gli orologi esistenti sul mercato, si rese conto che erano necessari modelli pi\u00f9 prestigiosi. Decidendo di dare un nuovo impulso al marchio, cre\u00f2 lo stile Grand Seiko e contemporaneamente svilupp\u00f2 la &#8220;grammatica di design Seiko&#8221;, entrambi incarnati per la prima volta nel modello 44GS. Nasce cos\u00ec il design semplice ma di grande impatto che caratterizza il marchio Grand Seiko. <\/p>\n<p>L&#8217;SBGH301 \u00e8 una moderna reinterpretazione del modello del 1967, che utilizza l'&#8221;acciaio Ever-Brilliant&#8221;, un materiale pi\u00f9 resistente alla corrosione e con una lucentezza maggiore rispetto all&#8217;acciaio inossidabile. Il design unico di questo modello, la cui principale caratteristica \u00e8 quella di avere bordi lucidi e superfici perfettamente piane che solo una lucidatura Zaratsu pu\u00f2 creare, \u00e8 abbinato a un magnifico quadrante nero, di 40 mm di diametro, il cui motivo si ispira al profilo frastagliato delle pendici del Monte Iwate, una maestosa montagna che domina lo Studio Shizukuishi, dove tutti gli orologi meccanici Grand Seiko vengono realizzati.<br \/>\nFrutto di diversi anni di ricerca e sviluppo, il calibro Hi-beat 9S85, che batte a 10 oscillazioni al secondo, offre una precisione da -3 a +5 secondi al giorno, una riserva di carica di 55 ore e la resistenza per cui gli orologi Grand Seiko sono rinomati. <\/p>\n","protected":false},"featured_media":974871,"comment_status":"open","ping_status":"closed","template":"","meta":[],"product_brand":[],"product_cat":[3309],"product_tag":[],"class_list":{"0":"post-974934","1":"product","2":"type-product","3":"status-publish","4":"has-post-thumbnail","6":"brand-6680","7":"line-6683","8":"shops-3355","9":"shop_area-3357","11":"first","12":"instock","13":"taxable","14":"shipping-taxable","15":"purchasable","16":"product-type-simple"},"yoast_head":"<!-- This site is optimized with the Yoast SEO plugin v25.3 - https:\/\/yoast.com\/wordpress\/plugins\/seo\/ -->\n<title>Orologio 44GS Hi-Beat 36000 in acciaio &quot;Ever-Brilliant&quot; - Gioielleria Grande<\/title>\n<meta name=\"robots\" content=\"index, follow, max-snippet:-1, max-image-preview:large, max-video-preview:-1\" \/>\n<link rel=\"canonical\" href=\"https:\/\/www.gioielleriagrande.it\/prodotto\/123604\/\" \/>\n<meta property=\"og:locale\" content=\"en_US\" \/>\n<meta property=\"og:type\" content=\"article\" \/>\n<meta property=\"og:title\" content=\"Orologio 44GS Hi-Beat 36000 in acciaio &quot;Ever-Brilliant&quot; - Gioielleria Grande\" \/>\n<meta property=\"og:description\" content=\"Fu nel 1967, con il lancio del modello 44GS, che un giovane designer stabil\u00ec un nuovo design per il marchio. Il primo modello Grand Seiko, lanciato nel 1960, doveva il suo successo all&#039;eccellenza del suo movimento, che combinava precisione, funzionalit\u00e0 e comfort. All&#039;inizio degli anni Sessanta, un giovane orologiaio della manifattura si rese conto che un movimento cos\u00ec affidabile meritava un aspetto pi\u00f9 attraente.  Dopo aver studiato gli orologi esistenti sul mercato, si rese conto che erano necessari modelli pi\u00f9 prestigiosi. Decidendo di dare un nuovo impulso al marchio, cre\u00f2 lo stile Grand Seiko e contemporaneamente svilupp\u00f2 la &quot;grammatica di design Seiko&quot;, entrambi incarnati per la prima volta nel modello 44GS. Nasce cos\u00ec il design semplice ma di grande impatto che caratterizza il marchio Grand Seiko.  L&#039;SBGH301 \u00e8 una moderna reinterpretazione del modello del 1967, che utilizza l&#039;&quot;acciaio Ever-Brilliant&quot;, un materiale pi\u00f9 resistente alla corrosione e con una lucentezza maggiore rispetto all&#039;acciaio inossidabile. Il design unico di questo modello, la cui principale caratteristica \u00e8 quella di avere bordi lucidi e superfici perfettamente piane che solo una lucidatura Zaratsu pu\u00f2 creare, \u00e8 abbinato a un magnifico quadrante nero, di 40 mm di diametro, il cui motivo si ispira al profilo frastagliato delle pendici del Monte Iwate, una maestosa montagna che domina lo Studio Shizukuishi, dove tutti gli orologi meccanici Grand Seiko vengono realizzati. Frutto di diversi anni di ricerca e sviluppo, il calibro Hi-beat 9S85, che batte a 10 oscillazioni al secondo, offre una precisione da -3 a +5 secondi al giorno, una riserva di carica di 55 ore e la resistenza per cui gli orologi Grand Seiko sono rinomati.\" \/>\n<meta property=\"og:url\" content=\"https:\/\/www.gioielleriagrande.it\/prodotto\/123604\/\" \/>\n<meta property=\"og:site_name\" content=\"Gioielleria Grande\" \/>\n<meta property=\"article:modified_time\" content=\"2026-03-11T11:11:42+00:00\" \/>\n<meta property=\"og:image\" content=\"https:\/\/www.gioielleriagrande.it\/wp-content\/uploads\/2026\/03\/SBGH301G-1.png\" \/>\n\t<meta property=\"og:image:width\" content=\"1500\" \/>\n\t<meta property=\"og:image:height\" content=\"1500\" \/>\n\t<meta property=\"og:image:type\" content=\"image\/png\" \/>\n<meta name=\"twitter:card\" content=\"summary_large_image\" \/>\n<meta name=\"twitter:label1\" content=\"Est. reading time\" \/>\n\t<meta name=\"twitter:data1\" content=\"1 minute\" \/>\n<script type=\"application\/ld+json\" class=\"yoast-schema-graph\">{\"@context\":\"https:\/\/schema.org\",\"@graph\":[{\"@type\":\"WebPage\",\"@id\":\"https:\/\/www.gioielleriagrande.it\/prodotto\/123604\/\",\"url\":\"https:\/\/www.gioielleriagrande.it\/prodotto\/123604\/\",\"name\":\"Orologio 44GS Hi-Beat 36000 in acciaio \\\"Ever-Brilliant\\\" - Gioielleria Grande\",\"isPartOf\":{\"@id\":\"https:\/\/www.gioielleriagrande.it\/#website\"},\"primaryImageOfPage\":{\"@id\":\"https:\/\/www.gioielleriagrande.it\/prodotto\/123604\/#primaryimage\"},\"image\":{\"@id\":\"https:\/\/www.gioielleriagrande.it\/prodotto\/123604\/#primaryimage\"},\"thumbnailUrl\":\"https:\/\/www.gioielleriagrande.it\/wp-content\/uploads\/2026\/03\/SBGH301G-1.png\",\"datePublished\":\"2026-03-11T10:20:19+00:00\",\"dateModified\":\"2026-03-11T11:11:42+00:00\",\"breadcrumb\":{\"@id\":\"https:\/\/www.gioielleriagrande.it\/prodotto\/123604\/#breadcrumb\"},\"inLanguage\":\"en-US\",\"potentialAction\":[{\"@type\":\"ReadAction\",\"target\":[\"https:\/\/www.gioielleriagrande.it\/prodotto\/123604\/\"]}]},{\"@type\":\"ImageObject\",\"inLanguage\":\"en-US\",\"@id\":\"https:\/\/www.gioielleriagrande.it\/prodotto\/123604\/#primaryimage\",\"url\":\"https:\/\/www.gioielleriagrande.it\/wp-content\/uploads\/2026\/03\/SBGH301G-1.png\",\"contentUrl\":\"https:\/\/www.gioielleriagrande.it\/wp-content\/uploads\/2026\/03\/SBGH301G-1.png\",\"width\":1500,\"height\":1500,\"caption\":\"SBGH301G (1).png\"},{\"@type\":\"BreadcrumbList\",\"@id\":\"https:\/\/www.gioielleriagrande.it\/prodotto\/123604\/#breadcrumb\",\"itemListElement\":[{\"@type\":\"ListItem\",\"position\":1,\"name\":\"Home\",\"item\":\"https:\/\/www.gioielleriagrande.it\/\"},{\"@type\":\"ListItem\",\"position\":2,\"name\":\"Shop\",\"item\":\"https:\/\/www.gioielleriagrande.it\/negozio\/\"},{\"@type\":\"ListItem\",\"position\":3,\"name\":\"Orologio 44GS Hi-Beat 36000 in acciaio &#8220;Ever-Brilliant&#8221;\"}]},{\"@type\":\"WebSite\",\"@id\":\"https:\/\/www.gioielleriagrande.it\/#website\",\"url\":\"https:\/\/www.gioielleriagrande.it\/\",\"name\":\"Gioielleria Grande\",\"description\":\"\",\"potentialAction\":[{\"@type\":\"SearchAction\",\"target\":{\"@type\":\"EntryPoint\",\"urlTemplate\":\"https:\/\/www.gioielleriagrande.it\/?s={search_term_string}\"},\"query-input\":{\"@type\":\"PropertyValueSpecification\",\"valueRequired\":true,\"valueName\":\"search_term_string\"}}],\"inLanguage\":\"en-US\"}]}<\/script>\n<!-- \/ Yoast SEO plugin. -->","yoast_head_json":{"title":"Orologio 44GS Hi-Beat 36000 in acciaio \"Ever-Brilliant\" - Gioielleria Grande","robots":{"index":"index","follow":"follow","max-snippet":"max-snippet:-1","max-image-preview":"max-image-preview:large","max-video-preview":"max-video-preview:-1"},"canonical":"https:\/\/www.gioielleriagrande.it\/prodotto\/123604\/","og_locale":"en_US","og_type":"article","og_title":"Orologio 44GS Hi-Beat 36000 in acciaio \"Ever-Brilliant\" - Gioielleria Grande","og_description":"Fu nel 1967, con il lancio del modello 44GS, che un giovane designer stabil\u00ec un nuovo design per il marchio. Il primo modello Grand Seiko, lanciato nel 1960, doveva il suo successo all'eccellenza del suo movimento, che combinava precisione, funzionalit\u00e0 e comfort. All'inizio degli anni Sessanta, un giovane orologiaio della manifattura si rese conto che un movimento cos\u00ec affidabile meritava un aspetto pi\u00f9 attraente.  Dopo aver studiato gli orologi esistenti sul mercato, si rese conto che erano necessari modelli pi\u00f9 prestigiosi. Decidendo di dare un nuovo impulso al marchio, cre\u00f2 lo stile Grand Seiko e contemporaneamente svilupp\u00f2 la \"grammatica di design Seiko\", entrambi incarnati per la prima volta nel modello 44GS. Nasce cos\u00ec il design semplice ma di grande impatto che caratterizza il marchio Grand Seiko.  L'SBGH301 \u00e8 una moderna reinterpretazione del modello del 1967, che utilizza l'\"acciaio Ever-Brilliant\", un materiale pi\u00f9 resistente alla corrosione e con una lucentezza maggiore rispetto all'acciaio inossidabile. Il design unico di questo modello, la cui principale caratteristica \u00e8 quella di avere bordi lucidi e superfici perfettamente piane che solo una lucidatura Zaratsu pu\u00f2 creare, \u00e8 abbinato a un magnifico quadrante nero, di 40 mm di diametro, il cui motivo si ispira al profilo frastagliato delle pendici del Monte Iwate, una maestosa montagna che domina lo Studio Shizukuishi, dove tutti gli orologi meccanici Grand Seiko vengono realizzati. Frutto di diversi anni di ricerca e sviluppo, il calibro Hi-beat 9S85, che batte a 10 oscillazioni al secondo, offre una precisione da -3 a +5 secondi al giorno, una riserva di carica di 55 ore e la resistenza per cui gli orologi Grand Seiko sono rinomati.","og_url":"https:\/\/www.gioielleriagrande.it\/prodotto\/123604\/","og_site_name":"Gioielleria Grande","article_modified_time":"2026-03-11T11:11:42+00:00","og_image":[{"width":1500,"height":1500,"url":"https:\/\/www.gioielleriagrande.it\/wp-content\/uploads\/2026\/03\/SBGH301G-1.png","type":"image\/png"}],"twitter_card":"summary_large_image","twitter_misc":{"Est. reading time":"1 minute"},"schema":{"@context":"https:\/\/schema.org","@graph":[{"@type":"WebPage","@id":"https:\/\/www.gioielleriagrande.it\/prodotto\/123604\/","url":"https:\/\/www.gioielleriagrande.it\/prodotto\/123604\/","name":"Orologio 44GS Hi-Beat 36000 in acciaio \"Ever-Brilliant\" - Gioielleria Grande","isPartOf":{"@id":"https:\/\/www.gioielleriagrande.it\/#website"},"primaryImageOfPage":{"@id":"https:\/\/www.gioielleriagrande.it\/prodotto\/123604\/#primaryimage"},"image":{"@id":"https:\/\/www.gioielleriagrande.it\/prodotto\/123604\/#primaryimage"},"thumbnailUrl":"https:\/\/www.gioielleriagrande.it\/wp-content\/uploads\/2026\/03\/SBGH301G-1.png","datePublished":"2026-03-11T10:20:19+00:00","dateModified":"2026-03-11T11:11:42+00:00","breadcrumb":{"@id":"https:\/\/www.gioielleriagrande.it\/prodotto\/123604\/#breadcrumb"},"inLanguage":"en-US","potentialAction":[{"@type":"ReadAction","target":["https:\/\/www.gioielleriagrande.it\/prodotto\/123604\/"]}]},{"@type":"ImageObject","inLanguage":"en-US","@id":"https:\/\/www.gioielleriagrande.it\/prodotto\/123604\/#primaryimage","url":"https:\/\/www.gioielleriagrande.it\/wp-content\/uploads\/2026\/03\/SBGH301G-1.png","contentUrl":"https:\/\/www.gioielleriagrande.it\/wp-content\/uploads\/2026\/03\/SBGH301G-1.png","width":1500,"height":1500,"caption":"SBGH301G (1).png"},{"@type":"BreadcrumbList","@id":"https:\/\/www.gioielleriagrande.it\/prodotto\/123604\/#breadcrumb","itemListElement":[{"@type":"ListItem","position":1,"name":"Home","item":"https:\/\/www.gioielleriagrande.it\/"},{"@type":"ListItem","position":2,"name":"Shop","item":"https:\/\/www.gioielleriagrande.it\/negozio\/"},{"@type":"ListItem","position":3,"name":"Orologio 44GS Hi-Beat 36000 in acciaio &#8220;Ever-Brilliant&#8221;"}]},{"@type":"WebSite","@id":"https:\/\/www.gioielleriagrande.it\/#website","url":"https:\/\/www.gioielleriagrande.it\/","name":"Gioielleria Grande","description":"","potentialAction":[{"@type":"SearchAction","target":{"@type":"EntryPoint","urlTemplate":"https:\/\/www.gioielleriagrande.it\/?s={search_term_string}"},"query-input":{"@type":"PropertyValueSpecification","valueRequired":true,"valueName":"search_term_string"}}],"inLanguage":"en-US"}]}},"_links":{"self":[{"href":"https:\/\/www.gioielleriagrande.it\/en\/wp-json\/wp\/v2\/product\/974934","targetHints":{"allow":["GET"]}}],"collection":[{"href":"https:\/\/www.gioielleriagrande.it\/en\/wp-json\/wp\/v2\/product"}],"about":[{"href":"https:\/\/www.gioielleriagrande.it\/en\/wp-json\/wp\/v2\/types\/product"}],"replies":[{"embeddable":true,"href":"https:\/\/www.gioielleriagrande.it\/en\/wp-json\/wp\/v2\/comments?post=974934"}],"wp:featuredmedia":[{"embeddable":true,"href":"https:\/\/www.gioielleriagrande.it\/en\/wp-json\/wp\/v2\/media\/974871"}],"wp:attachment":[{"href":"https:\/\/www.gioielleriagrande.it\/en\/wp-json\/wp\/v2\/media?parent=974934"}],"wp:term":[{"taxonomy":"product_brand","embeddable":true,"href":"https:\/\/www.gioielleriagrande.it\/en\/wp-json\/wp\/v2\/product_brand?post=974934"},{"taxonomy":"product_cat","embeddable":true,"href":"https:\/\/www.gioielleriagrande.it\/en\/wp-json\/wp\/v2\/product_cat?post=974934"},{"taxonomy":"product_tag","embeddable":true,"href":"https:\/\/www.gioielleriagrande.it\/en\/wp-json\/wp\/v2\/product_tag?post=974934"}],"curies":[{"name":"wp","href":"https:\/\/api.w.org\/{rel}","templated":true}]}}