{"id":974949,"date":"2026-03-11T11:20:38","date_gmt":"2026-03-11T10:20:38","guid":{"rendered":"https:\/\/www.gioielleriagrande.it\/prodotto\/171204\/"},"modified":"2026-03-11T12:13:49","modified_gmt":"2026-03-11T11:13:49","slug":"171204","status":"publish","type":"product","link":"https:\/\/www.gioielleriagrande.it\/en\/prodotto\/171204\/","title":{"rendered":"Orologio Heritage Quartz 37 mm"},"content":{"rendered":"<p>Grand Seiko ritiene che le qualit\u00e0 essenziali di un orologio da polso siano precisione, bellezza, leggibilit\u00e0, resistenza e facilit\u00e0 d&#8217;uso. Il modello al quarzo 9F \u00e8 il risultato della nostra sincera e approfondita ricerca di questi fattori che apparentemente sembrano cos\u00ec ordinari. Questo orologio al quarzo di ultima generazione \u00e8 stato creato incorporando una serie di caratteristiche innovative e pensando fuori dagli schemi dei modelli al quarzo tradizionali. Le splendide superfici a specchio sono prive di distorsioni, mentre un&#8217;elaborata finitura a spazzola sottolinea con discrezione la presenza dell&#8217;orologio. Con una cassa dalle dimensioni studiate con precisione per adattarsi elegantemente al polsino della camicia, l&#8217;orologio trasmette un carattere sportivo grazie al suo suggestivo quadrante blu. Discreto ma sicuro di s\u00e9, \u00e8 un segnatempo progettato per essere un compagno affidabile che offre sia una dignit\u00e0 sobria che un&#8217;affidabilit\u00e0 incrollabile.<\/p>\n","protected":false},"excerpt":{"rendered":"<p>Grand Seiko ritiene che le qualit\u00e0 essenziali di un orologio da polso siano precisione, bellezza, leggibilit\u00e0, resistenza e facilit\u00e0 d&#8217;uso. Il modello al quarzo 9F \u00e8 il risultato della nostra sincera e approfondita ricerca di questi fattori che apparentemente sembrano cos\u00ec ordinari. Questo orologio al quarzo di ultima generazione \u00e8 stato creato incorporando una serie di caratteristiche innovative e pensando fuori dagli schemi dei modelli al quarzo tradizionali. Le splendide superfici a specchio sono prive di distorsioni, mentre un&#8217;elaborata finitura a spazzola sottolinea con discrezione la presenza dell&#8217;orologio. Con una cassa dalle dimensioni studiate con precisione per adattarsi elegantemente al polsino della camicia, l&#8217;orologio trasmette un carattere sportivo grazie al suo suggestivo quadrante blu. Discreto ma sicuro di s\u00e9, \u00e8 un segnatempo progettato per essere un compagno affidabile che offre sia una dignit\u00e0 sobria che un&#8217;affidabilit\u00e0 incrollabile.<\/p>\n","protected":false},"featured_media":975158,"comment_status":"open","ping_status":"closed","template":"","meta":[],"product_brand":[],"product_cat":[3309],"product_tag":[],"class_list":{"0":"post-974949","1":"product","2":"type-product","3":"status-publish","4":"has-post-thumbnail","6":"brand-6680","7":"line-6683","8":"shops-3355","9":"shop_area-3357","11":"first","12":"instock","13":"taxable","14":"shipping-taxable","15":"purchasable","16":"product-type-simple"},"yoast_head":"<!-- This site is optimized with the Yoast SEO plugin v25.3 - https:\/\/yoast.com\/wordpress\/plugins\/seo\/ -->\n<title>Orologio Heritage Quartz 37 mm - Gioielleria Grande<\/title>\n<meta name=\"robots\" content=\"index, follow, max-snippet:-1, max-image-preview:large, max-video-preview:-1\" \/>\n<link rel=\"canonical\" href=\"https:\/\/www.gioielleriagrande.it\/prodotto\/171204\/\" \/>\n<meta property=\"og:locale\" content=\"en_US\" \/>\n<meta property=\"og:type\" content=\"article\" \/>\n<meta property=\"og:title\" content=\"Orologio Heritage Quartz 37 mm - Gioielleria Grande\" \/>\n<meta property=\"og:description\" content=\"Grand Seiko ritiene che le qualit\u00e0 essenziali di un orologio da polso siano precisione, bellezza, leggibilit\u00e0, resistenza e facilit\u00e0 d&#039;uso. Il modello al quarzo 9F \u00e8 il risultato della nostra sincera e approfondita ricerca di questi fattori che apparentemente sembrano cos\u00ec ordinari. Questo orologio al quarzo di ultima generazione \u00e8 stato creato incorporando una serie di caratteristiche innovative e pensando fuori dagli schemi dei modelli al quarzo tradizionali. Le splendide superfici a specchio sono prive di distorsioni, mentre un&#039;elaborata finitura a spazzola sottolinea con discrezione la presenza dell&#039;orologio. Con una cassa dalle dimensioni studiate con precisione per adattarsi elegantemente al polsino della camicia, l&#039;orologio trasmette un carattere sportivo grazie al suo suggestivo quadrante blu. Discreto ma sicuro di s\u00e9, \u00e8 un segnatempo progettato per essere un compagno affidabile che offre sia una dignit\u00e0 sobria che un&#039;affidabilit\u00e0 incrollabile.\" \/>\n<meta property=\"og:url\" content=\"https:\/\/www.gioielleriagrande.it\/prodotto\/171204\/\" \/>\n<meta property=\"og:site_name\" content=\"Gioielleria Grande\" \/>\n<meta property=\"article:modified_time\" content=\"2026-03-11T11:13:49+00:00\" \/>\n<meta property=\"og:image\" content=\"https:\/\/www.gioielleriagrande.it\/wp-content\/uploads\/2026\/03\/OIP.webp\" \/>\n\t<meta property=\"og:image:width\" content=\"273\" \/>\n\t<meta property=\"og:image:height\" content=\"273\" \/>\n\t<meta property=\"og:image:type\" content=\"image\/webp\" \/>\n<meta name=\"twitter:card\" content=\"summary_large_image\" \/>\n<meta name=\"twitter:label1\" content=\"Est. reading time\" \/>\n\t<meta name=\"twitter:data1\" content=\"1 minute\" \/>\n<script type=\"application\/ld+json\" class=\"yoast-schema-graph\">{\"@context\":\"https:\/\/schema.org\",\"@graph\":[{\"@type\":\"WebPage\",\"@id\":\"https:\/\/www.gioielleriagrande.it\/prodotto\/171204\/\",\"url\":\"https:\/\/www.gioielleriagrande.it\/prodotto\/171204\/\",\"name\":\"Orologio Heritage Quartz 37 mm - Gioielleria Grande\",\"isPartOf\":{\"@id\":\"https:\/\/www.gioielleriagrande.it\/#website\"},\"primaryImageOfPage\":{\"@id\":\"https:\/\/www.gioielleriagrande.it\/prodotto\/171204\/#primaryimage\"},\"image\":{\"@id\":\"https:\/\/www.gioielleriagrande.it\/prodotto\/171204\/#primaryimage\"},\"thumbnailUrl\":\"https:\/\/www.gioielleriagrande.it\/wp-content\/uploads\/2026\/03\/SBGX265G.png\",\"datePublished\":\"2026-03-11T10:20:38+00:00\",\"dateModified\":\"2026-03-11T11:13:49+00:00\",\"breadcrumb\":{\"@id\":\"https:\/\/www.gioielleriagrande.it\/prodotto\/171204\/#breadcrumb\"},\"inLanguage\":\"en-US\",\"potentialAction\":[{\"@type\":\"ReadAction\",\"target\":[\"https:\/\/www.gioielleriagrande.it\/prodotto\/171204\/\"]}]},{\"@type\":\"ImageObject\",\"inLanguage\":\"en-US\",\"@id\":\"https:\/\/www.gioielleriagrande.it\/prodotto\/171204\/#primaryimage\",\"url\":\"https:\/\/www.gioielleriagrande.it\/wp-content\/uploads\/2026\/03\/SBGX265G.png\",\"contentUrl\":\"https:\/\/www.gioielleriagrande.it\/wp-content\/uploads\/2026\/03\/SBGX265G.png\",\"width\":1500,\"height\":1500,\"caption\":\"SBGX265G.png\"},{\"@type\":\"BreadcrumbList\",\"@id\":\"https:\/\/www.gioielleriagrande.it\/prodotto\/171204\/#breadcrumb\",\"itemListElement\":[{\"@type\":\"ListItem\",\"position\":1,\"name\":\"Home\",\"item\":\"https:\/\/www.gioielleriagrande.it\/\"},{\"@type\":\"ListItem\",\"position\":2,\"name\":\"Shop\",\"item\":\"https:\/\/www.gioielleriagrande.it\/negozio\/\"},{\"@type\":\"ListItem\",\"position\":3,\"name\":\"Orologio Heritage Quartz 37 mm\"}]},{\"@type\":\"WebSite\",\"@id\":\"https:\/\/www.gioielleriagrande.it\/#website\",\"url\":\"https:\/\/www.gioielleriagrande.it\/\",\"name\":\"Gioielleria Grande\",\"description\":\"\",\"potentialAction\":[{\"@type\":\"SearchAction\",\"target\":{\"@type\":\"EntryPoint\",\"urlTemplate\":\"https:\/\/www.gioielleriagrande.it\/?s={search_term_string}\"},\"query-input\":{\"@type\":\"PropertyValueSpecification\",\"valueRequired\":true,\"valueName\":\"search_term_string\"}}],\"inLanguage\":\"en-US\"}]}<\/script>\n<!-- \/ Yoast SEO plugin. -->","yoast_head_json":{"title":"Orologio Heritage Quartz 37 mm - Gioielleria Grande","robots":{"index":"index","follow":"follow","max-snippet":"max-snippet:-1","max-image-preview":"max-image-preview:large","max-video-preview":"max-video-preview:-1"},"canonical":"https:\/\/www.gioielleriagrande.it\/prodotto\/171204\/","og_locale":"en_US","og_type":"article","og_title":"Orologio Heritage Quartz 37 mm - Gioielleria Grande","og_description":"Grand Seiko ritiene che le qualit\u00e0 essenziali di un orologio da polso siano precisione, bellezza, leggibilit\u00e0, resistenza e facilit\u00e0 d'uso. Il modello al quarzo 9F \u00e8 il risultato della nostra sincera e approfondita ricerca di questi fattori che apparentemente sembrano cos\u00ec ordinari. Questo orologio al quarzo di ultima generazione \u00e8 stato creato incorporando una serie di caratteristiche innovative e pensando fuori dagli schemi dei modelli al quarzo tradizionali. Le splendide superfici a specchio sono prive di distorsioni, mentre un'elaborata finitura a spazzola sottolinea con discrezione la presenza dell'orologio. Con una cassa dalle dimensioni studiate con precisione per adattarsi elegantemente al polsino della camicia, l'orologio trasmette un carattere sportivo grazie al suo suggestivo quadrante blu. Discreto ma sicuro di s\u00e9, \u00e8 un segnatempo progettato per essere un compagno affidabile che offre sia una dignit\u00e0 sobria che un'affidabilit\u00e0 incrollabile.","og_url":"https:\/\/www.gioielleriagrande.it\/prodotto\/171204\/","og_site_name":"Gioielleria Grande","article_modified_time":"2026-03-11T11:13:49+00:00","og_image":[{"width":273,"height":273,"url":"https:\/\/www.gioielleriagrande.it\/wp-content\/uploads\/2026\/03\/OIP.webp","type":"image\/webp"}],"twitter_card":"summary_large_image","twitter_misc":{"Est. reading time":"1 minute"},"schema":{"@context":"https:\/\/schema.org","@graph":[{"@type":"WebPage","@id":"https:\/\/www.gioielleriagrande.it\/prodotto\/171204\/","url":"https:\/\/www.gioielleriagrande.it\/prodotto\/171204\/","name":"Orologio Heritage Quartz 37 mm - Gioielleria Grande","isPartOf":{"@id":"https:\/\/www.gioielleriagrande.it\/#website"},"primaryImageOfPage":{"@id":"https:\/\/www.gioielleriagrande.it\/prodotto\/171204\/#primaryimage"},"image":{"@id":"https:\/\/www.gioielleriagrande.it\/prodotto\/171204\/#primaryimage"},"thumbnailUrl":"https:\/\/www.gioielleriagrande.it\/wp-content\/uploads\/2026\/03\/SBGX265G.png","datePublished":"2026-03-11T10:20:38+00:00","dateModified":"2026-03-11T11:13:49+00:00","breadcrumb":{"@id":"https:\/\/www.gioielleriagrande.it\/prodotto\/171204\/#breadcrumb"},"inLanguage":"en-US","potentialAction":[{"@type":"ReadAction","target":["https:\/\/www.gioielleriagrande.it\/prodotto\/171204\/"]}]},{"@type":"ImageObject","inLanguage":"en-US","@id":"https:\/\/www.gioielleriagrande.it\/prodotto\/171204\/#primaryimage","url":"https:\/\/www.gioielleriagrande.it\/wp-content\/uploads\/2026\/03\/SBGX265G.png","contentUrl":"https:\/\/www.gioielleriagrande.it\/wp-content\/uploads\/2026\/03\/SBGX265G.png","width":1500,"height":1500,"caption":"SBGX265G.png"},{"@type":"BreadcrumbList","@id":"https:\/\/www.gioielleriagrande.it\/prodotto\/171204\/#breadcrumb","itemListElement":[{"@type":"ListItem","position":1,"name":"Home","item":"https:\/\/www.gioielleriagrande.it\/"},{"@type":"ListItem","position":2,"name":"Shop","item":"https:\/\/www.gioielleriagrande.it\/negozio\/"},{"@type":"ListItem","position":3,"name":"Orologio Heritage Quartz 37 mm"}]},{"@type":"WebSite","@id":"https:\/\/www.gioielleriagrande.it\/#website","url":"https:\/\/www.gioielleriagrande.it\/","name":"Gioielleria Grande","description":"","potentialAction":[{"@type":"SearchAction","target":{"@type":"EntryPoint","urlTemplate":"https:\/\/www.gioielleriagrande.it\/?s={search_term_string}"},"query-input":{"@type":"PropertyValueSpecification","valueRequired":true,"valueName":"search_term_string"}}],"inLanguage":"en-US"}]}},"_links":{"self":[{"href":"https:\/\/www.gioielleriagrande.it\/en\/wp-json\/wp\/v2\/product\/974949","targetHints":{"allow":["GET"]}}],"collection":[{"href":"https:\/\/www.gioielleriagrande.it\/en\/wp-json\/wp\/v2\/product"}],"about":[{"href":"https:\/\/www.gioielleriagrande.it\/en\/wp-json\/wp\/v2\/types\/product"}],"replies":[{"embeddable":true,"href":"https:\/\/www.gioielleriagrande.it\/en\/wp-json\/wp\/v2\/comments?post=974949"}],"wp:featuredmedia":[{"embeddable":true,"href":"https:\/\/www.gioielleriagrande.it\/en\/wp-json\/wp\/v2\/media\/975158"}],"wp:attachment":[{"href":"https:\/\/www.gioielleriagrande.it\/en\/wp-json\/wp\/v2\/media?parent=974949"}],"wp:term":[{"taxonomy":"product_brand","embeddable":true,"href":"https:\/\/www.gioielleriagrande.it\/en\/wp-json\/wp\/v2\/product_brand?post=974949"},{"taxonomy":"product_cat","embeddable":true,"href":"https:\/\/www.gioielleriagrande.it\/en\/wp-json\/wp\/v2\/product_cat?post=974949"},{"taxonomy":"product_tag","embeddable":true,"href":"https:\/\/www.gioielleriagrande.it\/en\/wp-json\/wp\/v2\/product_tag?post=974949"}],"curies":[{"name":"wp","href":"https:\/\/api.w.org\/{rel}","templated":true}]}}