{"id":974953,"date":"2026-03-11T11:20:43","date_gmt":"2026-03-11T10:20:43","guid":{"rendered":"https:\/\/www.gioielleriagrande.it\/prodotto\/172101\/"},"modified":"2026-03-12T10:45:03","modified_gmt":"2026-03-12T09:45:03","slug":"172101","status":"publish","type":"product","link":"https:\/\/www.gioielleriagrande.it\/en\/prodotto\/172101\/","title":{"rendered":"Orologio Modello al quarzo con una cassa pi\u00f9 piccola che si adatta naturalmente al polso"},"content":{"rendered":"<p>Grand Seiko ritiene che le qualit\u00e0 essenziali di un orologio da polso siano la precisione, la bellezza, la leggibilit\u00e0, la durata e la facilit\u00e0 d&#8217;uso. Il modello 9F al quarzo \u00e8 il risultato della nostra sincera e approfondita ricerca di questi fattori che apparentemente sembrano cos\u00ec ordinari. Questo orologio al quarzo di ultima generazione \u00e8 stato completato incorporando una serie di caratteristiche innovative e pensando fuori dagli schemi dei modelli al quarzo tradizionali.<br \/>\nLa splendida superficie a specchio, priva di distorsioni, e la cassa con l&#8217;elaborata finitura satinata sottolineano con discrezione la presenza dell&#8217;orologio.<br \/>\nLe dimensioni della cassa sono state accuratamente calcolate in modo che l&#8217;orologio possa stare comodamente al polso. Questo modello sar\u00e0 un compagno ideale su cui poter contare comodamente, con le sue qualit\u00e0 modeste ma affidabili.<\/p>\n","protected":false},"excerpt":{"rendered":"<p>Grand Seiko ritiene che le qualit\u00e0 essenziali di un orologio da polso siano la precisione, la bellezza, la leggibilit\u00e0, la durata e la facilit\u00e0 d&#8217;uso. Il modello 9F al quarzo \u00e8 il risultato della nostra sincera e approfondita ricerca di questi fattori che apparentemente sembrano cos\u00ec ordinari. Questo orologio al quarzo di ultima generazione \u00e8 stato completato incorporando una serie di caratteristiche innovative e pensando fuori dagli schemi dei modelli al quarzo tradizionali.<br \/>\nLa splendida superficie a specchio, priva di distorsioni, e la cassa con l&#8217;elaborata finitura satinata sottolineano con discrezione la presenza dell&#8217;orologio.<br \/>\nLe dimensioni della cassa sono state accuratamente calcolate in modo che l&#8217;orologio possa stare comodamente al polso. Questo modello sar\u00e0 un compagno ideale su cui poter contare comodamente, con le sue qualit\u00e0 modeste ma affidabili.<\/p>\n","protected":false},"featured_media":974480,"comment_status":"open","ping_status":"closed","template":"","meta":[],"product_brand":[],"product_cat":[3587],"product_tag":[],"class_list":{"0":"post-974953","1":"product","2":"type-product","3":"status-publish","4":"has-post-thumbnail","6":"brand-6680","7":"line-6683","8":"shops-3355","9":"shop_area-3357","11":"first","12":"instock","13":"taxable","14":"shipping-taxable","15":"purchasable","16":"product-type-simple"},"yoast_head":"<!-- This site is optimized with the Yoast SEO plugin v25.3 - https:\/\/yoast.com\/wordpress\/plugins\/seo\/ -->\n<title>Orologio Modello al quarzo con una cassa pi\u00f9 piccola che si adatta naturalmente al polso - Gioielleria Grande<\/title>\n<meta name=\"robots\" content=\"index, follow, max-snippet:-1, max-image-preview:large, max-video-preview:-1\" \/>\n<link rel=\"canonical\" href=\"https:\/\/www.gioielleriagrande.it\/prodotto\/172101\/\" \/>\n<meta property=\"og:locale\" content=\"en_US\" \/>\n<meta property=\"og:type\" content=\"article\" \/>\n<meta property=\"og:title\" content=\"Orologio Modello al quarzo con una cassa pi\u00f9 piccola che si adatta naturalmente al polso - Gioielleria Grande\" \/>\n<meta property=\"og:description\" content=\"Grand Seiko ritiene che le qualit\u00e0 essenziali di un orologio da polso siano la precisione, la bellezza, la leggibilit\u00e0, la durata e la facilit\u00e0 d&#039;uso. Il modello 9F al quarzo \u00e8 il risultato della nostra sincera e approfondita ricerca di questi fattori che apparentemente sembrano cos\u00ec ordinari. Questo orologio al quarzo di ultima generazione \u00e8 stato completato incorporando una serie di caratteristiche innovative e pensando fuori dagli schemi dei modelli al quarzo tradizionali. La splendida superficie a specchio, priva di distorsioni, e la cassa con l&#039;elaborata finitura satinata sottolineano con discrezione la presenza dell&#039;orologio. Le dimensioni della cassa sono state accuratamente calcolate in modo che l&#039;orologio possa stare comodamente al polso. Questo modello sar\u00e0 un compagno ideale su cui poter contare comodamente, con le sue qualit\u00e0 modeste ma affidabili.\" \/>\n<meta property=\"og:url\" content=\"https:\/\/www.gioielleriagrande.it\/prodotto\/172101\/\" \/>\n<meta property=\"og:site_name\" content=\"Gioielleria Grande\" \/>\n<meta property=\"article:modified_time\" content=\"2026-03-12T09:45:03+00:00\" \/>\n<meta property=\"og:image\" content=\"https:\/\/www.gioielleriagrande.it\/wp-content\/uploads\/2026\/03\/SBGX263G.png\" \/>\n\t<meta property=\"og:image:width\" content=\"1102\" \/>\n\t<meta property=\"og:image:height\" content=\"1102\" \/>\n\t<meta property=\"og:image:type\" content=\"image\/png\" \/>\n<meta name=\"twitter:card\" content=\"summary_large_image\" \/>\n<meta name=\"twitter:label1\" content=\"Est. reading time\" \/>\n\t<meta name=\"twitter:data1\" content=\"1 minute\" \/>\n<script type=\"application\/ld+json\" class=\"yoast-schema-graph\">{\"@context\":\"https:\/\/schema.org\",\"@graph\":[{\"@type\":\"WebPage\",\"@id\":\"https:\/\/www.gioielleriagrande.it\/prodotto\/172101\/\",\"url\":\"https:\/\/www.gioielleriagrande.it\/prodotto\/172101\/\",\"name\":\"Orologio Modello al quarzo con una cassa pi\u00f9 piccola che si adatta naturalmente al polso - Gioielleria Grande\",\"isPartOf\":{\"@id\":\"https:\/\/www.gioielleriagrande.it\/#website\"},\"primaryImageOfPage\":{\"@id\":\"https:\/\/www.gioielleriagrande.it\/prodotto\/172101\/#primaryimage\"},\"image\":{\"@id\":\"https:\/\/www.gioielleriagrande.it\/prodotto\/172101\/#primaryimage\"},\"thumbnailUrl\":\"https:\/\/www.gioielleriagrande.it\/wp-content\/uploads\/2026\/03\/SBGX263G.png\",\"datePublished\":\"2026-03-11T10:20:43+00:00\",\"dateModified\":\"2026-03-12T09:45:03+00:00\",\"breadcrumb\":{\"@id\":\"https:\/\/www.gioielleriagrande.it\/prodotto\/172101\/#breadcrumb\"},\"inLanguage\":\"en-US\",\"potentialAction\":[{\"@type\":\"ReadAction\",\"target\":[\"https:\/\/www.gioielleriagrande.it\/prodotto\/172101\/\"]}]},{\"@type\":\"ImageObject\",\"inLanguage\":\"en-US\",\"@id\":\"https:\/\/www.gioielleriagrande.it\/prodotto\/172101\/#primaryimage\",\"url\":\"https:\/\/www.gioielleriagrande.it\/wp-content\/uploads\/2026\/03\/SBGX263G.png\",\"contentUrl\":\"https:\/\/www.gioielleriagrande.it\/wp-content\/uploads\/2026\/03\/SBGX263G.png\",\"width\":1102,\"height\":1102,\"caption\":\"SBGX263G.png\"},{\"@type\":\"BreadcrumbList\",\"@id\":\"https:\/\/www.gioielleriagrande.it\/prodotto\/172101\/#breadcrumb\",\"itemListElement\":[{\"@type\":\"ListItem\",\"position\":1,\"name\":\"Home\",\"item\":\"https:\/\/www.gioielleriagrande.it\/\"},{\"@type\":\"ListItem\",\"position\":2,\"name\":\"Shop\",\"item\":\"https:\/\/www.gioielleriagrande.it\/negozio\/\"},{\"@type\":\"ListItem\",\"position\":3,\"name\":\"Orologio Modello al quarzo con una cassa pi\u00f9 piccola che si adatta naturalmente al polso\"}]},{\"@type\":\"WebSite\",\"@id\":\"https:\/\/www.gioielleriagrande.it\/#website\",\"url\":\"https:\/\/www.gioielleriagrande.it\/\",\"name\":\"Gioielleria Grande\",\"description\":\"\",\"potentialAction\":[{\"@type\":\"SearchAction\",\"target\":{\"@type\":\"EntryPoint\",\"urlTemplate\":\"https:\/\/www.gioielleriagrande.it\/?s={search_term_string}\"},\"query-input\":{\"@type\":\"PropertyValueSpecification\",\"valueRequired\":true,\"valueName\":\"search_term_string\"}}],\"inLanguage\":\"en-US\"}]}<\/script>\n<!-- \/ Yoast SEO plugin. -->","yoast_head_json":{"title":"Orologio Modello al quarzo con una cassa pi\u00f9 piccola che si adatta naturalmente al polso - Gioielleria Grande","robots":{"index":"index","follow":"follow","max-snippet":"max-snippet:-1","max-image-preview":"max-image-preview:large","max-video-preview":"max-video-preview:-1"},"canonical":"https:\/\/www.gioielleriagrande.it\/prodotto\/172101\/","og_locale":"en_US","og_type":"article","og_title":"Orologio Modello al quarzo con una cassa pi\u00f9 piccola che si adatta naturalmente al polso - Gioielleria Grande","og_description":"Grand Seiko ritiene che le qualit\u00e0 essenziali di un orologio da polso siano la precisione, la bellezza, la leggibilit\u00e0, la durata e la facilit\u00e0 d'uso. Il modello 9F al quarzo \u00e8 il risultato della nostra sincera e approfondita ricerca di questi fattori che apparentemente sembrano cos\u00ec ordinari. Questo orologio al quarzo di ultima generazione \u00e8 stato completato incorporando una serie di caratteristiche innovative e pensando fuori dagli schemi dei modelli al quarzo tradizionali. La splendida superficie a specchio, priva di distorsioni, e la cassa con l'elaborata finitura satinata sottolineano con discrezione la presenza dell'orologio. Le dimensioni della cassa sono state accuratamente calcolate in modo che l'orologio possa stare comodamente al polso. Questo modello sar\u00e0 un compagno ideale su cui poter contare comodamente, con le sue qualit\u00e0 modeste ma affidabili.","og_url":"https:\/\/www.gioielleriagrande.it\/prodotto\/172101\/","og_site_name":"Gioielleria Grande","article_modified_time":"2026-03-12T09:45:03+00:00","og_image":[{"width":1102,"height":1102,"url":"https:\/\/www.gioielleriagrande.it\/wp-content\/uploads\/2026\/03\/SBGX263G.png","type":"image\/png"}],"twitter_card":"summary_large_image","twitter_misc":{"Est. reading time":"1 minute"},"schema":{"@context":"https:\/\/schema.org","@graph":[{"@type":"WebPage","@id":"https:\/\/www.gioielleriagrande.it\/prodotto\/172101\/","url":"https:\/\/www.gioielleriagrande.it\/prodotto\/172101\/","name":"Orologio Modello al quarzo con una cassa pi\u00f9 piccola che si adatta naturalmente al polso - Gioielleria Grande","isPartOf":{"@id":"https:\/\/www.gioielleriagrande.it\/#website"},"primaryImageOfPage":{"@id":"https:\/\/www.gioielleriagrande.it\/prodotto\/172101\/#primaryimage"},"image":{"@id":"https:\/\/www.gioielleriagrande.it\/prodotto\/172101\/#primaryimage"},"thumbnailUrl":"https:\/\/www.gioielleriagrande.it\/wp-content\/uploads\/2026\/03\/SBGX263G.png","datePublished":"2026-03-11T10:20:43+00:00","dateModified":"2026-03-12T09:45:03+00:00","breadcrumb":{"@id":"https:\/\/www.gioielleriagrande.it\/prodotto\/172101\/#breadcrumb"},"inLanguage":"en-US","potentialAction":[{"@type":"ReadAction","target":["https:\/\/www.gioielleriagrande.it\/prodotto\/172101\/"]}]},{"@type":"ImageObject","inLanguage":"en-US","@id":"https:\/\/www.gioielleriagrande.it\/prodotto\/172101\/#primaryimage","url":"https:\/\/www.gioielleriagrande.it\/wp-content\/uploads\/2026\/03\/SBGX263G.png","contentUrl":"https:\/\/www.gioielleriagrande.it\/wp-content\/uploads\/2026\/03\/SBGX263G.png","width":1102,"height":1102,"caption":"SBGX263G.png"},{"@type":"BreadcrumbList","@id":"https:\/\/www.gioielleriagrande.it\/prodotto\/172101\/#breadcrumb","itemListElement":[{"@type":"ListItem","position":1,"name":"Home","item":"https:\/\/www.gioielleriagrande.it\/"},{"@type":"ListItem","position":2,"name":"Shop","item":"https:\/\/www.gioielleriagrande.it\/negozio\/"},{"@type":"ListItem","position":3,"name":"Orologio Modello al quarzo con una cassa pi\u00f9 piccola che si adatta naturalmente al polso"}]},{"@type":"WebSite","@id":"https:\/\/www.gioielleriagrande.it\/#website","url":"https:\/\/www.gioielleriagrande.it\/","name":"Gioielleria Grande","description":"","potentialAction":[{"@type":"SearchAction","target":{"@type":"EntryPoint","urlTemplate":"https:\/\/www.gioielleriagrande.it\/?s={search_term_string}"},"query-input":{"@type":"PropertyValueSpecification","valueRequired":true,"valueName":"search_term_string"}}],"inLanguage":"en-US"}]}},"_links":{"self":[{"href":"https:\/\/www.gioielleriagrande.it\/en\/wp-json\/wp\/v2\/product\/974953","targetHints":{"allow":["GET"]}}],"collection":[{"href":"https:\/\/www.gioielleriagrande.it\/en\/wp-json\/wp\/v2\/product"}],"about":[{"href":"https:\/\/www.gioielleriagrande.it\/en\/wp-json\/wp\/v2\/types\/product"}],"replies":[{"embeddable":true,"href":"https:\/\/www.gioielleriagrande.it\/en\/wp-json\/wp\/v2\/comments?post=974953"}],"wp:featuredmedia":[{"embeddable":true,"href":"https:\/\/www.gioielleriagrande.it\/en\/wp-json\/wp\/v2\/media\/974480"}],"wp:attachment":[{"href":"https:\/\/www.gioielleriagrande.it\/en\/wp-json\/wp\/v2\/media?parent=974953"}],"wp:term":[{"taxonomy":"product_brand","embeddable":true,"href":"https:\/\/www.gioielleriagrande.it\/en\/wp-json\/wp\/v2\/product_brand?post=974953"},{"taxonomy":"product_cat","embeddable":true,"href":"https:\/\/www.gioielleriagrande.it\/en\/wp-json\/wp\/v2\/product_cat?post=974953"},{"taxonomy":"product_tag","embeddable":true,"href":"https:\/\/www.gioielleriagrande.it\/en\/wp-json\/wp\/v2\/product_tag?post=974953"}],"curies":[{"name":"wp","href":"https:\/\/api.w.org\/{rel}","templated":true}]}}