{"id":97515,"date":"2023-07-13T12:02:53","date_gmt":"2023-07-13T10:02:53","guid":{"rendered":"https:\/\/www.gioielleriagrande.it\/prodotto\/129095\/"},"modified":"2026-01-10T12:23:42","modified_gmt":"2026-01-10T11:23:42","slug":"129095","status":"publish","type":"product","link":"https:\/\/www.gioielleriagrande.it\/en\/prodotto\/129095\/","title":{"rendered":"ANELLO PETITE MY WAY MEZZO PAV\u00c9 E ORO"},"content":{"rendered":"<p>L&#8217;anello &#8220;Mini My Way Semi Paved &amp; Rose Gold&#8221; \u00e8 una variazione dell&#8217;anello &#8220;Mini My Way Diamonds &amp; Silver&#8221;, che \u00e8 diventato iconico.<br \/>\nI suoi contorni di raffinatezza scultorea rivelano un motivo in oro rosa 18 carati, pavimentato al centro con 58 diamanti naturali.<\/p>\n<p>La collezione My Way combina l&#8217;opulenza dello stile Art D\u00e9co con l&#8217;audacia del futurismo cromato. Le linee di questi pezzi sono state lavorate in simmetria, giocando con le proporzioni dell&#8217;ottagono. Vettori di fiducia in se stessi, le creazioni My Way si indossano come armature, segno di affermazione con eleganza.<\/p>\n<p>Questo pezzo dalle dimensioni ridotte (1,9 x 1,3 cm) adorner\u00e0 il tuo indice, anulare o mignolo con tutta la preziosit\u00e0 dell&#8217;oro rosa.<\/p>\n<p>REF: FSJ342<\/p>\n","protected":false},"excerpt":{"rendered":"<p>L&#8217;anello &#8220;Mini My Way Semi Paved &amp; Rose Gold&#8221; \u00e8 una variazione dell&#8217;anello &#8220;Mini My Way Diamonds &amp; Silver&#8221;, che \u00e8 diventato iconico.<br \/>\nI suoi contorni di raffinatezza scultorea rivelano un motivo in oro rosa 18 carati, pavimentato al centro con 58 diamanti naturali.<\/p>\n<p>La collezione My Way combina l&#8217;opulenza dello stile Art D\u00e9co con l&#8217;audacia del futurismo cromato. Le linee di questi pezzi sono state lavorate in simmetria, giocando con le proporzioni dell&#8217;ottagono. Vettori di fiducia in se stessi, le creazioni My Way si indossano come armature, segno di affermazione con eleganza.<\/p>\n<p>Questo pezzo dalle dimensioni ridotte (1,9 x 1,3 cm) adorner\u00e0 il tuo indice, anulare o mignolo con tutta la preziosit\u00e0 dell&#8217;oro rosa.<\/p>\n<p>REF: FSJ342<\/p>\n","protected":false},"featured_media":97497,"comment_status":"open","ping_status":"closed","template":"","meta":[],"product_brand":[],"product_cat":[3308],"product_tag":[],"class_list":{"0":"post-97515","1":"product","2":"type-product","3":"status-publish","4":"has-post-thumbnail","6":"brand-7246","7":"line-7247","8":"shops-3355","9":"shop_area-3356","11":"first","12":"instock","13":"taxable","14":"shipping-taxable","15":"purchasable","16":"product-type-simple"},"yoast_head":"<!-- This site is optimized with the Yoast SEO plugin v25.3 - https:\/\/yoast.com\/wordpress\/plugins\/seo\/ -->\n<title>ANELLO PETITE MY WAY MEZZO PAV\u00c9 E ORO - Gioielleria Grande<\/title>\n<meta name=\"robots\" content=\"index, follow, max-snippet:-1, max-image-preview:large, max-video-preview:-1\" \/>\n<link rel=\"canonical\" href=\"https:\/\/www.gioielleriagrande.it\/prodotto\/129095\/\" \/>\n<meta property=\"og:locale\" content=\"en_US\" \/>\n<meta property=\"og:type\" content=\"article\" \/>\n<meta property=\"og:title\" content=\"ANELLO PETITE MY WAY MEZZO PAV\u00c9 E ORO - Gioielleria Grande\" \/>\n<meta property=\"og:description\" content=\"L&#039;anello &quot;Mini My Way Semi Paved &amp; Rose Gold&quot; \u00e8 una variazione dell&#039;anello &quot;Mini My Way Diamonds &amp; Silver&quot;, che \u00e8 diventato iconico. I suoi contorni di raffinatezza scultorea rivelano un motivo in oro rosa 18 carati, pavimentato al centro con 58 diamanti naturali. La collezione My Way combina l&#039;opulenza dello stile Art D\u00e9co con l&#039;audacia del futurismo cromato. Le linee di questi pezzi sono state lavorate in simmetria, giocando con le proporzioni dell&#039;ottagono. Vettori di fiducia in se stessi, le creazioni My Way si indossano come armature, segno di affermazione con eleganza. Questo pezzo dalle dimensioni ridotte (1,9 x 1,3 cm) adorner\u00e0 il tuo indice, anulare o mignolo con tutta la preziosit\u00e0 dell&#039;oro rosa. REF: FSJ342\" \/>\n<meta property=\"og:url\" content=\"https:\/\/www.gioielleriagrande.it\/prodotto\/129095\/\" \/>\n<meta property=\"og:site_name\" content=\"Gioielleria Grande\" \/>\n<meta property=\"article:modified_time\" content=\"2026-01-10T11:23:42+00:00\" \/>\n<meta property=\"og:image\" content=\"https:\/\/www.gioielleriagrande.it\/wp-content\/uploads\/2023\/07\/FSJ342-Ring-Mini-My-Way-Vue-face_Fond-BLC-Ombre__WEB.jpg\" \/>\n\t<meta property=\"og:image:width\" content=\"1600\" \/>\n\t<meta property=\"og:image:height\" content=\"1600\" \/>\n\t<meta property=\"og:image:type\" content=\"image\/jpeg\" \/>\n<meta name=\"twitter:card\" content=\"summary_large_image\" \/>\n<meta name=\"twitter:label1\" content=\"Est. reading time\" \/>\n\t<meta name=\"twitter:data1\" content=\"1 minute\" \/>\n<script type=\"application\/ld+json\" class=\"yoast-schema-graph\">{\"@context\":\"https:\/\/schema.org\",\"@graph\":[{\"@type\":\"WebPage\",\"@id\":\"https:\/\/www.gioielleriagrande.it\/prodotto\/129095\/\",\"url\":\"https:\/\/www.gioielleriagrande.it\/prodotto\/129095\/\",\"name\":\"ANELLO PETITE MY WAY MEZZO PAV\u00c9 E ORO - Gioielleria Grande\",\"isPartOf\":{\"@id\":\"https:\/\/www.gioielleriagrande.it\/#website\"},\"primaryImageOfPage\":{\"@id\":\"https:\/\/www.gioielleriagrande.it\/prodotto\/129095\/#primaryimage\"},\"image\":{\"@id\":\"https:\/\/www.gioielleriagrande.it\/prodotto\/129095\/#primaryimage\"},\"thumbnailUrl\":\"https:\/\/www.gioielleriagrande.it\/wp-content\/uploads\/2023\/07\/FSJ342-Ring-Mini-My-Way-Vue-face_Fond-BLC-Ombre__WEB.jpg\",\"datePublished\":\"2023-07-13T10:02:53+00:00\",\"dateModified\":\"2026-01-10T11:23:42+00:00\",\"breadcrumb\":{\"@id\":\"https:\/\/www.gioielleriagrande.it\/prodotto\/129095\/#breadcrumb\"},\"inLanguage\":\"en-US\",\"potentialAction\":[{\"@type\":\"ReadAction\",\"target\":[\"https:\/\/www.gioielleriagrande.it\/prodotto\/129095\/\"]}]},{\"@type\":\"ImageObject\",\"inLanguage\":\"en-US\",\"@id\":\"https:\/\/www.gioielleriagrande.it\/prodotto\/129095\/#primaryimage\",\"url\":\"https:\/\/www.gioielleriagrande.it\/wp-content\/uploads\/2023\/07\/FSJ342-Ring-Mini-My-Way-Vue-face_Fond-BLC-Ombre__WEB.jpg\",\"contentUrl\":\"https:\/\/www.gioielleriagrande.it\/wp-content\/uploads\/2023\/07\/FSJ342-Ring-Mini-My-Way-Vue-face_Fond-BLC-Ombre__WEB.jpg\",\"width\":1600,\"height\":1600,\"caption\":\"FSJ342 - Ring Mini My Way - Vue face_Fond-BLC-Ombre__WEB.jpg\"},{\"@type\":\"BreadcrumbList\",\"@id\":\"https:\/\/www.gioielleriagrande.it\/prodotto\/129095\/#breadcrumb\",\"itemListElement\":[{\"@type\":\"ListItem\",\"position\":1,\"name\":\"Home\",\"item\":\"https:\/\/www.gioielleriagrande.it\/\"},{\"@type\":\"ListItem\",\"position\":2,\"name\":\"Shop\",\"item\":\"https:\/\/www.gioielleriagrande.it\/negozio\/\"},{\"@type\":\"ListItem\",\"position\":3,\"name\":\"ANELLO PETITE MY WAY MEZZO PAV\u00c9 E ORO\"}]},{\"@type\":\"WebSite\",\"@id\":\"https:\/\/www.gioielleriagrande.it\/#website\",\"url\":\"https:\/\/www.gioielleriagrande.it\/\",\"name\":\"Gioielleria Grande\",\"description\":\"\",\"potentialAction\":[{\"@type\":\"SearchAction\",\"target\":{\"@type\":\"EntryPoint\",\"urlTemplate\":\"https:\/\/www.gioielleriagrande.it\/?s={search_term_string}\"},\"query-input\":{\"@type\":\"PropertyValueSpecification\",\"valueRequired\":true,\"valueName\":\"search_term_string\"}}],\"inLanguage\":\"en-US\"}]}<\/script>\n<!-- \/ Yoast SEO plugin. -->","yoast_head_json":{"title":"ANELLO PETITE MY WAY MEZZO PAV\u00c9 E ORO - Gioielleria Grande","robots":{"index":"index","follow":"follow","max-snippet":"max-snippet:-1","max-image-preview":"max-image-preview:large","max-video-preview":"max-video-preview:-1"},"canonical":"https:\/\/www.gioielleriagrande.it\/prodotto\/129095\/","og_locale":"en_US","og_type":"article","og_title":"ANELLO PETITE MY WAY MEZZO PAV\u00c9 E ORO - Gioielleria Grande","og_description":"L'anello \"Mini My Way Semi Paved &amp; Rose Gold\" \u00e8 una variazione dell'anello \"Mini My Way Diamonds &amp; Silver\", che \u00e8 diventato iconico. I suoi contorni di raffinatezza scultorea rivelano un motivo in oro rosa 18 carati, pavimentato al centro con 58 diamanti naturali. La collezione My Way combina l'opulenza dello stile Art D\u00e9co con l'audacia del futurismo cromato. Le linee di questi pezzi sono state lavorate in simmetria, giocando con le proporzioni dell'ottagono. Vettori di fiducia in se stessi, le creazioni My Way si indossano come armature, segno di affermazione con eleganza. Questo pezzo dalle dimensioni ridotte (1,9 x 1,3 cm) adorner\u00e0 il tuo indice, anulare o mignolo con tutta la preziosit\u00e0 dell'oro rosa. REF: FSJ342","og_url":"https:\/\/www.gioielleriagrande.it\/prodotto\/129095\/","og_site_name":"Gioielleria Grande","article_modified_time":"2026-01-10T11:23:42+00:00","og_image":[{"width":1600,"height":1600,"url":"https:\/\/www.gioielleriagrande.it\/wp-content\/uploads\/2023\/07\/FSJ342-Ring-Mini-My-Way-Vue-face_Fond-BLC-Ombre__WEB.jpg","type":"image\/jpeg"}],"twitter_card":"summary_large_image","twitter_misc":{"Est. reading time":"1 minute"},"schema":{"@context":"https:\/\/schema.org","@graph":[{"@type":"WebPage","@id":"https:\/\/www.gioielleriagrande.it\/prodotto\/129095\/","url":"https:\/\/www.gioielleriagrande.it\/prodotto\/129095\/","name":"ANELLO PETITE MY WAY MEZZO PAV\u00c9 E ORO - Gioielleria Grande","isPartOf":{"@id":"https:\/\/www.gioielleriagrande.it\/#website"},"primaryImageOfPage":{"@id":"https:\/\/www.gioielleriagrande.it\/prodotto\/129095\/#primaryimage"},"image":{"@id":"https:\/\/www.gioielleriagrande.it\/prodotto\/129095\/#primaryimage"},"thumbnailUrl":"https:\/\/www.gioielleriagrande.it\/wp-content\/uploads\/2023\/07\/FSJ342-Ring-Mini-My-Way-Vue-face_Fond-BLC-Ombre__WEB.jpg","datePublished":"2023-07-13T10:02:53+00:00","dateModified":"2026-01-10T11:23:42+00:00","breadcrumb":{"@id":"https:\/\/www.gioielleriagrande.it\/prodotto\/129095\/#breadcrumb"},"inLanguage":"en-US","potentialAction":[{"@type":"ReadAction","target":["https:\/\/www.gioielleriagrande.it\/prodotto\/129095\/"]}]},{"@type":"ImageObject","inLanguage":"en-US","@id":"https:\/\/www.gioielleriagrande.it\/prodotto\/129095\/#primaryimage","url":"https:\/\/www.gioielleriagrande.it\/wp-content\/uploads\/2023\/07\/FSJ342-Ring-Mini-My-Way-Vue-face_Fond-BLC-Ombre__WEB.jpg","contentUrl":"https:\/\/www.gioielleriagrande.it\/wp-content\/uploads\/2023\/07\/FSJ342-Ring-Mini-My-Way-Vue-face_Fond-BLC-Ombre__WEB.jpg","width":1600,"height":1600,"caption":"FSJ342 - Ring Mini My Way - Vue face_Fond-BLC-Ombre__WEB.jpg"},{"@type":"BreadcrumbList","@id":"https:\/\/www.gioielleriagrande.it\/prodotto\/129095\/#breadcrumb","itemListElement":[{"@type":"ListItem","position":1,"name":"Home","item":"https:\/\/www.gioielleriagrande.it\/"},{"@type":"ListItem","position":2,"name":"Shop","item":"https:\/\/www.gioielleriagrande.it\/negozio\/"},{"@type":"ListItem","position":3,"name":"ANELLO PETITE MY WAY MEZZO PAV\u00c9 E ORO"}]},{"@type":"WebSite","@id":"https:\/\/www.gioielleriagrande.it\/#website","url":"https:\/\/www.gioielleriagrande.it\/","name":"Gioielleria Grande","description":"","potentialAction":[{"@type":"SearchAction","target":{"@type":"EntryPoint","urlTemplate":"https:\/\/www.gioielleriagrande.it\/?s={search_term_string}"},"query-input":{"@type":"PropertyValueSpecification","valueRequired":true,"valueName":"search_term_string"}}],"inLanguage":"en-US"}]}},"_links":{"self":[{"href":"https:\/\/www.gioielleriagrande.it\/en\/wp-json\/wp\/v2\/product\/97515","targetHints":{"allow":["GET"]}}],"collection":[{"href":"https:\/\/www.gioielleriagrande.it\/en\/wp-json\/wp\/v2\/product"}],"about":[{"href":"https:\/\/www.gioielleriagrande.it\/en\/wp-json\/wp\/v2\/types\/product"}],"replies":[{"embeddable":true,"href":"https:\/\/www.gioielleriagrande.it\/en\/wp-json\/wp\/v2\/comments?post=97515"}],"wp:featuredmedia":[{"embeddable":true,"href":"https:\/\/www.gioielleriagrande.it\/en\/wp-json\/wp\/v2\/media\/97497"}],"wp:attachment":[{"href":"https:\/\/www.gioielleriagrande.it\/en\/wp-json\/wp\/v2\/media?parent=97515"}],"wp:term":[{"taxonomy":"product_brand","embeddable":true,"href":"https:\/\/www.gioielleriagrande.it\/en\/wp-json\/wp\/v2\/product_brand?post=97515"},{"taxonomy":"product_cat","embeddable":true,"href":"https:\/\/www.gioielleriagrande.it\/en\/wp-json\/wp\/v2\/product_cat?post=97515"},{"taxonomy":"product_tag","embeddable":true,"href":"https:\/\/www.gioielleriagrande.it\/en\/wp-json\/wp\/v2\/product_tag?post=97515"}],"curies":[{"name":"wp","href":"https:\/\/api.w.org\/{rel}","templated":true}]}}