{"id":99005,"date":"2023-10-11T18:38:22","date_gmt":"2023-10-11T16:38:22","guid":{"rendered":"https:\/\/www.gioielleriagrande.it\/prodotto\/132456\/"},"modified":"2025-11-22T14:37:50","modified_gmt":"2025-11-22T13:37:50","slug":"132456","status":"publish","type":"product","link":"https:\/\/www.gioielleriagrande.it\/en\/prodotto\/132456\/","title":{"rendered":"True Square Thinline X Les Couleurs\u2122 Le Corbusier\nREF:R27045162"},"content":{"rendered":"<p>L&#8217;orologio Rado True Square Thinline x Les Couleurs\u2122 Le Corbusier coniuga con armonia espressione artistica e precisione svizzera. Questo segnatempo eccezionale rende omaggio agli iconici colori per l&#8217;architettura di Le Corbusier. L&#8217;affidabile movimento Rado calibro R420 al quarzo ne fa un orologio preciso nel misurare il tempo, dall&#8217;eleganza disinvolta. I 37 mm della cassa ne sottolineano il perfetto equilibrio tra stile e indossabilit\u00e0, rendendolo adatto ad ogni occasione. La corona e la cassa in ceramica hi-tech opaca di colore grigio ferro sfoggiano un&#8217;estetica audace e contemporanea, che incarna l&#8217;essenza del design moderno. Con una struttura monoblocco e un cristallo zaffiro piatto, \u00e8 un modello che si contraddistingue per la resistenza e l&#8217;eleganza senza tempo. Il quadrante \u00e8 caratterizzato da un magnifico colore grigio ferro spazzolato soleil, su cui indici e lancette verde inglese tendente al grigio scandiscono elegantemente il tempo garantendo leggibilit\u00e0 e rendendo questo orologio ancora pi\u00f9 irresistibile. Frutto di un lavoro di precisione, il bracciale in ceramica hi-tech opaca nelle tinte grigio ferro e verde inglese tendente al grigio si abbina alla cassa creando un&#8217;estetica omogenea che esprime continuit\u00e0. Limitato a soli 999 esemplari, \u00e8 un orologio esclusivo che trasmette un senso di rarit\u00e0.<\/p>\n","protected":false},"excerpt":{"rendered":"<p>L&#8217;orologio Rado True Square Thinline x Les Couleurs\u2122 Le Corbusier coniuga con armonia espressione artistica e precisione svizzera. Questo segnatempo eccezionale rende omaggio agli iconici colori per l&#8217;architettura di Le Corbusier. L&#8217;affidabile movimento Rado calibro R420 al quarzo ne fa un orologio preciso nel misurare il tempo, dall&#8217;eleganza disinvolta. I 37 mm della cassa ne sottolineano il perfetto equilibrio tra stile e indossabilit\u00e0, rendendolo adatto ad ogni occasione. La corona e la cassa in ceramica hi-tech opaca di colore grigio ferro sfoggiano un&#8217;estetica audace e contemporanea, che incarna l&#8217;essenza del design moderno. Con una struttura monoblocco e un cristallo zaffiro piatto, \u00e8 un modello che si contraddistingue per la resistenza e l&#8217;eleganza senza tempo. Il quadrante \u00e8 caratterizzato da un magnifico colore grigio ferro spazzolato soleil, su cui indici e lancette verde inglese tendente al grigio scandiscono elegantemente il tempo garantendo leggibilit\u00e0 e rendendo questo orologio ancora pi\u00f9 irresistibile. Frutto di un lavoro di precisione, il bracciale in ceramica hi-tech opaca nelle tinte grigio ferro e verde inglese tendente al grigio si abbina alla cassa creando un&#8217;estetica omogenea che esprime continuit\u00e0. Limitato a soli 999 esemplari, \u00e8 un orologio esclusivo che trasmette un senso di rarit\u00e0.<\/p>\n","protected":false},"featured_media":98980,"comment_status":"open","ping_status":"closed","template":"","meta":[],"product_brand":[],"product_cat":[3309],"product_tag":[],"class_list":{"0":"post-99005","1":"product","2":"type-product","3":"status-publish","4":"has-post-thumbnail","6":"brand-5097","7":"shops-3355","8":"shop_area-3357","10":"first","11":"instock","12":"taxable","13":"shipping-taxable","14":"purchasable","15":"product-type-simple"},"yoast_head":"<!-- This site is optimized with the Yoast SEO plugin v25.3 - https:\/\/yoast.com\/wordpress\/plugins\/seo\/ -->\n<title>True Square Thinline X Les Couleurs\u2122 Le Corbusier REF:R27045162 - Gioielleria Grande<\/title>\n<meta name=\"robots\" content=\"index, follow, max-snippet:-1, max-image-preview:large, max-video-preview:-1\" \/>\n<link rel=\"canonical\" href=\"https:\/\/www.gioielleriagrande.it\/prodotto\/132456\/\" \/>\n<meta property=\"og:locale\" content=\"en_US\" \/>\n<meta property=\"og:type\" content=\"article\" \/>\n<meta property=\"og:title\" content=\"True Square Thinline X Les Couleurs\u2122 Le Corbusier REF:R27045162 - Gioielleria Grande\" \/>\n<meta property=\"og:description\" content=\"L&#039;orologio Rado True Square Thinline x Les Couleurs\u2122 Le Corbusier coniuga con armonia espressione artistica e precisione svizzera. Questo segnatempo eccezionale rende omaggio agli iconici colori per l&#039;architettura di Le Corbusier. L&#039;affidabile movimento Rado calibro R420 al quarzo ne fa un orologio preciso nel misurare il tempo, dall&#039;eleganza disinvolta. I 37 mm della cassa ne sottolineano il perfetto equilibrio tra stile e indossabilit\u00e0, rendendolo adatto ad ogni occasione. La corona e la cassa in ceramica hi-tech opaca di colore grigio ferro sfoggiano un&#039;estetica audace e contemporanea, che incarna l&#039;essenza del design moderno. Con una struttura monoblocco e un cristallo zaffiro piatto, \u00e8 un modello che si contraddistingue per la resistenza e l&#039;eleganza senza tempo. Il quadrante \u00e8 caratterizzato da un magnifico colore grigio ferro spazzolato soleil, su cui indici e lancette verde inglese tendente al grigio scandiscono elegantemente il tempo garantendo leggibilit\u00e0 e rendendo questo orologio ancora pi\u00f9 irresistibile. Frutto di un lavoro di precisione, il bracciale in ceramica hi-tech opaca nelle tinte grigio ferro e verde inglese tendente al grigio si abbina alla cassa creando un&#039;estetica omogenea che esprime continuit\u00e0. Limitato a soli 999 esemplari, \u00e8 un orologio esclusivo che trasmette un senso di rarit\u00e0.\" \/>\n<meta property=\"og:url\" content=\"https:\/\/www.gioielleriagrande.it\/prodotto\/132456\/\" \/>\n<meta property=\"og:site_name\" content=\"Gioielleria Grande\" \/>\n<meta property=\"article:modified_time\" content=\"2025-11-22T13:37:50+00:00\" \/>\n<meta property=\"og:image\" content=\"https:\/\/www.gioielleriagrande.it\/wp-content\/uploads\/2023\/10\/R27045162.png\" \/>\n\t<meta property=\"og:image:width\" content=\"1296\" \/>\n\t<meta property=\"og:image:height\" content=\"2160\" \/>\n\t<meta property=\"og:image:type\" content=\"image\/png\" \/>\n<meta name=\"twitter:card\" content=\"summary_large_image\" \/>\n<meta name=\"twitter:label1\" content=\"Est. reading time\" \/>\n\t<meta name=\"twitter:data1\" content=\"1 minute\" \/>\n<script type=\"application\/ld+json\" class=\"yoast-schema-graph\">{\"@context\":\"https:\/\/schema.org\",\"@graph\":[{\"@type\":\"WebPage\",\"@id\":\"https:\/\/www.gioielleriagrande.it\/prodotto\/132456\/\",\"url\":\"https:\/\/www.gioielleriagrande.it\/prodotto\/132456\/\",\"name\":\"True Square Thinline X Les Couleurs\u2122 Le Corbusier REF:R27045162 - Gioielleria Grande\",\"isPartOf\":{\"@id\":\"https:\/\/www.gioielleriagrande.it\/#website\"},\"primaryImageOfPage\":{\"@id\":\"https:\/\/www.gioielleriagrande.it\/prodotto\/132456\/#primaryimage\"},\"image\":{\"@id\":\"https:\/\/www.gioielleriagrande.it\/prodotto\/132456\/#primaryimage\"},\"thumbnailUrl\":\"https:\/\/www.gioielleriagrande.it\/wp-content\/uploads\/2023\/10\/R27045162.png\",\"datePublished\":\"2023-10-11T16:38:22+00:00\",\"dateModified\":\"2025-11-22T13:37:50+00:00\",\"breadcrumb\":{\"@id\":\"https:\/\/www.gioielleriagrande.it\/prodotto\/132456\/#breadcrumb\"},\"inLanguage\":\"en-US\",\"potentialAction\":[{\"@type\":\"ReadAction\",\"target\":[\"https:\/\/www.gioielleriagrande.it\/prodotto\/132456\/\"]}]},{\"@type\":\"ImageObject\",\"inLanguage\":\"en-US\",\"@id\":\"https:\/\/www.gioielleriagrande.it\/prodotto\/132456\/#primaryimage\",\"url\":\"https:\/\/www.gioielleriagrande.it\/wp-content\/uploads\/2023\/10\/R27045162.png\",\"contentUrl\":\"https:\/\/www.gioielleriagrande.it\/wp-content\/uploads\/2023\/10\/R27045162.png\",\"width\":1296,\"height\":2160,\"caption\":\"R27045162.png\"},{\"@type\":\"BreadcrumbList\",\"@id\":\"https:\/\/www.gioielleriagrande.it\/prodotto\/132456\/#breadcrumb\",\"itemListElement\":[{\"@type\":\"ListItem\",\"position\":1,\"name\":\"Home\",\"item\":\"https:\/\/www.gioielleriagrande.it\/\"},{\"@type\":\"ListItem\",\"position\":2,\"name\":\"Shop\",\"item\":\"https:\/\/www.gioielleriagrande.it\/negozio\/\"},{\"@type\":\"ListItem\",\"position\":3,\"name\":\"True Square Thinline X Les Couleurs\u2122 Le Corbusier REF:R27045162\"}]},{\"@type\":\"WebSite\",\"@id\":\"https:\/\/www.gioielleriagrande.it\/#website\",\"url\":\"https:\/\/www.gioielleriagrande.it\/\",\"name\":\"Gioielleria Grande\",\"description\":\"\",\"potentialAction\":[{\"@type\":\"SearchAction\",\"target\":{\"@type\":\"EntryPoint\",\"urlTemplate\":\"https:\/\/www.gioielleriagrande.it\/?s={search_term_string}\"},\"query-input\":{\"@type\":\"PropertyValueSpecification\",\"valueRequired\":true,\"valueName\":\"search_term_string\"}}],\"inLanguage\":\"en-US\"}]}<\/script>\n<!-- \/ Yoast SEO plugin. -->","yoast_head_json":{"title":"True Square Thinline X Les Couleurs\u2122 Le Corbusier REF:R27045162 - Gioielleria Grande","robots":{"index":"index","follow":"follow","max-snippet":"max-snippet:-1","max-image-preview":"max-image-preview:large","max-video-preview":"max-video-preview:-1"},"canonical":"https:\/\/www.gioielleriagrande.it\/prodotto\/132456\/","og_locale":"en_US","og_type":"article","og_title":"True Square Thinline X Les Couleurs\u2122 Le Corbusier REF:R27045162 - Gioielleria Grande","og_description":"L'orologio Rado True Square Thinline x Les Couleurs\u2122 Le Corbusier coniuga con armonia espressione artistica e precisione svizzera. Questo segnatempo eccezionale rende omaggio agli iconici colori per l'architettura di Le Corbusier. L'affidabile movimento Rado calibro R420 al quarzo ne fa un orologio preciso nel misurare il tempo, dall'eleganza disinvolta. I 37 mm della cassa ne sottolineano il perfetto equilibrio tra stile e indossabilit\u00e0, rendendolo adatto ad ogni occasione. La corona e la cassa in ceramica hi-tech opaca di colore grigio ferro sfoggiano un'estetica audace e contemporanea, che incarna l'essenza del design moderno. Con una struttura monoblocco e un cristallo zaffiro piatto, \u00e8 un modello che si contraddistingue per la resistenza e l'eleganza senza tempo. Il quadrante \u00e8 caratterizzato da un magnifico colore grigio ferro spazzolato soleil, su cui indici e lancette verde inglese tendente al grigio scandiscono elegantemente il tempo garantendo leggibilit\u00e0 e rendendo questo orologio ancora pi\u00f9 irresistibile. Frutto di un lavoro di precisione, il bracciale in ceramica hi-tech opaca nelle tinte grigio ferro e verde inglese tendente al grigio si abbina alla cassa creando un'estetica omogenea che esprime continuit\u00e0. Limitato a soli 999 esemplari, \u00e8 un orologio esclusivo che trasmette un senso di rarit\u00e0.","og_url":"https:\/\/www.gioielleriagrande.it\/prodotto\/132456\/","og_site_name":"Gioielleria Grande","article_modified_time":"2025-11-22T13:37:50+00:00","og_image":[{"width":1296,"height":2160,"url":"https:\/\/www.gioielleriagrande.it\/wp-content\/uploads\/2023\/10\/R27045162.png","type":"image\/png"}],"twitter_card":"summary_large_image","twitter_misc":{"Est. reading time":"1 minute"},"schema":{"@context":"https:\/\/schema.org","@graph":[{"@type":"WebPage","@id":"https:\/\/www.gioielleriagrande.it\/prodotto\/132456\/","url":"https:\/\/www.gioielleriagrande.it\/prodotto\/132456\/","name":"True Square Thinline X Les Couleurs\u2122 Le Corbusier REF:R27045162 - Gioielleria Grande","isPartOf":{"@id":"https:\/\/www.gioielleriagrande.it\/#website"},"primaryImageOfPage":{"@id":"https:\/\/www.gioielleriagrande.it\/prodotto\/132456\/#primaryimage"},"image":{"@id":"https:\/\/www.gioielleriagrande.it\/prodotto\/132456\/#primaryimage"},"thumbnailUrl":"https:\/\/www.gioielleriagrande.it\/wp-content\/uploads\/2023\/10\/R27045162.png","datePublished":"2023-10-11T16:38:22+00:00","dateModified":"2025-11-22T13:37:50+00:00","breadcrumb":{"@id":"https:\/\/www.gioielleriagrande.it\/prodotto\/132456\/#breadcrumb"},"inLanguage":"en-US","potentialAction":[{"@type":"ReadAction","target":["https:\/\/www.gioielleriagrande.it\/prodotto\/132456\/"]}]},{"@type":"ImageObject","inLanguage":"en-US","@id":"https:\/\/www.gioielleriagrande.it\/prodotto\/132456\/#primaryimage","url":"https:\/\/www.gioielleriagrande.it\/wp-content\/uploads\/2023\/10\/R27045162.png","contentUrl":"https:\/\/www.gioielleriagrande.it\/wp-content\/uploads\/2023\/10\/R27045162.png","width":1296,"height":2160,"caption":"R27045162.png"},{"@type":"BreadcrumbList","@id":"https:\/\/www.gioielleriagrande.it\/prodotto\/132456\/#breadcrumb","itemListElement":[{"@type":"ListItem","position":1,"name":"Home","item":"https:\/\/www.gioielleriagrande.it\/"},{"@type":"ListItem","position":2,"name":"Shop","item":"https:\/\/www.gioielleriagrande.it\/negozio\/"},{"@type":"ListItem","position":3,"name":"True Square Thinline X Les Couleurs\u2122 Le Corbusier REF:R27045162"}]},{"@type":"WebSite","@id":"https:\/\/www.gioielleriagrande.it\/#website","url":"https:\/\/www.gioielleriagrande.it\/","name":"Gioielleria Grande","description":"","potentialAction":[{"@type":"SearchAction","target":{"@type":"EntryPoint","urlTemplate":"https:\/\/www.gioielleriagrande.it\/?s={search_term_string}"},"query-input":{"@type":"PropertyValueSpecification","valueRequired":true,"valueName":"search_term_string"}}],"inLanguage":"en-US"}]}},"_links":{"self":[{"href":"https:\/\/www.gioielleriagrande.it\/en\/wp-json\/wp\/v2\/product\/99005","targetHints":{"allow":["GET"]}}],"collection":[{"href":"https:\/\/www.gioielleriagrande.it\/en\/wp-json\/wp\/v2\/product"}],"about":[{"href":"https:\/\/www.gioielleriagrande.it\/en\/wp-json\/wp\/v2\/types\/product"}],"replies":[{"embeddable":true,"href":"https:\/\/www.gioielleriagrande.it\/en\/wp-json\/wp\/v2\/comments?post=99005"}],"wp:featuredmedia":[{"embeddable":true,"href":"https:\/\/www.gioielleriagrande.it\/en\/wp-json\/wp\/v2\/media\/98980"}],"wp:attachment":[{"href":"https:\/\/www.gioielleriagrande.it\/en\/wp-json\/wp\/v2\/media?parent=99005"}],"wp:term":[{"taxonomy":"product_brand","embeddable":true,"href":"https:\/\/www.gioielleriagrande.it\/en\/wp-json\/wp\/v2\/product_brand?post=99005"},{"taxonomy":"product_cat","embeddable":true,"href":"https:\/\/www.gioielleriagrande.it\/en\/wp-json\/wp\/v2\/product_cat?post=99005"},{"taxonomy":"product_tag","embeddable":true,"href":"https:\/\/www.gioielleriagrande.it\/en\/wp-json\/wp\/v2\/product_tag?post=99005"}],"curies":[{"name":"wp","href":"https:\/\/api.w.org\/{rel}","templated":true}]}}